{"id":2270,"date":"2025-05-23T23:56:29","date_gmt":"2025-05-23T21:56:29","guid":{"rendered":"https:\/\/www.biobey.be\/fr-temp\/produit\/shampooing-bio-pour-cheveux-blonds-250ml\/"},"modified":"2025-07-11T12:40:35","modified_gmt":"2025-07-11T10:40:35","slug":"shampooing-bio-pour-cheveux-blonds-250ml","status":"publish","type":"product","link":"https:\/\/www.biobey.be\/fr\/produit\/shampooing-bio-pour-cheveux-blonds-250ml\/","title":{"rendered":"Shampooing bio pour cheveux blonds 250ml"},"content":{"rendered":"<p>Vous recherchez le meilleur shampooing 100 % naturel pour cheveux blonds ? Le shampooing Argital pour cheveux blonds \u00e0 base d&rsquo;argile verte et de camomille est le shampooing 100 % naturel id\u00e9al pour les cheveux blonds.<\/p>\n<p>Pour prendre soin des cheveux blonds de mani\u00e8re plus intensive, l&rsquo;utilisation d&rsquo;un <span style=\"color: #0000ff;\"><a style=\"color: #0000ff;\" href=\"https:\/\/www.biobey.be\/fr\/produit\/apres-shampooing-reparateur-cheveux\/\">apr\u00e8s-shampooing \u00e9claircissant pour cheveux color\u00e9s<\/a> <\/span>peut \u00e9galement \u00eatre utile.<\/p>\n<p><strong>Les principales propri\u00e9t\u00e9s du shampooing naturel Argital pour cheveux blonds sont:<\/strong><\/p>\n<ul>\n<li>\u00c9claircit les cheveux<\/li>\n<li>Renforce les cheveux et pr\u00e9vention de la chute<\/li>\n<li>Composants nourrissants pour plus de volume et de brillance<\/li>\n<li>Formule 100 % naturelle \u00e0 base de camomille et d&rsquo;argile verte<\/li>\n<\/ul>\n<p>Ce shampooing bio \u00e9claircit les cheveux et les rend sains, forts et doux au toucher. Sa formule unique \u00e0 base d&rsquo;extraits de plantes biologiques pr\u00e9cieuses et d&rsquo;argile verte bienfaisante redonne aux cheveux blonds clairsem\u00e9s une couleur \u00e9clatante, plus de volume et de souplesse.<\/p>\n<p>Ce shampooing 100 % naturel pour cheveux blonds, sans parab\u00e8nes ni SLES, a un effet \u00e9claircissant qui permet aux cheveux de rester blonds plus longtemps et de conserver leur belle brillance.<\/p>\n<h2>Shampooing bio pour cheveux blonds lutte contre la chute des cheveux<\/h2>\n<p>La pr\u00e9cieuse composition de ce shampooing naturel \u00e0 base d&rsquo;argile verte et d&rsquo;huiles essentielles renforce les cheveux, les rend plus sains et pr\u00e9vient la chute des cheveux. En outre, il apporte plus de volume et de brillance.<\/p>\n<p><strong>Composition b\u00e9n\u00e9fique du shampooing bio pour cheveux blonds<\/strong><\/p>\n<p>L&rsquo;argile verte, riche en min\u00e9raux, renforce les cheveux blonds fins ou les cheveux blonds color\u00e9s et <span style=\"color: #0000ff;\"><a style=\"color: #0000ff;\" href=\"https:\/\/www.biobey.be\/fr\/produit\/shampoing-anti-chute-bio-stimulant-200ml\/\">pr\u00e9vient la chute des cheveux.<\/a><\/span><\/p>\n<p>L&rsquo;extrait d&rsquo;arnica montana stimule la circulation sanguine et apporte aux follicules capillaires les nutriments n\u00e9cessaires. L&rsquo;huile de fleur d&rsquo;Eugenia Caryophyllus stimule la croissance des cheveux et les rend brillants. La combinaison de l&rsquo;Arnica et de l&rsquo;huile de fleur d&rsquo;Eugenia Caryophyllus stimule la croissance des cheveux et rend les cheveux fins plus forts et plus \u00e9pais.<\/p>\n<h3>\u00c9claircir les cheveux avec un shampooing bio pour cheveux blonds<\/h3>\n<p>La forte concentration d&rsquo;extrait de fleur de camomille associ\u00e9e aux huiles essentielles et \u00e0 l&rsquo;argile verte \u00e9claircissent les cheveux blonds.<\/p>\n<p><strong>Informations compl\u00e9mentaires sur le shampooing bio pour cheveux blonds<\/strong><br \/>\nLes produits de la marque argital ne contiennent ni conservateurs synth\u00e9tiques, ni parfums synth\u00e9tiques, ni colorants artificiels.<br \/>\nOrigine des mati\u00e8res premi\u00e8res et du processus de production<\/p>\n<p>&#8211; Processus de production \u00e9cologique : certificat Demeter, agriculture biodynamique<br \/>\n&#8211; Pays d&rsquo;origine des mati\u00e8res premi\u00e8res : EU<br \/>\n&#8211; Produit en : Italie<\/p>\n<p>Processus de production durable et emballage \u00e9cologique<br \/>\n&#8211; Couvercle : plastique bio et \u00e9co recycl\u00e9 ICEA<\/p>\n<p>Ingr\u00e9dients : Aqua, Sodium Cocoyl Glutamate, Caprylyl \/ Capryl Glucoside, Alcohol, Chamomilla Recutita Flower Extract, Solum Fullonum, Lauryl Glucoside, Arnica Montana Flower Extract, Xanthan Gum, Lavandula Hybrida Oil *,<\/p>\n<p>Styrax Benzoin Resin Extract, Berberis Vulgaris Bark Extract, Eugenia Caryophyllus Flower Oil *, Lactic Acid, Pogostemon Cablin Leaf Oil *, Cananga Odorata Flower Oil *, Lecithin.<\/p>\n<p>* Composants des huiles essentielles naturelles : limon\u00e8ne, linalool, benzoate de benzyle, salicylate de benzyle, alcool benzylique, eug\u00e9nol, farnesol, g\u00e9raniol.<\/p>\n<p>Ingr\u00e9dients biologiques : alcool, huile de lavande, cananga<\/p>\n<p>Ingr\u00e9dients certifi\u00e9s Demeter : extrait de fleur de Chamomilla Recutita, huile de Lavandula Hybrida.<\/p>\n<p><strong>Mode d&#8217;emploi :<\/strong> Il est important de bien secouer le shampooing avant de l&rsquo;utiliser afin que la base d&rsquo;argile verte et d&rsquo;extraits de plantes soit bien m\u00e9lang\u00e9e. Ce shampooing bio pour cheveux blonds et fins convient \u00e0 un usage quotidien.<\/p>\n<p>Vous pouvez \u00e9galement l&rsquo;utiliser en combinaison avec votre shampooing naturel pr\u00e9f\u00e9r\u00e9, dans ce cas, lavez d&rsquo;abord les cheveux avec ce shampooing bio pour cheveux blonds fins et utilisez votre shampooing pr\u00e9f\u00e9r\u00e9 pour le second lavage.<\/p>\n<p>Certificats : <span style=\"color: #0000ff;\"><a style=\"color: #0000ff;\" href=\"https:\/\/www.biobey.be\/fr\/encyclopedie\/certificats-bio\/bdih\/\">BDIH<\/a><\/span> &#8211; ICEA &#8211; LAV.<\/p>\n<p>Ce shampooing bio pour cheveux blonds a \u00e9t\u00e9 \u00e9labor\u00e9 par Argital. Argital est une marque italienne fond\u00e9e en 1979 par le biologiste Giuseppe Ferraro. Les produits Argital ont l&rsquo;une des formules les plus pures et des compositions efficaces, certifi\u00e9es par les certificats les plus stricts tels que BDIH, Demeter.<\/p>\n<p>Les produits Argital sont certifi\u00e9s Vegan et ecoCONTROL par Icea. Les produits sont fabriqu\u00e9s en petites quantit\u00e9s pour garantir une fra\u00eecheur maximale.<\/p>\n","protected":false},"excerpt":{"rendered":"<p><strong>Caract\u00e9ristiques du shampooing naturel pour cheveux blonds<\/strong><br \/>\n&#8211; \u00e9claircit les cheveux blonds<br \/>\n&#8211; stimule la croissance des cheveux et pr\u00e9vient leur chute<br \/>\n&#8211; donne aux cheveux plus de volume et de brillance<br \/>\n&#8211; renforce les cheveux<\/p>\n","protected":false},"featured_media":308,"comment_status":"open","ping_status":"closed","template":"","meta":{"ocean_post_layout":"","ocean_both_sidebars_style":"","ocean_both_sidebars_content_width":0,"ocean_both_sidebars_sidebars_width":0,"ocean_sidebar":"","ocean_second_sidebar":"","ocean_disable_margins":"enable","ocean_add_body_class":"","ocean_shortcode_before_top_bar":"","ocean_shortcode_after_top_bar":"","ocean_shortcode_before_header":"","ocean_shortcode_after_header":"","ocean_has_shortcode":"","ocean_shortcode_after_title":"","ocean_shortcode_before_footer_widgets":"","ocean_shortcode_after_footer_widgets":"","ocean_shortcode_before_footer_bottom":"","ocean_shortcode_after_footer_bottom":"","ocean_display_top_bar":"default","ocean_display_header":"default","ocean_header_style":"","ocean_center_header_left_menu":"","ocean_custom_header_template":"","ocean_custom_logo":0,"ocean_custom_retina_logo":0,"ocean_custom_logo_max_width":0,"ocean_custom_logo_tablet_max_width":0,"ocean_custom_logo_mobile_max_width":0,"ocean_custom_logo_max_height":0,"ocean_custom_logo_tablet_max_height":0,"ocean_custom_logo_mobile_max_height":0,"ocean_header_custom_menu":"","ocean_menu_typo_font_family":"","ocean_menu_typo_font_subset":"","ocean_menu_typo_font_size":0,"ocean_menu_typo_font_size_tablet":0,"ocean_menu_typo_font_size_mobile":0,"ocean_menu_typo_font_size_unit":"px","ocean_menu_typo_font_weight":"","ocean_menu_typo_font_weight_tablet":"","ocean_menu_typo_font_weight_mobile":"","ocean_menu_typo_transform":"","ocean_menu_typo_transform_tablet":"","ocean_menu_typo_transform_mobile":"","ocean_menu_typo_line_height":0,"ocean_menu_typo_line_height_tablet":0,"ocean_menu_typo_line_height_mobile":0,"ocean_menu_typo_line_height_unit":"","ocean_menu_typo_spacing":0,"ocean_menu_typo_spacing_tablet":0,"ocean_menu_typo_spacing_mobile":0,"ocean_menu_typo_spacing_unit":"","ocean_menu_link_color":"","ocean_menu_link_color_hover":"","ocean_menu_link_color_active":"","ocean_menu_link_background":"","ocean_menu_link_hover_background":"","ocean_menu_link_active_background":"","ocean_menu_social_links_bg":"","ocean_menu_social_hover_links_bg":"","ocean_menu_social_links_color":"","ocean_menu_social_hover_links_color":"","ocean_disable_title":"default","ocean_disable_heading":"default","ocean_post_title":"","ocean_post_subheading":"","ocean_post_title_style":"","ocean_post_title_background_color":"","ocean_post_title_background":0,"ocean_post_title_bg_image_position":"","ocean_post_title_bg_image_attachment":"","ocean_post_title_bg_image_repeat":"","ocean_post_title_bg_image_size":"","ocean_post_title_height":0,"ocean_post_title_bg_overlay":0.5,"ocean_post_title_bg_overlay_color":"","ocean_disable_breadcrumbs":"default","ocean_breadcrumbs_color":"","ocean_breadcrumbs_separator_color":"","ocean_breadcrumbs_links_color":"","ocean_breadcrumbs_links_hover_color":"","ocean_display_footer_widgets":"default","ocean_display_footer_bottom":"default","ocean_custom_footer_template":""},"product_brand":[102],"product_cat":[25,16,24],"product_tag":[126,127,128,125],"class_list":{"0":"post-2270","1":"product","2":"type-product","3":"status-publish","4":"has-post-thumbnail","6":"product_brand-argital","7":"product_cat-shampooing-naturel","8":"product_cat-soins","9":"product_cat-soins-cheveux","10":"product_tag-sans-paraben","11":"product_tag-sans-silicone","12":"product_tag-sanssulfates","13":"product_tag-vegan","15":"entry","16":"has-media","18":"first","19":"instock","20":"taxable","21":"shipping-taxable","22":"purchasable","23":"product-type-simple","24":"has-rating","25":"col","26":"span_1_of_3","27":"owp-content-center","28":"owp-thumbs-layout-horizontal","29":"owp-btn-normal","30":"owp-tabs-layout-section","31":"has-no-thumbnails","32":"circle-sale"},"_links":{"self":[{"href":"https:\/\/www.biobey.be\/fr\/wp-json\/wp\/v2\/product\/2270","targetHints":{"allow":["GET"]}}],"collection":[{"href":"https:\/\/www.biobey.be\/fr\/wp-json\/wp\/v2\/product"}],"about":[{"href":"https:\/\/www.biobey.be\/fr\/wp-json\/wp\/v2\/types\/product"}],"replies":[{"embeddable":true,"href":"https:\/\/www.biobey.be\/fr\/wp-json\/wp\/v2\/comments?post=2270"}],"wp:featuredmedia":[{"embeddable":true,"href":"https:\/\/www.biobey.be\/fr\/wp-json\/wp\/v2\/media\/308"}],"wp:attachment":[{"href":"https:\/\/www.biobey.be\/fr\/wp-json\/wp\/v2\/media?parent=2270"}],"wp:term":[{"taxonomy":"product_brand","embeddable":true,"href":"https:\/\/www.biobey.be\/fr\/wp-json\/wp\/v2\/product_brand?post=2270"},{"taxonomy":"product_cat","embeddable":true,"href":"https:\/\/www.biobey.be\/fr\/wp-json\/wp\/v2\/product_cat?post=2270"},{"taxonomy":"product_tag","embeddable":true,"href":"https:\/\/www.biobey.be\/fr\/wp-json\/wp\/v2\/product_tag?post=2270"}],"curies":[{"name":"wp","href":"https:\/\/api.w.org\/{rel}","templated":true}]}}