{"id":2271,"date":"2023-08-22T23:00:01","date_gmt":"2023-08-22T21:00:01","guid":{"rendered":"https:\/\/www.biobey.be\/fr-temp\/produit\/masque-nourrissant-visage-peau-terne\/"},"modified":"2025-07-11T13:42:44","modified_gmt":"2025-07-11T11:42:44","slug":"masque-nourrissant-visage-peau-terne","status":"publish","type":"product","link":"https:\/\/www.biobey.be\/fr\/produit\/masque-nourrissant-visage-peau-terne\/","title":{"rendered":"Masque nourrissant visage peau terne 50ml"},"content":{"rendered":"<p>Masque nourrissant visage pour la peau terne et les rides est con\u00e7u \u00e0 partir d&rsquo;extraits de citrouille biologique. Le masque nourrissant visage peau terne est sp\u00e9cialement con\u00e7u pour r\u00e9g\u00e9n\u00e9rer les peaux ternes, fatigu\u00e9es et sensibles. Gr\u00e2ce \u00e0 ses propri\u00e9t\u00e9s antioxydantes, il prot\u00e8ge la peau contre le vieillissement pr\u00e9matur\u00e9 et les influences ext\u00e9rieures nocives.<\/p>\n<p>L&rsquo;extrait d&rsquo;huile de courge biologique est riche en antioxydants et en vitamine E. Le beurre de karit\u00e9 hydrate les peaux d\u00e9shydrat\u00e9es et pr\u00e9vient la d\u00e9shydratation. Gr\u00e2ce \u00e0 sa composition puissante, mais douce, il convient aux personnes ayant une peau sensible et s\u00e8che.<\/p>\n<h2>Action du masque nourrissant visage peau terne et les rides<\/h2>\n<p>Pumpkin farm masque nourrissant visage pour peau terne est compos\u00e9 d&rsquo;huile de graines de citrouille bio, de beurre de karit\u00e9, d&rsquo;huile d&rsquo;amande douce et d&rsquo;extrait de carotte. L&rsquo;huile de graines de courge contient une forte concentration de Vitamine E, un antioxydant puissant qui aide \u00e0 neutraliser les effets n\u00e9gatifs des radicaux libres sur la peau.<\/p>\n<p>Cet antioxydant prot\u00e8ge la peau des influences ext\u00e9rieures n\u00e9gatives et pr\u00e9vient le stress oxydatif caus\u00e9 par la pollution atmosph\u00e9rique et les rayons UV. En outre, l&rsquo;huile de graines de courge emp\u00eache la d\u00e9shydratation de la peau en formant une fine couche protectrice invisible autour de la peau.<\/p>\n<p>Comme l&rsquo;huile de graines de courge, le beurre de karit\u00e9 est riche en acides gras essentiels qui hydratent les peaux d\u00e9shydrat\u00e9es. En outre, le beurre de karit\u00e9 a un effet anti-rides, car il stimule la production de collag\u00e8ne.<\/p>\n<p>La combinaison de beurre de karit\u00e9 et d&rsquo;huile de graines de courge acc\u00e9l\u00e8re le renouvellement cellulaire et favorise la circulation sanguine. Les prot\u00e9ines contenues dans l&rsquo;huile d&rsquo;amande douce ralentissent le vieillissement de la peau.<\/p>\n<p>L&rsquo;extrait d&rsquo;huile de carotte est une source de vitamine A pour la peau. Il favorise la structure de la peau et est id\u00e9al pour le traitement des peaux fatigu\u00e9es. La synergie de ces puissants ingr\u00e9dients garantit une peau saine et radieuse.<\/p>\n<p><strong>Pumpkin Farm Mask est naturel et v\u00e9g\u00e9talien<\/strong><\/p>\n<p><strong>Mode d&#8217;emploi :<\/strong> Nettoyer la peau et appliquer une couche \u00e9paisse de masque nourrissant visage peau terne laisser agir pendant 15 minutes puis rincer \u00e0 l&rsquo;eau.<\/p>\n<p>Le masque facial peut \u00e9galement \u00eatre utilis\u00e9 pendant la nuit : Apr\u00e8s avoir nettoy\u00e9 et tonifi\u00e9 la peau, appliquez une fine couche du produit. Faites-le p\u00e9n\u00e9trer en massant l\u00e9g\u00e8rement jusqu&rsquo;\u00e0 ce qu&rsquo;il soit bien absorb\u00e9 par la peau. Rincez le lendemain matin et continuez votre routine matinale. \u00c9vitez le contour des yeux.<\/p>\n<p><strong>Le masque nourrissant visage peau terne prend soin de :<\/strong><br \/>\npeau terne et fatigu\u00e9e<br \/>\npeau avec rides et ridules<br \/>\npeau sensible<br \/>\npeau s\u00e8che et d\u00e9shydrat\u00e9e<\/p>\n<p>inci: Aqua, Coco-caprylate, Behenyl alcohol, Butyrospermum parkii butter*, Glycerin, Lauryl glucoside, Polyglyceryl-2 dipolyhydroxystearate, Cucurbita pepo seed oil*, Helianthus annuus seed oil, Prunus amygdalus dulcis seed extract*, Daucus carota sativa root extract,<\/p>\n<p>Sodium stearoyl glutamate, Xanthan gum, Mica, Iron Oxide, Lactic acid, Dehydroacetic acid, Citric acid,Tocopherol, Sodium benzoate, Potassium sorbate, Benzyl alcohol, Parfum\/Fragrance.<\/p>\n<p>**Ingr\u00e9dients issus de l&rsquo;agriculture biologique<br \/>\n**Aroma d&rsquo;origine naturelle<\/p>\n","protected":false},"excerpt":{"rendered":"<p><strong>Masque nourrissant pour le visage de Naturys pour :<\/strong><br \/>\n&#8211; peau terne et fatigu\u00e9e<br \/>\n&#8211; peau ayant des rides et des ridules<br \/>\n&#8211; type de peau sensible<br \/>\n&#8211; peau s\u00e8che et d\u00e9shydrat\u00e9e<\/p>\n","protected":false},"featured_media":634,"comment_status":"open","ping_status":"closed","template":"","meta":{"ocean_post_layout":"","ocean_both_sidebars_style":"","ocean_both_sidebars_content_width":0,"ocean_both_sidebars_sidebars_width":0,"ocean_sidebar":"","ocean_second_sidebar":"","ocean_disable_margins":"enable","ocean_add_body_class":"","ocean_shortcode_before_top_bar":"","ocean_shortcode_after_top_bar":"","ocean_shortcode_before_header":"","ocean_shortcode_after_header":"","ocean_has_shortcode":"","ocean_shortcode_after_title":"","ocean_shortcode_before_footer_widgets":"","ocean_shortcode_after_footer_widgets":"","ocean_shortcode_before_footer_bottom":"","ocean_shortcode_after_footer_bottom":"","ocean_display_top_bar":"default","ocean_display_header":"default","ocean_header_style":"","ocean_center_header_left_menu":"","ocean_custom_header_template":"","ocean_custom_logo":0,"ocean_custom_retina_logo":0,"ocean_custom_logo_max_width":0,"ocean_custom_logo_tablet_max_width":0,"ocean_custom_logo_mobile_max_width":0,"ocean_custom_logo_max_height":0,"ocean_custom_logo_tablet_max_height":0,"ocean_custom_logo_mobile_max_height":0,"ocean_header_custom_menu":"","ocean_menu_typo_font_family":"","ocean_menu_typo_font_subset":"","ocean_menu_typo_font_size":0,"ocean_menu_typo_font_size_tablet":0,"ocean_menu_typo_font_size_mobile":0,"ocean_menu_typo_font_size_unit":"px","ocean_menu_typo_font_weight":"","ocean_menu_typo_font_weight_tablet":"","ocean_menu_typo_font_weight_mobile":"","ocean_menu_typo_transform":"","ocean_menu_typo_transform_tablet":"","ocean_menu_typo_transform_mobile":"","ocean_menu_typo_line_height":0,"ocean_menu_typo_line_height_tablet":0,"ocean_menu_typo_line_height_mobile":0,"ocean_menu_typo_line_height_unit":"","ocean_menu_typo_spacing":0,"ocean_menu_typo_spacing_tablet":0,"ocean_menu_typo_spacing_mobile":0,"ocean_menu_typo_spacing_unit":"","ocean_menu_link_color":"","ocean_menu_link_color_hover":"","ocean_menu_link_color_active":"","ocean_menu_link_background":"","ocean_menu_link_hover_background":"","ocean_menu_link_active_background":"","ocean_menu_social_links_bg":"","ocean_menu_social_hover_links_bg":"","ocean_menu_social_links_color":"","ocean_menu_social_hover_links_color":"","ocean_disable_title":"default","ocean_disable_heading":"default","ocean_post_title":"","ocean_post_subheading":"","ocean_post_title_style":"","ocean_post_title_background_color":"","ocean_post_title_background":0,"ocean_post_title_bg_image_position":"","ocean_post_title_bg_image_attachment":"","ocean_post_title_bg_image_repeat":"","ocean_post_title_bg_image_size":"","ocean_post_title_height":0,"ocean_post_title_bg_overlay":0.5,"ocean_post_title_bg_overlay_color":"","ocean_disable_breadcrumbs":"default","ocean_breadcrumbs_color":"","ocean_breadcrumbs_separator_color":"","ocean_breadcrumbs_links_color":"","ocean_breadcrumbs_links_hover_color":"","ocean_display_footer_widgets":"default","ocean_display_footer_bottom":"default","ocean_custom_footer_template":""},"product_brand":[108],"product_cat":[18,17,16],"product_tag":[126,133,128,125],"class_list":{"0":"post-2271","1":"product","2":"type-product","3":"status-publish","4":"has-post-thumbnail","6":"product_brand-naturys","7":"product_cat-nettoyage-de-la-peau-et-masques","8":"product_cat-soins-du-visage","9":"product_cat-soins","10":"product_tag-sans-paraben","11":"product_tag-sansparfumsynthetique","12":"product_tag-sanssulfates","13":"product_tag-vegan","15":"entry","16":"has-media","18":"first","19":"instock","20":"taxable","21":"shipping-taxable","22":"purchasable","23":"product-type-simple","24":"has-rating","25":"col","26":"span_1_of_3","27":"owp-content-center","28":"owp-thumbs-layout-horizontal","29":"owp-btn-normal","30":"owp-tabs-layout-section","31":"has-no-thumbnails","32":"circle-sale"},"_links":{"self":[{"href":"https:\/\/www.biobey.be\/fr\/wp-json\/wp\/v2\/product\/2271","targetHints":{"allow":["GET"]}}],"collection":[{"href":"https:\/\/www.biobey.be\/fr\/wp-json\/wp\/v2\/product"}],"about":[{"href":"https:\/\/www.biobey.be\/fr\/wp-json\/wp\/v2\/types\/product"}],"replies":[{"embeddable":true,"href":"https:\/\/www.biobey.be\/fr\/wp-json\/wp\/v2\/comments?post=2271"}],"wp:featuredmedia":[{"embeddable":true,"href":"https:\/\/www.biobey.be\/fr\/wp-json\/wp\/v2\/media\/634"}],"wp:attachment":[{"href":"https:\/\/www.biobey.be\/fr\/wp-json\/wp\/v2\/media?parent=2271"}],"wp:term":[{"taxonomy":"product_brand","embeddable":true,"href":"https:\/\/www.biobey.be\/fr\/wp-json\/wp\/v2\/product_brand?post=2271"},{"taxonomy":"product_cat","embeddable":true,"href":"https:\/\/www.biobey.be\/fr\/wp-json\/wp\/v2\/product_cat?post=2271"},{"taxonomy":"product_tag","embeddable":true,"href":"https:\/\/www.biobey.be\/fr\/wp-json\/wp\/v2\/product_tag?post=2271"}],"curies":[{"name":"wp","href":"https:\/\/api.w.org\/{rel}","templated":true}]}}