{"id":2276,"date":"2025-05-25T11:43:17","date_gmt":"2025-05-25T09:43:17","guid":{"rendered":"https:\/\/www.biobey.be\/fr-temp\/produit\/eczema-atopique-bebe-creme-sans-cortisone\/"},"modified":"2026-04-24T16:55:38","modified_gmt":"2026-04-24T14:55:38","slug":"eczema-atopique-bebe-creme-sans-cortisone","status":"publish","type":"product","link":"https:\/\/www.biobey.be\/fr\/produit\/eczema-atopique-bebe-creme-sans-cortisone\/","title":{"rendered":"Ecz\u00e9ma atopique b\u00e9b\u00e9 cr\u00e8me sans cortisone 75g"},"content":{"rendered":"<p>Une cr\u00e8me contre l&rsquo;ecz\u00e9ma sans hormone cortisone pour traiter l&rsquo;ecz\u00e9ma chez les b\u00e9b\u00e9s?\u00a0 Ecz\u00e9ma atopique b\u00e9b\u00e9 cr\u00e8me sans cortisone est un traitement naturel de l&rsquo;ecz\u00e9ma \u00e0 base d&rsquo;huile de chanvre biologique press\u00e9e \u00e0 froid. La cr\u00e8me hydratante ne contient pas de cortisone (hormones), d&rsquo;ingr\u00e9dients synth\u00e9tiques, de parfums ou d&rsquo;autres irritants.<\/p>\n<p><strong>Principales caract\u00e9ristiques de la cr\u00e8me contre l&rsquo;ecz\u00e9ma pour les b\u00e9b\u00e9s<\/strong><\/p>\n<ul>\n<li>traitement de l&rsquo;ecz\u00e9ma atopique (d\u00e9mangeaisons, desquamation, sensation de br\u00fblure) chez les b\u00e9b\u00e9s<\/li>\n<li>apaise les d\u00e9mangeaisons et les sensations de br\u00fblure<\/li>\n<li><span style=\"color: #0000ff;\"><a style=\"color: #0000ff;\" href=\"https:\/\/www.biobey.be\/fr\/produit\/bio-calendula-creme-au-souci-pour-les-peaux-sensibles-75ml\/\">nourrit et r\u00e9pare la peau atopique<\/a><\/span><\/li>\n<li>Sans hormones<\/li>\n<\/ul>\n<p>La cr\u00e8me hydratante et nourrissante est sp\u00e9cialement con\u00e7ue pour le soin des peaux tr\u00e8s sensibles et atopiques pr\u00e9sentant des sympt\u00f4mes d&rsquo;ecz\u00e9ma. Elle nourrit et apaise les d\u00e9mangeaisons, les squames et les sensations de br\u00fblure.<\/p>\n<p>Ecz\u00e9ma atopique b\u00e9b\u00e9 cr\u00e8me sans cortisone convient aux enfants et aux adultes ayant une peau tr\u00e8s sensible et souffrant d&rsquo;ecz\u00e9ma. La formule puissante r\u00e9pond aux exigences particuli\u00e8res de la peau atopique pour un soin efficace.<\/p>\n<h2>Ecz\u00e9ma atopique &#8211; b\u00e9b\u00e9 cr\u00e8me sans cortisone traite les d\u00e9mangeaisons<\/h2>\n<p><span style=\"color: #0000ff;\"><a style=\"color: #0000ff;\" href=\"https:\/\/www.biobey.be\/fr\/produit\/creme-eczema-bebe-bio-pour-les-enfants\/\">La cr\u00e8me pour b\u00e9b\u00e9 \u00e0 l&rsquo;ecz\u00e9ma atopique certifi\u00e9e biologique<\/a> <\/span>de Cannaderm contient les ingr\u00e9dients principaux suivants : huile de graines de chanvre, extraits de chanvre, \u00e9chinac\u00e9e, panth\u00e9nol et vitamine E.<br \/>\nL&rsquo;extrait d&rsquo;\u00e9chinac\u00e9e renforce l&rsquo;immunit\u00e9 de la peau.<\/p>\n<p>Gr\u00e2ce \u00e0 ses propri\u00e9t\u00e9s m\u00e9dicinales, il est utilis\u00e9 pour traiter les affections cutan\u00e9es telles que les candidoses, les ampoules, le psoriasis, l&rsquo;ecz\u00e9ma, les furoncles et bien d&rsquo;autres encore. Le panth\u00e9nol aide \u00e0 lutter contre les peaux irrit\u00e9es, les d\u00e9mangeaisons et la s\u00e9cheresse.<\/p>\n<p>La vitamine E a un effet antioxydant et renforce la barri\u00e8re cutan\u00e9e. L&rsquo;huile de graines de chanvre est efficace pour traiter diverses affections cutan\u00e9es. Les antioxydants et les acides gras insatur\u00e9s contenus dans l&rsquo;huile de chanvre soulagent les d\u00e9mangeaisons de la peau, r\u00e9parent et aident \u00e0 combattre les sympt\u00f4mes de l&rsquo;ecz\u00e9ma et du psoriasis.<\/p>\n<p>Gr\u00e2ce aux extraits b\u00e9n\u00e9fiques contenus dans la cr\u00e8me pour b\u00e9b\u00e9 ecz\u00e9ma atopique, elle aide efficacement \u00e0 soulager les sympt\u00f4mes de la peau atopique. Elle hydrate et restaure la peau. Avec une utilisation \u00e0 long terme, ecz\u00e9ma atopique b\u00e9b\u00e9 cr\u00e8me sans cortisone renforce la couche protectrice de la peau et aide \u00e0 pr\u00e9venir les sympt\u00f4mes.<\/p>\n<p>La cr\u00e8me pour b\u00e9b\u00e9s souffrant d&rsquo;ecz\u00e9ma atopique convient \u00e0 un usage quotidien et \u00e0 un soin \u00e0 long terme de la peau.<\/p>\n<p><strong>Mode d&#8217;emploi<\/strong> : Appliquez une fine couche de la cr\u00e8me sur la peau affect\u00e9e et \u00e9talez-la doucement sur la surface de la peau irrit\u00e9e. Pour le corps et le visage. Elle peut \u00eatre utilis\u00e9e plusieurs fois par jour selon les besoins. Ecz\u00e9ma atopique b\u00e9b\u00e9 cr\u00e8me sans cortisone peut \u00eatre utilis\u00e9e pour les b\u00e9b\u00e9s, les enfants et les adultes. Convient pour une utilisation \u00e0 long terme.<\/p>\n<p><strong>Traitement :<\/strong><br \/>\nSympt\u00f4mes de l&rsquo;ecz\u00e9ma atopique.<br \/>\nPeau s\u00e8che, desquamation, d\u00e9mangeaisons et sensation de br\u00fblure<br \/>\nPour les b\u00e9b\u00e9s, les enfants et les adultes<\/p>\n<p><strong>Sp\u00e9cifications :<\/strong><br \/>\nCertifi\u00e9 biologique<br \/>\nSans hormones (cortisol), sans produits chimiques, sans parfum.<\/p>\n<p>INCI: Aqua, Cannabis Sativa Seed Oil, Glyceryl Stearates, Butyrospermum Parkii Butter, Glyceryl Stearate Citrate, Cetearyl Alcohol, Panthenol, Glycerin, Tocopheryl Acetate, Lactic Acid, Benzyl Alcohol, Abies Sibirica Oil, Echinacea Purpurea Root Extract,<\/p>\n<p>Cetearyl Glucoside, Potassium Sorbate, Sodium Benzoate, Bisabolol, Helianthus Annuus Seed Oil, Limonene, Tocopherol, Beta-Sitosterol, Squalene.<\/p>\n","protected":false},"excerpt":{"rendered":"<p><strong>Traitement :<\/strong><br \/>\nSympt\u00f4mes de l&rsquo;ecz\u00e9ma atopique<br \/>\nPeau s\u00e8che, desquamation, d\u00e9mangeaisons et sensations de br\u00fblure<br \/>\nPour les b\u00e9b\u00e9s, les enfants et les adultes<\/p>\n<p><strong>Sp\u00e9cifications :<\/strong><br \/>\nCertifi\u00e9 biologique<br \/>\nSans hormones (cortisonee), sans produits chimiques, sans parfum.<\/p>\n","protected":false},"featured_media":317,"comment_status":"open","ping_status":"closed","template":"","meta":{"ocean_post_layout":"","ocean_both_sidebars_style":"","ocean_both_sidebars_content_width":0,"ocean_both_sidebars_sidebars_width":0,"ocean_sidebar":"","ocean_second_sidebar":"","ocean_disable_margins":"enable","ocean_add_body_class":"","ocean_shortcode_before_top_bar":"","ocean_shortcode_after_top_bar":"","ocean_shortcode_before_header":"","ocean_shortcode_after_header":"","ocean_has_shortcode":"","ocean_shortcode_after_title":"","ocean_shortcode_before_footer_widgets":"","ocean_shortcode_after_footer_widgets":"","ocean_shortcode_before_footer_bottom":"","ocean_shortcode_after_footer_bottom":"","ocean_display_top_bar":"default","ocean_display_header":"default","ocean_header_style":"","ocean_center_header_left_menu":"","ocean_custom_header_template":"","ocean_custom_logo":0,"ocean_custom_retina_logo":0,"ocean_custom_logo_max_width":0,"ocean_custom_logo_tablet_max_width":0,"ocean_custom_logo_mobile_max_width":0,"ocean_custom_logo_max_height":0,"ocean_custom_logo_tablet_max_height":0,"ocean_custom_logo_mobile_max_height":0,"ocean_header_custom_menu":"","ocean_menu_typo_font_family":"","ocean_menu_typo_font_subset":"","ocean_menu_typo_font_size":0,"ocean_menu_typo_font_size_tablet":0,"ocean_menu_typo_font_size_mobile":0,"ocean_menu_typo_font_size_unit":"px","ocean_menu_typo_font_weight":"","ocean_menu_typo_font_weight_tablet":"","ocean_menu_typo_font_weight_mobile":"","ocean_menu_typo_transform":"","ocean_menu_typo_transform_tablet":"","ocean_menu_typo_transform_mobile":"","ocean_menu_typo_line_height":0,"ocean_menu_typo_line_height_tablet":0,"ocean_menu_typo_line_height_mobile":0,"ocean_menu_typo_line_height_unit":"","ocean_menu_typo_spacing":0,"ocean_menu_typo_spacing_tablet":0,"ocean_menu_typo_spacing_mobile":0,"ocean_menu_typo_spacing_unit":"","ocean_menu_link_color":"","ocean_menu_link_color_hover":"","ocean_menu_link_color_active":"","ocean_menu_link_background":"","ocean_menu_link_hover_background":"","ocean_menu_link_active_background":"","ocean_menu_social_links_bg":"","ocean_menu_social_hover_links_bg":"","ocean_menu_social_links_color":"","ocean_menu_social_hover_links_color":"","ocean_disable_title":"default","ocean_disable_heading":"default","ocean_post_title":"","ocean_post_subheading":"","ocean_post_title_style":"","ocean_post_title_background_color":"","ocean_post_title_background":0,"ocean_post_title_bg_image_position":"","ocean_post_title_bg_image_attachment":"","ocean_post_title_bg_image_repeat":"","ocean_post_title_bg_image_size":"","ocean_post_title_height":0,"ocean_post_title_bg_overlay":0.5,"ocean_post_title_bg_overlay_color":"","ocean_disable_breadcrumbs":"default","ocean_breadcrumbs_color":"","ocean_breadcrumbs_separator_color":"","ocean_breadcrumbs_links_color":"","ocean_breadcrumbs_links_hover_color":"","ocean_display_footer_widgets":"default","ocean_display_footer_bottom":"default","ocean_custom_footer_template":""},"product_brand":[109],"product_cat":[41,44,46,43,48],"product_tag":[],"class_list":{"0":"post-2276","1":"product","2":"type-product","3":"status-publish","4":"has-post-thumbnail","6":"product_brand-cannaderm","7":"product_cat-cbd-et-chanvre-biologique","8":"product_cat-enfant-et-bebe","9":"product_cat-sante-du-bebe-et-de-lenfant","10":"product_cat-soins-naturels-cbd","11":"product_cat-soins-pour-bebes-et-enfants","13":"entry","14":"has-media","16":"first","17":"instock","18":"taxable","19":"shipping-taxable","20":"purchasable","21":"product-type-simple","22":"has-rating","23":"col","24":"span_1_of_3","25":"owp-content-center","26":"owp-thumbs-layout-horizontal","27":"owp-btn-normal","28":"owp-tabs-layout-section","29":"has-no-thumbnails","30":"circle-sale"},"_links":{"self":[{"href":"https:\/\/www.biobey.be\/fr\/wp-json\/wp\/v2\/product\/2276","targetHints":{"allow":["GET"]}}],"collection":[{"href":"https:\/\/www.biobey.be\/fr\/wp-json\/wp\/v2\/product"}],"about":[{"href":"https:\/\/www.biobey.be\/fr\/wp-json\/wp\/v2\/types\/product"}],"replies":[{"embeddable":true,"href":"https:\/\/www.biobey.be\/fr\/wp-json\/wp\/v2\/comments?post=2276"}],"wp:featuredmedia":[{"embeddable":true,"href":"https:\/\/www.biobey.be\/fr\/wp-json\/wp\/v2\/media\/317"}],"wp:attachment":[{"href":"https:\/\/www.biobey.be\/fr\/wp-json\/wp\/v2\/media?parent=2276"}],"wp:term":[{"taxonomy":"product_brand","embeddable":true,"href":"https:\/\/www.biobey.be\/fr\/wp-json\/wp\/v2\/product_brand?post=2276"},{"taxonomy":"product_cat","embeddable":true,"href":"https:\/\/www.biobey.be\/fr\/wp-json\/wp\/v2\/product_cat?post=2276"},{"taxonomy":"product_tag","embeddable":true,"href":"https:\/\/www.biobey.be\/fr\/wp-json\/wp\/v2\/product_tag?post=2276"}],"curies":[{"name":"wp","href":"https:\/\/api.w.org\/{rel}","templated":true}]}}