{"id":2280,"date":"2023-10-16T12:10:01","date_gmt":"2023-10-16T10:10:01","guid":{"rendered":"https:\/\/www.biobey.be\/fr-temp\/produit\/demaquillant-yeux-et-levres-bio\/"},"modified":"2026-04-29T19:03:49","modified_gmt":"2026-04-29T17:03:49","slug":"demaquillant-yeux-et-levres-bio","status":"publish","type":"product","link":"https:\/\/www.biobey.be\/fr\/produit\/demaquillant-yeux-et-levres-bio\/","title":{"rendered":"D\u00e9maquillant yeux et l\u00e8vres Bio &#8211; Eau micellaire 150 ml"},"content":{"rendered":"<p>D\u00e9maquillant yeux et l\u00e8vres bio &#8211; L&rsquo;eau micellaire est sp\u00e9cialement formule pour nettoyer les peaux sensibles. Il \u00e9limine en douceur, mais efficacement le maquillage du visage, des yeux et des l\u00e8vres.<\/p>\n<p>Gr\u00e2ce \u00e0 la formule douce de ce d\u00e9maquillant naturel pour les yeux et les l\u00e8vres \u00e0 base d&rsquo;acide hyaluronique et d&rsquo;extrait de figue de barbarie, la peau est hydrat\u00e9e et nourrie. L&rsquo;acide hyaluronique contenu dans l&rsquo;eau micellaire a un effet anti-\u00e2ge. Il <strong>nettoie la peau du maquillage et des r\u00e9sidus de radicaux libres.<\/strong><\/p>\n<h2>D\u00e9maquillant yeux et l\u00e8vres bio &#8211; Eau micellaire pour un nettoyage en profondeur<\/h2>\n<p>Le d\u00e9maquillant doux pour les yeux et les l\u00e8vres de Nature Up est compos\u00e9 d&rsquo;ingr\u00e9dients b\u00e9n\u00e9fiques tels que l&rsquo;eau florale de figue de barbarie, la mol\u00e8ne, l&rsquo;acide hyaluronique et l&rsquo;eau florale d&rsquo;hamam\u00e9lis de Virginie.<br \/>\nL&rsquo;extrait de mol\u00e8ne ou sauge royale est utilis\u00e9 pour ses nombreux bienfaits sur l&rsquo;organisme, tant en usage interne qu&rsquo;externe.<\/p>\n<p>L&rsquo;extrait de mol\u00e8ne pr\u00e9vient la s\u00e9cheresse de la peau et la perte d&rsquo;hydratation. Il a \u00e9galement un effet \u00e9claircissant sur les taches brunes et la pigmentation. L&rsquo;extrait de figue de barbarie est riche en vitamine E et en antioxydants. C&rsquo;est un agent anti-inflammatoire naturel contre les infections et les inflammations. Il permet un nettoyage en profondeur du visage.<\/p>\n<p>Le d\u00e9maquillant yeux et l\u00e8vres bio et le visage <strong>prot\u00e8ge la peau des rides pr\u00e9matur\u00e9es et des influences ext\u00e9rieures n\u00e9gatives.<\/strong> Il nettoie efficacement le visage, les yeux et les l\u00e8vres.<\/p>\n<p>L&rsquo;acide hyaluronique contenu dans l&rsquo;eau micellaire a un effet hydratant sur la peau. Il am\u00e9liore l&rsquo;absorption de l&rsquo;humidit\u00e9 de la peau et pr\u00e9vient la perte d&rsquo;humidit\u00e9.<\/p>\n<p>Gr\u00e2ce \u00e0 la combinaison d&rsquo;extraits b\u00e9n\u00e9fiques, le d\u00e9maquillant yeux et l\u00e8vres bio convient \u00e0 tous les types de peau. Pour les peaux grasses, sensibles et s\u00e8ches.<\/p>\n<p><strong>Mode d&#8217;emploi<\/strong> : Appliquez l&rsquo;eau micellaire et le d\u00e9maquillant yeux et l\u00e8vres bio sur une boule de coton. Nettoyez ensuite les yeux, le visage et le cou. L&rsquo;eau micellaire convient aux peaux sensibles et s\u00e8ches.<\/p>\n<p>INCI: Centaurea cyanus flower water*, Hamamelis virginiana flower water*, Glycerin, Polyglyceryl-4 laurate\/sebacate, Polyglyceryl-6 caprylate\/caprate, Aqua, Hydrolyzed eruca sativa leaf, Hydrolyzed verbascum thapsus flower*,<\/p>\n<p>Sodium benzoate, Hydrolyzed opuntia ficus-indica flower extract, Sodium ascorbyl phosphate, Sodium hyaluronate, Polyglutamic acid, Potassium sorbate, Citrus aurantium dulcis flower*, Citric acid, Glyceryl laurate, Dehydroacetic acid, Benzyl alcohol.<\/p>\n","protected":false},"excerpt":{"rendered":"<p><strong>Eau micellaire et d\u00e9maquillant yeux et l\u00e8vres bio 150 ml<\/strong><br \/>\n&#8211; Enl\u00e8ve le maquillage<br \/>\n&#8211; Nettoie les peaux, les yeux et les l\u00e8vres sensibles<br \/>\n&#8211; Convient pour le visage, les yeux et les l\u00e8vres<br \/>\n&#8211; Les principes actifs sont l&rsquo;acide hyaluronique et la mol\u00e8ne.<br \/>\n&#8211; L&rsquo;eau micellaire a un effet hydratant sur la peau s\u00e8che.<\/p>\n","protected":false},"featured_media":329,"comment_status":"open","ping_status":"closed","template":"","meta":{"ocean_post_layout":"","ocean_both_sidebars_style":"","ocean_both_sidebars_content_width":0,"ocean_both_sidebars_sidebars_width":0,"ocean_sidebar":"0","ocean_second_sidebar":"0","ocean_disable_margins":"enable","ocean_add_body_class":"","ocean_shortcode_before_top_bar":"","ocean_shortcode_after_top_bar":"","ocean_shortcode_before_header":"","ocean_shortcode_after_header":"","ocean_has_shortcode":"","ocean_shortcode_after_title":"","ocean_shortcode_before_footer_widgets":"","ocean_shortcode_after_footer_widgets":"","ocean_shortcode_before_footer_bottom":"","ocean_shortcode_after_footer_bottom":"","ocean_display_top_bar":"default","ocean_display_header":"default","ocean_header_style":"","ocean_center_header_left_menu":"0","ocean_custom_header_template":"0","ocean_custom_logo":0,"ocean_custom_retina_logo":0,"ocean_custom_logo_max_width":0,"ocean_custom_logo_tablet_max_width":0,"ocean_custom_logo_mobile_max_width":0,"ocean_custom_logo_max_height":0,"ocean_custom_logo_tablet_max_height":0,"ocean_custom_logo_mobile_max_height":0,"ocean_header_custom_menu":"0","ocean_menu_typo_font_family":"0","ocean_menu_typo_font_subset":"","ocean_menu_typo_font_size":0,"ocean_menu_typo_font_size_tablet":0,"ocean_menu_typo_font_size_mobile":0,"ocean_menu_typo_font_size_unit":"px","ocean_menu_typo_font_weight":"","ocean_menu_typo_font_weight_tablet":"","ocean_menu_typo_font_weight_mobile":"","ocean_menu_typo_transform":"","ocean_menu_typo_transform_tablet":"","ocean_menu_typo_transform_mobile":"","ocean_menu_typo_line_height":0,"ocean_menu_typo_line_height_tablet":0,"ocean_menu_typo_line_height_mobile":0,"ocean_menu_typo_line_height_unit":"","ocean_menu_typo_spacing":0,"ocean_menu_typo_spacing_tablet":0,"ocean_menu_typo_spacing_mobile":0,"ocean_menu_typo_spacing_unit":"","ocean_menu_link_color":"","ocean_menu_link_color_hover":"","ocean_menu_link_color_active":"","ocean_menu_link_background":"","ocean_menu_link_hover_background":"","ocean_menu_link_active_background":"","ocean_menu_social_links_bg":"","ocean_menu_social_hover_links_bg":"","ocean_menu_social_links_color":"","ocean_menu_social_hover_links_color":"","ocean_disable_title":"default","ocean_disable_heading":"default","ocean_post_title":"","ocean_post_subheading":"","ocean_post_title_style":"","ocean_post_title_background_color":"","ocean_post_title_background":0,"ocean_post_title_bg_image_position":"","ocean_post_title_bg_image_attachment":"","ocean_post_title_bg_image_repeat":"","ocean_post_title_bg_image_size":"","ocean_post_title_height":0,"ocean_post_title_bg_overlay":0.5,"ocean_post_title_bg_overlay_color":"","ocean_disable_breadcrumbs":"default","ocean_breadcrumbs_color":"","ocean_breadcrumbs_separator_color":"","ocean_breadcrumbs_links_color":"","ocean_breadcrumbs_links_hover_color":"","ocean_display_footer_widgets":"default","ocean_display_footer_bottom":"default","ocean_custom_footer_template":"0"},"product_brand":[107],"product_cat":[55,18,17,16,22],"product_tag":[126,133,127,128,125],"class_list":{"0":"post-2280","1":"product","2":"type-product","3":"status-publish","4":"has-post-thumbnail","6":"product_brand-nature-up","7":"product_cat-maquillage","8":"product_cat-nettoyage-de-la-peau-et-masques","9":"product_cat-soins-du-visage","10":"product_cat-soins","11":"product_cat-yeux-et-levres","12":"product_tag-sans-paraben","13":"product_tag-sansparfumsynthetique","14":"product_tag-sans-silicone","15":"product_tag-sanssulfates","16":"product_tag-vegan","18":"entry","19":"has-media","21":"first","22":"instock","23":"taxable","24":"shipping-taxable","25":"purchasable","26":"product-type-simple","27":"has-rating","28":"col","29":"span_1_of_3","30":"owp-content-center","31":"owp-thumbs-layout-horizontal","32":"owp-btn-normal","33":"owp-tabs-layout-section","34":"has-no-thumbnails","35":"circle-sale"},"_links":{"self":[{"href":"https:\/\/www.biobey.be\/fr\/wp-json\/wp\/v2\/product\/2280","targetHints":{"allow":["GET"]}}],"collection":[{"href":"https:\/\/www.biobey.be\/fr\/wp-json\/wp\/v2\/product"}],"about":[{"href":"https:\/\/www.biobey.be\/fr\/wp-json\/wp\/v2\/types\/product"}],"replies":[{"embeddable":true,"href":"https:\/\/www.biobey.be\/fr\/wp-json\/wp\/v2\/comments?post=2280"}],"wp:featuredmedia":[{"embeddable":true,"href":"https:\/\/www.biobey.be\/fr\/wp-json\/wp\/v2\/media\/329"}],"wp:attachment":[{"href":"https:\/\/www.biobey.be\/fr\/wp-json\/wp\/v2\/media?parent=2280"}],"wp:term":[{"taxonomy":"product_brand","embeddable":true,"href":"https:\/\/www.biobey.be\/fr\/wp-json\/wp\/v2\/product_brand?post=2280"},{"taxonomy":"product_cat","embeddable":true,"href":"https:\/\/www.biobey.be\/fr\/wp-json\/wp\/v2\/product_cat?post=2280"},{"taxonomy":"product_tag","embeddable":true,"href":"https:\/\/www.biobey.be\/fr\/wp-json\/wp\/v2\/product_tag?post=2280"}],"curies":[{"name":"wp","href":"https:\/\/api.w.org\/{rel}","templated":true}]}}