{"id":2281,"date":"2023-09-20T00:00:13","date_gmt":"2023-09-19T22:00:13","guid":{"rendered":"https:\/\/www.biobey.be\/fr-temp\/produit\/traitement-demangeaison-cuir-chevelu\/"},"modified":"2026-04-26T22:02:48","modified_gmt":"2026-04-26T20:02:48","slug":"traitement-demangeaison-cuir-chevelu","status":"publish","type":"product","link":"https:\/\/www.biobey.be\/fr\/produit\/traitement-demangeaison-cuir-chevelu\/","title":{"rendered":"Traitement demangeaison cuir chevelu Atopos 100ml"},"content":{"rendered":"<p>Traitement d\u00e9mangeaison cuir chevelu Atopos \u00e0 base d&rsquo;huile de chanvre est sp\u00e9cialement formul\u00e9 pour traiter le cuir chevelu tr\u00e8s sec et les d\u00e9mangeaisons. Cette lotion capillaire naturelle <strong>apaise les d\u00e9mangeaisons<\/strong>, hydrate et revitalise le cuir chevelu sec qui d\u00e9mange en cas d&rsquo;ecz\u00e9ma atopique ou de psoriasis.<\/p>\n<p>La <strong>lotion capillaire naturelle<\/strong> pour le cuir chevelu sec et les d\u00e9mangeaisons ne peut pas \u00eatre utilis\u00e9e comme un shampooing. Pour de meilleurs r\u00e9sultats, utilisez-le en combinaison avec le <a href=\"https:\/\/www.biobey.be\/fr\/produit\/shampooing-bio-contre-les-pellicules\/\">shampooing naturel Capillus contre les pellicules (ecz\u00e9ma s\u00e9borrh\u00e9ique)<\/a>.<\/p>\n<h2>Comment calmer les d\u00e9mangeaisons du cuir chevelu naturellement?<\/h2>\n<p>Le Atopos lotion traitement d\u00e9mangeaisons cuir chevelu, utilis\u00e9 en combinaison avec Cannaderm shampoing Capillus, traite naturellement les d\u00e9mangeaisons du cuir chevelu. Atopos <strong>lotion traitement d\u00e9mangeaisons cuir chevelu<\/strong> a un effet apaisant et anti-inflammatoire. Sa formule riche en <strong>om\u00e9ga 3 et 6<\/strong> hydrate le cuir chevelu.<br \/>\nL&rsquo;huile de graines de chanvre est riche en <strong>vitamines<\/strong>, min\u00e9raux et acides gras insatur\u00e9s qui <strong>nourrissent le cuir chevelu<\/strong>. La lotion capillaire Atopos contre les d\u00e9mangeaisons du cuir chevelu et le shampooing Capillus contre l&rsquo;ecz\u00e9ma s\u00e9borrh\u00e9ique contiennent tous deux de l&rsquo;huile de chanvre.<\/p>\n<h3><strong>Que faire quand le cuir chevelu d\u00e9mange?<\/strong><\/h3>\n<p>Les d\u00e9mangeaisons ou les irritations du cuir chevelu peuvent avoir plusieurs causes. Plusieurs troubles cutan\u00e9s comme les pellicules, l\u2019ecz\u00e9ma et le psoriasis peuvent irriter le cuir chevelu.<\/p>\n<p>Une autre cause fr\u00e9quente de d\u00e9mangeaisons ou de s\u00e9cheresse du cuir chevelu est l\u2019utilisation de certains produits de soins conventionnels tels que les shampoings contenant du SLS ou du SLES, les cr\u00e8mes parfum\u00e9es pour la peau, les savons et autres produits de soins traditionnels.<\/p>\n<p>Il est donc important d\u2019utiliser des produits de soins naturels doux qui ne vont pas aggraver la d\u00e9shydratation du cuir chevelu et les d\u00e9mangeaisons du cuir chevelu. Traitement d\u00e9mangeaison cuir chevelu <strong>Atopos soulage les d\u00e9mangeaisons et hydrate le cuir chevelu sec<\/strong>.<\/p>\n<h3>Traitement d\u00e9mangeaison cuir chevelu Atopos avec 12% d&rsquo;extraits de chanvre<\/h3>\n<p>La lotion capillaire Atopos Traitement d\u00e9mangeaison cuir chevelu bio est formul\u00e9e \u00e0 base d\u2019ingr\u00e9dients puissants: l\u2019extrait de graines de cannabis sativa sans thc et l\u2019huile de graines de cannabis sativa.<\/p>\n<p>Ces <strong>extraits de chanvre (12%)<\/strong> contiennent des acides gras essentiels, des vitamines et des nutriments. Ils<strong> soulagent les d\u00e9mangeaisons<\/strong> et r\u00e9duisent les irritations. Ils stimulent \u00e9galement la circulation sanguine et <strong>hydratent le cuir chevelu<\/strong>.<\/p>\n<h3>Comment utiliser Atopos lotion pour traitement d\u00e9mangeaison cuir chevelu?<\/h3>\n<ol>\n<li>Appliquer la lotion capillaire sur le cuir chevelu et bien masser du bout des doigts pour que.<\/li>\n<li>Laisser agir pendant 10 minutes afin que les principes actifs de la lotion traitement d\u00e9mangeaisons cuir chevelu puissent bien p\u00e9n\u00e9trer dans le cuir chevelu.<\/li>\n<li>Rincer la lotion contre le cuir chevelu avec de l&rsquo;eau ti\u00e8de.<\/li>\n<li>Couvrez le cuir chevelu trait\u00e9 pour prolonger l\u2019effet de la lotion capillaire Atopos.<\/li>\n<li>Dans les cas graves, nous recommandons d&rsquo;utiliser la lotion capillaire en m\u00eame temps que le shampooing Cannaderm contre l&rsquo;ecz\u00e9ma capillaire.<\/li>\n<\/ol>\n<p>Veuillez noter qu&rsquo;apr\u00e8s le traitement, le cuir chevelu peut devenir rouge. Il s&rsquo;agit d&rsquo;une r\u00e9action normale qui devrait dispara\u00eetre rapidement.<\/p>\n<p><strong>INCI:<\/strong> Aqua, Cocamidopropyl Betaine, Cannabis Sativa Seed Oil, Sodium Cocoyl Glutamate, Sodium Humatate, Xanthan Gum, Sodium Chloride, Glyceryl Caprylate, Cannabis Sativa Seed Extract, Citrus Grandis Seed Extract, Cymbopogon Schoenanthus oil, Lactic Acid, Citral, Inositol, Glyceryl Undecynate, Isopropyl Alcohol, Helianthus Annuus Seed Oil, p-Anisic Acid, Salvia Triloba Leaf Extract, Sodium Hydroxide, Geraniol.<\/p>\n<p>La lotion Atopos pour le traitement d\u00e9mangeaisons cuir chevelu rem\u00e8de naturel a \u00e9t\u00e9 d\u00e9velopp\u00e9e par Cannaderm. Cette marque produit des rem\u00e8des naturels et des produits hom\u00e9opathiques \u00e0 base d&rsquo;huile de chanvre biologique. Tous les produits Cannaderm sont test\u00e9s sous contr\u00f4le dermatologique. Leur action a \u00e9t\u00e9 test\u00e9e et leur efficacit\u00e9 prouv\u00e9e.<\/p>\n","protected":false},"excerpt":{"rendered":"<p>La lotion capillaire naturelle Atopos avec 12% de chanvre est une rem\u00e8de intensif pour le <strong>traitement d\u00e9mangeaison cuir chevelu<\/strong> sec. Elle apaise les d\u00e9mangeaisons et revitalise le cuir chevelu sec. Convient aux adultes souffrant d\u2019e<strong>cz\u00e9ma atopique<\/strong> et de <strong>psoriasis<\/strong>.<\/p>\n","protected":false},"featured_media":326,"comment_status":"open","ping_status":"closed","template":"","meta":{"ocean_post_layout":"","ocean_both_sidebars_style":"","ocean_both_sidebars_content_width":0,"ocean_both_sidebars_sidebars_width":0,"ocean_sidebar":"","ocean_second_sidebar":"","ocean_disable_margins":"enable","ocean_add_body_class":"","ocean_shortcode_before_top_bar":"","ocean_shortcode_after_top_bar":"","ocean_shortcode_before_header":"","ocean_shortcode_after_header":"","ocean_has_shortcode":"","ocean_shortcode_after_title":"","ocean_shortcode_before_footer_widgets":"","ocean_shortcode_after_footer_widgets":"","ocean_shortcode_before_footer_bottom":"","ocean_shortcode_after_footer_bottom":"","ocean_display_top_bar":"default","ocean_display_header":"default","ocean_header_style":"","ocean_center_header_left_menu":"","ocean_custom_header_template":"","ocean_custom_logo":0,"ocean_custom_retina_logo":0,"ocean_custom_logo_max_width":0,"ocean_custom_logo_tablet_max_width":0,"ocean_custom_logo_mobile_max_width":0,"ocean_custom_logo_max_height":0,"ocean_custom_logo_tablet_max_height":0,"ocean_custom_logo_mobile_max_height":0,"ocean_header_custom_menu":"","ocean_menu_typo_font_family":"","ocean_menu_typo_font_subset":"","ocean_menu_typo_font_size":0,"ocean_menu_typo_font_size_tablet":0,"ocean_menu_typo_font_size_mobile":0,"ocean_menu_typo_font_size_unit":"px","ocean_menu_typo_font_weight":"","ocean_menu_typo_font_weight_tablet":"","ocean_menu_typo_font_weight_mobile":"","ocean_menu_typo_transform":"","ocean_menu_typo_transform_tablet":"","ocean_menu_typo_transform_mobile":"","ocean_menu_typo_line_height":0,"ocean_menu_typo_line_height_tablet":0,"ocean_menu_typo_line_height_mobile":0,"ocean_menu_typo_line_height_unit":"","ocean_menu_typo_spacing":0,"ocean_menu_typo_spacing_tablet":0,"ocean_menu_typo_spacing_mobile":0,"ocean_menu_typo_spacing_unit":"","ocean_menu_link_color":"","ocean_menu_link_color_hover":"","ocean_menu_link_color_active":"","ocean_menu_link_background":"","ocean_menu_link_hover_background":"","ocean_menu_link_active_background":"","ocean_menu_social_links_bg":"","ocean_menu_social_hover_links_bg":"","ocean_menu_social_links_color":"","ocean_menu_social_hover_links_color":"","ocean_disable_title":"default","ocean_disable_heading":"default","ocean_post_title":"","ocean_post_subheading":"","ocean_post_title_style":"","ocean_post_title_background_color":"","ocean_post_title_background":0,"ocean_post_title_bg_image_position":"","ocean_post_title_bg_image_attachment":"","ocean_post_title_bg_image_repeat":"","ocean_post_title_bg_image_size":"","ocean_post_title_height":0,"ocean_post_title_bg_overlay":0.5,"ocean_post_title_bg_overlay_color":"","ocean_disable_breadcrumbs":"default","ocean_breadcrumbs_color":"","ocean_breadcrumbs_separator_color":"","ocean_breadcrumbs_links_color":"","ocean_breadcrumbs_links_hover_color":"","ocean_display_footer_widgets":"default","ocean_display_footer_bottom":"default","ocean_custom_footer_template":""},"product_brand":[109],"product_cat":[16,24,50],"product_tag":[126,133,127,125],"class_list":{"0":"post-2281","1":"product","2":"type-product","3":"status-publish","4":"has-post-thumbnail","6":"product_brand-cannaderm","7":"product_cat-soins","8":"product_cat-soins-cheveux","9":"product_cat-traitement-capillaire-intensif","10":"product_tag-sans-paraben","11":"product_tag-sansparfumsynthetique","12":"product_tag-sans-silicone","13":"product_tag-vegan","15":"entry","16":"has-media","18":"first","19":"instock","20":"taxable","21":"shipping-taxable","22":"purchasable","23":"product-type-simple","24":"has-rating","25":"col","26":"span_1_of_3","27":"owp-content-center","28":"owp-thumbs-layout-horizontal","29":"owp-btn-normal","30":"owp-tabs-layout-section","31":"has-no-thumbnails","32":"circle-sale"},"_links":{"self":[{"href":"https:\/\/www.biobey.be\/fr\/wp-json\/wp\/v2\/product\/2281","targetHints":{"allow":["GET"]}}],"collection":[{"href":"https:\/\/www.biobey.be\/fr\/wp-json\/wp\/v2\/product"}],"about":[{"href":"https:\/\/www.biobey.be\/fr\/wp-json\/wp\/v2\/types\/product"}],"replies":[{"embeddable":true,"href":"https:\/\/www.biobey.be\/fr\/wp-json\/wp\/v2\/comments?post=2281"}],"wp:featuredmedia":[{"embeddable":true,"href":"https:\/\/www.biobey.be\/fr\/wp-json\/wp\/v2\/media\/326"}],"wp:attachment":[{"href":"https:\/\/www.biobey.be\/fr\/wp-json\/wp\/v2\/media?parent=2281"}],"wp:term":[{"taxonomy":"product_brand","embeddable":true,"href":"https:\/\/www.biobey.be\/fr\/wp-json\/wp\/v2\/product_brand?post=2281"},{"taxonomy":"product_cat","embeddable":true,"href":"https:\/\/www.biobey.be\/fr\/wp-json\/wp\/v2\/product_cat?post=2281"},{"taxonomy":"product_tag","embeddable":true,"href":"https:\/\/www.biobey.be\/fr\/wp-json\/wp\/v2\/product_tag?post=2281"}],"curies":[{"name":"wp","href":"https:\/\/api.w.org\/{rel}","templated":true}]}}