{"id":2285,"date":"2025-06-09T16:24:40","date_gmt":"2025-06-09T14:24:40","guid":{"rendered":"https:\/\/www.biobey.be\/fr-temp\/produit\/creme-solaire-visage-teintee-spf-30-bio\/"},"modified":"2026-04-19T21:06:43","modified_gmt":"2026-04-19T19:06:43","slug":"creme-solaire-visage-teintee-spf-30-bio","status":"publish","type":"product","link":"https:\/\/www.biobey.be\/fr\/produit\/creme-solaire-visage-teintee-spf-30-bio\/","title":{"rendered":"Cr\u00e8me solaire teint\u00e9e visage bio spf 30 50ml"},"content":{"rendered":"<p>La cr\u00e8me solaire teint\u00e9e visage bio SPF 30 est une cr\u00e8me solaire naturelle sans produits chimiques, sans nanoparticules dangereuses et sans parab\u00e8nes.<\/p>\n<p>La combinaison d&rsquo;ingr\u00e9dients naturels anti-\u00e2ge et d&rsquo;une protection solaire \u00e0 base de min\u00e9raux puissants et respectueux de l&rsquo;oc\u00e9an, comme l&rsquo;oxyde de titane, fait de cette cr\u00e8me solaire bio teint\u00e9e un produit id\u00e9al pour prot\u00e9ger la peau des dommages caus\u00e9s par le soleil, tels que les rides, les taches pigmentaires et autres imperfections.<\/p>\n<p>La cr\u00e8me solaire teint\u00e9e visage bio Bema a une texture l\u00e9g\u00e8re qui hydrate la peau et la prot\u00e8ge des dommages caus\u00e9s par le soleil.<br \/>\nDe plus, elle est d\u00e9j\u00e0 teint\u00e9e, ce qui donne imm\u00e9diatement \u00e0 la peau un beau fini uniforme. Recommand\u00e9e aux adultes ayant une peau tr\u00e8s sensible et s\u00e8che. \u00c9galement pour les peaux sujettes \u00e0 la pigmentation.<\/p>\n<h2>Qu&rsquo;est-ce qu&rsquo;une cr\u00e8me solaire teint\u00e9e visage bio spf 30?<\/h2>\n<p>Une cr\u00e8me solaire teint\u00e9e visage est une cr\u00e8me solaire avec un facteur de protection qui a \u00e9galement un effet correcteur de couleur. La cr\u00e8me solaire teint\u00e9e bio spf 30 est recommand\u00e9e par les dermatologues. Elle unifie le teint tout en cr\u00e9ant une couche protectrice r\u00e9sistante aux rayons UV \u00e0 la surface de la peau.<\/p>\n<p>Les filtres solaires min\u00e9raux et la formule naturelle sans parfum soignent et prot\u00e8gent les peaux s\u00e8ches et sensibles.<br \/>\nLes pigments naturels masquent les imperfections tandis que les filtres solaires min\u00e9raux cr\u00e9ent une couche protectrice sur la peau.<\/p>\n<h3>Bio Cr\u00e8me solaire teint\u00e9e visage bio spf 30 &#8211; soin multi functionelle<\/h3>\n<p>Les rayons UV nocifs sont responsables de 80 % des signes visibles du vieillissement cutan\u00e9. Pour pr\u00e9venir le vieillissement pr\u00e9matur\u00e9 de la peau, il est essentiel de la prot\u00e9ger correctement des rayons UVA et UVB.<\/p>\n<p>La bio cr\u00e8me solaire teint\u00e9e visage bio SPF 30 prot\u00e8ge votre peau du vieillissement cutan\u00e9 et des rayons UVA de mani\u00e8re 100 % naturelle. La formule complexe \u00e0 base d&rsquo;huile de tomate, d&rsquo;extraits de myrtille, d&rsquo;extrait d&rsquo;algue dor\u00e9e et d&rsquo;huile de riz hydrate la peau, stimule le renouvellement cellulaire et \u00e9claircit les taches brunes.<\/p>\n<p>La combinaison de min\u00e9raux d&rsquo;oxyde de titane et d&rsquo;oxyde de zinc offre \u00e0 la peau une protection \u00e0 large spectre contre les rayons UVA et UVB nocifs. Gr\u00e2ce \u00e0 sa teinte subtile, la peau acquiert instantan\u00e9ment un teint uniforme et un aspect bronz\u00e9.<\/p>\n<h3>La cr\u00e8me solaire teint\u00e9e SPF 30 est-elle bonne pour le visage?<\/h3>\n<p>L&rsquo;utilisation d&rsquo;une cr\u00e8me solaire teint\u00e9e visage SPF 30 pr\u00e9sente de nombreux avantages pour tout type de peau. L&rsquo;efficacit\u00e9 de la cr\u00e8me solaire teint\u00e9e visage bio spf 30 pour le visage est due \u00e0 plusieurs facteurs, tels que le long processus complexe par lequel la teneur \u00e9lev\u00e9e en min\u00e9raux naturels est soigneusement r\u00e9partie dans l&rsquo;\u00e9mulsion des ingr\u00e9dients actifs.<\/p>\n<p>De plus, cette cr\u00e8me solaire naturelle est compos\u00e9e d&rsquo;ingr\u00e9dients b\u00e9n\u00e9fiques tels que l&rsquo;huile de myrtille, le calendula et le beurre de karit\u00e9.<br \/>\nL&rsquo;huile de myrtille regorge de nutriments naturels, de vitamines, d&rsquo;enzymes et d&rsquo;acides amin\u00e9s. Elle p\u00e9n\u00e8tre profond\u00e9ment dans la peau et la r\u00e9pare en stimulant la production de nouvelles cellules.<\/p>\n<p>Le calendula est un tonique aux propri\u00e9t\u00e9s hydratantes, apaisantes et rafra\u00eechissantes. Il prot\u00e8ge la peau des effets nocifs des radicaux libres. L&rsquo;autre ingr\u00e9dient actif de cette cr\u00e8me solaire teint\u00e9e visage bio SPF 30 est l&rsquo;huile de riz. L&rsquo;huile de riz biologique nourrit et hydrate la peau. Elle lutte \u00e9galement contre la d\u00e9shydratation et la desquamation de la peau.<\/p>\n<h3>Les avantages des avantages de la cr\u00e8me solaire teint\u00e9e visage bio SPF 30<\/h3>\n<ul>\n<li>Protection solaire gr\u00e2ce aux filtres min\u00e9raux 100% naturels que sont le dioxyde de titane et l&rsquo;oxyde de zinc<\/li>\n<li>Unifie la peau et camoufle les imperfections<\/li>\n<li>Ne laisse pas de voile blanc ou taches blanches sur le visage<\/li>\n<li>Nourrit, hydrate et rafra\u00eechit<\/li>\n<li>Hydrate les peaux s\u00e8ches et sensibles<\/li>\n<li>Prot\u00e8ge contre les rides et les taches brunes<\/li>\n<li>Il a une teinte subtile qui donne \u00e0 la peau un beau fini uniforme<\/li>\n<li>Ne contient pas de nanoparticules, de ph\u00e9noxy\u00e9thanol ou de filtres UV chimiques.<\/li>\n<li>Certificats de la cr\u00e8me solaire teint\u00e9e visage SPF30 bio<\/li>\n<li>Cosmos Organic<\/li>\n<li>Icea Naturel<\/li>\n<li>Test\u00e9 dermatologiquement<\/li>\n<\/ul>\n<h3>Comment appliquer la cr\u00e8me solaire teint\u00e9e bio spf 30?<\/h3>\n<p>Appliquez g\u00e9n\u00e9reusement la cr\u00e8me solaire teint\u00e9e bio spf 30 sur le visage et le cou. L&rsquo;\u00e9cran solaire teint\u00e9 peut \u00eatre utilis\u00e9 par-dessus une cr\u00e8me de jour. Appliquez l&rsquo;\u00e9cran solaire toutes les 2 \u00e0 3 heures pour une protection optimale contre les rayons UV.<br \/>\nVeillez \u00e0 utiliser un \u00e9cran solaire avec un indice de protection 50 en cas d&rsquo;exposition prolong\u00e9e au soleil ou lorsque vous prenez un bain de soleil.<\/p>\n<p>INCI: Calendula officinalis flower water*, Aqua, Zinc oxide, Dicaprylyl carbonate, Caprylic\/capric triglyceride, Titanium dioxide, Glycerin, Mica, Sodium cetearyl sulfate, Cetearyl alcohol, Hydrogenated ethylhexyl olivate, Hydrogenated olive oil unsaponifiables, Glyceryl stearate, Glycine soja oil*,<\/p>\n<p>Centella asiatica leaf extract, Polyhydroxystearic acid, Simmondsia chinensis (Jojoba) seed oil*, Butyrospermum parkii butter* (beurre de karit\u00e9 )*, Sodium hyaluronate, Laminaria ochroleuca extract, Stearic acid, Polyglyceryl-2 dipolyhydroxystearate, Polyglyceryl-3 diisostearate, Xanthan gum, CI 77163, CI 77492, CI 77491, CI 77499 , Aluminum hydroxide, Benzyl alcohol, Tocopherol (Vitamine E), Glyceryl laurate,<\/p>\n<p>Dehydroacetic acid, Fragrance( Aroma Naturalgo), Cananga odorata oil Cananga odorata oil\/extract\/Cananga odorata flower oil, Coumarin, Vanillin, Linalool<\/p>\n","protected":false},"excerpt":{"rendered":"<p>La cr\u00e8me solaire teint\u00e9e visage bio SPF 30 convient aux peaux sensibles et s\u00e8ches.<br \/>\nCette cr\u00e8me solaire bio teint\u00e9e camoufle les imperfections, hydrate et prot\u00e8ge contre des rayons UVA\/UVB. Combinant soin et protection solaire, elle pr\u00e9sente une teinte subtile qui donne \u00e0 la peau un beau fini uniforme. Ne laisse pas de film blanc<br \/>\nNe contient pas de nanoparticules, de ph\u00e9noxy\u00e9thanol ou de filtres UV chimiques.<\/p>\n","protected":false},"featured_media":828,"comment_status":"open","ping_status":"closed","template":"","meta":{"ocean_post_layout":"","ocean_both_sidebars_style":"","ocean_both_sidebars_content_width":0,"ocean_both_sidebars_sidebars_width":0,"ocean_sidebar":"0","ocean_second_sidebar":"0","ocean_disable_margins":"enable","ocean_add_body_class":"","ocean_shortcode_before_top_bar":"","ocean_shortcode_after_top_bar":"","ocean_shortcode_before_header":"","ocean_shortcode_after_header":"","ocean_has_shortcode":"","ocean_shortcode_after_title":"","ocean_shortcode_before_footer_widgets":"","ocean_shortcode_after_footer_widgets":"","ocean_shortcode_before_footer_bottom":"","ocean_shortcode_after_footer_bottom":"","ocean_display_top_bar":"default","ocean_display_header":"default","ocean_header_style":"","ocean_center_header_left_menu":"0","ocean_custom_header_template":"0","ocean_custom_logo":0,"ocean_custom_retina_logo":0,"ocean_custom_logo_max_width":0,"ocean_custom_logo_tablet_max_width":0,"ocean_custom_logo_mobile_max_width":0,"ocean_custom_logo_max_height":0,"ocean_custom_logo_tablet_max_height":0,"ocean_custom_logo_mobile_max_height":0,"ocean_header_custom_menu":"0","ocean_menu_typo_font_family":"0","ocean_menu_typo_font_subset":"","ocean_menu_typo_font_size":0,"ocean_menu_typo_font_size_tablet":0,"ocean_menu_typo_font_size_mobile":0,"ocean_menu_typo_font_size_unit":"px","ocean_menu_typo_font_weight":"","ocean_menu_typo_font_weight_tablet":"","ocean_menu_typo_font_weight_mobile":"","ocean_menu_typo_transform":"","ocean_menu_typo_transform_tablet":"","ocean_menu_typo_transform_mobile":"","ocean_menu_typo_line_height":0,"ocean_menu_typo_line_height_tablet":0,"ocean_menu_typo_line_height_mobile":0,"ocean_menu_typo_line_height_unit":"","ocean_menu_typo_spacing":0,"ocean_menu_typo_spacing_tablet":0,"ocean_menu_typo_spacing_mobile":0,"ocean_menu_typo_spacing_unit":"","ocean_menu_link_color":"","ocean_menu_link_color_hover":"","ocean_menu_link_color_active":"","ocean_menu_link_background":"","ocean_menu_link_hover_background":"","ocean_menu_link_active_background":"","ocean_menu_social_links_bg":"","ocean_menu_social_hover_links_bg":"","ocean_menu_social_links_color":"","ocean_menu_social_hover_links_color":"","ocean_disable_title":"default","ocean_disable_heading":"default","ocean_post_title":"","ocean_post_subheading":"","ocean_post_title_style":"","ocean_post_title_background_color":"","ocean_post_title_background":0,"ocean_post_title_bg_image_position":"","ocean_post_title_bg_image_attachment":"","ocean_post_title_bg_image_repeat":"","ocean_post_title_bg_image_size":"","ocean_post_title_height":0,"ocean_post_title_bg_overlay":0.5,"ocean_post_title_bg_overlay_color":"","ocean_disable_breadcrumbs":"default","ocean_breadcrumbs_color":"","ocean_breadcrumbs_separator_color":"","ocean_breadcrumbs_links_color":"","ocean_breadcrumbs_links_hover_color":"","ocean_display_footer_widgets":"default","ocean_display_footer_bottom":"default","ocean_custom_footer_template":"0"},"product_brand":[106],"product_cat":[59,16],"product_tag":[126,133,127,128],"class_list":{"0":"post-2285","1":"product","2":"type-product","3":"status-publish","4":"has-post-thumbnail","6":"product_brand-bema-bio","7":"product_cat-protection-solaire","8":"product_cat-soins","9":"product_tag-sans-paraben","10":"product_tag-sansparfumsynthetique","11":"product_tag-sans-silicone","12":"product_tag-sanssulfates","14":"entry","15":"has-media","17":"first","18":"instock","19":"taxable","20":"shipping-taxable","21":"purchasable","22":"product-type-simple","23":"has-rating","24":"col","25":"span_1_of_3","26":"owp-content-center","27":"owp-thumbs-layout-horizontal","28":"owp-btn-normal","29":"owp-tabs-layout-section","30":"has-no-thumbnails","31":"circle-sale"},"_links":{"self":[{"href":"https:\/\/www.biobey.be\/fr\/wp-json\/wp\/v2\/product\/2285","targetHints":{"allow":["GET"]}}],"collection":[{"href":"https:\/\/www.biobey.be\/fr\/wp-json\/wp\/v2\/product"}],"about":[{"href":"https:\/\/www.biobey.be\/fr\/wp-json\/wp\/v2\/types\/product"}],"replies":[{"embeddable":true,"href":"https:\/\/www.biobey.be\/fr\/wp-json\/wp\/v2\/comments?post=2285"}],"wp:featuredmedia":[{"embeddable":true,"href":"https:\/\/www.biobey.be\/fr\/wp-json\/wp\/v2\/media\/828"}],"wp:attachment":[{"href":"https:\/\/www.biobey.be\/fr\/wp-json\/wp\/v2\/media?parent=2285"}],"wp:term":[{"taxonomy":"product_brand","embeddable":true,"href":"https:\/\/www.biobey.be\/fr\/wp-json\/wp\/v2\/product_brand?post=2285"},{"taxonomy":"product_cat","embeddable":true,"href":"https:\/\/www.biobey.be\/fr\/wp-json\/wp\/v2\/product_cat?post=2285"},{"taxonomy":"product_tag","embeddable":true,"href":"https:\/\/www.biobey.be\/fr\/wp-json\/wp\/v2\/product_tag?post=2285"}],"curies":[{"name":"wp","href":"https:\/\/api.w.org\/{rel}","templated":true}]}}