{"id":2286,"date":"2023-10-17T12:00:27","date_gmt":"2023-10-17T10:00:27","guid":{"rendered":"https:\/\/www.biobey.be\/fr-temp\/produit\/creme-solaire-bio-spf-30-waterproof\/"},"modified":"2025-07-11T13:32:45","modified_gmt":"2025-07-11T11:32:45","slug":"creme-solaire-bio-spf-30-waterproof","status":"publish","type":"product","link":"https:\/\/www.biobey.be\/fr\/produit\/creme-solaire-bio-spf-30-waterproof\/","title":{"rendered":"Cr\u00e8me solaire SPF 30 Waterproof Bio 120 ml"},"content":{"rendered":"<p>La cr\u00e8me solaire bio SPF 30 Waterproof\u00a0 de la marque Geoderm offre une protection solaire \u00e9lev\u00e9e. Cet \u00e9cran solaire biologique r\u00e9sistant \u00e0 l&rsquo;eau contient des filtres min\u00e9raux photostables UVA et UVB tels que le dioxyde de titane et l&rsquo;oxyde de zinc. Elle prot\u00e8ge la peau contre les rayons UV nocifs de mani\u00e8re 100% naturelle et sans irriter les peaux sensibles.<\/p>\n<p>Outre un facteur de protection \u00e9lev\u00e9, cette cr\u00e8me solaire biologique poss\u00e8de des propri\u00e9t\u00e9s soignantes et r\u00e9paratrices gr\u00e2ce \u00e0 sa composition b\u00e9n\u00e9fique.<\/p>\n<h2>Cr\u00e8me solaire bio SPF 30 waterproof &#8211; protection et soin \u00e0 large spectre<\/h2>\n<p>Cette cr\u00e8me solaire bio SPF 30 Waterproof avec des filtres UV 100% min\u00e9raux est enrichie d&rsquo;ingr\u00e9dients soignants et anti-\u00e2ge comme l&rsquo;Aloe Vera, l&rsquo;huile de framboise et l&rsquo;huile de jojoba. L&rsquo;Aloe Vera a des propri\u00e9t\u00e9s anti-inflammatoires. Il apaise les peaux rouges et irrit\u00e9es et stimule la r\u00e9g\u00e9n\u00e9ration de la peau.<\/p>\n<p>L&rsquo;huile de jojoba est une huile l\u00e9g\u00e8re, non com\u00e9dog\u00e8ne, qui est rapidement absorb\u00e9e par la peau. Gr\u00e2ce \u00e0 sa forte teneur en vitamine E, cette huile est un antioxydant naturel qui lutte contre le vieillissement de la peau en combattant les radicaux libres et autres substances nocives.<\/p>\n<p>L&rsquo;huile de graines de Rubus idaeus ou huile de framboise biologique est un puissant antioxydant et une riche source de vitamine A et de vitamine E. L&rsquo;huile de framboise biologique ralentit le processus de vieillissement de la peau.<\/p>\n<p>Gr\u00e2ce \u00e0 la combinaison de filtres min\u00e9raux 100% naturels et d&rsquo;ingr\u00e9dients principaux b\u00e9n\u00e9fiques, cette cr\u00e8me solaire bio SPF 30 Waterproof a aussi un effet anti-\u00e2ge efficace sur la peau.<\/p>\n<p>La cr\u00e8me solaire bio SPF 30 Waterproof ne contient pas d&rsquo;ingr\u00e9dients chimiques nocifs tels que l&rsquo;octylcryl\u00e8ne, l&rsquo;octinoxate et l&rsquo;oxybenzone. l&rsquo;avobenzone ou les nanoparticules.<\/p>\n<h3>Pour quel type de peau la cr\u00e8me solaire bio SPF 30 waterproof convient-elle ?<\/h3>\n<p>Une cr\u00e8me solaire bio SPF 30 waterproof est recommand\u00e9e si vous avez une couleur de peau raisonnablement claire (g\u00e9n\u00e9ralement sans taches de rousseur) et bronzez facilement. Elle convient aux peaux sensibles ou hypersensibles.<\/p>\n<p><strong>Bronzage en toute s\u00e9curit\u00e9 : conseils<\/strong><br \/>\nLes bains de soleil sont bons pour la sant\u00e9 ! Les bains de soleil pr\u00e9sentent de nombreux avantages, mais aussi des inconv\u00e9nients. L&rsquo;un des bienfaits les plus connus des bains de soleil est la production de vitamine D.<\/p>\n<p>La vitamine D est responsable de nombreux processus importants dans notre corps, comme la pr\u00e9vention des crampes musculaires, le renforcement du syst\u00e8me immunitaire et la pr\u00e9vention de la d\u00e9pression. Les inconv\u00e9nients de la lumi\u00e8re du soleil sont les dommages caus\u00e9s \u00e0 la peau, le vieillissement de la peau et le d\u00e9veloppement du cancer de la peau par les rayons UVB nocifs.<\/p>\n<p>Il est donc important de prendre des bains de soleil \u00e0 bon escient et de se prot\u00e9ger des rayons UV nocifs.<\/p>\n<p>Appliquez une cr\u00e8me solaire naturelle avec un facteur de protection \u00e9lev\u00e9 qui convient \u00e0 votre type de peau. La cr\u00e8me solaire bio SPF 30 Waterproof de Geoderm convient aux peaux claires et sensibles.<br \/>\nNe vous exposez pas au soleil entre midi et 16 heures.<br \/>\nBuvez beaucoup d&rsquo;eau (1,5 \u00e0 2 litres par jour).<\/p>\n<p><strong>Mode d&#8217;emploi :<\/strong><br \/>\nAvant l&rsquo;exposition au soleil, appliquer g\u00e9n\u00e9reusement sur le corps et\/ou le visage. Appliquer \u00e0 plusieurs reprises pour maintenir la protection.<\/p>\n<p>INCI: Aloe barbadensis Leaf Juice* (biologische sap van Alo\u00eb Vera), Aqua, Caprylic\/capric Triglyceride, Titanium Dioxide, Glycerin, Cetearyl Alcohol,<\/p>\n<p>Simmondsia chinesis seed oil*(biologische Jojoba olie), Bisabolol, Persea gratissima oil, Rubus idaeus Seed oil (frambozenolie), Sodium Hyaluronate, Centella Asiatica Extract*, Salvia Sclarea extract, zinc oxide,<\/p>\n<p>Aluminum Hydroxide, Stearic Acid, Cetearyl Oleate, Cetearyl Glucoside, Tocopherol ( Vitamine E), Glyceryl Caprylate, Sorbitan Oleate, Cetyl Palmitate, Xanathan Gum, Sorbitan Palmitate, Glyceryl Undecylenate, Propanediol, Phytic Acid, Benzyl Alcohol, Potassium Sorbate, Sodium Benzoate, Parfum (origine naturelle)<\/p>\n","protected":false},"excerpt":{"rendered":"<p>La cr\u00e8me solaire bio SPF 30 Waterproof avec des filtres 100% min\u00e9raux prot\u00e8ge efficacement la peau contre les rayons UV nocifs et ralentit le processus de vieillissement de la peau. Certifi\u00e9 par BDIH et ECOCERT. Convient aux peaux sensibles ou hypersensibles.<\/p>\n","protected":false},"featured_media":322,"comment_status":"open","ping_status":"closed","template":"","meta":{"ocean_post_layout":"","ocean_both_sidebars_style":"","ocean_both_sidebars_content_width":0,"ocean_both_sidebars_sidebars_width":0,"ocean_sidebar":"","ocean_second_sidebar":"","ocean_disable_margins":"enable","ocean_add_body_class":"","ocean_shortcode_before_top_bar":"","ocean_shortcode_after_top_bar":"","ocean_shortcode_before_header":"","ocean_shortcode_after_header":"","ocean_has_shortcode":"","ocean_shortcode_after_title":"","ocean_shortcode_before_footer_widgets":"","ocean_shortcode_after_footer_widgets":"","ocean_shortcode_before_footer_bottom":"","ocean_shortcode_after_footer_bottom":"","ocean_display_top_bar":"default","ocean_display_header":"default","ocean_header_style":"","ocean_center_header_left_menu":"","ocean_custom_header_template":"","ocean_custom_logo":0,"ocean_custom_retina_logo":0,"ocean_custom_logo_max_width":0,"ocean_custom_logo_tablet_max_width":0,"ocean_custom_logo_mobile_max_width":0,"ocean_custom_logo_max_height":0,"ocean_custom_logo_tablet_max_height":0,"ocean_custom_logo_mobile_max_height":0,"ocean_header_custom_menu":"","ocean_menu_typo_font_family":"","ocean_menu_typo_font_subset":"","ocean_menu_typo_font_size":0,"ocean_menu_typo_font_size_tablet":0,"ocean_menu_typo_font_size_mobile":0,"ocean_menu_typo_font_size_unit":"px","ocean_menu_typo_font_weight":"","ocean_menu_typo_font_weight_tablet":"","ocean_menu_typo_font_weight_mobile":"","ocean_menu_typo_transform":"","ocean_menu_typo_transform_tablet":"","ocean_menu_typo_transform_mobile":"","ocean_menu_typo_line_height":0,"ocean_menu_typo_line_height_tablet":0,"ocean_menu_typo_line_height_mobile":0,"ocean_menu_typo_line_height_unit":"","ocean_menu_typo_spacing":0,"ocean_menu_typo_spacing_tablet":0,"ocean_menu_typo_spacing_mobile":0,"ocean_menu_typo_spacing_unit":"","ocean_menu_link_color":"","ocean_menu_link_color_hover":"","ocean_menu_link_color_active":"","ocean_menu_link_background":"","ocean_menu_link_hover_background":"","ocean_menu_link_active_background":"","ocean_menu_social_links_bg":"","ocean_menu_social_hover_links_bg":"","ocean_menu_social_links_color":"","ocean_menu_social_hover_links_color":"","ocean_disable_title":"default","ocean_disable_heading":"default","ocean_post_title":"","ocean_post_subheading":"","ocean_post_title_style":"","ocean_post_title_background_color":"","ocean_post_title_background":0,"ocean_post_title_bg_image_position":"","ocean_post_title_bg_image_attachment":"","ocean_post_title_bg_image_repeat":"","ocean_post_title_bg_image_size":"","ocean_post_title_height":0,"ocean_post_title_bg_overlay":0.5,"ocean_post_title_bg_overlay_color":"","ocean_disable_breadcrumbs":"default","ocean_breadcrumbs_color":"","ocean_breadcrumbs_separator_color":"","ocean_breadcrumbs_links_color":"","ocean_breadcrumbs_links_hover_color":"","ocean_display_footer_widgets":"default","ocean_display_footer_bottom":"default","ocean_custom_footer_template":""},"product_brand":[116],"product_cat":[59,16],"product_tag":[126,133,127,125],"class_list":{"0":"post-2286","1":"product","2":"type-product","3":"status-publish","4":"has-post-thumbnail","6":"product_brand-geoderm","7":"product_cat-protection-solaire","8":"product_cat-soins","9":"product_tag-sans-paraben","10":"product_tag-sansparfumsynthetique","11":"product_tag-sans-silicone","12":"product_tag-vegan","14":"entry","15":"has-media","17":"first","18":"instock","19":"taxable","20":"shipping-taxable","21":"purchasable","22":"product-type-simple","23":"has-rating","24":"col","25":"span_1_of_3","26":"owp-content-center","27":"owp-thumbs-layout-horizontal","28":"owp-btn-normal","29":"owp-tabs-layout-section","30":"has-no-thumbnails","31":"circle-sale"},"_links":{"self":[{"href":"https:\/\/www.biobey.be\/fr\/wp-json\/wp\/v2\/product\/2286","targetHints":{"allow":["GET"]}}],"collection":[{"href":"https:\/\/www.biobey.be\/fr\/wp-json\/wp\/v2\/product"}],"about":[{"href":"https:\/\/www.biobey.be\/fr\/wp-json\/wp\/v2\/types\/product"}],"replies":[{"embeddable":true,"href":"https:\/\/www.biobey.be\/fr\/wp-json\/wp\/v2\/comments?post=2286"}],"wp:featuredmedia":[{"embeddable":true,"href":"https:\/\/www.biobey.be\/fr\/wp-json\/wp\/v2\/media\/322"}],"wp:attachment":[{"href":"https:\/\/www.biobey.be\/fr\/wp-json\/wp\/v2\/media?parent=2286"}],"wp:term":[{"taxonomy":"product_brand","embeddable":true,"href":"https:\/\/www.biobey.be\/fr\/wp-json\/wp\/v2\/product_brand?post=2286"},{"taxonomy":"product_cat","embeddable":true,"href":"https:\/\/www.biobey.be\/fr\/wp-json\/wp\/v2\/product_cat?post=2286"},{"taxonomy":"product_tag","embeddable":true,"href":"https:\/\/www.biobey.be\/fr\/wp-json\/wp\/v2\/product_tag?post=2286"}],"curies":[{"name":"wp","href":"https:\/\/api.w.org\/{rel}","templated":true}]}}