{"id":2288,"date":"2023-10-14T10:55:06","date_gmt":"2023-10-14T08:55:06","guid":{"rendered":"https:\/\/www.biobey.be\/fr-temp\/produit\/gommage-pour-le-corps-bio\/"},"modified":"2025-07-11T13:34:17","modified_gmt":"2025-07-11T11:34:17","slug":"gommage-pour-le-corps-bio","status":"publish","type":"product","link":"https:\/\/www.biobey.be\/fr\/produit\/gommage-pour-le-corps-bio\/","title":{"rendered":"Gommage pour le corps bio \u00c0 l&rsquo;extrait de grenade 200 ml"},"content":{"rendered":"<p>Le gommage pour le corps bio \u00e0 l&rsquo;extrait de grenade adoucit et nettoie la peau en \u00e9liminant les cellules mortes et les impuret\u00e9s accumul\u00e9es. C&rsquo;est un exfoliant doux, id\u00e9al pour restaurer et adoucir la peau. Ce gommage pour le corps bio est riche en acides amin\u00e9s, en min\u00e9raux et en vitamines A, C et E.<\/p>\n<p>Gr\u00e2ce \u00e0 sa formule b\u00e9n\u00e9fique, ce gommage naturel pour le corps prot\u00e8ge la peau contre le dess\u00e8chement, les \u00e9ruptions cutan\u00e9es et les imperfections. Il contribue \u00e0 ralentir le vieillissement de la peau et \u00e0 pr\u00e9venir les rides en stimulant le renouvellement cellulaire. En outre, le gommage pour le corps bio est utilis\u00e9 comme pr\u00e9paration au soleil.<\/p>\n<p>Exfolier la peau quelques jours avant l&rsquo;exposition au soleil permet de d\u00e9s\u00e9paissir la couche corn\u00e9e et d&rsquo;\u00e9liminer les cellules mortes. La peau bronzera donc de mani\u00e8re plus uniforme et la couleur durera plus longtemps.<\/p>\n<h2>Gommage pour le corps bio avec effet apaisant<\/h2>\n<p>L&rsquo;action douce mais efficace du gommage pour le corps bio est due \u00e0 sa composition. L&rsquo;huile de grenade est riche en antioxydants tels que la vitamine C et les om\u00e9ga 5. Elle est utilis\u00e9e pour lutter contre le vieillissement pr\u00e9matur\u00e9 de la peau et les rides. L&rsquo;extrait de vigne rouge pr\u00e9sente de nombreux avantages pour l&rsquo;organisme. L&rsquo;extrait de feuille de vigne rouge contient des flavono\u00efdes et des min\u00e9raux.<\/p>\n<p>Il am\u00e9liore l&rsquo;\u00e9lasticit\u00e9 de la peau et la rend plus souple. L&rsquo;extrait de calendula a un effet calmant et r\u00e9g\u00e9n\u00e9rant tandis que la m\u00e9lisse r\u00e9gule le s\u00e9bum. La synergie des ingr\u00e9dients actifs garantit que le gommage pour le corps bio nettoie et soigne efficacement la peau. Avec une utilisation r\u00e9guli\u00e8re, la peau est souple et a un teint uniforme.<\/p>\n<p>Mode d&#8217;emploi : Appliquer une petite quantit\u00e9 de gommage pour le corps bio sur la peau humide et masser doucement.<br \/>\nLe gommage doux pour le corps Geoderm \u00e0 l&rsquo;extrait de grenade est 100% naturel et v\u00e9g\u00e9talien. Il ne contient pas de microplastiques ni d&rsquo;ingr\u00e9dients synth\u00e9tiques.<\/p>\n<p>Certifications : BDIH, v\u00e9g\u00e9talien, biologique<br \/>\nIngr\u00e9dients: Aqua, Glycerin*, Prunus armeniaca Seed Powder, Aloe barbadensis Leaf Juice*, Galactoarabinan, Punica granatum Seed Oil*, Calendula officinalis Flower Extract*, Malva sylvestris Extract*, Melissa officinalis Leaf Extract, Euterpe oleracea Fruit Extract*, <a href=\"https:\/\/www.biobey.be\/fr\/gomme-xanthane\/\">Xanthan Gum<\/a>, Carrageenan, Maltodextrin, Lactic Acid, Phytic Acid, Decyl Glucoside, Citric Acid, Sodium Benzoate, Potassium Sorbate, Aroma**( origine naturelle)<\/p>\n","protected":false},"excerpt":{"rendered":"<p><strong>Fonctionnement et indication<\/strong><br \/>\nCe gommage pour le corps bio adoucit la peau en \u00e9liminant les cellules mortes. Il d\u00e9s\u00e9paissit l&rsquo;\u00e9paisse couche corn\u00e9e et favorise la circulation sanguine des cellules de la peau. Le gommage naturel pour le corps de Geoderm est certifi\u00e9 BDIH, v\u00e9g\u00e9tal et biologique.<\/p>\n","protected":false},"featured_media":323,"comment_status":"open","ping_status":"closed","template":"","meta":{"ocean_post_layout":"","ocean_both_sidebars_style":"","ocean_both_sidebars_content_width":0,"ocean_both_sidebars_sidebars_width":0,"ocean_sidebar":"","ocean_second_sidebar":"","ocean_disable_margins":"enable","ocean_add_body_class":"","ocean_shortcode_before_top_bar":"","ocean_shortcode_after_top_bar":"","ocean_shortcode_before_header":"","ocean_shortcode_after_header":"","ocean_has_shortcode":"","ocean_shortcode_after_title":"","ocean_shortcode_before_footer_widgets":"","ocean_shortcode_after_footer_widgets":"","ocean_shortcode_before_footer_bottom":"","ocean_shortcode_after_footer_bottom":"","ocean_display_top_bar":"default","ocean_display_header":"default","ocean_header_style":"","ocean_center_header_left_menu":"","ocean_custom_header_template":"","ocean_custom_logo":0,"ocean_custom_retina_logo":0,"ocean_custom_logo_max_width":0,"ocean_custom_logo_tablet_max_width":0,"ocean_custom_logo_mobile_max_width":0,"ocean_custom_logo_max_height":0,"ocean_custom_logo_tablet_max_height":0,"ocean_custom_logo_mobile_max_height":0,"ocean_header_custom_menu":"","ocean_menu_typo_font_family":"","ocean_menu_typo_font_subset":"","ocean_menu_typo_font_size":0,"ocean_menu_typo_font_size_tablet":0,"ocean_menu_typo_font_size_mobile":0,"ocean_menu_typo_font_size_unit":"px","ocean_menu_typo_font_weight":"","ocean_menu_typo_font_weight_tablet":"","ocean_menu_typo_font_weight_mobile":"","ocean_menu_typo_transform":"","ocean_menu_typo_transform_tablet":"","ocean_menu_typo_transform_mobile":"","ocean_menu_typo_line_height":0,"ocean_menu_typo_line_height_tablet":0,"ocean_menu_typo_line_height_mobile":0,"ocean_menu_typo_line_height_unit":"","ocean_menu_typo_spacing":0,"ocean_menu_typo_spacing_tablet":0,"ocean_menu_typo_spacing_mobile":0,"ocean_menu_typo_spacing_unit":"","ocean_menu_link_color":"","ocean_menu_link_color_hover":"","ocean_menu_link_color_active":"","ocean_menu_link_background":"","ocean_menu_link_hover_background":"","ocean_menu_link_active_background":"","ocean_menu_social_links_bg":"","ocean_menu_social_hover_links_bg":"","ocean_menu_social_links_color":"","ocean_menu_social_hover_links_color":"","ocean_disable_title":"default","ocean_disable_heading":"default","ocean_post_title":"","ocean_post_subheading":"","ocean_post_title_style":"","ocean_post_title_background_color":"","ocean_post_title_background":0,"ocean_post_title_bg_image_position":"","ocean_post_title_bg_image_attachment":"","ocean_post_title_bg_image_repeat":"","ocean_post_title_bg_image_size":"","ocean_post_title_height":0,"ocean_post_title_bg_overlay":0.5,"ocean_post_title_bg_overlay_color":"","ocean_disable_breadcrumbs":"default","ocean_breadcrumbs_color":"","ocean_breadcrumbs_separator_color":"","ocean_breadcrumbs_links_color":"","ocean_breadcrumbs_links_hover_color":"","ocean_display_footer_widgets":"default","ocean_display_footer_bottom":"default","ocean_custom_footer_template":""},"product_brand":[116],"product_cat":[53,52,16,51],"product_tag":[126,127,128,125],"class_list":{"0":"post-2288","1":"product","2":"type-product","3":"status-publish","4":"has-post-thumbnail","6":"product_brand-geoderm","7":"product_cat-corps-peau","8":"product_cat-nettoyage-et-hygiene","9":"product_cat-soins","10":"product_cat-soins-du-corps","11":"product_tag-sans-paraben","12":"product_tag-sans-silicone","13":"product_tag-sanssulfates","14":"product_tag-vegan","16":"entry","17":"has-media","19":"first","20":"instock","21":"taxable","22":"shipping-taxable","23":"purchasable","24":"product-type-simple","25":"has-rating","26":"col","27":"span_1_of_3","28":"owp-content-center","29":"owp-thumbs-layout-horizontal","30":"owp-btn-normal","31":"owp-tabs-layout-section","32":"has-no-thumbnails","33":"circle-sale"},"_links":{"self":[{"href":"https:\/\/www.biobey.be\/fr\/wp-json\/wp\/v2\/product\/2288","targetHints":{"allow":["GET"]}}],"collection":[{"href":"https:\/\/www.biobey.be\/fr\/wp-json\/wp\/v2\/product"}],"about":[{"href":"https:\/\/www.biobey.be\/fr\/wp-json\/wp\/v2\/types\/product"}],"replies":[{"embeddable":true,"href":"https:\/\/www.biobey.be\/fr\/wp-json\/wp\/v2\/comments?post=2288"}],"wp:featuredmedia":[{"embeddable":true,"href":"https:\/\/www.biobey.be\/fr\/wp-json\/wp\/v2\/media\/323"}],"wp:attachment":[{"href":"https:\/\/www.biobey.be\/fr\/wp-json\/wp\/v2\/media?parent=2288"}],"wp:term":[{"taxonomy":"product_brand","embeddable":true,"href":"https:\/\/www.biobey.be\/fr\/wp-json\/wp\/v2\/product_brand?post=2288"},{"taxonomy":"product_cat","embeddable":true,"href":"https:\/\/www.biobey.be\/fr\/wp-json\/wp\/v2\/product_cat?post=2288"},{"taxonomy":"product_tag","embeddable":true,"href":"https:\/\/www.biobey.be\/fr\/wp-json\/wp\/v2\/product_tag?post=2288"}],"curies":[{"name":"wp","href":"https:\/\/api.w.org\/{rel}","templated":true}]}}