{"id":2290,"date":"2023-09-09T22:16:25","date_gmt":"2023-09-09T20:16:25","guid":{"rendered":"https:\/\/www.biobey.be\/fr-temp\/produit\/shampooing-sans-sulfate-pour-brillance\/"},"modified":"2025-07-21T10:20:55","modified_gmt":"2025-07-21T08:20:55","slug":"shampooing-sans-sulfate-pour-brillance","status":"publish","type":"product","link":"https:\/\/www.biobey.be\/fr\/produit\/shampooing-sans-sulfate-pour-brillance\/","title":{"rendered":"Shampooing sans sulfate pour brillance 250 ml"},"content":{"rendered":"<p>Shampooing sans sulfate pour brillance sans silicones rend les cheveux brillants et sains. Ce shampooing v\u00e9g\u00e9talien pour tous les types de cheveux a une formule douce. Il <strong>r\u00e9pare et nourrit les cheveux intens\u00e9ment ab\u00eem\u00e9s<\/strong>. Le shampooing sans sulfate pour brillance Geoderm prend soin des cheveux ternes et sans vie et cr\u00e9e une brillance naturelle.<\/p>\n<p>Il convient aussi aux personnes ayant un cuir chevelu sensible. Gr\u00e2ce aux extraits de plantes et aux huiles b\u00e9n\u00e9fiques, il <strong>renforce les racines des cheveux.<\/strong> Le shampooing sans sulfate, sans silicones hydrate le cuir chevelu et favorise la circulation sanguine.<\/p>\n<p>Des ingr\u00e9dients actifs tels que l&rsquo;aloe vera, le souci et l&rsquo;huile de bergamote renforcent les racines des cheveux et<strong> pr\u00e9viennent la chute excessive<\/strong> des cheveux. Le cuir chevelu et les cheveux sont ainsi plus r\u00e9sistants aux radicaux libres et aux influences ext\u00e9rieures n\u00e9gatives.<\/p>\n<p>Le shampooing sans sulfate pour brillance est id\u00e9al pour un soin intense de tous les types de cheveux. Avec une utilisation r\u00e9guli\u00e8re, les cheveux deviennent sains et tr\u00e8s brillants.<\/p>\n<h2>Shampooing sans sulfate pour brillance de Geoderm<\/h2>\n<p>Le shampooing sans sulfate sans silicones et autres ingr\u00e9dients synth\u00e9tiques est id\u00e9al pour les cheveux et le cuir chevelu ab\u00eem\u00e9s. Le jus d&rsquo;aloe vera biologique \u00e9limine les substances nocives et les radicaux libres des cheveux. Il cr\u00e9e plus de brillance et calme les d\u00e9mangeaisons du cuir chevelu. Ce shampooing sans sulfate pour brillance hydrate les cheveux et les prot\u00e8ge du dess\u00e8chement.<\/p>\n<p>L&rsquo;extrait de calendula stimule les fibres capillaires ternes et endommag\u00e9es. En outre, il r\u00e9g\u00e9n\u00e8re les plaies et irritations mineures. L&rsquo;huile de bergamote aide \u00e0 r\u00e9guler la production de s\u00e9bum et est utilis\u00e9e pour traiter les cheveux facilement gras. La coh\u00e9sion entre les huiles et les extraits b\u00e9n\u00e9fiques garantit des cheveux sains et brillants des racines aux pointes.<\/p>\n<p>Mode d&#8217;emploi : Appliquer le shampooing sans sulfate sur les cheveux mouill\u00e9s et masser doucement. Ensuite, rincez et r\u00e9p\u00e9tez si n\u00e9cessaire. \u00c9viter le contact avec les yeux. Convient aux personnes ayant un cuir chevelu sensible ou endommag\u00e9.<\/p>\n<p>Ingr\u00e9dients : Aqua, Aloe barbadensis Leaf Juice *, Glycerine *, Coco-Glucoside, Decyl Glucoside, Betaine, Maltodextrin, Squalane, Prunus amygdalus Dulcis Oil *, Calendula officinalis Flower Extract *, Xanthan gum, Citric Acid, Sodium Chloride, Benzoic Acid, Phytic Acid, Carrageenan, Potassium Sorbate, Sodium Benzoate, Fragrance**, Limonene, Linalool.<\/p>\n<p>* Origine biologique<br \/>\n** Fragrance compos\u00e9 d&rsquo;ingr\u00e9dients naturels.<\/p>\n","protected":false},"excerpt":{"rendered":"<p>Le shampooing sans sulfate pour brillance est 100% naturel et v\u00e9g\u00e9talien. Il est applicable \u00e0 tous les types de cheveux. Ce shampooing naturel nourrit les cheveux et le cuir chevelu endommag\u00e9s et cr\u00e9e plus de brillance. Gr\u00e2ce \u00e0 sa composition naturelle, il convient \u00e0 un usage quotidien.<br \/>\n<strong>Certifications<\/strong> : BDIH, Vegan, B.I.O.<br \/>\nContenu 250 ml<\/p>\n","protected":false},"featured_media":346,"comment_status":"open","ping_status":"closed","template":"","meta":{"ocean_post_layout":"","ocean_both_sidebars_style":"","ocean_both_sidebars_content_width":0,"ocean_both_sidebars_sidebars_width":0,"ocean_sidebar":"","ocean_second_sidebar":"","ocean_disable_margins":"enable","ocean_add_body_class":"","ocean_shortcode_before_top_bar":"","ocean_shortcode_after_top_bar":"","ocean_shortcode_before_header":"","ocean_shortcode_after_header":"","ocean_has_shortcode":"","ocean_shortcode_after_title":"","ocean_shortcode_before_footer_widgets":"","ocean_shortcode_after_footer_widgets":"","ocean_shortcode_before_footer_bottom":"","ocean_shortcode_after_footer_bottom":"","ocean_display_top_bar":"default","ocean_display_header":"default","ocean_header_style":"","ocean_center_header_left_menu":"","ocean_custom_header_template":"","ocean_custom_logo":0,"ocean_custom_retina_logo":0,"ocean_custom_logo_max_width":0,"ocean_custom_logo_tablet_max_width":0,"ocean_custom_logo_mobile_max_width":0,"ocean_custom_logo_max_height":0,"ocean_custom_logo_tablet_max_height":0,"ocean_custom_logo_mobile_max_height":0,"ocean_header_custom_menu":"","ocean_menu_typo_font_family":"","ocean_menu_typo_font_subset":"","ocean_menu_typo_font_size":0,"ocean_menu_typo_font_size_tablet":0,"ocean_menu_typo_font_size_mobile":0,"ocean_menu_typo_font_size_unit":"px","ocean_menu_typo_font_weight":"","ocean_menu_typo_font_weight_tablet":"","ocean_menu_typo_font_weight_mobile":"","ocean_menu_typo_transform":"","ocean_menu_typo_transform_tablet":"","ocean_menu_typo_transform_mobile":"","ocean_menu_typo_line_height":0,"ocean_menu_typo_line_height_tablet":0,"ocean_menu_typo_line_height_mobile":0,"ocean_menu_typo_line_height_unit":"","ocean_menu_typo_spacing":0,"ocean_menu_typo_spacing_tablet":0,"ocean_menu_typo_spacing_mobile":0,"ocean_menu_typo_spacing_unit":"","ocean_menu_link_color":"","ocean_menu_link_color_hover":"","ocean_menu_link_color_active":"","ocean_menu_link_background":"","ocean_menu_link_hover_background":"","ocean_menu_link_active_background":"","ocean_menu_social_links_bg":"","ocean_menu_social_hover_links_bg":"","ocean_menu_social_links_color":"","ocean_menu_social_hover_links_color":"","ocean_disable_title":"default","ocean_disable_heading":"default","ocean_post_title":"","ocean_post_subheading":"","ocean_post_title_style":"","ocean_post_title_background_color":"","ocean_post_title_background":0,"ocean_post_title_bg_image_position":"","ocean_post_title_bg_image_attachment":"","ocean_post_title_bg_image_repeat":"","ocean_post_title_bg_image_size":"","ocean_post_title_height":0,"ocean_post_title_bg_overlay":0.5,"ocean_post_title_bg_overlay_color":"","ocean_disable_breadcrumbs":"default","ocean_breadcrumbs_color":"","ocean_breadcrumbs_separator_color":"","ocean_breadcrumbs_links_color":"","ocean_breadcrumbs_links_hover_color":"","ocean_display_footer_widgets":"default","ocean_display_footer_bottom":"default","ocean_custom_footer_template":""},"product_brand":[116],"product_cat":[25,16,24],"product_tag":[133,127,128,125],"class_list":{"0":"post-2290","1":"product","2":"type-product","3":"status-publish","4":"has-post-thumbnail","6":"product_brand-geoderm","7":"product_cat-shampooing-naturel","8":"product_cat-soins","9":"product_cat-soins-cheveux","10":"product_tag-sansparfumsynthetique","11":"product_tag-sans-silicone","12":"product_tag-sanssulfates","13":"product_tag-vegan","15":"entry","16":"has-media","18":"first","19":"instock","20":"taxable","21":"shipping-taxable","22":"purchasable","23":"product-type-simple","24":"has-rating","25":"col","26":"span_1_of_3","27":"owp-content-center","28":"owp-thumbs-layout-horizontal","29":"owp-btn-normal","30":"owp-tabs-layout-section","31":"has-no-thumbnails","32":"circle-sale"},"_links":{"self":[{"href":"https:\/\/www.biobey.be\/fr\/wp-json\/wp\/v2\/product\/2290","targetHints":{"allow":["GET"]}}],"collection":[{"href":"https:\/\/www.biobey.be\/fr\/wp-json\/wp\/v2\/product"}],"about":[{"href":"https:\/\/www.biobey.be\/fr\/wp-json\/wp\/v2\/types\/product"}],"replies":[{"embeddable":true,"href":"https:\/\/www.biobey.be\/fr\/wp-json\/wp\/v2\/comments?post=2290"}],"wp:featuredmedia":[{"embeddable":true,"href":"https:\/\/www.biobey.be\/fr\/wp-json\/wp\/v2\/media\/346"}],"wp:attachment":[{"href":"https:\/\/www.biobey.be\/fr\/wp-json\/wp\/v2\/media?parent=2290"}],"wp:term":[{"taxonomy":"product_brand","embeddable":true,"href":"https:\/\/www.biobey.be\/fr\/wp-json\/wp\/v2\/product_brand?post=2290"},{"taxonomy":"product_cat","embeddable":true,"href":"https:\/\/www.biobey.be\/fr\/wp-json\/wp\/v2\/product_cat?post=2290"},{"taxonomy":"product_tag","embeddable":true,"href":"https:\/\/www.biobey.be\/fr\/wp-json\/wp\/v2\/product_tag?post=2290"}],"curies":[{"name":"wp","href":"https:\/\/api.w.org\/{rel}","templated":true}]}}