{"id":2291,"date":"2023-08-20T22:25:54","date_gmt":"2023-08-20T20:25:54","guid":{"rendered":"https:\/\/www.biobey.be\/fr-temp\/produit\/gel-douche-bio-pour-peau-seche-geoderm\/"},"modified":"2025-07-11T13:52:23","modified_gmt":"2025-07-11T11:52:23","slug":"gel-douche-bio-pour-peau-seche-geoderm","status":"publish","type":"product","link":"https:\/\/www.biobey.be\/fr\/produit\/gel-douche-bio-pour-peau-seche-geoderm\/","title":{"rendered":"Gel douche bio pour peau s\u00e8che Geoderm 500 ml"},"content":{"rendered":"<p>Gel douche bio pour peau s\u00e8che Geoderm nettoie la peau en douceur. La formule naturelle du gel douche bio \u00e0 base d&rsquo;extrait de camomille et d&rsquo;huile d&rsquo;amande est particuli\u00e8rement adapt\u00e9e aux personnes ayant une peau s\u00e8che et sensible. Il d\u00e9tend la peau et les sens gr\u00e2ce \u00e0 l&rsquo;ar\u00f4me apaisant des huiles essentielles biologiques et des extraits calmants.<\/p>\n<p>Le gel douche bio pour peau s\u00e8che purifie en douceur le corps des radicaux libres et des mauvaises bact\u00e9ries. Il hydrate la peau et apaise en m\u00eame temps les petites irritations. Il renforce la barri\u00e8re cutan\u00e9e et pr\u00e9vient la d\u00e9shydratation. Ce gel douche bio sans sulfate nettoie en profondeur et adoucit la peau en m\u00eame temps.<\/p>\n<h2>Gel douche bio pour peau s\u00e8che Geoderm sans parfum ni sulfates<\/h2>\n<p>Le gel douche bio pour peau s\u00e8che Geoderm est compos\u00e9 d&rsquo;ingr\u00e9dients naturels et v\u00e9g\u00e9taliens purs. Il est exempt de produits chimiques dess\u00e9chants tels que les sulfates, les silicones et les parfums. Le gel douche bio pour peau s\u00e8che Geoderm contient des ingr\u00e9dients tels que l&rsquo;extrait de camomille biologique, l&rsquo;huile d&rsquo;amande et l&rsquo;huile essentielle de lavande.<\/p>\n<p>L&rsquo;extrait de camomille est connu pour son effet cicatrisant sur les peaux rouges et irrit\u00e9es. Par exemple, les fleurs de camomille sont utilis\u00e9es en cataplasme pour traiter les br\u00fblures et les poches sous les yeux. L&rsquo;huile d&rsquo;amande est riche en vitamines A, B et E. Celles-ci renforcent la couche protectrice naturelle de la peau.<\/p>\n<p>La consistance fine de l&rsquo;huile d&rsquo;amande p\u00e9n\u00e8tre bien et apporte de l&rsquo;hydratation. L&rsquo;huile essentielle de lavande biologique est anti-inflammatoire. Elle a aussi un effet apaisant sur la peau et le corps. L&rsquo;utilisation r\u00e9guli\u00e8re du gel douche bio laisse la peau douce et soyeuse.<\/p>\n<p><strong>Mode d&#8217;emploi :<\/strong> Appliquer le gel douche bio sur la peau humide et masser doucement. Puis rincez. Convient \u00e0 un usage quotidien.<\/p>\n<p><strong>Effets et propri\u00e9t\u00e9s<\/strong><br \/>\nCe gel douche bio pour peau s\u00e8che Geoderm est naturel et vegan. Il nettoie en douceur sans endommager la barri\u00e8re cutan\u00e9e.<br \/>\nContenu : 500 ml<\/p>\n<p><strong>Ingr\u00e9dients :<\/strong> Aqua, Aloe barbadensis Leaf Juice *, Glycerin *, Coco-Glucoside, Decyl Glucoside, Betaine, Maltodextrin, Chamomilla Recutita Flower Extract *, Prunus amygdalus Dulcis Oil *, Xanthan Gum, Phytic Acid, Sodium Chloride, Benzoic Acid, Carrageenan, Citric Acid, Carrageenan, , Potassium Sorbate, Sodium Benzoate, fragnance **, Linalool.<br \/>\n*fragnance d&rsquo;origine biologique.<br \/>\n** fragnance aux composants naturels.<\/p>\n","protected":false},"excerpt":{"rendered":"<p>Gel douche bio pour peau s\u00e8che nettoie la peau en douceur sans endommager la barri\u00e8re cutan\u00e9e. Le gel douche hydrate la peau et pr\u00e9vient les taches de s\u00e9cheresse. Les ingr\u00e9dients actifs sont l&rsquo;extrait de camomille biologique, l&rsquo;huile d&rsquo;amande et l&rsquo;huile de lavande \u00e9th\u00e9r\u00e9e.<br \/>\nLabel : BDIH, Vegan, Bio<br \/>\nContenu : 500 ml<\/p>\n","protected":false},"featured_media":343,"comment_status":"open","ping_status":"closed","template":"","meta":{"ocean_post_layout":"","ocean_both_sidebars_style":"","ocean_both_sidebars_content_width":0,"ocean_both_sidebars_sidebars_width":0,"ocean_sidebar":"","ocean_second_sidebar":"","ocean_disable_margins":"enable","ocean_add_body_class":"","ocean_shortcode_before_top_bar":"","ocean_shortcode_after_top_bar":"","ocean_shortcode_before_header":"","ocean_shortcode_after_header":"","ocean_has_shortcode":"","ocean_shortcode_after_title":"","ocean_shortcode_before_footer_widgets":"","ocean_shortcode_after_footer_widgets":"","ocean_shortcode_before_footer_bottom":"","ocean_shortcode_after_footer_bottom":"","ocean_display_top_bar":"default","ocean_display_header":"default","ocean_header_style":"","ocean_center_header_left_menu":"","ocean_custom_header_template":"","ocean_custom_logo":0,"ocean_custom_retina_logo":0,"ocean_custom_logo_max_width":0,"ocean_custom_logo_tablet_max_width":0,"ocean_custom_logo_mobile_max_width":0,"ocean_custom_logo_max_height":0,"ocean_custom_logo_tablet_max_height":0,"ocean_custom_logo_mobile_max_height":0,"ocean_header_custom_menu":"","ocean_menu_typo_font_family":"","ocean_menu_typo_font_subset":"","ocean_menu_typo_font_size":0,"ocean_menu_typo_font_size_tablet":0,"ocean_menu_typo_font_size_mobile":0,"ocean_menu_typo_font_size_unit":"px","ocean_menu_typo_font_weight":"","ocean_menu_typo_font_weight_tablet":"","ocean_menu_typo_font_weight_mobile":"","ocean_menu_typo_transform":"","ocean_menu_typo_transform_tablet":"","ocean_menu_typo_transform_mobile":"","ocean_menu_typo_line_height":0,"ocean_menu_typo_line_height_tablet":0,"ocean_menu_typo_line_height_mobile":0,"ocean_menu_typo_line_height_unit":"","ocean_menu_typo_spacing":0,"ocean_menu_typo_spacing_tablet":0,"ocean_menu_typo_spacing_mobile":0,"ocean_menu_typo_spacing_unit":"","ocean_menu_link_color":"","ocean_menu_link_color_hover":"","ocean_menu_link_color_active":"","ocean_menu_link_background":"","ocean_menu_link_hover_background":"","ocean_menu_link_active_background":"","ocean_menu_social_links_bg":"","ocean_menu_social_hover_links_bg":"","ocean_menu_social_links_color":"","ocean_menu_social_hover_links_color":"","ocean_disable_title":"default","ocean_disable_heading":"default","ocean_post_title":"","ocean_post_subheading":"","ocean_post_title_style":"","ocean_post_title_background_color":"","ocean_post_title_background":0,"ocean_post_title_bg_image_position":"","ocean_post_title_bg_image_attachment":"","ocean_post_title_bg_image_repeat":"","ocean_post_title_bg_image_size":"","ocean_post_title_height":0,"ocean_post_title_bg_overlay":0.5,"ocean_post_title_bg_overlay_color":"","ocean_disable_breadcrumbs":"default","ocean_breadcrumbs_color":"","ocean_breadcrumbs_separator_color":"","ocean_breadcrumbs_links_color":"","ocean_breadcrumbs_links_hover_color":"","ocean_display_footer_widgets":"default","ocean_display_footer_bottom":"default","ocean_custom_footer_template":""},"product_brand":[116],"product_cat":[52,16,51],"product_tag":[126,133,127,128],"class_list":{"0":"post-2291","1":"product","2":"type-product","3":"status-publish","4":"has-post-thumbnail","6":"product_brand-geoderm","7":"product_cat-nettoyage-et-hygiene","8":"product_cat-soins","9":"product_cat-soins-du-corps","10":"product_tag-sans-paraben","11":"product_tag-sansparfumsynthetique","12":"product_tag-sans-silicone","13":"product_tag-sanssulfates","15":"entry","16":"has-media","18":"first","19":"instock","20":"taxable","21":"shipping-taxable","22":"purchasable","23":"product-type-simple","24":"has-rating","25":"col","26":"span_1_of_3","27":"owp-content-center","28":"owp-thumbs-layout-horizontal","29":"owp-btn-normal","30":"owp-tabs-layout-section","31":"has-no-thumbnails","32":"circle-sale"},"_links":{"self":[{"href":"https:\/\/www.biobey.be\/fr\/wp-json\/wp\/v2\/product\/2291","targetHints":{"allow":["GET"]}}],"collection":[{"href":"https:\/\/www.biobey.be\/fr\/wp-json\/wp\/v2\/product"}],"about":[{"href":"https:\/\/www.biobey.be\/fr\/wp-json\/wp\/v2\/types\/product"}],"replies":[{"embeddable":true,"href":"https:\/\/www.biobey.be\/fr\/wp-json\/wp\/v2\/comments?post=2291"}],"wp:featuredmedia":[{"embeddable":true,"href":"https:\/\/www.biobey.be\/fr\/wp-json\/wp\/v2\/media\/343"}],"wp:attachment":[{"href":"https:\/\/www.biobey.be\/fr\/wp-json\/wp\/v2\/media?parent=2291"}],"wp:term":[{"taxonomy":"product_brand","embeddable":true,"href":"https:\/\/www.biobey.be\/fr\/wp-json\/wp\/v2\/product_brand?post=2291"},{"taxonomy":"product_cat","embeddable":true,"href":"https:\/\/www.biobey.be\/fr\/wp-json\/wp\/v2\/product_cat?post=2291"},{"taxonomy":"product_tag","embeddable":true,"href":"https:\/\/www.biobey.be\/fr\/wp-json\/wp\/v2\/product_tag?post=2291"}],"curies":[{"name":"wp","href":"https:\/\/api.w.org\/{rel}","templated":true}]}}