{"id":2294,"date":"2023-09-13T22:26:48","date_gmt":"2023-09-13T20:26:48","guid":{"rendered":"https:\/\/www.biobey.be\/fr-temp\/produit\/poudre-bronzante-bio-sun-kissed-glow\/"},"modified":"2025-07-11T13:39:37","modified_gmt":"2025-07-11T11:39:37","slug":"poudre-bronzante-bio-sun-kissed-glow","status":"publish","type":"product","link":"https:\/\/www.biobey.be\/fr\/produit\/poudre-bronzante-bio-sun-kissed-glow\/","title":{"rendered":"Poudre bronzante bio sun-kissed glow"},"content":{"rendered":"<p>La poudre bronzante bio est formul\u00e9e \u00e0 partir de pigments min\u00e9raux, d&rsquo;huile de jojoba et de mica. Cette poudre libre bronzante donne un aspect bronz\u00e9 naturel. Elle ajoute de la chaleur et un \u00e9clat sain et ensoleill\u00e9 au visage.<\/p>\n<p>La formule naturelle pure sans ingr\u00e9dients chimiques n&rsquo;obstrue pas les pores. Gr\u00e2ce \u00e0 sa formule douce, elle convient \u00e0 la plupart des types de peau sensibles. La poudre bronzante bio sun-kissed glow a une texture douce et un bronzage naturel.<br \/>\nElle convient \u00e0 tous les tons de peau. Cette poudre bronzante bio peut \u00eatre appliqu\u00e9 tr\u00e8s l\u00e9g\u00e8rement pour un teint subtil et l\u00e9ger.<\/p>\n<p>Pour un teint plus fonc\u00e9 et plus marquant, appliquez-le en plus grande quantit\u00e9. Les pigments min\u00e9raux s&rsquo;adaptent \u00e0 la structure de la peau et donnent un \u00e9clat chaud naturel.<\/p>\n<h2>Formule de la poudre bronzante bio sunkissed glow<\/h2>\n<p>Outre des pigments de haute qualit\u00e9, la poudre bronzante bio contient des ingr\u00e9dients puissants comme l&rsquo;huile de jojoba biologique. Cette huile a une forte concentration en vitamine E. Il s&rsquo;agit d&rsquo;un antioxydant puissant qui pr\u00e9vient la formation pr\u00e9matur\u00e9e des rides. La vitamine E prot\u00e8ge la peau des effets n\u00e9gatifs des radicaux libres.<\/p>\n<p>Elle acc\u00e9l\u00e8re la r\u00e9g\u00e9n\u00e9ration cellulaire de la peau et a un effet nourrissant en profondeur. Les vitamines du complexe B favorisent la r\u00e9paration de la peau et pr\u00e9viennent les rougeurs. De plus, l&rsquo;huile de jojoba aide \u00e0 hydrater les peaux s\u00e8ches. La poudre bronzante bio est douce pour la peau. Il s&rsquo;agit d&rsquo;un produit naturel pur, sans aucun produit chimique.<\/p>\n<p><strong>Conseils d&rsquo;utilisation :<\/strong><br \/>\nLa poudre bronzante bio sunkissed glow convient \u00e0 toutes les teintes de peau. Appliquez-le l\u00e9g\u00e8rement pour un look plus l\u00e9ger et plus subtil. Utilisez-en davantage pour obtenir un effet plus brun et plus saisissant.<\/p>\n<p>La poudre bronzante naturelle peut \u00eatre appliqu\u00e9e avec un pinceau libre sur tout le visage pour un teint estival.<br \/>\nPour un effet de contour, appliquez sur les pommettes, le nez et la racine des cheveux.<\/p>\n<p>Certifi\u00e9 ECOCERT, Vegan et COSMOS ORGANICS. Les produits Geoderm ne sont pas cruels et sont fabriqu\u00e9s de mani\u00e8re \u00e9thique.<\/p>\n<p>Ingr\u00e9dients <strong>:<\/strong> Amidon de Zea Mays, Talc, Mica, Glyc\u00e9ryl Behenate, Huile de graines de Simmondsia chinensis *, L\u00e9cithine hydrog\u00e9n\u00e9e, Triglyc\u00e9ride d&rsquo;acide caprylique\/caprique, Mica, CI77007, CI77491, CI77499, CI77891.<br \/>\n*Origine de l&rsquo;agriculture biologique<\/p>\n","protected":false},"excerpt":{"rendered":"<p>Poudre bronzante bio pour un \u00e9clat sain et ensoleill\u00e9 ou un look bronz\u00e9. Elle ne bouche pas les pores et ne dess\u00e8che pas la peau. La poudre bronzante convient aux peaux sensibles.<\/p>\n","protected":false},"featured_media":336,"comment_status":"open","ping_status":"closed","template":"","meta":{"ocean_post_layout":"","ocean_both_sidebars_style":"","ocean_both_sidebars_content_width":0,"ocean_both_sidebars_sidebars_width":0,"ocean_sidebar":"","ocean_second_sidebar":"","ocean_disable_margins":"enable","ocean_add_body_class":"","ocean_shortcode_before_top_bar":"","ocean_shortcode_after_top_bar":"","ocean_shortcode_before_header":"","ocean_shortcode_after_header":"","ocean_has_shortcode":"","ocean_shortcode_after_title":"","ocean_shortcode_before_footer_widgets":"","ocean_shortcode_after_footer_widgets":"","ocean_shortcode_before_footer_bottom":"","ocean_shortcode_after_footer_bottom":"","ocean_display_top_bar":"default","ocean_display_header":"default","ocean_header_style":"","ocean_center_header_left_menu":"","ocean_custom_header_template":"","ocean_custom_logo":0,"ocean_custom_retina_logo":0,"ocean_custom_logo_max_width":0,"ocean_custom_logo_tablet_max_width":0,"ocean_custom_logo_mobile_max_width":0,"ocean_custom_logo_max_height":0,"ocean_custom_logo_tablet_max_height":0,"ocean_custom_logo_mobile_max_height":0,"ocean_header_custom_menu":"","ocean_menu_typo_font_family":"","ocean_menu_typo_font_subset":"","ocean_menu_typo_font_size":0,"ocean_menu_typo_font_size_tablet":0,"ocean_menu_typo_font_size_mobile":0,"ocean_menu_typo_font_size_unit":"px","ocean_menu_typo_font_weight":"","ocean_menu_typo_font_weight_tablet":"","ocean_menu_typo_font_weight_mobile":"","ocean_menu_typo_transform":"","ocean_menu_typo_transform_tablet":"","ocean_menu_typo_transform_mobile":"","ocean_menu_typo_line_height":0,"ocean_menu_typo_line_height_tablet":0,"ocean_menu_typo_line_height_mobile":0,"ocean_menu_typo_line_height_unit":"","ocean_menu_typo_spacing":0,"ocean_menu_typo_spacing_tablet":0,"ocean_menu_typo_spacing_mobile":0,"ocean_menu_typo_spacing_unit":"","ocean_menu_link_color":"","ocean_menu_link_color_hover":"","ocean_menu_link_color_active":"","ocean_menu_link_background":"","ocean_menu_link_hover_background":"","ocean_menu_link_active_background":"","ocean_menu_social_links_bg":"","ocean_menu_social_hover_links_bg":"","ocean_menu_social_links_color":"","ocean_menu_social_hover_links_color":"","ocean_disable_title":"default","ocean_disable_heading":"default","ocean_post_title":"","ocean_post_subheading":"","ocean_post_title_style":"","ocean_post_title_background_color":"","ocean_post_title_background":0,"ocean_post_title_bg_image_position":"","ocean_post_title_bg_image_attachment":"","ocean_post_title_bg_image_repeat":"","ocean_post_title_bg_image_size":"","ocean_post_title_height":0,"ocean_post_title_bg_overlay":0.5,"ocean_post_title_bg_overlay_color":"","ocean_disable_breadcrumbs":"default","ocean_breadcrumbs_color":"","ocean_breadcrumbs_separator_color":"","ocean_breadcrumbs_links_color":"","ocean_breadcrumbs_links_hover_color":"","ocean_display_footer_widgets":"default","ocean_display_footer_bottom":"default","ocean_custom_footer_template":""},"product_brand":[116],"product_cat":[55],"product_tag":[126,133,125],"class_list":{"0":"post-2294","1":"product","2":"type-product","3":"status-publish","4":"has-post-thumbnail","6":"product_brand-geoderm","7":"product_cat-maquillage","8":"product_tag-sans-paraben","9":"product_tag-sansparfumsynthetique","10":"product_tag-vegan","12":"entry","13":"has-media","15":"first","16":"instock","17":"taxable","18":"shipping-taxable","19":"purchasable","20":"product-type-simple","21":"has-rating","22":"col","23":"span_1_of_3","24":"owp-content-center","25":"owp-thumbs-layout-horizontal","26":"owp-btn-normal","27":"owp-tabs-layout-section","28":"has-no-thumbnails","29":"circle-sale"},"_links":{"self":[{"href":"https:\/\/www.biobey.be\/fr\/wp-json\/wp\/v2\/product\/2294","targetHints":{"allow":["GET"]}}],"collection":[{"href":"https:\/\/www.biobey.be\/fr\/wp-json\/wp\/v2\/product"}],"about":[{"href":"https:\/\/www.biobey.be\/fr\/wp-json\/wp\/v2\/types\/product"}],"replies":[{"embeddable":true,"href":"https:\/\/www.biobey.be\/fr\/wp-json\/wp\/v2\/comments?post=2294"}],"wp:featuredmedia":[{"embeddable":true,"href":"https:\/\/www.biobey.be\/fr\/wp-json\/wp\/v2\/media\/336"}],"wp:attachment":[{"href":"https:\/\/www.biobey.be\/fr\/wp-json\/wp\/v2\/media?parent=2294"}],"wp:term":[{"taxonomy":"product_brand","embeddable":true,"href":"https:\/\/www.biobey.be\/fr\/wp-json\/wp\/v2\/product_brand?post=2294"},{"taxonomy":"product_cat","embeddable":true,"href":"https:\/\/www.biobey.be\/fr\/wp-json\/wp\/v2\/product_cat?post=2294"},{"taxonomy":"product_tag","embeddable":true,"href":"https:\/\/www.biobey.be\/fr\/wp-json\/wp\/v2\/product_tag?post=2294"}],"curies":[{"name":"wp","href":"https:\/\/api.w.org\/{rel}","templated":true}]}}