{"id":2295,"date":"2023-08-21T12:44:15","date_gmt":"2023-08-21T10:44:15","guid":{"rendered":"https:\/\/www.biobey.be\/fr-temp\/produit\/rouge-a-levres-bio-mineral-marrakech\/"},"modified":"2026-04-03T00:27:35","modified_gmt":"2026-04-02T22:27:35","slug":"rouge-a-levres-bio-mineral-marrakech","status":"publish","type":"product","link":"https:\/\/www.biobey.be\/fr\/produit\/rouge-a-levres-bio-mineral-marrakech\/","title":{"rendered":"Rouge a l\u00e8vres bio min\u00e9ral Marrakech semi-mat"},"content":{"rendered":"<p>Le rouge \u00e0 l\u00e8vres bio min\u00e9ral Marrakech semi-mat a une texture cr\u00e9meuse et est merveilleusement doux \u00e0 l&rsquo;application. Ce rouge \u00e0 l\u00e8vres min\u00e9ral Nude Marrakech donne \u00e0 vos l\u00e8vres une couverture moyenne ou compl\u00e8te avec un fini mat. La couleur terreuse avec des nuances chaudes rend vos l\u00e8vres plus pulpeuses.<\/p>\n<p>La formule est 100% naturelle et contient des huiles v\u00e9g\u00e9tales nourrissantes et de la vitamine E. La forte concentration de pigments min\u00e9raux de haute qualit\u00e9 permet d&rsquo;obtenir une couleur intense et vibrante qui dure. La combinaison de pigments min\u00e9raux de haute qualit\u00e9 se fond parfaitement avec la peau de vos l\u00e8vres et donne un fini semi-mat naturel et magnifique.<\/p>\n<p>La formule soignante de ce rouge \u00e0 l\u00e8vres bio min\u00e9ral permet \u00e9galement de nourrir et d&rsquo;hydrater en profondeur vos l\u00e8vres, les laissant douces comme de la soie.<\/p>\n<h2>Rouge \u00e0 l\u00e8vres bio min\u00e9ral Marrakech avec formule soignante<\/h2>\n<p>La peau des l\u00e8vres \u00e9tant fine et d\u00e9licate, une protection contre les dommages caus\u00e9s par le soleil, les radicaux libres et une hydratation en profondeur sont indispensables. Les rouges \u00e0 l\u00e8vres naturels de Geoderm ont non seulement une couleur durable, mais aussi des propri\u00e9t\u00e9s nourrissantes et hydratantes profondes.<\/p>\n<p>Le rouge \u00e0 l\u00e8vres bio min\u00e9ral Marrakech est un rouge \u00e0 l\u00e8vres v\u00e9g\u00e9tal tr\u00e8s pigment\u00e9 \u00e0 base de cire de candelilla enrichie d&rsquo;huile d&rsquo;amande biologique, d&rsquo;huile de ricin biologique et de cire de fleur d&rsquo;acacia. La cire de candelilla est tr\u00e8s nourrissante, elle est facilement absorb\u00e9e par la peau.<\/p>\n<p>La cire de Candilla forme \u00e9galement une couche protectrice et emp\u00eache les l\u00e8vres de se dess\u00e9cher. L&rsquo;huile d&rsquo;amande biologique est riche en vitamine E, qui prot\u00e8ge la peau des radicaux libres et donc des signes pr\u00e9matur\u00e9s du vieillissement cutan\u00e9.<\/p>\n<p>Ce rouge \u00e0 l\u00e8vres bio min\u00e9ral a une couleur terreuse avec des sous-tons chauds (couleur nude) qui tient tr\u00e8s longtemps et donne \u00e0 vos l\u00e8vres un fini mat ou satin\u00e9.<\/p>\n<p><strong>Mode d&#8217;emploi :<\/strong> Appliquer directement sur les l\u00e8vres ou avec un petit pinceau.<\/p>\n<p><strong>Ingr\u00e9dients :<\/strong> Triglyc\u00e9ride caprylique\/caprique, Prunus amygdalus Dulcis Oil*(huile d&rsquo;amande biologique), Candelilla Cera, Ricinus communis Seed Oil*(huile de ricin biologique), Jojoba esters, Helianthus annuus Seed Wax, Tocopherol( Vitamin E), Acacia decurrens Flower Wax, Polyglycerin-3, Fragnance (Naturel), +\/- CI77891, CI77742, CI77499, CI77491<\/p>\n<p>*Bio<\/p>\n<p>**Fragnance naturel<\/p>\n","protected":false},"excerpt":{"rendered":"<p>Rouge \u00e0 l\u00e8vres bio min\u00e9ral naturel Marrakech avec un fini mat\/satin et une couleur terreuse avec des sous-tons chauds. Ce rouge \u00e0 l\u00e8vres v\u00e9g\u00e9talien hautement pigment\u00e9 \u00e0 base de cire de candelilla offre une couleur intense et vibrante qui dure. Il a \u00e9galement un effet nourrissant et hydratant en profondeur sur les l\u00e8vres.<\/p>\n","protected":false},"featured_media":344,"comment_status":"open","ping_status":"closed","template":"","meta":{"ocean_post_layout":"","ocean_both_sidebars_style":"","ocean_both_sidebars_content_width":0,"ocean_both_sidebars_sidebars_width":0,"ocean_sidebar":"0","ocean_second_sidebar":"0","ocean_disable_margins":"enable","ocean_add_body_class":"","ocean_shortcode_before_top_bar":"","ocean_shortcode_after_top_bar":"","ocean_shortcode_before_header":"","ocean_shortcode_after_header":"","ocean_has_shortcode":"","ocean_shortcode_after_title":"","ocean_shortcode_before_footer_widgets":"","ocean_shortcode_after_footer_widgets":"","ocean_shortcode_before_footer_bottom":"","ocean_shortcode_after_footer_bottom":"","ocean_display_top_bar":"default","ocean_display_header":"default","ocean_header_style":"","ocean_center_header_left_menu":"0","ocean_custom_header_template":"0","ocean_custom_logo":0,"ocean_custom_retina_logo":0,"ocean_custom_logo_max_width":0,"ocean_custom_logo_tablet_max_width":0,"ocean_custom_logo_mobile_max_width":0,"ocean_custom_logo_max_height":0,"ocean_custom_logo_tablet_max_height":0,"ocean_custom_logo_mobile_max_height":0,"ocean_header_custom_menu":"0","ocean_menu_typo_font_family":"0","ocean_menu_typo_font_subset":"","ocean_menu_typo_font_size":0,"ocean_menu_typo_font_size_tablet":0,"ocean_menu_typo_font_size_mobile":0,"ocean_menu_typo_font_size_unit":"px","ocean_menu_typo_font_weight":"","ocean_menu_typo_font_weight_tablet":"","ocean_menu_typo_font_weight_mobile":"","ocean_menu_typo_transform":"","ocean_menu_typo_transform_tablet":"","ocean_menu_typo_transform_mobile":"","ocean_menu_typo_line_height":0,"ocean_menu_typo_line_height_tablet":0,"ocean_menu_typo_line_height_mobile":0,"ocean_menu_typo_line_height_unit":"","ocean_menu_typo_spacing":0,"ocean_menu_typo_spacing_tablet":0,"ocean_menu_typo_spacing_mobile":0,"ocean_menu_typo_spacing_unit":"","ocean_menu_link_color":"","ocean_menu_link_color_hover":"","ocean_menu_link_color_active":"","ocean_menu_link_background":"","ocean_menu_link_hover_background":"","ocean_menu_link_active_background":"","ocean_menu_social_links_bg":"","ocean_menu_social_hover_links_bg":"","ocean_menu_social_links_color":"","ocean_menu_social_hover_links_color":"","ocean_disable_title":"default","ocean_disable_heading":"default","ocean_post_title":"","ocean_post_subheading":"","ocean_post_title_style":"","ocean_post_title_background_color":"","ocean_post_title_background":0,"ocean_post_title_bg_image_position":"","ocean_post_title_bg_image_attachment":"","ocean_post_title_bg_image_repeat":"","ocean_post_title_bg_image_size":"","ocean_post_title_height":0,"ocean_post_title_bg_overlay":0.5,"ocean_post_title_bg_overlay_color":"","ocean_disable_breadcrumbs":"default","ocean_breadcrumbs_color":"","ocean_breadcrumbs_separator_color":"","ocean_breadcrumbs_links_color":"","ocean_breadcrumbs_links_hover_color":"","ocean_display_footer_widgets":"default","ocean_display_footer_bottom":"default","ocean_custom_footer_template":"0"},"product_brand":[116],"product_cat":[47,55],"product_tag":[126,133,127,125],"class_list":{"0":"post-2295","1":"product","2":"type-product","3":"status-publish","4":"has-post-thumbnail","6":"product_brand-geoderm","7":"product_cat-offres-et-minis","8":"product_cat-maquillage","9":"product_tag-sans-paraben","10":"product_tag-sansparfumsynthetique","11":"product_tag-sans-silicone","12":"product_tag-vegan","14":"entry","15":"has-media","17":"first","18":"instock","19":"taxable","20":"shipping-taxable","21":"purchasable","22":"product-type-simple","23":"has-rating","24":"col","25":"span_1_of_3","26":"owp-content-center","27":"owp-thumbs-layout-horizontal","28":"owp-btn-normal","29":"owp-tabs-layout-section","30":"has-no-thumbnails","31":"circle-sale"},"_links":{"self":[{"href":"https:\/\/www.biobey.be\/fr\/wp-json\/wp\/v2\/product\/2295","targetHints":{"allow":["GET"]}}],"collection":[{"href":"https:\/\/www.biobey.be\/fr\/wp-json\/wp\/v2\/product"}],"about":[{"href":"https:\/\/www.biobey.be\/fr\/wp-json\/wp\/v2\/types\/product"}],"replies":[{"embeddable":true,"href":"https:\/\/www.biobey.be\/fr\/wp-json\/wp\/v2\/comments?post=2295"}],"wp:featuredmedia":[{"embeddable":true,"href":"https:\/\/www.biobey.be\/fr\/wp-json\/wp\/v2\/media\/344"}],"wp:attachment":[{"href":"https:\/\/www.biobey.be\/fr\/wp-json\/wp\/v2\/media?parent=2295"}],"wp:term":[{"taxonomy":"product_brand","embeddable":true,"href":"https:\/\/www.biobey.be\/fr\/wp-json\/wp\/v2\/product_brand?post=2295"},{"taxonomy":"product_cat","embeddable":true,"href":"https:\/\/www.biobey.be\/fr\/wp-json\/wp\/v2\/product_cat?post=2295"},{"taxonomy":"product_tag","embeddable":true,"href":"https:\/\/www.biobey.be\/fr\/wp-json\/wp\/v2\/product_tag?post=2295"}],"curies":[{"name":"wp","href":"https:\/\/api.w.org\/{rel}","templated":true}]}}