{"id":2296,"date":"2025-04-21T14:33:35","date_gmt":"2025-04-21T12:33:35","guid":{"rendered":"https:\/\/www.biobey.be\/fr-temp\/produit\/shampoing-solide-bio-cheveux-normaux-90g\/"},"modified":"2026-01-15T20:10:31","modified_gmt":"2026-01-15T19:10:31","slug":"shampoing-solide-bio-cheveux-normaux-90g","status":"publish","type":"product","link":"https:\/\/www.biobey.be\/fr\/produit\/shampoing-solide-bio-cheveux-normaux-90g\/","title":{"rendered":"Shampoing solide bio cheveux normaux 90g"},"content":{"rendered":"<p>Shampoing solide bio cheveux normaux est exempte de sulfates, de silicones et d&rsquo;autres substances synth\u00e9tiques. Le shampooing sans plastique est bon pour l&rsquo;environnement et pour le corps. Les agents moussants \u00e0 base de plantes assurent une bonne mousse et <span style=\"color: #0000ff;\"><a style=\"color: #0000ff;\" href=\"https:\/\/www.biobey.be\/fr\/produit\/shampooing-bio-cheveux-gras-argital-250-ml\/\">nettoient les cheveux rapidement et en profondeur<\/a><\/span>.<\/p>\n<p>Le shampoing solide bio cheveux normaux dure longtemps et convient \u00e0 tous les types de cheveux. La composition nutritive \u00e0 base d&rsquo;antioxydants et de vitamines soigne le cuir chevelu et hydrate les cheveux. Les extraits de plantes et les huiles <span style=\"color: #0000ff;\"><a style=\"color: #0000ff;\" href=\"https:\/\/www.biobey.be\/fr\/produit\/lotion-anti-chute-cheveux-bio\/\">am\u00e9liorent la structure des cheveux et renforcent leurs racines<\/a><\/span>.<\/p>\n<p>Le shampoing solide bio cheveux normaux prot\u00e8ge les cheveux et le cuir chevelu des radicaux libres. Il aide \u00e0 r\u00e9g\u00e9n\u00e9rer le cuir chevelu sec et stimule la croissance des cheveux. Avec une utilisation r\u00e9guli\u00e8re, les cheveux sont plus brillants, doux et soyeux.<\/p>\n<h2>Le shampoing solide bio cheveux normaux &#8211; nourrissant<\/h2>\n<p>Le shampooing naturel v\u00e9g\u00e9talien Geoderm pour cheveux normaux contient des ingr\u00e9dients b\u00e9n\u00e9fiques tels que le jus d&rsquo;aloe vera biologique, l&rsquo;huile de noix de coco, le beurre de karit\u00e9 et le malva sylvestris. L&rsquo;huile de noix de coco est un ingr\u00e9dient tr\u00e8s populaire pour les soins capillaires.<\/p>\n<p>Elle prot\u00e8ge contre les dommages apr\u00e8s le peignage et pr\u00e9vient les cheveux cr\u00e9pus. En outre, l&rsquo;huile de noix de coco emp\u00eache la perte d&rsquo;humidit\u00e9 des fibres capillaires.<\/p>\n<p>L&rsquo;extrait d&rsquo;aloe vera contient des vitamines A, C, E et des min\u00e9raux tels que le potassium, le zinc et le calcium. Il prot\u00e8ge le cuir chevelu et les cheveux contre les dommages caus\u00e9s par le soleil et a un effet hydratant.<\/p>\n<p>En outre, l&rsquo;aloe vera stimule la circulation sanguine afin que davantage d&rsquo;oxyg\u00e8ne et de nutriments atteignent les follicules des cheveux. <span style=\"color: #0000ff;\"><a style=\"color: #0000ff;\" href=\"https:\/\/www.biobey.be\/fr\/produit\/serum-naturel-croissance-des-cheveux-30ml\/\">Cela acc\u00e9l\u00e8re la croissance des cheveux.<\/a><\/span><\/p>\n<p>L&rsquo;extrait de Malva sylvestris ou cheeseflower est utilis\u00e9 pour son effet apaisant et r\u00e9parateur sur les irritations et les d\u00e9mangeaisons. Gr\u00e2ce \u00e0 sa composition efficace, shampoing solide bio cheveux normaux est nourrissant et protecteur.<\/p>\n<p><strong>Mode d&#8217;emploi<\/strong> : Appliquez ce shampoing solide bio cheveux normaux sur les cheveux mouill\u00e9s. Faites p\u00e9n\u00e9trer le shampooing en massant doucement. Puis rincez bien.<\/p>\n<p><strong>INCI:<\/strong> Is\u00e9thionate de cocoyle de sodium, b\u00e9ta\u00efne de cocamidopropyle, huile de Cocos Nucifera*, jus de feuille d&rsquo;Aloe barbadensis*, acide palmitique, acide st\u00e9arique, beurre de Butyrospermum Parkii*,<\/p>\n<p>extrait de fleur de Malva Sylvestris*, maltodextrine, caprylate de glyc\u00e9ryle, und\u00e9cyl\u00e9nate de glyc\u00e9ryle, glyc\u00e9rine, eau, acide citrique, alcool benzylique, sorbate de potassium, benzoate de sodium, parfum (d\u00e9riv\u00e9 d&rsquo;huiles essentielles)**.<\/p>\n<p>*Ingr\u00e9dients organiques<br \/>\n**Parfum d\u00e9riv\u00e9 d&rsquo;extraits naturels<\/p>\n<p><strong>Certificats<\/strong> : B.I.O, v\u00e9g\u00e9talien<br \/>\n<strong>Contenu<\/strong> : 90g<br \/>\n<strong>Consistance<\/strong> : shampooing sans plastique<\/p>\n<h2>Pourquoi le shampoing solide naturel est-il bon pour les cheveux ?<\/h2>\n<p>Le shampoing solide naturel convient aussi bien aux cheveux normaux qu&rsquo;aux cheveux secs. Le shampoing solide de Geoderm nourrit les cheveux et pr\u00e9vient les pointes s\u00e8ches. Le beurre de karit\u00e9 biologique, l&rsquo;huile de coco et le gel d&rsquo;aloe vera contenus dans le shampoing solide ont un effet nourrissant et r\u00e9parateur en profondeur.<\/p>\n<p>Le shampoing solide pour cheveux normaux est 100 % naturel et exempt d&rsquo;ingr\u00e9dients synth\u00e9tiques dess\u00e9chants tels que les sulfates, les silicones et le parfum. Il <span style=\"color: #0000ff;\"><a style=\"color: #0000ff;\" href=\"https:\/\/www.biobey.be\/fr\/produit\/shampooing-purifiant-250ml-bioearth\/\">nettoie ainsi les cheveux et le cuir chevelu des impuret\u00e9s et des radicaux libres sans dess\u00e9cher les cheveux.<\/a><\/span><\/p>\n<p>L&rsquo;huile de coco biologique est absorb\u00e9e par les cheveux et leur apporte l&rsquo;hydratation n\u00e9cessaire. L&rsquo;aloe vera adoucit le cuir chevelu et prot\u00e8ge les cheveux contre les agressions ext\u00e9rieures.<\/p>\n","protected":false},"excerpt":{"rendered":"<p>Shampooing solid pour cheveux normaux est v\u00e9g\u00e9talienne. Il mousse bien et nettoie efficacement tous les types de cheveux. Gr\u00e2ce \u00e0 sa composition douce, il convient aux personnes ayant un cuir chevelu sensible.<\/p>\n","protected":false},"featured_media":345,"comment_status":"open","ping_status":"closed","template":"","meta":{"ocean_post_layout":"","ocean_both_sidebars_style":"","ocean_both_sidebars_content_width":0,"ocean_both_sidebars_sidebars_width":0,"ocean_sidebar":"0","ocean_second_sidebar":"0","ocean_disable_margins":"enable","ocean_add_body_class":"","ocean_shortcode_before_top_bar":"","ocean_shortcode_after_top_bar":"","ocean_shortcode_before_header":"","ocean_shortcode_after_header":"","ocean_has_shortcode":"","ocean_shortcode_after_title":"","ocean_shortcode_before_footer_widgets":"","ocean_shortcode_after_footer_widgets":"","ocean_shortcode_before_footer_bottom":"","ocean_shortcode_after_footer_bottom":"","ocean_display_top_bar":"default","ocean_display_header":"default","ocean_header_style":"","ocean_center_header_left_menu":"0","ocean_custom_header_template":"0","ocean_custom_logo":0,"ocean_custom_retina_logo":0,"ocean_custom_logo_max_width":0,"ocean_custom_logo_tablet_max_width":0,"ocean_custom_logo_mobile_max_width":0,"ocean_custom_logo_max_height":0,"ocean_custom_logo_tablet_max_height":0,"ocean_custom_logo_mobile_max_height":0,"ocean_header_custom_menu":"0","ocean_menu_typo_font_family":"0","ocean_menu_typo_font_subset":"","ocean_menu_typo_font_size":0,"ocean_menu_typo_font_size_tablet":0,"ocean_menu_typo_font_size_mobile":0,"ocean_menu_typo_font_size_unit":"px","ocean_menu_typo_font_weight":"","ocean_menu_typo_font_weight_tablet":"","ocean_menu_typo_font_weight_mobile":"","ocean_menu_typo_transform":"","ocean_menu_typo_transform_tablet":"","ocean_menu_typo_transform_mobile":"","ocean_menu_typo_line_height":0,"ocean_menu_typo_line_height_tablet":0,"ocean_menu_typo_line_height_mobile":0,"ocean_menu_typo_line_height_unit":"","ocean_menu_typo_spacing":0,"ocean_menu_typo_spacing_tablet":0,"ocean_menu_typo_spacing_mobile":0,"ocean_menu_typo_spacing_unit":"","ocean_menu_link_color":"","ocean_menu_link_color_hover":"","ocean_menu_link_color_active":"","ocean_menu_link_background":"","ocean_menu_link_hover_background":"","ocean_menu_link_active_background":"","ocean_menu_social_links_bg":"","ocean_menu_social_hover_links_bg":"","ocean_menu_social_links_color":"","ocean_menu_social_hover_links_color":"","ocean_disable_title":"default","ocean_disable_heading":"default","ocean_post_title":"","ocean_post_subheading":"","ocean_post_title_style":"","ocean_post_title_background_color":"","ocean_post_title_background":0,"ocean_post_title_bg_image_position":"","ocean_post_title_bg_image_attachment":"","ocean_post_title_bg_image_repeat":"","ocean_post_title_bg_image_size":"","ocean_post_title_height":0,"ocean_post_title_bg_overlay":0.5,"ocean_post_title_bg_overlay_color":"","ocean_disable_breadcrumbs":"default","ocean_breadcrumbs_color":"","ocean_breadcrumbs_separator_color":"","ocean_breadcrumbs_links_color":"","ocean_breadcrumbs_links_hover_color":"","ocean_display_footer_widgets":"default","ocean_display_footer_bottom":"default","ocean_custom_footer_template":"0"},"product_brand":[116],"product_cat":[25,16,24],"product_tag":[127,128,125],"class_list":{"0":"post-2296","1":"product","2":"type-product","3":"status-publish","4":"has-post-thumbnail","6":"product_brand-geoderm","7":"product_cat-shampooing-naturel","8":"product_cat-soins","9":"product_cat-soins-cheveux","10":"product_tag-sans-silicone","11":"product_tag-sanssulfates","12":"product_tag-vegan","14":"entry","15":"has-media","17":"first","18":"instock","19":"taxable","20":"shipping-taxable","21":"purchasable","22":"product-type-simple","23":"has-rating","24":"col","25":"span_1_of_3","26":"owp-content-center","27":"owp-thumbs-layout-horizontal","28":"owp-btn-normal","29":"owp-tabs-layout-section","30":"has-no-thumbnails","31":"circle-sale"},"_links":{"self":[{"href":"https:\/\/www.biobey.be\/fr\/wp-json\/wp\/v2\/product\/2296","targetHints":{"allow":["GET"]}}],"collection":[{"href":"https:\/\/www.biobey.be\/fr\/wp-json\/wp\/v2\/product"}],"about":[{"href":"https:\/\/www.biobey.be\/fr\/wp-json\/wp\/v2\/types\/product"}],"replies":[{"embeddable":true,"href":"https:\/\/www.biobey.be\/fr\/wp-json\/wp\/v2\/comments?post=2296"}],"wp:featuredmedia":[{"embeddable":true,"href":"https:\/\/www.biobey.be\/fr\/wp-json\/wp\/v2\/media\/345"}],"wp:attachment":[{"href":"https:\/\/www.biobey.be\/fr\/wp-json\/wp\/v2\/media?parent=2296"}],"wp:term":[{"taxonomy":"product_brand","embeddable":true,"href":"https:\/\/www.biobey.be\/fr\/wp-json\/wp\/v2\/product_brand?post=2296"},{"taxonomy":"product_cat","embeddable":true,"href":"https:\/\/www.biobey.be\/fr\/wp-json\/wp\/v2\/product_cat?post=2296"},{"taxonomy":"product_tag","embeddable":true,"href":"https:\/\/www.biobey.be\/fr\/wp-json\/wp\/v2\/product_tag?post=2296"}],"curies":[{"name":"wp","href":"https:\/\/api.w.org\/{rel}","templated":true}]}}