{"id":2297,"date":"2025-05-23T14:11:46","date_gmt":"2025-05-23T12:11:46","guid":{"rendered":"https:\/\/www.biobey.be\/fr-temp\/produit\/geoderm-creme-hydratante-visage-bio-50-ml\/"},"modified":"2025-10-04T20:57:56","modified_gmt":"2025-10-04T18:57:56","slug":"geoderm-creme-hydratante-visage-bio-50-ml","status":"publish","type":"product","link":"https:\/\/www.biobey.be\/fr\/produit\/geoderm-creme-hydratante-visage-bio-50-ml\/","title":{"rendered":"Geoderm cr\u00e8me hydratante visage bio 50 ml"},"content":{"rendered":"<p>Cr\u00e8me hydratante biologique qui nourrit et combat les ridules? Geoderm cr\u00e8me hydratante visage bio hydrate et nourrit intens\u00e9ment la peau d\u00e9shydrat\u00e9e du visage. En outre, elle pr\u00e9vient le vieillissement pr\u00e9matur\u00e9 de la peau en la prot\u00e9geant contre les radicaux libres.<\/p>\n<p>Vous recherchez une cr\u00e8me visage bio sp\u00e9cifique pour traiter les ridules de mani\u00e8re plus intensive ? Optez alors pour <span style=\"color: #0000ff;\"><a style=\"color: #0000ff;\" href=\"https:\/\/www.biobey.be\/fr\/produit\/creme-visage-bio-a-effet-botox-50ml\/\">la cr\u00e8me de jour raffermissante bio<\/a><\/span>, sp\u00e9cialement con\u00e7ue pour traiter les signes de l&rsquo;\u00e2ge.<\/p>\n<p><strong>Principaux ingr\u00e9dients actifs et propri\u00e9t\u00e9s de la cr\u00e8me hydratante naturelle pour le visage:<\/strong><\/p>\n<ul>\n<li>\u00e0 base d&rsquo;extrait de grenade biologique : puissant antioxydant punicalagine<\/li>\n<li>convient comme cr\u00e8me de jour et de nuit : contient des ingr\u00e9dients nourrissants, hydratants et protecteurs.<\/li>\n<\/ul>\n<p>Cette cr\u00e8me naturelle pour le visage \u00e0 base d&rsquo;extraits de grenade biologique r\u00e9tablit l&rsquo;\u00e9quilibre hydrique de la peau du visage en quatre semaines.<\/p>\n<p>Apr\u00e8s quatre semaines d&rsquo;utilisation quotidienne, la capacit\u00e9 naturelle de la peau \u00e0 s&rsquo;hydrater est restaur\u00e9e. La cr\u00e8me p\u00e9n\u00e8tre imm\u00e9diatement et procure une sensation de l\u00e9g\u00e8ret\u00e9 et de fra\u00eecheur sur la peau. Geoderm cr\u00e8me hydratante visage bio convient comme cr\u00e8me de jour et de nuit.<\/p>\n<p>La cr\u00e8me hydratante et r\u00e9g\u00e9n\u00e9ratrice bio pour le visage de Geoderm convient aux peaux jeunes et matures. Pour une hydratation intense des peaux s\u00e8ches et fatigu\u00e9es, nous recommandons la<span style=\"color: #0000ff;\"><a style=\"color: #0000ff;\" href=\"https:\/\/www.biobey.be\/fr\/produit\/creme-visage-oxygene-hydratante-bio-50ml\/\"> cr\u00e8me de jour hydratante naturelle de Bema<\/a><\/span>.<\/p>\n<h2>Quel est l&rsquo;effet de la Geoderm cr\u00e8me hydratante visage bio sur votre peau ?<\/h2>\n<p>L&rsquo;efficacit\u00e9 de cette Geoderm cr\u00e8me hydratante visage bio est due \u00e0 sa formule puissante. Sa composition b\u00e9n\u00e9fique est \u00e0 base d&rsquo;huile de grenade biologique, d&rsquo;huile d&rsquo;amande douce biologique, d&rsquo;hamam\u00e9lis, de vitamine E et de camomille.<\/p>\n<p>L&rsquo;huile de grenade Bio contient deux substances antioxydantes : la punicalagine (dans l&rsquo;\u00e9corce du fruit) et les Om\u00e9ga 5 (\u00e0 l&rsquo;int\u00e9rieur de la graine). Ces deux antioxydants stimulent la r\u00e9g\u00e9n\u00e9ration de l&rsquo;\u00e9piderme et du derme.<\/p>\n<p>L&rsquo;huile de grenade contient aussi une forte teneur en polyph\u00e9nols et en anthocyanines, qui aident \u00e0 lutter contre les radicaux libres et donc le vieillissement de la peau. Gr\u00e2ce \u00e0 ces propri\u00e9t\u00e9s, l&rsquo;huile de grenade biologique est un ingr\u00e9dient anti-\u00e2ge pour la peau.<\/p>\n<p>Un autre ingr\u00e9dient actif de la Geoderm cr\u00e8me hydratante visage bio est la vitamine E. La vitamine E est un puissant antioxydant qui prot\u00e8ge votre peau des influences ext\u00e9rieures nocives.<\/p>\n<p>Gr\u00e2ce \u00e0 la combinaison de ces ingr\u00e9dients b\u00e9n\u00e9fiques, la cr\u00e8me naturelle hydratante pour le visage Geoderm a des actions r\u00e9paratrices, intens\u00e9ment hydratantes et protectrices sur la peau.<\/p>\n<h3>Comment appliquer la cr\u00e8me hydratante et r\u00e9g\u00e9n\u00e9ratrice bio ?<\/h3>\n<p>Appliquez geoderm cr\u00e8me hydratante visage bio apr\u00e8s avoir nettoy\u00e9 votre visage. Elle convient comme cr\u00e8me de jour et de nuit.<\/p>\n<p>INCI: Aqua, Glycerin*, Glyceryl Stearate SE, Coco-caprylate, <a href=\"https:\/\/www.biobey.be\/fr\/huile-d-amande\/\">Prunus amygdalus Dulcis Oil<\/a>*, Caprylic\/capric Triglyceride, Coco-Caprylate\/Caprate, Cetearyl Glucoside, Arachidyl Alcohol, Behenyl Alcohol, Arachidyl Glucoside, Decyl Oleate, Punica granatum Seed Oil*,<\/p>\n<p>extrait de fleur de Chamomilla recutita*, extrait de feuille d&rsquo;Hamamelis virginiana*, alcool c\u00e9t\u00e9arylique, alcool c\u00e9tylique, ac\u00e9tate de tocoph\u00e9ryle, caprylate de glyc\u00e9ryle, gomme xanthane, acide citrique, und\u00e9cyl\u00e9nate de glyc\u00e9ryle, acide phytique, alcool benzylique, benzoate de sodium, sorbate de potassium, fragrance**<\/p>\n<p>(100% biologique, d\u00e9riv\u00e9 d&rsquo;huiles essentielles), limon\u00e8ne, linalol.<\/p>\n<p>*Un produit biologique contr\u00f4l\u00e9.<\/p>\n","protected":false},"excerpt":{"rendered":"<p>Geoderm cr\u00e8me hydratante visage bio \u00e0 base d&rsquo;huile de grenade Bio et de vitamine E a un effet intens\u00e9ment hydratant et nourrissant. Cette cr\u00e8me pour le visage restaure la capacit\u00e9 d&rsquo;hydratation naturelle de la peau en 4 semaines.<\/p>\n","protected":false},"featured_media":341,"comment_status":"open","ping_status":"closed","template":"","meta":{"ocean_post_layout":"","ocean_both_sidebars_style":"","ocean_both_sidebars_content_width":0,"ocean_both_sidebars_sidebars_width":0,"ocean_sidebar":"","ocean_second_sidebar":"","ocean_disable_margins":"enable","ocean_add_body_class":"","ocean_shortcode_before_top_bar":"","ocean_shortcode_after_top_bar":"","ocean_shortcode_before_header":"","ocean_shortcode_after_header":"","ocean_has_shortcode":"","ocean_shortcode_after_title":"","ocean_shortcode_before_footer_widgets":"","ocean_shortcode_after_footer_widgets":"","ocean_shortcode_before_footer_bottom":"","ocean_shortcode_after_footer_bottom":"","ocean_display_top_bar":"default","ocean_display_header":"default","ocean_header_style":"","ocean_center_header_left_menu":"","ocean_custom_header_template":"","ocean_custom_logo":0,"ocean_custom_retina_logo":0,"ocean_custom_logo_max_width":0,"ocean_custom_logo_tablet_max_width":0,"ocean_custom_logo_mobile_max_width":0,"ocean_custom_logo_max_height":0,"ocean_custom_logo_tablet_max_height":0,"ocean_custom_logo_mobile_max_height":0,"ocean_header_custom_menu":"","ocean_menu_typo_font_family":"","ocean_menu_typo_font_subset":"","ocean_menu_typo_font_size":0,"ocean_menu_typo_font_size_tablet":0,"ocean_menu_typo_font_size_mobile":0,"ocean_menu_typo_font_size_unit":"px","ocean_menu_typo_font_weight":"","ocean_menu_typo_font_weight_tablet":"","ocean_menu_typo_font_weight_mobile":"","ocean_menu_typo_transform":"","ocean_menu_typo_transform_tablet":"","ocean_menu_typo_transform_mobile":"","ocean_menu_typo_line_height":0,"ocean_menu_typo_line_height_tablet":0,"ocean_menu_typo_line_height_mobile":0,"ocean_menu_typo_line_height_unit":"","ocean_menu_typo_spacing":0,"ocean_menu_typo_spacing_tablet":0,"ocean_menu_typo_spacing_mobile":0,"ocean_menu_typo_spacing_unit":"","ocean_menu_link_color":"","ocean_menu_link_color_hover":"","ocean_menu_link_color_active":"","ocean_menu_link_background":"","ocean_menu_link_hover_background":"","ocean_menu_link_active_background":"","ocean_menu_social_links_bg":"","ocean_menu_social_hover_links_bg":"","ocean_menu_social_links_color":"","ocean_menu_social_hover_links_color":"","ocean_disable_title":"default","ocean_disable_heading":"default","ocean_post_title":"","ocean_post_subheading":"","ocean_post_title_style":"","ocean_post_title_background_color":"","ocean_post_title_background":0,"ocean_post_title_bg_image_position":"","ocean_post_title_bg_image_attachment":"","ocean_post_title_bg_image_repeat":"","ocean_post_title_bg_image_size":"","ocean_post_title_height":0,"ocean_post_title_bg_overlay":0.5,"ocean_post_title_bg_overlay_color":"","ocean_disable_breadcrumbs":"default","ocean_breadcrumbs_color":"","ocean_breadcrumbs_separator_color":"","ocean_breadcrumbs_links_color":"","ocean_breadcrumbs_links_hover_color":"","ocean_display_footer_widgets":"default","ocean_display_footer_bottom":"default","ocean_custom_footer_template":""},"product_brand":[116],"product_cat":[49,17,16,20],"product_tag":[126,133,127],"class_list":{"0":"post-2297","1":"product","2":"type-product","3":"status-publish","4":"has-post-thumbnail","6":"product_brand-geoderm","7":"product_cat-peau-seche","8":"product_cat-soins-du-visage","9":"product_cat-soins","10":"product_cat-anti-age","11":"product_tag-sans-paraben","12":"product_tag-sansparfumsynthetique","13":"product_tag-sans-silicone","15":"entry","16":"has-media","18":"first","19":"instock","20":"taxable","21":"shipping-taxable","22":"purchasable","23":"product-type-simple","24":"has-rating","25":"col","26":"span_1_of_3","27":"owp-content-center","28":"owp-thumbs-layout-horizontal","29":"owp-btn-normal","30":"owp-tabs-layout-section","31":"has-no-thumbnails","32":"circle-sale"},"_links":{"self":[{"href":"https:\/\/www.biobey.be\/fr\/wp-json\/wp\/v2\/product\/2297","targetHints":{"allow":["GET"]}}],"collection":[{"href":"https:\/\/www.biobey.be\/fr\/wp-json\/wp\/v2\/product"}],"about":[{"href":"https:\/\/www.biobey.be\/fr\/wp-json\/wp\/v2\/types\/product"}],"replies":[{"embeddable":true,"href":"https:\/\/www.biobey.be\/fr\/wp-json\/wp\/v2\/comments?post=2297"}],"wp:featuredmedia":[{"embeddable":true,"href":"https:\/\/www.biobey.be\/fr\/wp-json\/wp\/v2\/media\/341"}],"wp:attachment":[{"href":"https:\/\/www.biobey.be\/fr\/wp-json\/wp\/v2\/media?parent=2297"}],"wp:term":[{"taxonomy":"product_brand","embeddable":true,"href":"https:\/\/www.biobey.be\/fr\/wp-json\/wp\/v2\/product_brand?post=2297"},{"taxonomy":"product_cat","embeddable":true,"href":"https:\/\/www.biobey.be\/fr\/wp-json\/wp\/v2\/product_cat?post=2297"},{"taxonomy":"product_tag","embeddable":true,"href":"https:\/\/www.biobey.be\/fr\/wp-json\/wp\/v2\/product_tag?post=2297"}],"curies":[{"name":"wp","href":"https:\/\/api.w.org\/{rel}","templated":true}]}}