{"id":2298,"date":"2025-04-21T15:04:47","date_gmt":"2025-04-21T13:04:47","guid":{"rendered":"https:\/\/www.biobey.be\/fr-temp\/produit\/mascara-volume-bio-intense-noir-12-ml\/"},"modified":"2025-10-11T00:02:46","modified_gmt":"2025-10-10T22:02:46","slug":"mascara-volume-bio-intense-noir-12-ml","status":"publish","type":"product","link":"https:\/\/www.biobey.be\/fr\/produit\/mascara-volume-bio-intense-noir-12-ml\/","title":{"rendered":"Mascara Volume bio intense (noir) 12ml"},"content":{"rendered":"<p>Le mascara Volume bio Intense Noir \u00e0 la texture cr\u00e9meuse apporte volume et couleur \u00e0 vos cils pour un r\u00e9sultat longue tenue sans bavures. Gr\u00e2ce \u00e0 sa brosse sp\u00e9ciale \u00e9paisse et \u00e0 ses pigments min\u00e9raux naturels intenses, ce mascara rend vos cils plus \u00e9pais, plus fournis et plus longs. Vos yeux sont imm\u00e9diatement sublim\u00e9s.<\/p>\n<p>La composition de ce mascara volumateur est enti\u00e8rement naturelle. Sa formule \u00e0 base de pigments min\u00e9raux de qualit\u00e9, d&rsquo;extraits de plantes biologiques et d&rsquo;huiles bio donne non seulement du volume et de la longueur \u00e0 vos cils, mais stimule \u00e9galement leur croissance.<\/p>\n<p>De plus, il prend soin des cils, les assouplit et les renforce. Ce mascara naturel intense volume ne fait pas de paquets et convient aux personnes ayant la peau sensible. Si vous avez souvent des irritations apr\u00e8s avoir utilis\u00e9 du maquillage pour les yeux, nous vous recommandons d&rsquo;utiliser <span style=\"color: #0000ff;\"><a style=\"color: #0000ff;\" href=\"https:\/\/www.biobey.be\/fr\/produit\/mascara-anti-allergique-bio-volume\/\">un mascara anti-allergique.<\/a><\/span><\/p>\n<h2>Le mascara naturel intense volume convient-il aux yeux sensibles ?<\/h2>\n<p>La formule douce et non irritante de ce mascara naturel intense volume est enrichie en ingr\u00e9dients b\u00e9n\u00e9fiques 100 % naturels tels que l&rsquo;aloe vera biologique et l&rsquo;huile d&rsquo;amande biologique. Ces ingr\u00e9dients ont des propri\u00e9t\u00e9s anti-inflammatoires et r\u00e9g\u00e9n\u00e9ratrices.<\/p>\n<p>Ils stimulent la croissance des cils et le renouvellement cellulaire. De plus, ils pr\u00e9viennent les irritations oculaires et gardent les cils souples. C&rsquo;est pourquoi ce mascara volumateur convient aux yeux sensibles.<\/p>\n<p>Les mascaras conventionnels contiennent de nombreuses substances nocives qui peuvent provoquer des r\u00e9actions allergiques chez les personnes ayant les yeux sensibles.<\/p>\n<p>Les mascaras conventionnels ou ordinaires contiennent de la poudre d&rsquo;aluminium, du propyl\u00e8ne glycol, du r\u00e9tinyl ac\u00e9tate, des conservateurs, des colorants et d&rsquo;autres substances nocives qui peuvent provoquer une inflammation des yeux et alt\u00e9rer votre vision.<\/p>\n<p>Les mascaras waterproof contiennent encore plus de substances nocives qui peuvent irriter vos yeux. C&rsquo;est pourquoi le mascara waterproof ne convient jamais aux yeux sensibles.<\/p>\n<p>Si vous avez les yeux sensibles, optez plut\u00f4t pour des mascaras contenant uniquement des ingr\u00e9dients naturels non irritants, tels que le mascara volume deeeze ou le mascara Geoderm pour plus de longueur.<\/p>\n<h3>Propri\u00e9t\u00e9s et caract\u00e9ristiques du mascara volume intense<\/h3>\n<p>Le mascara naturel intense volume n&rsquo;est pas test\u00e9 sur les animaux et est certifi\u00e9 EcoCert Greenlife. Il est fabriqu\u00e9 \u00e0 partir d&rsquo;ingr\u00e9dients issus de l&rsquo;agriculture biologique. Sa formule 100 % naturelle \u00e0 base de pigments min\u00e9raux convient aux personnes ayant les yeux sensibles.<\/p>\n<p>Le mascara a \u00e9t\u00e9 test\u00e9 dermatologiquement et ne contient pas de poudre d&rsquo;aluminium, de propyl\u00e8ne glycol, de r\u00e9tinyl ac\u00e9tate ni de colorants. Le mascara a une couleur noire intense qui tient longtemps sur les cils. Le mascara naturel intense volume est fabriqu\u00e9 par Geoderm Cosmetics en Espagne.<\/p>\n<p>Geoderm Cosmetics est sp\u00e9cialis\u00e9 dans la fabrication de produits de maquillage naturels \u00e0 base de pigments min\u00e9raux. Tous les produits de maquillage Geoderm sont test\u00e9s dermatologiquement et ne contiennent pas de m\u00e9taux lourds.<\/p>\n<p>Le mascara intense volume noir Geoderm convient aux personnes ayant les yeux sensibles et aux porteurs de lentilles de contact.<\/p>\n<p>INCI : Jus de feuille d&rsquo;Aloe barbadensis*, Glyc\u00e9rine**, Pullulan, Glyceryl Behenate, Esters de Jojoba, Octyldodecyl Myristate, Prunus amygdalus Dulcis Oil*, Cera Alba*, Glyceryl Stearate, C10-18 Triglycerides, Helianthus annuus Seed Wax, Candelilla \/ Jojoba \/ Rice Bran Polyglyceryl-3 Esters,<\/p>\n<p>Sorbitol, palmitate de c\u00e9tyle, alcool c\u00e9t\u00e9arylique, st\u00e9aroyl-lactylate de sodium, gomme d&rsquo;acacia senegal, cire de fleur d&rsquo;acacia decurrens, polyglyc\u00e9rine-3, gomme de xanthane, silice, tr\u00e9halose, Und\u00e9cyl\u00e9nate de glyc\u00e9ryle, caprylate de glyc\u00e9ryle, alcool benzylique, CI77499, CI77007.<\/p>\n","protected":false},"excerpt":{"rendered":"<p>Ce Mascara Volume Intense (Noir) est formul\u00e9 de mani\u00e8re enti\u00e8rement naturelle et enrichi en ingr\u00e9dients soignants et stimulants pour les cils. Il donne \u00e0 vos cils un volume intense sans irriter les yeux. Il convient aux yeux sensibles et Ecocert.<\/p>\n","protected":false},"featured_media":334,"comment_status":"open","ping_status":"closed","template":"","meta":{"ocean_post_layout":"","ocean_both_sidebars_style":"","ocean_both_sidebars_content_width":0,"ocean_both_sidebars_sidebars_width":0,"ocean_sidebar":"0","ocean_second_sidebar":"0","ocean_disable_margins":"enable","ocean_add_body_class":"","ocean_shortcode_before_top_bar":"","ocean_shortcode_after_top_bar":"","ocean_shortcode_before_header":"","ocean_shortcode_after_header":"","ocean_has_shortcode":"","ocean_shortcode_after_title":"","ocean_shortcode_before_footer_widgets":"","ocean_shortcode_after_footer_widgets":"","ocean_shortcode_before_footer_bottom":"","ocean_shortcode_after_footer_bottom":"","ocean_display_top_bar":"default","ocean_display_header":"default","ocean_header_style":"","ocean_center_header_left_menu":"0","ocean_custom_header_template":"0","ocean_custom_logo":0,"ocean_custom_retina_logo":0,"ocean_custom_logo_max_width":0,"ocean_custom_logo_tablet_max_width":0,"ocean_custom_logo_mobile_max_width":0,"ocean_custom_logo_max_height":0,"ocean_custom_logo_tablet_max_height":0,"ocean_custom_logo_mobile_max_height":0,"ocean_header_custom_menu":"0","ocean_menu_typo_font_family":"0","ocean_menu_typo_font_subset":"","ocean_menu_typo_font_size":0,"ocean_menu_typo_font_size_tablet":0,"ocean_menu_typo_font_size_mobile":0,"ocean_menu_typo_font_size_unit":"px","ocean_menu_typo_font_weight":"","ocean_menu_typo_font_weight_tablet":"","ocean_menu_typo_font_weight_mobile":"","ocean_menu_typo_transform":"","ocean_menu_typo_transform_tablet":"","ocean_menu_typo_transform_mobile":"","ocean_menu_typo_line_height":0,"ocean_menu_typo_line_height_tablet":0,"ocean_menu_typo_line_height_mobile":0,"ocean_menu_typo_line_height_unit":"","ocean_menu_typo_spacing":0,"ocean_menu_typo_spacing_tablet":0,"ocean_menu_typo_spacing_mobile":0,"ocean_menu_typo_spacing_unit":"","ocean_menu_link_color":"","ocean_menu_link_color_hover":"","ocean_menu_link_color_active":"","ocean_menu_link_background":"","ocean_menu_link_hover_background":"","ocean_menu_link_active_background":"","ocean_menu_social_links_bg":"","ocean_menu_social_hover_links_bg":"","ocean_menu_social_links_color":"","ocean_menu_social_hover_links_color":"","ocean_disable_title":"default","ocean_disable_heading":"default","ocean_post_title":"","ocean_post_subheading":"","ocean_post_title_style":"","ocean_post_title_background_color":"","ocean_post_title_background":0,"ocean_post_title_bg_image_position":"","ocean_post_title_bg_image_attachment":"","ocean_post_title_bg_image_repeat":"","ocean_post_title_bg_image_size":"","ocean_post_title_height":0,"ocean_post_title_bg_overlay":0.5,"ocean_post_title_bg_overlay_color":"","ocean_disable_breadcrumbs":"default","ocean_breadcrumbs_color":"","ocean_breadcrumbs_separator_color":"","ocean_breadcrumbs_links_color":"","ocean_breadcrumbs_links_hover_color":"","ocean_display_footer_widgets":"default","ocean_display_footer_bottom":"default","ocean_custom_footer_template":"0"},"product_brand":[116],"product_cat":[55],"product_tag":[133,127],"class_list":{"0":"post-2298","1":"product","2":"type-product","3":"status-publish","4":"has-post-thumbnail","6":"product_brand-geoderm","7":"product_cat-maquillage","8":"product_tag-sansparfumsynthetique","9":"product_tag-sans-silicone","11":"entry","12":"has-media","14":"first","15":"instock","16":"sale","17":"taxable","18":"shipping-taxable","19":"purchasable","20":"product-type-simple","21":"has-rating","22":"col","23":"span_1_of_3","24":"owp-content-center","25":"owp-thumbs-layout-horizontal","26":"owp-btn-normal","27":"owp-tabs-layout-section","28":"has-no-thumbnails","29":"circle-sale"},"_links":{"self":[{"href":"https:\/\/www.biobey.be\/fr\/wp-json\/wp\/v2\/product\/2298","targetHints":{"allow":["GET"]}}],"collection":[{"href":"https:\/\/www.biobey.be\/fr\/wp-json\/wp\/v2\/product"}],"about":[{"href":"https:\/\/www.biobey.be\/fr\/wp-json\/wp\/v2\/types\/product"}],"replies":[{"embeddable":true,"href":"https:\/\/www.biobey.be\/fr\/wp-json\/wp\/v2\/comments?post=2298"}],"wp:featuredmedia":[{"embeddable":true,"href":"https:\/\/www.biobey.be\/fr\/wp-json\/wp\/v2\/media\/334"}],"wp:attachment":[{"href":"https:\/\/www.biobey.be\/fr\/wp-json\/wp\/v2\/media?parent=2298"}],"wp:term":[{"taxonomy":"product_brand","embeddable":true,"href":"https:\/\/www.biobey.be\/fr\/wp-json\/wp\/v2\/product_brand?post=2298"},{"taxonomy":"product_cat","embeddable":true,"href":"https:\/\/www.biobey.be\/fr\/wp-json\/wp\/v2\/product_cat?post=2298"},{"taxonomy":"product_tag","embeddable":true,"href":"https:\/\/www.biobey.be\/fr\/wp-json\/wp\/v2\/product_tag?post=2298"}],"curies":[{"name":"wp","href":"https:\/\/api.w.org\/{rel}","templated":true}]}}