{"id":2300,"date":"2022-05-21T23:47:07","date_gmt":"2022-05-21T21:47:07","guid":{"rendered":"https:\/\/www.biobey.be\/fr-temp\/produit\/ombre-a-paupieres-bio-minerale-marbre-gris-2g\/"},"modified":"2025-10-11T00:03:41","modified_gmt":"2025-10-10T22:03:41","slug":"ombre-a-paupieres-bio-minerale-marbre-gris-2g","status":"publish","type":"product","link":"https:\/\/www.biobey.be\/fr\/produit\/ombre-a-paupieres-bio-minerale-marbre-gris-2g\/","title":{"rendered":"Ombre \u00e0 paupi\u00e8res bio min\u00e9rale Marbre Gris 2g"},"content":{"rendered":"<p>Ombre \u00e0 paupi\u00e8res bio min\u00e9rale Marbre Gris dans une nuance de gris chatoyant (Marble Grey) est une ombre \u00e0 paupi\u00e8res naturelle \u00e0 base de pigments et d&rsquo;huiles biologiques de haute qualit\u00e9.<\/p>\n<p>Sa formule pure vous donne un aspect radieux, est de longue dur\u00e9e et a un effet nourrissant. Elle ne contient pas de substances nocives qui pourraient perturber l&rsquo;\u00e9quilibre hormonal.<\/p>\n<p>L&rsquo;ombre \u00e0 paupi\u00e8res min\u00e9rale Marbre Gris peut \u00eatre utilis\u00e9e pour un maquillage smokey eyes tr\u00e8s chic. Elle est facile \u00e0 appliquer et ne semble pas lourde sur les paupi\u00e8res. Convient aux yeux sensibles.<\/p>\n<h2>Ombre \u00e0 paupi\u00e8res bio min\u00e9rale Marbre Gris pour les yeux sensibles<\/h2>\n<p>Ombre \u00e0 paupi\u00e8res bio min\u00e9rale Marbre Gris de Geoderm ne contient que des ingr\u00e9dients 100% naturels. Des pigments de haute qualit\u00e9 assurent un effet durable et une teinte grise radieuse prononc\u00e9e. Elle peut \u00eatre utilis\u00e9e pour cr\u00e9er un parfait smokey eyes look.<\/p>\n<p>De plus, cette ombre \u00e0 paupi\u00e8res est enrichie d&rsquo;ingr\u00e9dients soignants tels que l&rsquo;huile d&rsquo;amande biologique et l&rsquo;huile de rose musqu\u00e9e. L&rsquo;huile d&rsquo;amande biologique, qui regorge de vitamine E, hydrate en profondeur et prot\u00e8ge la peau sensible contre les radicaux libres.<\/p>\n<p>L&rsquo;huile de rose musqu\u00e9e a des propri\u00e9t\u00e9s r\u00e9g\u00e9n\u00e9ratrices. Elle pr\u00e9vient et prot\u00e8ge la peau des effets des dommages caus\u00e9s par le soleil, tels que les rides et la pigmentation.<\/p>\n<p>Gr\u00e2ce \u00e0 ces ingr\u00e9dients, la peau fine des paupi\u00e8res est soign\u00e9e et prot\u00e9g\u00e9e contre les influences ext\u00e9rieures n\u00e9fastes. Ces derniers sont responsables du vieillissement pr\u00e9matur\u00e9 de la peau.<\/p>\n<h3>Ombre \u00e0 paupi\u00e8res bio min\u00e9rale Marble Grey Vegan Geoderm<\/h3>\n<p>La marque espagnole Geoderm est un important producteur de cosm\u00e9tiques naturels. Geoderm propose une large gamme de produits de soins naturels et de cosm\u00e9tiques d\u00e9coratifs de tr\u00e8s haute qualit\u00e9.<\/p>\n<p>Les produits de soin et de maquillage de cette marque sont compos\u00e9s de pigments min\u00e9raux de tr\u00e8s haute qualit\u00e9, d&rsquo;huiles, de beurres et d&rsquo;extraits de plantes biologiques.<\/p>\n<p>Ces produits de soin et de maquillage sont certifi\u00e9s Vegan, ECOCERT Greenlife, test\u00e9s pour le nickel et d&rsquo;autres m\u00e9taux.<\/p>\n<p><strong>Comment appliquer l&rsquo;ombre \u00e0 paupi\u00e8res bio min\u00e9rale Marbre Gris ?<\/strong><\/p>\n<p>Prenez une petite quantit\u00e9 d&rsquo;ombre \u00e0 paupi\u00e8res gris min\u00e9ral avec un pinceau appropri\u00e9 et appliquez-la sur la paupi\u00e8re. Pour une pigmentation maximale, utilisez une cr\u00e8me pour les yeux ou un appr\u00eat sous le fard \u00e0 paupi\u00e8res ou la poudre sur la paupi\u00e8re.<\/p>\n<p><strong>INCI :<\/strong> Mica, Amidon de Zea Mays, Triglyc\u00e9ride Caprylique\/Carpique, Coco-Caprylate\/Caprate, Glyc\u00e9ryl, Behenate, Prunus Amygdalus Dulcis Oil*, <a href=\"https:\/\/www.biobey.be\/fr\/roses-sauvages\/\">Rosa Canina Fruit Oil<\/a>*, Aroma, CI77499, CI77891,<br \/>\n* Bio<br \/>\n* 100% d&rsquo;origine naturelle.<\/p>\n","protected":false},"excerpt":{"rendered":"<p>Ombre \u00e0 paupi\u00e8res min\u00e9rale Marble Grey ne contient que des ingr\u00e9dients 100% naturels. Les pigments de haute qualit\u00e9 offrent un effet longue dur\u00e9e et une teinte grise radieuse prononc\u00e9e. Il peut \u00eatre utilis\u00e9 pour cr\u00e9er le parfait smokey eyes look. Certifi\u00e9 ECOCERT<\/p>\n","protected":false},"featured_media":357,"comment_status":"open","ping_status":"closed","template":"","meta":{"ocean_post_layout":"","ocean_both_sidebars_style":"","ocean_both_sidebars_content_width":0,"ocean_both_sidebars_sidebars_width":0,"ocean_sidebar":"0","ocean_second_sidebar":"0","ocean_disable_margins":"enable","ocean_add_body_class":"","ocean_shortcode_before_top_bar":"","ocean_shortcode_after_top_bar":"","ocean_shortcode_before_header":"","ocean_shortcode_after_header":"","ocean_has_shortcode":"","ocean_shortcode_after_title":"","ocean_shortcode_before_footer_widgets":"","ocean_shortcode_after_footer_widgets":"","ocean_shortcode_before_footer_bottom":"","ocean_shortcode_after_footer_bottom":"","ocean_display_top_bar":"default","ocean_display_header":"default","ocean_header_style":"","ocean_center_header_left_menu":"0","ocean_custom_header_template":"0","ocean_custom_logo":0,"ocean_custom_retina_logo":0,"ocean_custom_logo_max_width":0,"ocean_custom_logo_tablet_max_width":0,"ocean_custom_logo_mobile_max_width":0,"ocean_custom_logo_max_height":0,"ocean_custom_logo_tablet_max_height":0,"ocean_custom_logo_mobile_max_height":0,"ocean_header_custom_menu":"0","ocean_menu_typo_font_family":"0","ocean_menu_typo_font_subset":"","ocean_menu_typo_font_size":0,"ocean_menu_typo_font_size_tablet":0,"ocean_menu_typo_font_size_mobile":0,"ocean_menu_typo_font_size_unit":"px","ocean_menu_typo_font_weight":"","ocean_menu_typo_font_weight_tablet":"","ocean_menu_typo_font_weight_mobile":"","ocean_menu_typo_transform":"","ocean_menu_typo_transform_tablet":"","ocean_menu_typo_transform_mobile":"","ocean_menu_typo_line_height":0,"ocean_menu_typo_line_height_tablet":0,"ocean_menu_typo_line_height_mobile":0,"ocean_menu_typo_line_height_unit":"","ocean_menu_typo_spacing":0,"ocean_menu_typo_spacing_tablet":0,"ocean_menu_typo_spacing_mobile":0,"ocean_menu_typo_spacing_unit":"","ocean_menu_link_color":"","ocean_menu_link_color_hover":"","ocean_menu_link_color_active":"","ocean_menu_link_background":"","ocean_menu_link_hover_background":"","ocean_menu_link_active_background":"","ocean_menu_social_links_bg":"","ocean_menu_social_hover_links_bg":"","ocean_menu_social_links_color":"","ocean_menu_social_hover_links_color":"","ocean_disable_title":"default","ocean_disable_heading":"default","ocean_post_title":"","ocean_post_subheading":"","ocean_post_title_style":"","ocean_post_title_background_color":"","ocean_post_title_background":0,"ocean_post_title_bg_image_position":"","ocean_post_title_bg_image_attachment":"","ocean_post_title_bg_image_repeat":"","ocean_post_title_bg_image_size":"","ocean_post_title_height":0,"ocean_post_title_bg_overlay":0.5,"ocean_post_title_bg_overlay_color":"","ocean_disable_breadcrumbs":"default","ocean_breadcrumbs_color":"","ocean_breadcrumbs_separator_color":"","ocean_breadcrumbs_links_color":"","ocean_breadcrumbs_links_hover_color":"","ocean_display_footer_widgets":"default","ocean_display_footer_bottom":"default","ocean_custom_footer_template":"0"},"product_brand":[116],"product_cat":[55],"product_tag":[133,127,125],"class_list":{"0":"post-2300","1":"product","2":"type-product","3":"status-publish","4":"has-post-thumbnail","6":"product_brand-geoderm","7":"product_cat-maquillage","8":"product_tag-sansparfumsynthetique","9":"product_tag-sans-silicone","10":"product_tag-vegan","12":"entry","13":"has-media","15":"first","16":"instock","17":"taxable","18":"shipping-taxable","19":"purchasable","20":"product-type-simple","21":"has-rating","22":"col","23":"span_1_of_3","24":"owp-content-center","25":"owp-thumbs-layout-horizontal","26":"owp-btn-normal","27":"owp-tabs-layout-section","28":"has-no-thumbnails","29":"circle-sale"},"_links":{"self":[{"href":"https:\/\/www.biobey.be\/fr\/wp-json\/wp\/v2\/product\/2300","targetHints":{"allow":["GET"]}}],"collection":[{"href":"https:\/\/www.biobey.be\/fr\/wp-json\/wp\/v2\/product"}],"about":[{"href":"https:\/\/www.biobey.be\/fr\/wp-json\/wp\/v2\/types\/product"}],"replies":[{"embeddable":true,"href":"https:\/\/www.biobey.be\/fr\/wp-json\/wp\/v2\/comments?post=2300"}],"wp:featuredmedia":[{"embeddable":true,"href":"https:\/\/www.biobey.be\/fr\/wp-json\/wp\/v2\/media\/357"}],"wp:attachment":[{"href":"https:\/\/www.biobey.be\/fr\/wp-json\/wp\/v2\/media?parent=2300"}],"wp:term":[{"taxonomy":"product_brand","embeddable":true,"href":"https:\/\/www.biobey.be\/fr\/wp-json\/wp\/v2\/product_brand?post=2300"},{"taxonomy":"product_cat","embeddable":true,"href":"https:\/\/www.biobey.be\/fr\/wp-json\/wp\/v2\/product_cat?post=2300"},{"taxonomy":"product_tag","embeddable":true,"href":"https:\/\/www.biobey.be\/fr\/wp-json\/wp\/v2\/product_tag?post=2300"}],"curies":[{"name":"wp","href":"https:\/\/api.w.org\/{rel}","templated":true}]}}