{"id":2303,"date":"2023-09-13T22:32:18","date_gmt":"2023-09-13T20:32:18","guid":{"rendered":"https:\/\/www.biobey.be\/fr-temp\/produit\/rouge-a-levres-rouge-mat-bio-arabian\/"},"modified":"2025-10-10T23:51:15","modified_gmt":"2025-10-10T21:51:15","slug":"rouge-a-levres-rouge-mat-bio-arabian","status":"publish","type":"product","link":"https:\/\/www.biobey.be\/fr\/produit\/rouge-a-levres-rouge-mat-bio-arabian\/","title":{"rendered":"Rouge \u00e0 l\u00e8vres Rouge Mat Bio &#8211; Arabian night"},"content":{"rendered":"<p>Rouge \u00e0 l\u00e8vres Rouge Mat Bio Arabian Night (couleur rouge fonc\u00e9), aux pigments intenses, est un rouge \u00e0 l\u00e8vres 100% naturel qui procure une sensation velout\u00e9e sur les l\u00e8vres. Ce rouge \u00e0 l\u00e8vres v\u00e9g\u00e9talien a une texture cr\u00e9meuse et non collante et donne \u00e0 vos l\u00e8vres une belle teinte rouge avec une finition soyeuse.<\/p>\n<p>Sa formule longue dur\u00e9e \u00e0 base de pigments min\u00e9raux de haute qualit\u00e9, d&rsquo;extraits de plantes biologiques et d&rsquo;huiles biologiques a un effet r\u00e9parateur et nourrissant, gardant la peau d\u00e9licate des l\u00e8vres souple toute la journ\u00e9e. Convient \u00e9galement aux l\u00e8vres sensibles.<\/p>\n<h2>Rouge \u00e0 l\u00e8vres Rouge Mat Bio Arabian Night : longue dur\u00e9e et soin<\/h2>\n<p>Ce rouge \u00e0 l\u00e8vres min\u00e9ral aux pigments intenses donne \u00e0 vos l\u00e8vres une belle couleur rouge fonc\u00e9 et un fini satin\u00e9. La cire de candelilla est l&rsquo;un des principaux ingr\u00e9dients de ce rouge \u00e0 l\u00e8vres v\u00e9g\u00e9talien. La cire de candelilla est tr\u00e8s nourrissante, elle forme une couche protectrice et pr\u00e9vient la d\u00e9shydratation et le dess\u00e8chement de vos l\u00e8vres. De plus, il diffuse la couleur de mani\u00e8re homog\u00e8ne sur les l\u00e8vres.<\/p>\n<p>La composition d&rsquo;huiles biologiques et d&rsquo;extraits de plantes apporte aux l\u00e8vres les nutriments, les vitamines et les acides gras essentiels n\u00e9cessaires. La forte concentration de vitamine E prot\u00e8ge vos l\u00e8vres des radicaux libres et des dommages caus\u00e9s par le soleil. La vitamine E hydrate aussi les l\u00e8vres et pr\u00e9vient les rides et les taches de pigmentation sur les l\u00e8vres.<\/p>\n<p>Les rouges \u00e0 l\u00e8vres Geoderm sont s\u00fbrs \u00e0 utiliser, car ils ne contiennent que des ingr\u00e9dients 100% naturels et biologiques. Ce rouge \u00e0 l\u00e8vres Rouge Mat Bio Arabian Night est certifi\u00e9 Ecocert.<br \/>\nProduit naturel sans additifs chimiques, ni parabens.<\/p>\n<p>Le look maquillage minimaliste en \u00e9t\u00e9 : sur un visage bien hydrat\u00e9, appliquer une cr\u00e8me solaire teint\u00e9e. Appliquez le bronzeur sur les zones o\u00f9 vous obtenez normalement un bronzage plus rapide. Appliquez ensuite le rouge \u00e0 l\u00e8vres rouge directement du bout des doigts ou avec un pinceau.<\/p>\n<p><strong>Maquillage de Hollywood Classique :<\/strong> combinez le rouge \u00e0 l\u00e8vres Rouge Mat Bio Arabian Night rouge avec l&rsquo;eyeliner Wing classique et l&rsquo;ombre \u00e0 paupi\u00e8res dor\u00e9e pour un maquillage de Hollywood classique.<\/p>\n<p><strong>Application<\/strong> : Appliquer directement sur les l\u00e8vres ou avec un petit pinceau.<\/p>\n<p><strong>Ingr\u00e9dients<\/strong> : Prunus amygdalus dulcis oil*, Candelilla Cera, Capryl\/capric Triglyceride, Ricinus communis Seed Oil**, Jojoba Esters, Octyldodecanol, Helianthus annuus Seed Wax, Tocopheryl Acetate, Acacia decurrens Flower Wax, Polyglycerin-3, Fragnance** (Naturel)<br \/>\n*Bio<\/p>\n<p>**Fragnance naturel<\/p>\n","protected":false},"excerpt":{"rendered":"<p>Rouge \u00e0 l\u00e8vres Rouge Mat Bio Arabian Night donne \u00e0 vos l\u00e8vres une belle couleur rouge intense avec une finition satin\u00e9e. Ce rouge \u00e0 l\u00e8vres min\u00e9ral et 100% naturel a une formule soignante et r\u00e9paratrice qui garde vos l\u00e8vres douces et souples toute la journ\u00e9e. Longue dur\u00e9e de vie.<\/p>\n","protected":false},"featured_media":351,"comment_status":"open","ping_status":"closed","template":"","meta":{"ocean_post_layout":"","ocean_both_sidebars_style":"","ocean_both_sidebars_content_width":0,"ocean_both_sidebars_sidebars_width":0,"ocean_sidebar":"0","ocean_second_sidebar":"0","ocean_disable_margins":"enable","ocean_add_body_class":"","ocean_shortcode_before_top_bar":"","ocean_shortcode_after_top_bar":"","ocean_shortcode_before_header":"","ocean_shortcode_after_header":"","ocean_has_shortcode":"","ocean_shortcode_after_title":"","ocean_shortcode_before_footer_widgets":"","ocean_shortcode_after_footer_widgets":"","ocean_shortcode_before_footer_bottom":"","ocean_shortcode_after_footer_bottom":"","ocean_display_top_bar":"default","ocean_display_header":"default","ocean_header_style":"","ocean_center_header_left_menu":"0","ocean_custom_header_template":"0","ocean_custom_logo":0,"ocean_custom_retina_logo":0,"ocean_custom_logo_max_width":0,"ocean_custom_logo_tablet_max_width":0,"ocean_custom_logo_mobile_max_width":0,"ocean_custom_logo_max_height":0,"ocean_custom_logo_tablet_max_height":0,"ocean_custom_logo_mobile_max_height":0,"ocean_header_custom_menu":"0","ocean_menu_typo_font_family":"0","ocean_menu_typo_font_subset":"","ocean_menu_typo_font_size":0,"ocean_menu_typo_font_size_tablet":0,"ocean_menu_typo_font_size_mobile":0,"ocean_menu_typo_font_size_unit":"px","ocean_menu_typo_font_weight":"","ocean_menu_typo_font_weight_tablet":"","ocean_menu_typo_font_weight_mobile":"","ocean_menu_typo_transform":"","ocean_menu_typo_transform_tablet":"","ocean_menu_typo_transform_mobile":"","ocean_menu_typo_line_height":0,"ocean_menu_typo_line_height_tablet":0,"ocean_menu_typo_line_height_mobile":0,"ocean_menu_typo_line_height_unit":"","ocean_menu_typo_spacing":0,"ocean_menu_typo_spacing_tablet":0,"ocean_menu_typo_spacing_mobile":0,"ocean_menu_typo_spacing_unit":"","ocean_menu_link_color":"","ocean_menu_link_color_hover":"","ocean_menu_link_color_active":"","ocean_menu_link_background":"","ocean_menu_link_hover_background":"","ocean_menu_link_active_background":"","ocean_menu_social_links_bg":"","ocean_menu_social_hover_links_bg":"","ocean_menu_social_links_color":"","ocean_menu_social_hover_links_color":"","ocean_disable_title":"default","ocean_disable_heading":"default","ocean_post_title":"","ocean_post_subheading":"","ocean_post_title_style":"","ocean_post_title_background_color":"","ocean_post_title_background":0,"ocean_post_title_bg_image_position":"","ocean_post_title_bg_image_attachment":"","ocean_post_title_bg_image_repeat":"","ocean_post_title_bg_image_size":"","ocean_post_title_height":0,"ocean_post_title_bg_overlay":0.5,"ocean_post_title_bg_overlay_color":"","ocean_disable_breadcrumbs":"default","ocean_breadcrumbs_color":"","ocean_breadcrumbs_separator_color":"","ocean_breadcrumbs_links_color":"","ocean_breadcrumbs_links_hover_color":"","ocean_display_footer_widgets":"default","ocean_display_footer_bottom":"default","ocean_custom_footer_template":"0"},"product_brand":[116],"product_cat":[55],"product_tag":[126,133,125],"class_list":{"0":"post-2303","1":"product","2":"type-product","3":"status-publish","4":"has-post-thumbnail","6":"product_brand-geoderm","7":"product_cat-maquillage","8":"product_tag-sans-paraben","9":"product_tag-sansparfumsynthetique","10":"product_tag-vegan","12":"entry","13":"has-media","15":"first","16":"instock","17":"taxable","18":"shipping-taxable","19":"purchasable","20":"product-type-simple","21":"has-rating","22":"col","23":"span_1_of_3","24":"owp-content-center","25":"owp-thumbs-layout-horizontal","26":"owp-btn-normal","27":"owp-tabs-layout-section","28":"has-no-thumbnails","29":"circle-sale"},"_links":{"self":[{"href":"https:\/\/www.biobey.be\/fr\/wp-json\/wp\/v2\/product\/2303","targetHints":{"allow":["GET"]}}],"collection":[{"href":"https:\/\/www.biobey.be\/fr\/wp-json\/wp\/v2\/product"}],"about":[{"href":"https:\/\/www.biobey.be\/fr\/wp-json\/wp\/v2\/types\/product"}],"replies":[{"embeddable":true,"href":"https:\/\/www.biobey.be\/fr\/wp-json\/wp\/v2\/comments?post=2303"}],"wp:featuredmedia":[{"embeddable":true,"href":"https:\/\/www.biobey.be\/fr\/wp-json\/wp\/v2\/media\/351"}],"wp:attachment":[{"href":"https:\/\/www.biobey.be\/fr\/wp-json\/wp\/v2\/media?parent=2303"}],"wp:term":[{"taxonomy":"product_brand","embeddable":true,"href":"https:\/\/www.biobey.be\/fr\/wp-json\/wp\/v2\/product_brand?post=2303"},{"taxonomy":"product_cat","embeddable":true,"href":"https:\/\/www.biobey.be\/fr\/wp-json\/wp\/v2\/product_cat?post=2303"},{"taxonomy":"product_tag","embeddable":true,"href":"https:\/\/www.biobey.be\/fr\/wp-json\/wp\/v2\/product_tag?post=2303"}],"curies":[{"name":"wp","href":"https:\/\/api.w.org\/{rel}","templated":true}]}}