{"id":2304,"date":"2025-05-23T00:45:05","date_gmt":"2025-05-22T22:45:05","guid":{"rendered":"https:\/\/www.biobey.be\/fr-temp\/produit\/creme-de-jour-peau-mixte-bio-geoderm\/"},"modified":"2025-07-11T12:46:53","modified_gmt":"2025-07-11T10:46:53","slug":"creme-de-jour-peau-mixte-bio-geoderm","status":"publish","type":"product","link":"https:\/\/www.biobey.be\/fr\/produit\/creme-de-jour-peau-mixte-bio-geoderm\/","title":{"rendered":"Cr\u00e8me de jour peau mixte bio geoderm 50 ml"},"content":{"rendered":"<p>Cr\u00e8me de jour bio pour peaux mixtes? La cr\u00e8me de jour peau mixte bio de Geoderm est enti\u00e8rement naturelle. Elle a un effet r\u00e9g\u00e9n\u00e9rateur sur les cellules de la peau. La texture douce de cette cr\u00e8me naturelle pour le visage p\u00e9n\u00e8tre rapidement dans la peau et la nourrit intens\u00e9ment.<\/p>\n<p>La formule \u00e0 base d&rsquo;extrait d&rsquo;huile d&rsquo;olive biologique, de vitamine E et de camomille renforce la barri\u00e8re naturelle de la peau et la prot\u00e8ge contre les effets n\u00e9gatifs des rayons UV et des radicaux libres.<\/p>\n<p>La vitamine E pr\u00e9vient la formation de rides pr\u00e9matur\u00e9es gr\u00e2ce \u00e0 ses propri\u00e9t\u00e9s antioxydantes. La cr\u00e8me de jour peau mixte bio a aussi un effet anti-inflammatoire sur la peau. Le soin bio efficace pour peau mixte d\u00e9shydrat\u00e9e Geoderm nourrit la peau et pr\u00e9vient les imperfections. En cas d&rsquo;utilisation r\u00e9guli\u00e8re, le visage est uniforme et doux.<\/p>\n<h2>Cr\u00e8me de jour peau mixte bio pour peaux normales \u00e0 mixtes<\/h2>\n<p>Que fait une cr\u00e8me de jour bio pour une peau mixte ou quels sont les avantages de cette cr\u00e8me de jour pour les peaux mixtes?Gr\u00e2ce \u00e0 sa composition douce, la cr\u00e8me de jour est \u00e0 la fois anti-inflammatoire et hydratante.<\/p>\n<p>L&rsquo;huile d&rsquo;amande biologique, par exemple, contient principalement du tocoph\u00e9rol et du squal\u00e8ne. Cela permet d&rsquo;am\u00e9liorer l&rsquo;\u00e9lasticit\u00e9 de la peau.<\/p>\n<p>L&rsquo;extrait d&rsquo;hamam\u00e9lis \u00e9quilibre la couche corn\u00e9e de la peau. Ses propri\u00e9t\u00e9s astringentes traitent les pores obstruants. Il r\u00e9duit l&rsquo;acn\u00e9 et les imperfections sur le visage. Si vous avez une peau mixte \u00e0 tendance acn\u00e9ique, essayez cette <span style=\"color: #0000ff;\"><a style=\"color: #0000ff;\" href=\"https:\/\/www.biobey.be\/fr\/produit\/creme-contre-lacne-au-chanvre-bio-75ml\/\">bio cr\u00e8me contre les boutons.<\/a><\/span><\/p>\n<p>La camomille apaise les irritations cutan\u00e9es et acc\u00e9l\u00e8re le processus de r\u00e9g\u00e9n\u00e9ration de la peau. Cet extrait est souvent utilis\u00e9 dans les cr\u00e8mes contre les cicatrices et les rougeurs. L&rsquo;extrait de camomille biologique est aussi utilis\u00e9 comme base pour les cr\u00e8mes apr\u00e8s-soleil.<\/p>\n<p>Combinaison des puissants extraits de plantes et d&rsquo;huiles de la cr\u00e8me de jour peau mixte bio estompe les ridules et nourrit intens\u00e9ment. Les propri\u00e9t\u00e9s antibact\u00e9riennes aident \u00e0 combattre les imperfections et l&rsquo;acn\u00e9. L&rsquo;effet multifonctionnel de cette cr\u00e8me pour le visage est id\u00e9al pour les peaux mixtes. Pour traiter les pores dilat\u00e9s, purifier les pores et r\u00e9guler la production de s\u00e9bum, vous pouvez \u00e9galement utiliser la <span style=\"color: #0000ff;\"><a style=\"color: #0000ff;\" href=\"https:\/\/www.biobey.be\/fr\/produit\/creme-au-niacinamide-pour-peaux-mixtes-50\/\">cr\u00e8me bio Bema Niacinamide<\/a><\/span>.<\/p>\n<h3>Mode d&#8217;emploi de la cr\u00e8me de jour peau mixte bio geoderm 50 ml<\/h3>\n<p>Appliquez la cr\u00e8me Geoderm pour le visage matin et soir sur une peau nettoy\u00e9e.<\/p>\n<p>Ingr\u00e9dients : Aqua, Glycerin*, Prunus amygdalus dulcis Oil*, Glyceryl Stearate SE, Coco-caprylate, Caprylic\/capric Triglyceride, Coco-Caprylate\/Caprate, Cetearyl Glucoside, Olea europaea Oil*, Arachidyl Alcohol, Behenyl Alcohol, Arachidyl<\/p>\n<p>Glucoside, Decyl Oleate, Glyceryl Caprylate, extrait de fleur de Chamomilla recutita*, extrait de feuille d&rsquo;Hamamelis virginiana*, ac\u00e9tate de tocoph\u00e9ryle, alcool c\u00e9t\u00e9rique, alcool c\u00e9tylique, gomme xanthane, Und\u00e9cyl\u00e9nate de glyc\u00e9ryle, acide citrique, acide phytique, alcool benzylique, sorbate de potassium, benzoate de sodium, Parfum**, Limon\u00e8ne, Linalool.<\/p>\n<p>*Les produits biologiques contr\u00f4l\u00e9s.<br \/>\n**Fragrance extrait d&rsquo;huiles \u00e9th\u00e9r\u00e9es naturelles.<\/p>\n","protected":false},"excerpt":{"rendered":"<p>Soin bio efficace pour peau mixte d\u00e9shydrat\u00e9e &#8211; propri\u00e9t\u00e9s et indication :<br \/>\nCr\u00e8me de jour peau mixte bio nourrit et r\u00e9g\u00e9n\u00e8re la peau. Elle \u00e9quilibre la production de s\u00e9bum et hydrate en profondeur. La formule v\u00e9g\u00e9talienne et naturelle estompe les ridules et pr\u00e9vient les imperfections.<\/p>\n<p>Les ingr\u00e9dients actifs sont des extraits biologiques d&rsquo;hamam\u00e9lis, de camomille, d&rsquo;huile d&rsquo;olive, d&rsquo;huile d&rsquo;amande et de vitamine E.<\/p>\n<p>Certificats : BDIH, BIO, Vegan.<\/p>\n","protected":false},"featured_media":624,"comment_status":"open","ping_status":"closed","template":"","meta":{"ocean_post_layout":"","ocean_both_sidebars_style":"","ocean_both_sidebars_content_width":0,"ocean_both_sidebars_sidebars_width":0,"ocean_sidebar":"","ocean_second_sidebar":"","ocean_disable_margins":"enable","ocean_add_body_class":"","ocean_shortcode_before_top_bar":"","ocean_shortcode_after_top_bar":"","ocean_shortcode_before_header":"","ocean_shortcode_after_header":"","ocean_has_shortcode":"","ocean_shortcode_after_title":"","ocean_shortcode_before_footer_widgets":"","ocean_shortcode_after_footer_widgets":"","ocean_shortcode_before_footer_bottom":"","ocean_shortcode_after_footer_bottom":"","ocean_display_top_bar":"default","ocean_display_header":"default","ocean_header_style":"","ocean_center_header_left_menu":"","ocean_custom_header_template":"","ocean_custom_logo":0,"ocean_custom_retina_logo":0,"ocean_custom_logo_max_width":0,"ocean_custom_logo_tablet_max_width":0,"ocean_custom_logo_mobile_max_width":0,"ocean_custom_logo_max_height":0,"ocean_custom_logo_tablet_max_height":0,"ocean_custom_logo_mobile_max_height":0,"ocean_header_custom_menu":"","ocean_menu_typo_font_family":"","ocean_menu_typo_font_subset":"","ocean_menu_typo_font_size":0,"ocean_menu_typo_font_size_tablet":0,"ocean_menu_typo_font_size_mobile":0,"ocean_menu_typo_font_size_unit":"px","ocean_menu_typo_font_weight":"","ocean_menu_typo_font_weight_tablet":"","ocean_menu_typo_font_weight_mobile":"","ocean_menu_typo_transform":"","ocean_menu_typo_transform_tablet":"","ocean_menu_typo_transform_mobile":"","ocean_menu_typo_line_height":0,"ocean_menu_typo_line_height_tablet":0,"ocean_menu_typo_line_height_mobile":0,"ocean_menu_typo_line_height_unit":"","ocean_menu_typo_spacing":0,"ocean_menu_typo_spacing_tablet":0,"ocean_menu_typo_spacing_mobile":0,"ocean_menu_typo_spacing_unit":"","ocean_menu_link_color":"","ocean_menu_link_color_hover":"","ocean_menu_link_color_active":"","ocean_menu_link_background":"","ocean_menu_link_hover_background":"","ocean_menu_link_active_background":"","ocean_menu_social_links_bg":"","ocean_menu_social_hover_links_bg":"","ocean_menu_social_links_color":"","ocean_menu_social_hover_links_color":"","ocean_disable_title":"default","ocean_disable_heading":"default","ocean_post_title":"","ocean_post_subheading":"","ocean_post_title_style":"","ocean_post_title_background_color":"","ocean_post_title_background":0,"ocean_post_title_bg_image_position":"","ocean_post_title_bg_image_attachment":"","ocean_post_title_bg_image_repeat":"","ocean_post_title_bg_image_size":"","ocean_post_title_height":0,"ocean_post_title_bg_overlay":0.5,"ocean_post_title_bg_overlay_color":"","ocean_disable_breadcrumbs":"default","ocean_breadcrumbs_color":"","ocean_breadcrumbs_separator_color":"","ocean_breadcrumbs_links_color":"","ocean_breadcrumbs_links_hover_color":"","ocean_display_footer_widgets":"default","ocean_display_footer_bottom":"default","ocean_custom_footer_template":""},"product_brand":[116],"product_cat":[49,17,16,20],"product_tag":[126,133,125],"class_list":{"0":"post-2304","1":"product","2":"type-product","3":"status-publish","4":"has-post-thumbnail","6":"product_brand-geoderm","7":"product_cat-peau-seche","8":"product_cat-soins-du-visage","9":"product_cat-soins","10":"product_cat-anti-age","11":"product_tag-sans-paraben","12":"product_tag-sansparfumsynthetique","13":"product_tag-vegan","15":"entry","16":"has-media","18":"first","19":"instock","20":"taxable","21":"shipping-taxable","22":"purchasable","23":"product-type-simple","24":"has-rating","25":"col","26":"span_1_of_3","27":"owp-content-center","28":"owp-thumbs-layout-horizontal","29":"owp-btn-normal","30":"owp-tabs-layout-section","31":"has-no-thumbnails","32":"circle-sale"},"_links":{"self":[{"href":"https:\/\/www.biobey.be\/fr\/wp-json\/wp\/v2\/product\/2304","targetHints":{"allow":["GET"]}}],"collection":[{"href":"https:\/\/www.biobey.be\/fr\/wp-json\/wp\/v2\/product"}],"about":[{"href":"https:\/\/www.biobey.be\/fr\/wp-json\/wp\/v2\/types\/product"}],"replies":[{"embeddable":true,"href":"https:\/\/www.biobey.be\/fr\/wp-json\/wp\/v2\/comments?post=2304"}],"wp:featuredmedia":[{"embeddable":true,"href":"https:\/\/www.biobey.be\/fr\/wp-json\/wp\/v2\/media\/624"}],"wp:attachment":[{"href":"https:\/\/www.biobey.be\/fr\/wp-json\/wp\/v2\/media?parent=2304"}],"wp:term":[{"taxonomy":"product_brand","embeddable":true,"href":"https:\/\/www.biobey.be\/fr\/wp-json\/wp\/v2\/product_brand?post=2304"},{"taxonomy":"product_cat","embeddable":true,"href":"https:\/\/www.biobey.be\/fr\/wp-json\/wp\/v2\/product_cat?post=2304"},{"taxonomy":"product_tag","embeddable":true,"href":"https:\/\/www.biobey.be\/fr\/wp-json\/wp\/v2\/product_tag?post=2304"}],"curies":[{"name":"wp","href":"https:\/\/api.w.org\/{rel}","templated":true}]}}