{"id":2307,"date":"2025-05-24T00:54:21","date_gmt":"2025-05-23T22:54:21","guid":{"rendered":"https:\/\/www.biobey.be\/fr-temp\/produit\/fard-a-paupieres-bio-bourgogne\/"},"modified":"2025-10-10T23:58:01","modified_gmt":"2025-10-10T21:58:01","slug":"fard-a-paupieres-bio-bourgogne","status":"publish","type":"product","link":"https:\/\/www.biobey.be\/fr\/produit\/fard-a-paupieres-bio-bourgogne\/","title":{"rendered":"Fard \u00e0 paupi\u00e8res bio Bourgogne &#8211; Geoderm"},"content":{"rendered":"<p>Fard \u00e0 paupi\u00e8res bourgogne sans perturbateurs hormonaux et autres irritants pour maquiller les yeux sensibles? Fard a paupi\u00e8res bio Bourgogne nacr\u00e9 de Geoderm, \u00e0 base de pigments min\u00e9raux, a une teinte rose bourgogne.<\/p>\n<p><strong>Sp\u00e9cifications de l&rsquo;ombre \u00e0 paupi\u00e8res naturelle de Bourgogne<\/strong><\/p>\n<ol>\n<li>convient aux yeux et \u00e0 la peau sensibles<\/li>\n<li>sans talc<\/li>\n<li>non dess\u00e9chante pour les paupi\u00e8res sensibles<\/li>\n<li>\u00e0 base d&rsquo;huile d&rsquo;amande biologique nourrissante<\/li>\n<\/ol>\n<p>Le m\u00e9lange de paillettes et d&rsquo;\u00e9clats nacr\u00e9s cr\u00e9e un look profond et radieux. La texture ultra-douce du fard a paupi\u00e8res bio Bourgogne nacr\u00e9 convient aux peaux et aux yeux les plus sensibles. Si vous avez les yeux sensibles, il est conseill\u00e9 d&rsquo;utiliser un <span style=\"color: #0000ff;\"><a style=\"color: #0000ff;\" href=\"https:\/\/www.biobey.be\/fr\/produit\/mascara-3d-hypoallergenique-bio-10ml\/\">mascara bio hypoallerg\u00e9nique<\/a><\/span>.<\/p>\n<p>Les pigments min\u00e9raux de haute qualit\u00e9 offrent une couleur intense et durable avec un aspect dimensionnel \u00e9clatant. Le fard a paupi\u00e8res bio Bourgogne nacr\u00e9 peut \u00eatre appliqu\u00e9e \u00e0 sec ou humide. L&rsquo;application \u00e0 sec cr\u00e9e un effet plus subtil tandis que l&rsquo;application humide cr\u00e9e un maquillage de soir\u00e9e intense et saisissant.<\/p>\n<p>La formule purement naturelle et v\u00e9g\u00e9talienne est enrichie de min\u00e9raux et de vitamines qui nourrissent la peau. Le fard a paupi\u00e8res bio Bourgogne nacr\u00e9 est exempte de substances synth\u00e9tiques qui irritent et ass\u00e8chent la peau sensible du contour des yeux. La <span style=\"color: #0000ff;\"><a style=\"color: #0000ff;\" href=\"https:\/\/www.biobey.be\/fr\/produit\/ombre-a-paupieres-bio-anti-allergique-27\/\">magnifique ombre \u00e0 paupi\u00e8res naturelle<\/a><\/span> rose bourgogne \u00e0 l&rsquo;\u00e9clat nacr\u00e9 illumine le regard et accentue les yeux.<\/p>\n<h2>Formule douce du fard a paupi\u00e8res bio Bourgogne nacr\u00e9<\/h2>\n<p>Les pigments min\u00e9raux sont tr\u00e8s finement moulus, ce qui donne \u00e0 ce fard \u00e0 paupi\u00e8res bio a une texture tr\u00e8s douce et uniforme. Les ingr\u00e9dients b\u00e9n\u00e9fiques tels que l&rsquo;huile de rosier biologique et l&rsquo;huile d&rsquo;amande prennent soin de la peau sensible des paupi\u00e8res. L&rsquo;effet r\u00e9g\u00e9n\u00e9rateur de l&rsquo;huile de rosier soigne et renforce la peau sensible.<\/p>\n<p>L&rsquo;huile d&rsquo;amande est riche en antioxydants. Gr\u00e2ce \u00e0 sa texture fine, elle p\u00e9n\u00e8tre bien dans la peau. L&rsquo;huile d&rsquo;amande prot\u00e8ge la peau contre la perte d&rsquo;humidit\u00e9. Les <span style=\"color: #0000ff;\"><a style=\"color: #0000ff;\" href=\"https:\/\/www.biobey.be\/fr\/produit\/creme-antioxydante-anti-pollution-50ml\/\">antioxydants pr\u00e9viennent le vieillissement pr\u00e9matur\u00e9 de la peau<\/a><\/span> et favorisent le renouvellement des cellules. La combinaison des extraits b\u00e9n\u00e9fiques accentue la beaut\u00e9 naturelle et hydrate les peaux fines.<\/p>\n<p>Mode d&#8217;emploi : Appliquez le fard \u00e0 paupi\u00e8res naturel avec un pinceau \u00e0 paupi\u00e8res ou un doigt pour un look subtil. Ensuite, estompez le fard \u00e0 paupi\u00e8res pour obtenir la forme souhait\u00e9e. Pour un effet plus intense, le fard \u00e0 paupi\u00e8res peut \u00eatre appliqu\u00e9 humide sur la peau. Il convient aux peaux sensibles et allergiques.<\/p>\n<p>Ingr\u00e9dients : mica, amidon de zea mays, triglyc\u00e9ride caprylique\/caprique, caprylate\/caprate de coco, b\u00e9h\u00e9nate de glyc\u00e9ryle, huile de prunus amygdalus dulcis*, huile de fruit de rosa canina*, CI77891.<\/p>\n","protected":false},"excerpt":{"rendered":"<p>L&rsquo;ombre \u00e0 paupi\u00e8res naturelle a une couleur rose bordeaux et un fini nacr\u00e9 brillant. Les pigments min\u00e9raux de haute qualit\u00e9 restent longtemps sur les paupi\u00e8res et ne sont pas lourds. L&rsquo;ombre \u00e0 paupi\u00e8res est id\u00e9ale pour les peaux sensibles gr\u00e2ce aux pigments min\u00e9raux et \u00e0 la texture fine de la poudre.<br \/>\nCertifications : Ecocerrt, Vegan, Organic Cosmos<br \/>\nContenu : 2 g<br \/>\nCouleur : rose bourgogne avec des \u00e9clats nacr\u00e9s<\/p>\n","protected":false},"featured_media":352,"comment_status":"open","ping_status":"closed","template":"","meta":{"ocean_post_layout":"","ocean_both_sidebars_style":"","ocean_both_sidebars_content_width":0,"ocean_both_sidebars_sidebars_width":0,"ocean_sidebar":"0","ocean_second_sidebar":"0","ocean_disable_margins":"enable","ocean_add_body_class":"","ocean_shortcode_before_top_bar":"","ocean_shortcode_after_top_bar":"","ocean_shortcode_before_header":"","ocean_shortcode_after_header":"","ocean_has_shortcode":"","ocean_shortcode_after_title":"","ocean_shortcode_before_footer_widgets":"","ocean_shortcode_after_footer_widgets":"","ocean_shortcode_before_footer_bottom":"","ocean_shortcode_after_footer_bottom":"","ocean_display_top_bar":"default","ocean_display_header":"default","ocean_header_style":"","ocean_center_header_left_menu":"0","ocean_custom_header_template":"0","ocean_custom_logo":0,"ocean_custom_retina_logo":0,"ocean_custom_logo_max_width":0,"ocean_custom_logo_tablet_max_width":0,"ocean_custom_logo_mobile_max_width":0,"ocean_custom_logo_max_height":0,"ocean_custom_logo_tablet_max_height":0,"ocean_custom_logo_mobile_max_height":0,"ocean_header_custom_menu":"0","ocean_menu_typo_font_family":"0","ocean_menu_typo_font_subset":"","ocean_menu_typo_font_size":0,"ocean_menu_typo_font_size_tablet":0,"ocean_menu_typo_font_size_mobile":0,"ocean_menu_typo_font_size_unit":"px","ocean_menu_typo_font_weight":"","ocean_menu_typo_font_weight_tablet":"","ocean_menu_typo_font_weight_mobile":"","ocean_menu_typo_transform":"","ocean_menu_typo_transform_tablet":"","ocean_menu_typo_transform_mobile":"","ocean_menu_typo_line_height":0,"ocean_menu_typo_line_height_tablet":0,"ocean_menu_typo_line_height_mobile":0,"ocean_menu_typo_line_height_unit":"","ocean_menu_typo_spacing":0,"ocean_menu_typo_spacing_tablet":0,"ocean_menu_typo_spacing_mobile":0,"ocean_menu_typo_spacing_unit":"","ocean_menu_link_color":"","ocean_menu_link_color_hover":"","ocean_menu_link_color_active":"","ocean_menu_link_background":"","ocean_menu_link_hover_background":"","ocean_menu_link_active_background":"","ocean_menu_social_links_bg":"","ocean_menu_social_hover_links_bg":"","ocean_menu_social_links_color":"","ocean_menu_social_hover_links_color":"","ocean_disable_title":"default","ocean_disable_heading":"default","ocean_post_title":"","ocean_post_subheading":"","ocean_post_title_style":"","ocean_post_title_background_color":"","ocean_post_title_background":0,"ocean_post_title_bg_image_position":"","ocean_post_title_bg_image_attachment":"","ocean_post_title_bg_image_repeat":"","ocean_post_title_bg_image_size":"","ocean_post_title_height":0,"ocean_post_title_bg_overlay":0.5,"ocean_post_title_bg_overlay_color":"","ocean_disable_breadcrumbs":"default","ocean_breadcrumbs_color":"","ocean_breadcrumbs_separator_color":"","ocean_breadcrumbs_links_color":"","ocean_breadcrumbs_links_hover_color":"","ocean_display_footer_widgets":"default","ocean_display_footer_bottom":"default","ocean_custom_footer_template":"0"},"product_brand":[116],"product_cat":[55],"product_tag":[127,128,125],"class_list":{"0":"post-2307","1":"product","2":"type-product","3":"status-publish","4":"has-post-thumbnail","6":"product_brand-geoderm","7":"product_cat-maquillage","8":"product_tag-sans-silicone","9":"product_tag-sanssulfates","10":"product_tag-vegan","12":"entry","13":"has-media","15":"first","16":"instock","17":"taxable","18":"shipping-taxable","19":"purchasable","20":"product-type-simple","21":"has-rating","22":"col","23":"span_1_of_3","24":"owp-content-center","25":"owp-thumbs-layout-horizontal","26":"owp-btn-normal","27":"owp-tabs-layout-section","28":"has-no-thumbnails","29":"circle-sale"},"_links":{"self":[{"href":"https:\/\/www.biobey.be\/fr\/wp-json\/wp\/v2\/product\/2307","targetHints":{"allow":["GET"]}}],"collection":[{"href":"https:\/\/www.biobey.be\/fr\/wp-json\/wp\/v2\/product"}],"about":[{"href":"https:\/\/www.biobey.be\/fr\/wp-json\/wp\/v2\/types\/product"}],"replies":[{"embeddable":true,"href":"https:\/\/www.biobey.be\/fr\/wp-json\/wp\/v2\/comments?post=2307"}],"wp:featuredmedia":[{"embeddable":true,"href":"https:\/\/www.biobey.be\/fr\/wp-json\/wp\/v2\/media\/352"}],"wp:attachment":[{"href":"https:\/\/www.biobey.be\/fr\/wp-json\/wp\/v2\/media?parent=2307"}],"wp:term":[{"taxonomy":"product_brand","embeddable":true,"href":"https:\/\/www.biobey.be\/fr\/wp-json\/wp\/v2\/product_brand?post=2307"},{"taxonomy":"product_cat","embeddable":true,"href":"https:\/\/www.biobey.be\/fr\/wp-json\/wp\/v2\/product_cat?post=2307"},{"taxonomy":"product_tag","embeddable":true,"href":"https:\/\/www.biobey.be\/fr\/wp-json\/wp\/v2\/product_tag?post=2307"}],"curies":[{"name":"wp","href":"https:\/\/api.w.org\/{rel}","templated":true}]}}