{"id":2308,"date":"2023-08-20T23:15:07","date_gmt":"2023-08-20T21:15:07","guid":{"rendered":"https:\/\/www.biobey.be\/fr-temp\/produit\/rouge-a-levre-naturel-longue-tenue-pink\/"},"modified":"2026-02-14T23:17:47","modified_gmt":"2026-02-14T22:17:47","slug":"rouge-a-levre-naturel-longue-tenue-pink","status":"publish","type":"product","link":"https:\/\/www.biobey.be\/fr\/produit\/rouge-a-levre-naturel-longue-tenue-pink\/","title":{"rendered":"Rouge \u00e0 l\u00e8vre naturel longue tenue Pink Ros\u00e9"},"content":{"rendered":"<p>Le rouge \u00e0 l\u00e8vre naturel longue tenue Pink Ros\u00e9 a une teinte ros\u00e9e et un finish satin\u00e9. La forte concentration de pigments min\u00e9raux garantit une couleur uniforme sur les l\u00e8vres et une longue tenue. Le rouge \u00e0 l\u00e8vre cr\u00e9e un look frais et juv\u00e9nile gr\u00e2ce \u00e0 sa couleur pink ros\u00e9.<\/p>\n<p>Ce rouge \u00e0 l\u00e8vre naturel longue tenue Pink Ros\u00e9 est ludique et tr\u00e8s agr\u00e9able \u00e0 porter. Il met en valeur la beaut\u00e9 naturelle des l\u00e8vres et du visage. Le rouge \u00e0 l\u00e8vre bio Pink Ros\u00e9 est v\u00e9g\u00e9talien et purement naturel. La formule b\u00e9n\u00e9fique hydrate et prot\u00e8ge les l\u00e8vres contre le dess\u00e8chement, les irritations et les rides pr\u00e9matur\u00e9es.<\/p>\n<p>Cela garantit non seulement un aspect radieux, mais aussi un soin intensif des l\u00e8vres.<\/p>\n<h2>Formule soignante du rouge \u00e0 l\u00e8vre naturel longue tenue Pink Ros\u00e9<\/h2>\n<p>Le rouge \u00e0 l\u00e8vre naturel longue tenue Pink Ros\u00e9 de Geoderm est purement naturel et v\u00e9g\u00e9talien. Il est exempt d&rsquo;agents dess\u00e9chants synth\u00e9tiques pr\u00e9sents dans la plupart des rouges \u00e0 l\u00e8vres classiques.<\/p>\n<p>Le rouge \u00e0 l\u00e8vres \u00e9tant absorb\u00e9 \u00e0 son insu par le corps \u00e0 travers la bouche, il est extr\u00eamement important qu&rsquo;il soit exempt de produits chimiques nocifs afin de ne pas surcharger inutilement votre sant\u00e9. Le rouge \u00e0 l\u00e8vre naturel longue tenue Pink Ros\u00e9 de Geoderm, avec sa belle couleur rose frais et mat, ne contient que des ingr\u00e9dients aux nombreux bienfaits pour le corps et la peau.<\/p>\n<p>L&rsquo;extrait de jojoba, par exemple, est anti-inflammatoire et antibact\u00e9rien. Il est utilis\u00e9 pour traiter les champignons et les inflammations. L&rsquo;huile d&rsquo;amande biologique hydrate en profondeur et nourrit intens\u00e9ment gr\u00e2ce \u00e0 sa consistance fine. La vitamine E a un effet antioxydant.<\/p>\n<p>Elle aide \u00e0 prot\u00e9ger la peau contre la d\u00e9shydratation et les rides pr\u00e9matur\u00e9es. La cire v\u00e9g\u00e9tale assure une texture douce et une couleur pleine et durable sur les l\u00e8vres.<\/p>\n<p><strong>Mode d&#8217;emploi :<\/strong> Appliquer le rouge \u00e0 l\u00e8vre directement sur les l\u00e8vres ou avec un pinceau fin. Si n\u00e9cessaire, utilisez un crayon contour pour appliquer le rouge \u00e0 l\u00e8vres sur les l\u00e8vres. Le rouge \u00e0 l\u00e8vres biologique Pink Rose convient aux personnes ayant des l\u00e8vres s\u00e8ches et sensibles.<\/p>\n<p><strong>Ingr\u00e9dients :<\/strong> Prunus amygdalus Dulcis Oil*, Caprylic\/capric Triglyceride, Candelilla Wax, Ricinus communis Seed Oil*, Jojoba Esters, Helianthus annuus Seed Wax, Tocopherol, Acacia decurrens Flower Wax, Polyglycerin-3, Fragnance (Naturel)**<br \/>\n*En provenance de l&rsquo;agriculture biologique.<br \/>\n**Fragnance de composants naturels<\/p>\n<p>Il convient aux l\u00e8vres s\u00e8ches et sensibles.<br \/>\nCertifications : Ecocert, Vegan, Organic Cosmos<br \/>\nCouleur : Rose Rosemet finition satin\u00e9e\/mate<br \/>\nContenu : 4g<\/p>\n","protected":false},"excerpt":{"rendered":"<p><strong>Sp\u00e9cifications du ce rouge \u00e0 l\u00e8vre naturel<\/strong><br \/>\nLe rouge \u00e0 l\u00e8vre naturel longue tenue Pink Ros\u00e9 a une belle couleur rose mat et offre un r\u00e9sultat satin\u00e9\/mat. Les pigments min\u00e9raux de haute qualit\u00e9 assurent une application uniforme de la couleur sur les l\u00e8vres. Gr\u00e2ce \u00e0 la cire v\u00e9g\u00e9tale, le rouge \u00e0 l\u00e8vres est de longue dur\u00e9e.<\/p>\n","protected":false},"featured_media":349,"comment_status":"open","ping_status":"closed","template":"","meta":{"ocean_post_layout":"","ocean_both_sidebars_style":"","ocean_both_sidebars_content_width":0,"ocean_both_sidebars_sidebars_width":0,"ocean_sidebar":"0","ocean_second_sidebar":"0","ocean_disable_margins":"enable","ocean_add_body_class":"","ocean_shortcode_before_top_bar":"","ocean_shortcode_after_top_bar":"","ocean_shortcode_before_header":"","ocean_shortcode_after_header":"","ocean_has_shortcode":"","ocean_shortcode_after_title":"","ocean_shortcode_before_footer_widgets":"","ocean_shortcode_after_footer_widgets":"","ocean_shortcode_before_footer_bottom":"","ocean_shortcode_after_footer_bottom":"","ocean_display_top_bar":"default","ocean_display_header":"default","ocean_header_style":"","ocean_center_header_left_menu":"0","ocean_custom_header_template":"0","ocean_custom_logo":0,"ocean_custom_retina_logo":0,"ocean_custom_logo_max_width":0,"ocean_custom_logo_tablet_max_width":0,"ocean_custom_logo_mobile_max_width":0,"ocean_custom_logo_max_height":0,"ocean_custom_logo_tablet_max_height":0,"ocean_custom_logo_mobile_max_height":0,"ocean_header_custom_menu":"0","ocean_menu_typo_font_family":"0","ocean_menu_typo_font_subset":"","ocean_menu_typo_font_size":0,"ocean_menu_typo_font_size_tablet":0,"ocean_menu_typo_font_size_mobile":0,"ocean_menu_typo_font_size_unit":"px","ocean_menu_typo_font_weight":"","ocean_menu_typo_font_weight_tablet":"","ocean_menu_typo_font_weight_mobile":"","ocean_menu_typo_transform":"","ocean_menu_typo_transform_tablet":"","ocean_menu_typo_transform_mobile":"","ocean_menu_typo_line_height":0,"ocean_menu_typo_line_height_tablet":0,"ocean_menu_typo_line_height_mobile":0,"ocean_menu_typo_line_height_unit":"","ocean_menu_typo_spacing":0,"ocean_menu_typo_spacing_tablet":0,"ocean_menu_typo_spacing_mobile":0,"ocean_menu_typo_spacing_unit":"","ocean_menu_link_color":"","ocean_menu_link_color_hover":"","ocean_menu_link_color_active":"","ocean_menu_link_background":"","ocean_menu_link_hover_background":"","ocean_menu_link_active_background":"","ocean_menu_social_links_bg":"","ocean_menu_social_hover_links_bg":"","ocean_menu_social_links_color":"","ocean_menu_social_hover_links_color":"","ocean_disable_title":"default","ocean_disable_heading":"default","ocean_post_title":"","ocean_post_subheading":"","ocean_post_title_style":"","ocean_post_title_background_color":"","ocean_post_title_background":0,"ocean_post_title_bg_image_position":"","ocean_post_title_bg_image_attachment":"","ocean_post_title_bg_image_repeat":"","ocean_post_title_bg_image_size":"","ocean_post_title_height":0,"ocean_post_title_bg_overlay":0.5,"ocean_post_title_bg_overlay_color":"","ocean_disable_breadcrumbs":"default","ocean_breadcrumbs_color":"","ocean_breadcrumbs_separator_color":"","ocean_breadcrumbs_links_color":"","ocean_breadcrumbs_links_hover_color":"","ocean_display_footer_widgets":"default","ocean_display_footer_bottom":"default","ocean_custom_footer_template":"0"},"product_brand":[116],"product_cat":[55],"product_tag":[126,133,127,128,125],"class_list":{"0":"post-2308","1":"product","2":"type-product","3":"status-publish","4":"has-post-thumbnail","6":"product_brand-geoderm","7":"product_cat-maquillage","8":"product_tag-sans-paraben","9":"product_tag-sansparfumsynthetique","10":"product_tag-sans-silicone","11":"product_tag-sanssulfates","12":"product_tag-vegan","14":"entry","15":"has-media","17":"first","18":"instock","19":"taxable","20":"shipping-taxable","21":"purchasable","22":"product-type-simple","23":"has-rating","24":"col","25":"span_1_of_3","26":"owp-content-center","27":"owp-thumbs-layout-horizontal","28":"owp-btn-normal","29":"owp-tabs-layout-section","30":"has-no-thumbnails","31":"circle-sale"},"_links":{"self":[{"href":"https:\/\/www.biobey.be\/fr\/wp-json\/wp\/v2\/product\/2308","targetHints":{"allow":["GET"]}}],"collection":[{"href":"https:\/\/www.biobey.be\/fr\/wp-json\/wp\/v2\/product"}],"about":[{"href":"https:\/\/www.biobey.be\/fr\/wp-json\/wp\/v2\/types\/product"}],"replies":[{"embeddable":true,"href":"https:\/\/www.biobey.be\/fr\/wp-json\/wp\/v2\/comments?post=2308"}],"wp:featuredmedia":[{"embeddable":true,"href":"https:\/\/www.biobey.be\/fr\/wp-json\/wp\/v2\/media\/349"}],"wp:attachment":[{"href":"https:\/\/www.biobey.be\/fr\/wp-json\/wp\/v2\/media?parent=2308"}],"wp:term":[{"taxonomy":"product_brand","embeddable":true,"href":"https:\/\/www.biobey.be\/fr\/wp-json\/wp\/v2\/product_brand?post=2308"},{"taxonomy":"product_cat","embeddable":true,"href":"https:\/\/www.biobey.be\/fr\/wp-json\/wp\/v2\/product_cat?post=2308"},{"taxonomy":"product_tag","embeddable":true,"href":"https:\/\/www.biobey.be\/fr\/wp-json\/wp\/v2\/product_tag?post=2308"}],"curies":[{"name":"wp","href":"https:\/\/api.w.org\/{rel}","templated":true}]}}