{"id":2309,"date":"2023-09-13T22:30:50","date_gmt":"2023-09-13T20:30:50","guid":{"rendered":"https:\/\/www.biobey.be\/fr-temp\/produit\/poudre-matifiante-minerale-naturelle\/"},"modified":"2025-09-11T18:50:53","modified_gmt":"2025-09-11T16:50:53","slug":"poudre-matifiante-minerale-naturelle","status":"publish","type":"product","link":"https:\/\/www.biobey.be\/fr\/produit\/poudre-matifiante-minerale-naturelle\/","title":{"rendered":"Poudre matifiante min\u00e9rale naturelle 8 g"},"content":{"rendered":"<p>La poudre matifiante min\u00e9rale 100% naturelle a une teinte beige avec des nuances chaudes. Elle convient aux peaux grasses, s\u00e8ches et sensibles. Les min\u00e9raux de haute qualit\u00e9 contenue dans la poudre offrent une couverture moyenne et un teint uniforme. La poudre libre s&rsquo;\u00e9tale uniform\u00e9ment sur le visage. Elle donne un teint naturel et uniforme sans modifier le ton naturel de la peau.<\/p>\n<p>Gr\u00e2ce \u00e0 ses particules de poudre douce, elle n&rsquo;obstrue pas les pores.<\/p>\n<p>La poudre libre matifie la peau et absorbe l&rsquo;exc\u00e8s de s\u00e9bum. Les grains de poudre fine et douce de l&rsquo;extrait d&rsquo;amidon de ma\u00efs biologique minimisent les pores et r\u00e9duisent les imperfections telles que les rides, les taches brunes et la peau brillante.<br \/>\nLa poudre matifiante min\u00e9rale peut \u00eatre utilis\u00e9e pour obtenir une couverture moyenne naturelle sur la peau, pour un look plus naturel et subtil.<\/p>\n<p>Vous pouvez aussi l&rsquo;utiliser apr\u00e8s avoir appliqu\u00e9 un correcteur ou un fond de teint. Cela fixe le maquillage pour qu&rsquo;il dure plus longtemps.<\/p>\n<h2>Formule et action de la poudre matifiante min\u00e9rale<\/h2>\n<p>La poudre matifiante min\u00e9rale Geoderm est exempte d&rsquo;ingr\u00e9dients synth\u00e9tiques qui peuvent endommager la barri\u00e8re cutan\u00e9e et provoquer une sensibilit\u00e9 de la peau. C&rsquo;est un produit pur \u00e0 base de pigments min\u00e9raux naturels, de grains fins d&rsquo;amidon de ma\u00efs et de colorants v\u00e9g\u00e9taux.<\/p>\n<p>La poudre matifiante min\u00e9rale est certifi\u00e9e Ecocert et Vegan. Gr\u00e2ce \u00e0 sa formule naturelle, elle prot\u00e8ge la peau des influences ext\u00e9rieures n\u00e9gatives.<\/p>\n<p><strong>Mode d&#8217;emploi :<\/strong> Appliquez la poudre libre directement sur le visage avec un pinceau ou une \u00e9ponge.<br \/>\nSurtout sur le front, le nez et le menton (zone T). N&rsquo;utilisez pas trop de poudre pour obtenir un effet humide. Pour un fini plus matifiant, appliquez plus de poudre.<\/p>\n<p><strong>Indication<\/strong><br \/>\nLa poudre matifiante min\u00e9rale naturelle offre une couverture moyenne et \u00e9galise la peau. Gr\u00e2ce \u00e0 sa formule pure, elle n&rsquo;ass\u00e8che pas la peau et n&rsquo;obstrue pas les pores. Cette poudre matifiante min\u00e9rale a une texture douce qui s&rsquo;\u00e9tale uniform\u00e9ment sur le visage. Elle convient \u00e0 tous les types de peau et aux peaux sensibles.<\/p>\n<p><strong>Certifications<\/strong> : Vegan, Ecocert<br \/>\n<strong>Teint :<\/strong> beige neutre avec des nuances chaudes<br \/>\n<strong>Contenu<\/strong> : 8g<\/p>\n<p>Ingr\u00e9dients : Amidon de Zea Mays, talc, mica, b\u00e9h\u00e9nate de glyc\u00e9ryle, triglyc\u00e9ride d&rsquo;acide caprylique\/acide caprique, l\u00e9cithine hydrog\u00e9n\u00e9e. (+\/-) CI77891, CI77492, CI77491, CI77499.<\/p>\n","protected":false},"excerpt":{"rendered":"<p>La poudre matifiante min\u00e9rale naturelle, de couleur beige neutre, offre une couverture moyenne et \u00e9galise la peau. Gr\u00e2ce \u00e0 sa formule pure, elle n&rsquo;ass\u00e8che pas la peau et n&rsquo;obstrue pas les pores.<br \/>\nCertifications : Vegan, Ecocert<br \/>\nTeint : beige neutre avec des nuances chaudes<br \/>\nContenu : 8g<\/p>\n","protected":false},"featured_media":361,"comment_status":"open","ping_status":"closed","template":"","meta":{"ocean_post_layout":"","ocean_both_sidebars_style":"","ocean_both_sidebars_content_width":0,"ocean_both_sidebars_sidebars_width":0,"ocean_sidebar":"","ocean_second_sidebar":"","ocean_disable_margins":"enable","ocean_add_body_class":"","ocean_shortcode_before_top_bar":"","ocean_shortcode_after_top_bar":"","ocean_shortcode_before_header":"","ocean_shortcode_after_header":"","ocean_has_shortcode":"","ocean_shortcode_after_title":"","ocean_shortcode_before_footer_widgets":"","ocean_shortcode_after_footer_widgets":"","ocean_shortcode_before_footer_bottom":"","ocean_shortcode_after_footer_bottom":"","ocean_display_top_bar":"default","ocean_display_header":"default","ocean_header_style":"","ocean_center_header_left_menu":"","ocean_custom_header_template":"","ocean_custom_logo":0,"ocean_custom_retina_logo":0,"ocean_custom_logo_max_width":0,"ocean_custom_logo_tablet_max_width":0,"ocean_custom_logo_mobile_max_width":0,"ocean_custom_logo_max_height":0,"ocean_custom_logo_tablet_max_height":0,"ocean_custom_logo_mobile_max_height":0,"ocean_header_custom_menu":"","ocean_menu_typo_font_family":"","ocean_menu_typo_font_subset":"","ocean_menu_typo_font_size":0,"ocean_menu_typo_font_size_tablet":0,"ocean_menu_typo_font_size_mobile":0,"ocean_menu_typo_font_size_unit":"px","ocean_menu_typo_font_weight":"","ocean_menu_typo_font_weight_tablet":"","ocean_menu_typo_font_weight_mobile":"","ocean_menu_typo_transform":"","ocean_menu_typo_transform_tablet":"","ocean_menu_typo_transform_mobile":"","ocean_menu_typo_line_height":0,"ocean_menu_typo_line_height_tablet":0,"ocean_menu_typo_line_height_mobile":0,"ocean_menu_typo_line_height_unit":"","ocean_menu_typo_spacing":0,"ocean_menu_typo_spacing_tablet":0,"ocean_menu_typo_spacing_mobile":0,"ocean_menu_typo_spacing_unit":"","ocean_menu_link_color":"","ocean_menu_link_color_hover":"","ocean_menu_link_color_active":"","ocean_menu_link_background":"","ocean_menu_link_hover_background":"","ocean_menu_link_active_background":"","ocean_menu_social_links_bg":"","ocean_menu_social_hover_links_bg":"","ocean_menu_social_links_color":"","ocean_menu_social_hover_links_color":"","ocean_disable_title":"default","ocean_disable_heading":"default","ocean_post_title":"","ocean_post_subheading":"","ocean_post_title_style":"","ocean_post_title_background_color":"","ocean_post_title_background":0,"ocean_post_title_bg_image_position":"","ocean_post_title_bg_image_attachment":"","ocean_post_title_bg_image_repeat":"","ocean_post_title_bg_image_size":"","ocean_post_title_height":0,"ocean_post_title_bg_overlay":0.5,"ocean_post_title_bg_overlay_color":"","ocean_disable_breadcrumbs":"default","ocean_breadcrumbs_color":"","ocean_breadcrumbs_separator_color":"","ocean_breadcrumbs_links_color":"","ocean_breadcrumbs_links_hover_color":"","ocean_display_footer_widgets":"default","ocean_display_footer_bottom":"default","ocean_custom_footer_template":""},"product_brand":[116],"product_cat":[55],"product_tag":[127,128,125],"class_list":{"0":"post-2309","1":"product","2":"type-product","3":"status-publish","4":"has-post-thumbnail","6":"product_brand-geoderm","7":"product_cat-maquillage","8":"product_tag-sans-silicone","9":"product_tag-sanssulfates","10":"product_tag-vegan","12":"entry","13":"has-media","15":"first","16":"instock","17":"taxable","18":"shipping-taxable","19":"purchasable","20":"product-type-simple","21":"has-rating","22":"col","23":"span_1_of_3","24":"owp-content-center","25":"owp-thumbs-layout-horizontal","26":"owp-btn-normal","27":"owp-tabs-layout-section","28":"has-no-thumbnails","29":"circle-sale"},"_links":{"self":[{"href":"https:\/\/www.biobey.be\/fr\/wp-json\/wp\/v2\/product\/2309","targetHints":{"allow":["GET"]}}],"collection":[{"href":"https:\/\/www.biobey.be\/fr\/wp-json\/wp\/v2\/product"}],"about":[{"href":"https:\/\/www.biobey.be\/fr\/wp-json\/wp\/v2\/types\/product"}],"replies":[{"embeddable":true,"href":"https:\/\/www.biobey.be\/fr\/wp-json\/wp\/v2\/comments?post=2309"}],"wp:featuredmedia":[{"embeddable":true,"href":"https:\/\/www.biobey.be\/fr\/wp-json\/wp\/v2\/media\/361"}],"wp:attachment":[{"href":"https:\/\/www.biobey.be\/fr\/wp-json\/wp\/v2\/media?parent=2309"}],"wp:term":[{"taxonomy":"product_brand","embeddable":true,"href":"https:\/\/www.biobey.be\/fr\/wp-json\/wp\/v2\/product_brand?post=2309"},{"taxonomy":"product_cat","embeddable":true,"href":"https:\/\/www.biobey.be\/fr\/wp-json\/wp\/v2\/product_cat?post=2309"},{"taxonomy":"product_tag","embeddable":true,"href":"https:\/\/www.biobey.be\/fr\/wp-json\/wp\/v2\/product_tag?post=2309"}],"curies":[{"name":"wp","href":"https:\/\/api.w.org\/{rel}","templated":true}]}}