{"id":2311,"date":"2023-08-20T22:30:24","date_gmt":"2023-08-20T20:30:24","guid":{"rendered":"https:\/\/www.biobey.be\/fr-temp\/produit\/stick-correcteur-bio-beige-caramel\/"},"modified":"2025-10-11T00:08:12","modified_gmt":"2025-10-10T22:08:12","slug":"stick-correcteur-bio-beige-caramel","status":"publish","type":"product","link":"https:\/\/www.biobey.be\/fr\/produit\/stick-correcteur-bio-beige-caramel\/","title":{"rendered":"Stick correcteur bio beige caramel"},"content":{"rendered":"<p>Stick correcteur bio beige caramel Geoderm camoufle efficacement les imperfections telles que les boutons, les rougeurs, la pigmentation, les poches et les rides. Le correcteur v\u00e9g\u00e9talien en stick \u00e0 base de cire v\u00e9g\u00e9tale a une texture cr\u00e9meuse. La peau n&rsquo;a pas l&rsquo;air s\u00e8che apr\u00e8s l&rsquo;utilisation du correcteur.<\/p>\n<p>Au contraire, le stick correcteur bio cr\u00e9e un look naturel et hydrat\u00e9 et assure un teint uniforme. Le stick correcteur bio a une couleur beige caramel. Il est fabriqu\u00e9 \u00e0 base d&rsquo;extraits organiques, de cire v\u00e9g\u00e9tale et de pigments min\u00e9raux. Ce correcteur naturel n&rsquo;a pas seulement un effet camouflant.<\/p>\n<p>Il soigne et prot\u00e8ge la peau. Il convient aux peaux grasses, s\u00e8ches et sensibles. Les pigments min\u00e9raux intensifs couvrent les imperfections sans endommager la barri\u00e8re naturelle de la peau.<\/p>\n<h2>Stick correcteur bio min\u00e9ral \u00e0 l&rsquo;extrait d&rsquo;huile d&rsquo;Abbessin<\/h2>\n<p>Les pigments min\u00e9raux de haute qualit\u00e9 cr\u00e9ent un teint uniforme. Stick correcteur bio beige caramel a une couverture moyenne et est bien absorb\u00e9 gr\u00e2ce \u00e0 sa texture douce. L&rsquo;anticerne ne laisse pas de film huileux et ne forme pas de rides suppl\u00e9mentaires autour des rides. La cire v\u00e9g\u00e9tale permet au correcteur de durer plus longtemps et est facile \u00e0 appliquer.<\/p>\n<p>L&rsquo;un des ingr\u00e9dients actifs du stick anti-cernes naturel est l&rsquo;extrait d&rsquo;huile d&rsquo;Abbessin. Elle est utilis\u00e9e pour soigner les types de peaux s\u00e8ches et grasses. L&rsquo;huile p\u00e9n\u00e8tre rapidement dans la peau et renforce la couche protectrice naturelle. La composition de haute qualit\u00e9 du correcteur camoufle les irr\u00e9gularit\u00e9s et soigne la peau.<\/p>\n<p><strong>Mode d&#8217;emploi<\/strong> : Appliquez le correcteur sur les zones irr\u00e9guli\u00e8res et faites-le p\u00e9n\u00e9trer avec les doigts ou une \u00e9ponge \u00e0 maquillage. Le correcteur peut \u00e9galement \u00eatre utilis\u00e9 pour souligner les contours et la forme du visage.<\/p>\n<p><strong>Ingr\u00e9dients :<\/strong> Prunus amygdalus Dulcis Oil*, Candelilla Cera, Caprylic\/capric Triglyceride, Jojoba Esters, Isostearyl Isostearate, Helianthus annuus Seed Wax, Crambe Abyssinica Seed Oil, Acacia decurrens Flower Wax, Polyglycerin-3, Tocopherol. (+\/-) CI77891, CI77492, CI77491, CI77499.<br \/>\n*En provenance de l&rsquo;agriculture biologique.<\/p>\n","protected":false},"excerpt":{"rendered":"<p>Le stick correcteur naturel a une texture cr\u00e9meuse et une couleur beige caramel. Il camoufle les poches, les cernes, l&rsquo;acn\u00e9 et autres imperfections. Le correcteur de Geoderm est \u00e0 base de pigments min\u00e9raux et de cires v\u00e9g\u00e9tales. Il p\u00e9n\u00e8tre rapidement dans la peau et procure un teint uniforme et une couverture moyenne. Ce correcteur v\u00e9g\u00e9talien convient aux peaux sensibles.<\/p>\n<p>Couleur : beige caramel<br \/>\nTexture : texture cr\u00e9meuse qui s&rsquo;adapte bien \u00e0 la peau<br \/>\nContenu : 4g<br \/>\nCertifications : ECOCERT, Organic Cosmos, Vegan<\/p>\n","protected":false},"featured_media":353,"comment_status":"open","ping_status":"closed","template":"","meta":{"ocean_post_layout":"","ocean_both_sidebars_style":"","ocean_both_sidebars_content_width":0,"ocean_both_sidebars_sidebars_width":0,"ocean_sidebar":"0","ocean_second_sidebar":"0","ocean_disable_margins":"enable","ocean_add_body_class":"","ocean_shortcode_before_top_bar":"","ocean_shortcode_after_top_bar":"","ocean_shortcode_before_header":"","ocean_shortcode_after_header":"","ocean_has_shortcode":"","ocean_shortcode_after_title":"","ocean_shortcode_before_footer_widgets":"","ocean_shortcode_after_footer_widgets":"","ocean_shortcode_before_footer_bottom":"","ocean_shortcode_after_footer_bottom":"","ocean_display_top_bar":"default","ocean_display_header":"default","ocean_header_style":"","ocean_center_header_left_menu":"0","ocean_custom_header_template":"0","ocean_custom_logo":0,"ocean_custom_retina_logo":0,"ocean_custom_logo_max_width":0,"ocean_custom_logo_tablet_max_width":0,"ocean_custom_logo_mobile_max_width":0,"ocean_custom_logo_max_height":0,"ocean_custom_logo_tablet_max_height":0,"ocean_custom_logo_mobile_max_height":0,"ocean_header_custom_menu":"0","ocean_menu_typo_font_family":"0","ocean_menu_typo_font_subset":"","ocean_menu_typo_font_size":0,"ocean_menu_typo_font_size_tablet":0,"ocean_menu_typo_font_size_mobile":0,"ocean_menu_typo_font_size_unit":"px","ocean_menu_typo_font_weight":"","ocean_menu_typo_font_weight_tablet":"","ocean_menu_typo_font_weight_mobile":"","ocean_menu_typo_transform":"","ocean_menu_typo_transform_tablet":"","ocean_menu_typo_transform_mobile":"","ocean_menu_typo_line_height":0,"ocean_menu_typo_line_height_tablet":0,"ocean_menu_typo_line_height_mobile":0,"ocean_menu_typo_line_height_unit":"","ocean_menu_typo_spacing":0,"ocean_menu_typo_spacing_tablet":0,"ocean_menu_typo_spacing_mobile":0,"ocean_menu_typo_spacing_unit":"","ocean_menu_link_color":"","ocean_menu_link_color_hover":"","ocean_menu_link_color_active":"","ocean_menu_link_background":"","ocean_menu_link_hover_background":"","ocean_menu_link_active_background":"","ocean_menu_social_links_bg":"","ocean_menu_social_hover_links_bg":"","ocean_menu_social_links_color":"","ocean_menu_social_hover_links_color":"","ocean_disable_title":"default","ocean_disable_heading":"default","ocean_post_title":"","ocean_post_subheading":"","ocean_post_title_style":"","ocean_post_title_background_color":"","ocean_post_title_background":0,"ocean_post_title_bg_image_position":"","ocean_post_title_bg_image_attachment":"","ocean_post_title_bg_image_repeat":"","ocean_post_title_bg_image_size":"","ocean_post_title_height":0,"ocean_post_title_bg_overlay":0.5,"ocean_post_title_bg_overlay_color":"","ocean_disable_breadcrumbs":"default","ocean_breadcrumbs_color":"","ocean_breadcrumbs_separator_color":"","ocean_breadcrumbs_links_color":"","ocean_breadcrumbs_links_hover_color":"","ocean_display_footer_widgets":"default","ocean_display_footer_bottom":"default","ocean_custom_footer_template":"0"},"product_brand":[116],"product_cat":[55],"product_tag":[126,133,127,128,125],"class_list":{"0":"post-2311","1":"product","2":"type-product","3":"status-publish","4":"has-post-thumbnail","6":"product_brand-geoderm","7":"product_cat-maquillage","8":"product_tag-sans-paraben","9":"product_tag-sansparfumsynthetique","10":"product_tag-sans-silicone","11":"product_tag-sanssulfates","12":"product_tag-vegan","14":"entry","15":"has-media","17":"first","18":"instock","19":"taxable","20":"shipping-taxable","21":"purchasable","22":"product-type-simple","23":"has-rating","24":"col","25":"span_1_of_3","26":"owp-content-center","27":"owp-thumbs-layout-horizontal","28":"owp-btn-normal","29":"owp-tabs-layout-section","30":"has-no-thumbnails","31":"circle-sale"},"_links":{"self":[{"href":"https:\/\/www.biobey.be\/fr\/wp-json\/wp\/v2\/product\/2311","targetHints":{"allow":["GET"]}}],"collection":[{"href":"https:\/\/www.biobey.be\/fr\/wp-json\/wp\/v2\/product"}],"about":[{"href":"https:\/\/www.biobey.be\/fr\/wp-json\/wp\/v2\/types\/product"}],"replies":[{"embeddable":true,"href":"https:\/\/www.biobey.be\/fr\/wp-json\/wp\/v2\/comments?post=2311"}],"wp:featuredmedia":[{"embeddable":true,"href":"https:\/\/www.biobey.be\/fr\/wp-json\/wp\/v2\/media\/353"}],"wp:attachment":[{"href":"https:\/\/www.biobey.be\/fr\/wp-json\/wp\/v2\/media?parent=2311"}],"wp:term":[{"taxonomy":"product_brand","embeddable":true,"href":"https:\/\/www.biobey.be\/fr\/wp-json\/wp\/v2\/product_brand?post=2311"},{"taxonomy":"product_cat","embeddable":true,"href":"https:\/\/www.biobey.be\/fr\/wp-json\/wp\/v2\/product_cat?post=2311"},{"taxonomy":"product_tag","embeddable":true,"href":"https:\/\/www.biobey.be\/fr\/wp-json\/wp\/v2\/product_tag?post=2311"}],"curies":[{"name":"wp","href":"https:\/\/api.w.org\/{rel}","templated":true}]}}