{"id":2312,"date":"2025-05-23T02:11:39","date_gmt":"2025-05-23T00:11:39","guid":{"rendered":"https:\/\/www.biobey.be\/fr-temp\/produit\/enlumineur-stick-intense-rose-naturel\/"},"modified":"2025-10-10T23:56:46","modified_gmt":"2025-10-10T21:56:46","slug":"enlumineur-stick-intense-rose-naturel","status":"publish","type":"product","link":"https:\/\/www.biobey.be\/fr\/produit\/enlumineur-stick-intense-rose-naturel\/","title":{"rendered":"Enlumineur stick intense rose naturel"},"content":{"rendered":"<p>Vous souhaitez acheter un enlumineur min\u00e9ral sans ingr\u00e9dients synth\u00e9tiques ? Enlumineur stick intense ros\u00e9 naturel \u00e0 base de pigments min\u00e9raux et de mica donne un teint ros\u00e9 intense et lumineux.<\/p>\n<p>Gr\u00e2ce \u00e0 sa texture cr\u00e9meuse, il est tr\u00e8s facile \u00e0 appliquer sur la peau. Il ne provoque pas de taches s\u00e8ches sur la peau. Enlumineur stick intense ros\u00e9 est un produit enti\u00e8rement naturel, sans ingr\u00e9dients synth\u00e9tiques.<\/p>\n<p><strong>Principales caract\u00e9ristiques du stick enlumineur intense ros\u00e9<\/strong><\/p>\n<ul>\n<li>n&rsquo;obstrue pas les pores<\/li>\n<li>longue tenue<\/li>\n<li>ne dess\u00e8che pas la peau, ne provoque pas de zones s\u00e8ches<\/li>\n<li>contient des composants qui prot\u00e8gent contre les radicaux libres<\/li>\n<\/ul>\n<p>Il ne contient que des composants soignants qui hydratent le visage. Il n&rsquo;obstrue pas les pores et ne dess\u00e8che pas la peau. L&rsquo;highlighter naturel en stick Intense Ros\u00e9 est id\u00e9al pour un teint frais et un look radieux. Il cr\u00e9e des reflets brillants sur le visage, autour <span style=\"color: #0000ff;\"><a style=\"color: #0000ff;\" href=\"https:\/\/www.biobey.be\/fr\/produit\/mascara-3d-hypoallergenique-bio-10ml\/\">des yeux<\/a> <\/span>et des l\u00e8vres.<\/p>\n<p>L&rsquo;highlighter naturel en stick Intense Ros\u00e9 offre un finish transparent, mais radieux. Si vous recherchez un produit de soin avec un effet illuminateur subtil, essayez le <span style=\"color: #0000ff;\"><a style=\"color: #0000ff;\" href=\"https:\/\/www.biobey.be\/fr\/produit\/base-de-teint-illuminatrice-glow-perfect\/\">s\u00e9rum effet \u00e9clat de Lepo<\/a><\/span><\/p>\n<h2>Composition de l&rsquo;enlumineur nacr\u00e9 frais et efficace<\/h2>\n<p>Enlumineur stick Geoderm est enti\u00e8rement compos\u00e9 d&rsquo;ingr\u00e9dients biologiques et naturels. Sa formule douce permet non seulement de cr\u00e9er un beau look, mais aussi de nourrir la peau. L&rsquo;ingr\u00e9dient principal est l&rsquo;huile de noix de coco biologique. Il est connu pour son effet positif sur le corps.<\/p>\n<p>La substance acide laurique de l&rsquo;huile de noix de coco emp\u00eache la peau de se dess\u00e9cher et a un effet protecteur contre les radicaux libres. Ainsi, l&rsquo;extrait d&rsquo;huile de noix de coco est utilis\u00e9 pour pr\u00e9venir le vieillissement pr\u00e9matur\u00e9 de la peau. En outre, il contient des acides gras satur\u00e9s qui contribuent \u00e0 renforcer la barri\u00e8re cutan\u00e9e.<\/p>\n<p>L&rsquo;extrait de mica certifi\u00e9 est une alternative naturelle aux paillettes synth\u00e9tiques et aux microplastiques que l&rsquo;on trouve dans la plupart des produits de beaut\u00e9 et de maquillage conventionnels.<\/p>\n<p><strong>Mode d&#8217;emploi :<\/strong> Utilisez cet enlumineur stick intense ros\u00e9 naturel apr\u00e8s avoir appliqu\u00e9 le maquillage de base tel que le fond de teint ou l&rsquo;anticerne. Appliquez le stick enlumineur directement sur les grandes zones du visage telles que les pommettes, le front, la ligne du nez et le menton.<\/p>\n<p>Utilisez un pinceau fin pour mettre en valeur les petites zones comme l&rsquo;arc de cupidon, le dessous des sourcils et les coins int\u00e9rieurs des yeux.<\/p>\n<h3>Caract\u00e9ristiques de l\u2019enlumineur stick intense ros\u00e9 naturel<\/h3>\n<p>Le stick enlumineur intense ros\u00e9 naturel aux pigments min\u00e9raux a une teinte chaude rose intense. Il donne au visage un \u00e9clat naturel et une apparence fra\u00eeche. Le stick \u00e0 la texture cr\u00e9meuse est facile \u00e0 appliquer sur le visage.<\/p>\n<p>Le stick enlumineur intense ros\u00e9 naturel accentue naturellement les points forts du visage. La formule douce n&rsquo;obstrue pas les pores et ne dess\u00e8che pas la peau. Il convient \u00e0 tous les types de peau, y compris les peaux sensibles.<\/p>\n<p><strong>Certifications<\/strong> : Ecocert, Cosmos Organic<br \/>\nContenu : 4 g<\/p>\n<p>Ingr\u00e9dients : Huile de graines de Ricinus communis*, Huile de Cocos Nucifera*, Cera Alba*, Mica, Tocopherol, CI77891, CI77007, CI77491.<\/p>\n","protected":false},"excerpt":{"rendered":"<p>Enlumineur stick Intense Ros\u00e9 naturel cr\u00e9e un visage naturellement radieux et un look frais sans obstruer les pores ni dess\u00e9cher la peau. Le stick \u00e0 la texture cr\u00e9meuse est facile \u00e0 appliquer sur le visage. Longue tenue<\/p>\n","protected":false},"featured_media":355,"comment_status":"open","ping_status":"closed","template":"","meta":{"ocean_post_layout":"","ocean_both_sidebars_style":"","ocean_both_sidebars_content_width":0,"ocean_both_sidebars_sidebars_width":0,"ocean_sidebar":"0","ocean_second_sidebar":"0","ocean_disable_margins":"enable","ocean_add_body_class":"","ocean_shortcode_before_top_bar":"","ocean_shortcode_after_top_bar":"","ocean_shortcode_before_header":"","ocean_shortcode_after_header":"","ocean_has_shortcode":"","ocean_shortcode_after_title":"","ocean_shortcode_before_footer_widgets":"","ocean_shortcode_after_footer_widgets":"","ocean_shortcode_before_footer_bottom":"","ocean_shortcode_after_footer_bottom":"","ocean_display_top_bar":"default","ocean_display_header":"default","ocean_header_style":"","ocean_center_header_left_menu":"0","ocean_custom_header_template":"0","ocean_custom_logo":0,"ocean_custom_retina_logo":0,"ocean_custom_logo_max_width":0,"ocean_custom_logo_tablet_max_width":0,"ocean_custom_logo_mobile_max_width":0,"ocean_custom_logo_max_height":0,"ocean_custom_logo_tablet_max_height":0,"ocean_custom_logo_mobile_max_height":0,"ocean_header_custom_menu":"0","ocean_menu_typo_font_family":"0","ocean_menu_typo_font_subset":"","ocean_menu_typo_font_size":0,"ocean_menu_typo_font_size_tablet":0,"ocean_menu_typo_font_size_mobile":0,"ocean_menu_typo_font_size_unit":"px","ocean_menu_typo_font_weight":"","ocean_menu_typo_font_weight_tablet":"","ocean_menu_typo_font_weight_mobile":"","ocean_menu_typo_transform":"","ocean_menu_typo_transform_tablet":"","ocean_menu_typo_transform_mobile":"","ocean_menu_typo_line_height":0,"ocean_menu_typo_line_height_tablet":0,"ocean_menu_typo_line_height_mobile":0,"ocean_menu_typo_line_height_unit":"","ocean_menu_typo_spacing":0,"ocean_menu_typo_spacing_tablet":0,"ocean_menu_typo_spacing_mobile":0,"ocean_menu_typo_spacing_unit":"","ocean_menu_link_color":"","ocean_menu_link_color_hover":"","ocean_menu_link_color_active":"","ocean_menu_link_background":"","ocean_menu_link_hover_background":"","ocean_menu_link_active_background":"","ocean_menu_social_links_bg":"","ocean_menu_social_hover_links_bg":"","ocean_menu_social_links_color":"","ocean_menu_social_hover_links_color":"","ocean_disable_title":"default","ocean_disable_heading":"default","ocean_post_title":"","ocean_post_subheading":"","ocean_post_title_style":"","ocean_post_title_background_color":"","ocean_post_title_background":0,"ocean_post_title_bg_image_position":"","ocean_post_title_bg_image_attachment":"","ocean_post_title_bg_image_repeat":"","ocean_post_title_bg_image_size":"","ocean_post_title_height":0,"ocean_post_title_bg_overlay":0.5,"ocean_post_title_bg_overlay_color":"","ocean_disable_breadcrumbs":"default","ocean_breadcrumbs_color":"","ocean_breadcrumbs_separator_color":"","ocean_breadcrumbs_links_color":"","ocean_breadcrumbs_links_hover_color":"","ocean_display_footer_widgets":"default","ocean_display_footer_bottom":"default","ocean_custom_footer_template":"0"},"product_brand":[116],"product_cat":[55],"product_tag":[133,127,128,125],"class_list":{"0":"post-2312","1":"product","2":"type-product","3":"status-publish","4":"has-post-thumbnail","6":"product_brand-geoderm","7":"product_cat-maquillage","8":"product_tag-sansparfumsynthetique","9":"product_tag-sans-silicone","10":"product_tag-sanssulfates","11":"product_tag-vegan","13":"entry","14":"has-media","16":"first","17":"instock","18":"taxable","19":"shipping-taxable","20":"purchasable","21":"product-type-simple","22":"has-rating","23":"col","24":"span_1_of_3","25":"owp-content-center","26":"owp-thumbs-layout-horizontal","27":"owp-btn-normal","28":"owp-tabs-layout-section","29":"has-no-thumbnails","30":"circle-sale"},"_links":{"self":[{"href":"https:\/\/www.biobey.be\/fr\/wp-json\/wp\/v2\/product\/2312","targetHints":{"allow":["GET"]}}],"collection":[{"href":"https:\/\/www.biobey.be\/fr\/wp-json\/wp\/v2\/product"}],"about":[{"href":"https:\/\/www.biobey.be\/fr\/wp-json\/wp\/v2\/types\/product"}],"replies":[{"embeddable":true,"href":"https:\/\/www.biobey.be\/fr\/wp-json\/wp\/v2\/comments?post=2312"}],"wp:featuredmedia":[{"embeddable":true,"href":"https:\/\/www.biobey.be\/fr\/wp-json\/wp\/v2\/media\/355"}],"wp:attachment":[{"href":"https:\/\/www.biobey.be\/fr\/wp-json\/wp\/v2\/media?parent=2312"}],"wp:term":[{"taxonomy":"product_brand","embeddable":true,"href":"https:\/\/www.biobey.be\/fr\/wp-json\/wp\/v2\/product_brand?post=2312"},{"taxonomy":"product_cat","embeddable":true,"href":"https:\/\/www.biobey.be\/fr\/wp-json\/wp\/v2\/product_cat?post=2312"},{"taxonomy":"product_tag","embeddable":true,"href":"https:\/\/www.biobey.be\/fr\/wp-json\/wp\/v2\/product_tag?post=2312"}],"curies":[{"name":"wp","href":"https:\/\/api.w.org\/{rel}","templated":true}]}}