{"id":2313,"date":"2023-08-20T22:59:36","date_gmt":"2023-08-20T20:59:36","guid":{"rendered":"https:\/\/www.biobey.be\/fr-temp\/produit\/rouge-a-levres-bio-satin-candy-cane\/"},"modified":"2026-04-19T21:06:42","modified_gmt":"2026-04-19T19:06:42","slug":"rouge-a-levres-bio-satin-candy-cane","status":"publish","type":"product","link":"https:\/\/www.biobey.be\/fr\/produit\/rouge-a-levres-bio-satin-candy-cane\/","title":{"rendered":"Rouge \u00e0 l\u00e8vres bio satin Candy Cane (cerise claire)"},"content":{"rendered":"<p>Le rouge \u00e0 l\u00e8vres bio satin Candy Cane a un effet longue tenue. Ce rouge \u00e0 l\u00e8vres rouge cerise clair cr\u00e9e un fini satin\u00e9. C&rsquo;est un rouge \u00e0 l\u00e8vres 100% naturel \u00e0 base d&rsquo;huiles organiques et de cires v\u00e9g\u00e9tales. Cette teinte convient \u00e0 la fois pour un look naturel chaud et pour un maquillage subtil.<\/p>\n<p>Ainsi que pour des looks plus spectaculaires avec un maquillage dramatique des yeux. La texture cr\u00e9meuse est agr\u00e9ablement douce sur les l\u00e8vres et ne les dess\u00e8che pas. Les pigments de haute qualit\u00e9 d\u00e9finissent la beaut\u00e9 naturelle des l\u00e8vres. Le rouge \u00e0 l\u00e8vres bio longue tenue Candy Cane contient des cires v\u00e9g\u00e9tales qui adoucissent les l\u00e8vres et les prot\u00e8gent contre les influences ext\u00e9rieures. Cela emp\u00eache les l\u00e8vres de se dess\u00e9cher. De plus, il nourrit et adoucit les l\u00e8vres gr\u00e2ce \u00e0 sa puissante formule biologique.<\/p>\n<h2>Rouge \u00e0 l\u00e8vres bio satin Candy Cane avec jojoba<\/h2>\n<p>Le rouge \u00e0 l\u00e8vres bio longue tenue Geoderm est v\u00e9g\u00e9talien et purement naturel, \u00e0 base de pigments min\u00e9raux naturels. Il contient des ingr\u00e9dients tels que l&rsquo;huile d&rsquo;amande, l&rsquo;extrait de jojoba, l&rsquo;huile de ricin et la cire v\u00e9g\u00e9tale. L&rsquo;huile d&rsquo;amande biologique est riche en vitamine E. Elle prot\u00e8ge les l\u00e8vres du dess\u00e8chement et des rides.<\/p>\n<p>L&rsquo;huile de ricin est traditionnellement utilis\u00e9e pour soigner les l\u00e8vres. Rouge \u00e0 l\u00e8vres bio satin Candy Cane pr\u00e9vient le dess\u00e8chement des l\u00e8vres gr\u00e2ce \u00e0 ses propri\u00e9t\u00e9s nourrissantes. L&rsquo;huile de coul\u00e9e, riche en vitamines, adoucit les l\u00e8vres et r\u00e9pare les l\u00e8vres \u00e9caill\u00e9es. Les cires v\u00e9g\u00e9tales, associ\u00e9es aux huiles v\u00e9g\u00e9tales, soignent et maintiennent l&rsquo;hydratation des l\u00e8vres.<\/p>\n<p><strong>Mode d&#8217;emploi :<\/strong> Appliquer le rouge \u00e0 l\u00e8vres bio directement ou avec un pinceau sur les l\u00e8vres. Commencez au milieu de la l\u00e8vre, puis glissez vers les coins de la bouche. Une seule couche suffit pour obtenir de belles l\u00e8vres pleines. Pour un look plus intense, une deuxi\u00e8me couche peut \u00eatre appliqu\u00e9e.<\/p>\n<p><strong>Indication :<\/strong><br \/>\nLe rouge \u00e0 l\u00e8vres bio longue tenue Candy Cane \u00e0 forte couvrance a un sous-ton chaud et une finition satin\u00e9e. Sa formule douce convient aux l\u00e8vres sensibles et s\u00e8ches. Le rouge \u00e0 l\u00e8vres bio Candy Cane de Geoderm est exempt d&rsquo;ingr\u00e9dients irritants, dess\u00e9chants et synth\u00e9tiques.<br \/>\nContenu : 4 g<br \/>\nCouleur : Rouge \/ Rouge cerise clair<br \/>\nCertificats : Biologique et v\u00e9g\u00e9talien<\/p>\n<p><strong>Ingr\u00e9dients :<\/strong> Prunus amygdalus Dulcis Oil*, Candelilla Cera, Ricinus communis Seed Oil*, Caprylic\/capric Triglyceride, Jojoba Esters, Helianthus annuus Seed Wax, Acacia decurrens Flower Wax, Polyglycerin-3, Tocopheryl Acetate, Fragnance (Naturel), CI15850.<\/p>\n<p>* De l&rsquo;agriculture biologique.<br \/>\nIssu de l&rsquo;agriculture biologique. ** Fragnance d&rsquo;origine naturelle.<\/p>\n","protected":false},"excerpt":{"rendered":"<p>Le rouge \u00e0 l\u00e8vres bio satin Candy Cane (cerise claire) longue tenue a un sous-ton chaud. Il donne \u00e0 vos l\u00e8vres un fini satin\u00e9. La formule douce convient aux l\u00e8vres sensibles et s\u00e8ches.<\/p>\n","protected":false},"featured_media":362,"comment_status":"open","ping_status":"closed","template":"","meta":{"ocean_post_layout":"","ocean_both_sidebars_style":"","ocean_both_sidebars_content_width":0,"ocean_both_sidebars_sidebars_width":0,"ocean_sidebar":"0","ocean_second_sidebar":"0","ocean_disable_margins":"enable","ocean_add_body_class":"","ocean_shortcode_before_top_bar":"","ocean_shortcode_after_top_bar":"","ocean_shortcode_before_header":"","ocean_shortcode_after_header":"","ocean_has_shortcode":"","ocean_shortcode_after_title":"","ocean_shortcode_before_footer_widgets":"","ocean_shortcode_after_footer_widgets":"","ocean_shortcode_before_footer_bottom":"","ocean_shortcode_after_footer_bottom":"","ocean_display_top_bar":"default","ocean_display_header":"default","ocean_header_style":"","ocean_center_header_left_menu":"0","ocean_custom_header_template":"0","ocean_custom_logo":0,"ocean_custom_retina_logo":0,"ocean_custom_logo_max_width":0,"ocean_custom_logo_tablet_max_width":0,"ocean_custom_logo_mobile_max_width":0,"ocean_custom_logo_max_height":0,"ocean_custom_logo_tablet_max_height":0,"ocean_custom_logo_mobile_max_height":0,"ocean_header_custom_menu":"0","ocean_menu_typo_font_family":"0","ocean_menu_typo_font_subset":"","ocean_menu_typo_font_size":0,"ocean_menu_typo_font_size_tablet":0,"ocean_menu_typo_font_size_mobile":0,"ocean_menu_typo_font_size_unit":"px","ocean_menu_typo_font_weight":"","ocean_menu_typo_font_weight_tablet":"","ocean_menu_typo_font_weight_mobile":"","ocean_menu_typo_transform":"","ocean_menu_typo_transform_tablet":"","ocean_menu_typo_transform_mobile":"","ocean_menu_typo_line_height":0,"ocean_menu_typo_line_height_tablet":0,"ocean_menu_typo_line_height_mobile":0,"ocean_menu_typo_line_height_unit":"","ocean_menu_typo_spacing":0,"ocean_menu_typo_spacing_tablet":0,"ocean_menu_typo_spacing_mobile":0,"ocean_menu_typo_spacing_unit":"","ocean_menu_link_color":"","ocean_menu_link_color_hover":"","ocean_menu_link_color_active":"","ocean_menu_link_background":"","ocean_menu_link_hover_background":"","ocean_menu_link_active_background":"","ocean_menu_social_links_bg":"","ocean_menu_social_hover_links_bg":"","ocean_menu_social_links_color":"","ocean_menu_social_hover_links_color":"","ocean_disable_title":"default","ocean_disable_heading":"default","ocean_post_title":"","ocean_post_subheading":"","ocean_post_title_style":"","ocean_post_title_background_color":"","ocean_post_title_background":0,"ocean_post_title_bg_image_position":"","ocean_post_title_bg_image_attachment":"","ocean_post_title_bg_image_repeat":"","ocean_post_title_bg_image_size":"","ocean_post_title_height":0,"ocean_post_title_bg_overlay":0.5,"ocean_post_title_bg_overlay_color":"","ocean_disable_breadcrumbs":"default","ocean_breadcrumbs_color":"","ocean_breadcrumbs_separator_color":"","ocean_breadcrumbs_links_color":"","ocean_breadcrumbs_links_hover_color":"","ocean_display_footer_widgets":"default","ocean_display_footer_bottom":"default","ocean_custom_footer_template":"0"},"product_brand":[116],"product_cat":[55],"product_tag":[126,133,127,125],"class_list":{"0":"post-2313","1":"product","2":"type-product","3":"status-publish","4":"has-post-thumbnail","6":"product_brand-geoderm","7":"product_cat-maquillage","8":"product_tag-sans-paraben","9":"product_tag-sansparfumsynthetique","10":"product_tag-sans-silicone","11":"product_tag-vegan","13":"entry","14":"has-media","16":"first","17":"instock","18":"taxable","19":"shipping-taxable","20":"purchasable","21":"product-type-simple","22":"has-rating","23":"col","24":"span_1_of_3","25":"owp-content-center","26":"owp-thumbs-layout-horizontal","27":"owp-btn-normal","28":"owp-tabs-layout-section","29":"has-no-thumbnails","30":"circle-sale"},"_links":{"self":[{"href":"https:\/\/www.biobey.be\/fr\/wp-json\/wp\/v2\/product\/2313","targetHints":{"allow":["GET"]}}],"collection":[{"href":"https:\/\/www.biobey.be\/fr\/wp-json\/wp\/v2\/product"}],"about":[{"href":"https:\/\/www.biobey.be\/fr\/wp-json\/wp\/v2\/types\/product"}],"replies":[{"embeddable":true,"href":"https:\/\/www.biobey.be\/fr\/wp-json\/wp\/v2\/comments?post=2313"}],"wp:featuredmedia":[{"embeddable":true,"href":"https:\/\/www.biobey.be\/fr\/wp-json\/wp\/v2\/media\/362"}],"wp:attachment":[{"href":"https:\/\/www.biobey.be\/fr\/wp-json\/wp\/v2\/media?parent=2313"}],"wp:term":[{"taxonomy":"product_brand","embeddable":true,"href":"https:\/\/www.biobey.be\/fr\/wp-json\/wp\/v2\/product_brand?post=2313"},{"taxonomy":"product_cat","embeddable":true,"href":"https:\/\/www.biobey.be\/fr\/wp-json\/wp\/v2\/product_cat?post=2313"},{"taxonomy":"product_tag","embeddable":true,"href":"https:\/\/www.biobey.be\/fr\/wp-json\/wp\/v2\/product_tag?post=2313"}],"curies":[{"name":"wp","href":"https:\/\/api.w.org\/{rel}","templated":true}]}}