{"id":2314,"date":"2025-05-24T00:35:19","date_gmt":"2025-05-23T22:35:19","guid":{"rendered":"https:\/\/www.biobey.be\/fr-temp\/produit\/enlumineur-mineral-en-stick-beige-dore-4g\/"},"modified":"2026-01-12T15:42:58","modified_gmt":"2026-01-12T14:42:58","slug":"enlumineur-mineral-en-stick-beige-dore-4g","status":"publish","type":"product","link":"https:\/\/www.biobey.be\/fr\/produit\/enlumineur-mineral-en-stick-beige-dore-4g\/","title":{"rendered":"Enlumineur min\u00e9ral en stick beige dor\u00e9 Geoderm"},"content":{"rendered":"<p>Vous cherchez un highlighter min\u00e9ral naturel en stick? Enlumineur min\u00e9ral en stick de Geoderm est naturel et vegan. Gr\u00e2ce \u00e0 sa brillance naturelle, l&rsquo;highlighter donne un bel \u00e9clat au visage et au d\u00e9collet\u00e9.<\/p>\n<p>Les pigments min\u00e9raux r\u00e9fl\u00e9chissants aux reflets nacr\u00e9s soulignent les beaux traits du visage. L&rsquo;highlighter est id\u00e9al pour camoufler les peaux fatigu\u00e9es et cr\u00e9er un look frais et radieux. Le<span style=\"color: #003300;\"> <a style=\"color: #003300;\" href=\"https:\/\/www.biobey.be\/fr\/produit\/fond-de-teint-bio-silk-lepo-05-beige-50ml\/\">fond de teint cr\u00e8me de soie Lepo<\/a> <\/span>a une consistance fine qui permet de l&rsquo;utiliser avec un illuminateur min\u00e9ral en stick.<\/p>\n<p><strong>Pourquoi utiliser un highlighter min\u00e9ral naturel en stick?<\/strong><\/p>\n<p>Fonctions:<\/p>\n<ol>\n<li>camoufler les peaux fatigu\u00e9es<\/li>\n<li>peau fra\u00eeche et \u00e9clatante<\/li>\n<li>effet lumineux de la peau, souligne les joues<\/li>\n<li>L&rsquo;huile de caster bio prot\u00e8ge la peau du dess\u00e8chement<\/li>\n<\/ol>\n<p>Sa texture douce et cr\u00e9meuse permet d&rsquo;ajuster facilement l&rsquo;intensit\u00e9. Il \u00e9claircit la peau de mani\u00e8re naturelle. L&rsquo;highlighter tient plus longtemps sur la peau gr\u00e2ce \u00e0 sa formule naturelle et sa consistance cr\u00e9meuse. Enlumineur min\u00e9ral en stick avec une touche dor\u00e9e convient \u00e0 toutes les teintes de peau.<\/p>\n<p>Les ingr\u00e9dients nourrissants de haute qualit\u00e9 <span style=\"color: #003300;\"><a style=\"color: #003300;\" href=\"https:\/\/www.biobey.be\/fr\/produit\/creme-visage-oxygene-hydratante-bio-50ml\/\">hydratent la peau et n&rsquo;obstruent pas les pores<\/a>.<\/span> Ce highlighter min\u00e9ral est id\u00e9al pour les personnes \u00e0 la peau sensible ou s\u00e8che.<\/p>\n<h2>Enlumineur min\u00e9ral en stick doux et nourrissant beige dor\u00e9<\/h2>\n<p>Les highlighters conventionnels contiennent des substances synth\u00e9tiques qui irritent et ass\u00e8chent la peau. Cela provoque une peau sensible et s\u00e8che. L&rsquo;Enlumineur min\u00e9ral en stick min\u00e9ral Geoderm beige dor\u00e9 est compos\u00e9 d&rsquo;ingr\u00e9dients purs, naturels et doux. Il a un effet nourrissant qui laisse la peau douce comme du velours et hydrat\u00e9e \u00e0 long terme.<\/p>\n<p>L&rsquo;huile de ricin biologique est connue pour ses propri\u00e9t\u00e9s b\u00e9n\u00e9fiques sur les cheveux et la peau. Les acides gras de l&rsquo;huile de ricin p\u00e9n\u00e8trent profond\u00e9ment dans la peau et favorisent le renouvellement des cellules. Cela<span style=\"color: #003300;\"> <a style=\"color: #003300;\" href=\"https:\/\/www.biobey.be\/fr\/produit\/creme-visage-bio-a-effet-botox-50ml\/\">am\u00e9liore l&rsquo;\u00e9lasticit\u00e9 de la peau et pr\u00e9vient les rides pr\u00e9matur\u00e9es.<\/a><\/span><\/p>\n<p>De plus, le Mineral Highlighter Gold Beige contient de l&rsquo;huile de coco biologique, de la vitamine E et du mica certifi\u00e9. La combinaison de ces extraits garantit une belle apparence et une peau hydrat\u00e9e.<\/p>\n<p>Mode d&#8217;emploi : Appliquer Enlumineur min\u00e9ral en stick beige dor\u00e9 directement ou \u00e0 l&rsquo;aide d&rsquo;un pinceau sur les pommettes, sous les sourcils et sur l&rsquo;ar\u00eate du nez. Il peut \u00eatre utilis\u00e9 soit directement sur la peau pour un look neutre et naturel, soit en combinaison avec une poudre bronzante pour un fini plus intense.<\/p>\n<p>Ingr\u00e9dients : Huile de graines de Ricinus communis *, Huile de Cocos Nucifera *, Cera Alba *, Tocopherol, Mica, CI77891<br \/>\n* De l&rsquo;agriculture biologique<\/p>\n","protected":false},"excerpt":{"rendered":"<p><strong>Fonction et caract\u00e9ristiques<\/strong><br \/>\nEnlumineur min\u00e9ral en stick beige dor\u00e9 a une composition purement naturelle. Il convient aux peaux s\u00e8ches et sensibles. La teinte neutre aux reflets nacr\u00e9s convient aux carnations claires et fonc\u00e9es. La texture cr\u00e9meuse de l&rsquo;highlighter stick cr\u00e9e un \u00e9clat hydrat\u00e9 et naturel sur la peau. Il n&rsquo;obstrue pas les pores et ne donne pas l&rsquo;impression d&rsquo;\u00eatre sec. Il cr\u00e9e une belle apparence tandis que sa composition naturelle prend soin de la peau \u00e0 long terme.<\/p>\n<p>Certifications : Ecocert, Cosmos biologique<br \/>\nContenu : 4g<br \/>\nCouleur : beige dor\u00e9 avec des reflets nacr\u00e9s<\/p>\n","protected":false},"featured_media":364,"comment_status":"open","ping_status":"closed","template":"","meta":{"ocean_post_layout":"","ocean_both_sidebars_style":"","ocean_both_sidebars_content_width":0,"ocean_both_sidebars_sidebars_width":0,"ocean_sidebar":"0","ocean_second_sidebar":"0","ocean_disable_margins":"enable","ocean_add_body_class":"","ocean_shortcode_before_top_bar":"","ocean_shortcode_after_top_bar":"","ocean_shortcode_before_header":"","ocean_shortcode_after_header":"","ocean_has_shortcode":"","ocean_shortcode_after_title":"","ocean_shortcode_before_footer_widgets":"","ocean_shortcode_after_footer_widgets":"","ocean_shortcode_before_footer_bottom":"","ocean_shortcode_after_footer_bottom":"","ocean_display_top_bar":"default","ocean_display_header":"default","ocean_header_style":"","ocean_center_header_left_menu":"0","ocean_custom_header_template":"0","ocean_custom_logo":0,"ocean_custom_retina_logo":0,"ocean_custom_logo_max_width":0,"ocean_custom_logo_tablet_max_width":0,"ocean_custom_logo_mobile_max_width":0,"ocean_custom_logo_max_height":0,"ocean_custom_logo_tablet_max_height":0,"ocean_custom_logo_mobile_max_height":0,"ocean_header_custom_menu":"0","ocean_menu_typo_font_family":"0","ocean_menu_typo_font_subset":"","ocean_menu_typo_font_size":0,"ocean_menu_typo_font_size_tablet":0,"ocean_menu_typo_font_size_mobile":0,"ocean_menu_typo_font_size_unit":"px","ocean_menu_typo_font_weight":"","ocean_menu_typo_font_weight_tablet":"","ocean_menu_typo_font_weight_mobile":"","ocean_menu_typo_transform":"","ocean_menu_typo_transform_tablet":"","ocean_menu_typo_transform_mobile":"","ocean_menu_typo_line_height":0,"ocean_menu_typo_line_height_tablet":0,"ocean_menu_typo_line_height_mobile":0,"ocean_menu_typo_line_height_unit":"","ocean_menu_typo_spacing":0,"ocean_menu_typo_spacing_tablet":0,"ocean_menu_typo_spacing_mobile":0,"ocean_menu_typo_spacing_unit":"","ocean_menu_link_color":"","ocean_menu_link_color_hover":"","ocean_menu_link_color_active":"","ocean_menu_link_background":"","ocean_menu_link_hover_background":"","ocean_menu_link_active_background":"","ocean_menu_social_links_bg":"","ocean_menu_social_hover_links_bg":"","ocean_menu_social_links_color":"","ocean_menu_social_hover_links_color":"","ocean_disable_title":"default","ocean_disable_heading":"default","ocean_post_title":"","ocean_post_subheading":"","ocean_post_title_style":"","ocean_post_title_background_color":"","ocean_post_title_background":0,"ocean_post_title_bg_image_position":"","ocean_post_title_bg_image_attachment":"","ocean_post_title_bg_image_repeat":"","ocean_post_title_bg_image_size":"","ocean_post_title_height":0,"ocean_post_title_bg_overlay":0.5,"ocean_post_title_bg_overlay_color":"","ocean_disable_breadcrumbs":"default","ocean_breadcrumbs_color":"","ocean_breadcrumbs_separator_color":"","ocean_breadcrumbs_links_color":"","ocean_breadcrumbs_links_hover_color":"","ocean_display_footer_widgets":"default","ocean_display_footer_bottom":"default","ocean_custom_footer_template":"0"},"product_brand":[116],"product_cat":[55],"product_tag":[126,133,127,125],"class_list":{"0":"post-2314","1":"product","2":"type-product","3":"status-publish","4":"has-post-thumbnail","6":"product_brand-geoderm","7":"product_cat-maquillage","8":"product_tag-sans-paraben","9":"product_tag-sansparfumsynthetique","10":"product_tag-sans-silicone","11":"product_tag-vegan","13":"entry","14":"has-media","16":"first","17":"instock","18":"taxable","19":"shipping-taxable","20":"purchasable","21":"product-type-simple","22":"has-rating","23":"col","24":"span_1_of_3","25":"owp-content-center","26":"owp-thumbs-layout-horizontal","27":"owp-btn-normal","28":"owp-tabs-layout-section","29":"has-no-thumbnails","30":"circle-sale"},"_links":{"self":[{"href":"https:\/\/www.biobey.be\/fr\/wp-json\/wp\/v2\/product\/2314","targetHints":{"allow":["GET"]}}],"collection":[{"href":"https:\/\/www.biobey.be\/fr\/wp-json\/wp\/v2\/product"}],"about":[{"href":"https:\/\/www.biobey.be\/fr\/wp-json\/wp\/v2\/types\/product"}],"replies":[{"embeddable":true,"href":"https:\/\/www.biobey.be\/fr\/wp-json\/wp\/v2\/comments?post=2314"}],"wp:featuredmedia":[{"embeddable":true,"href":"https:\/\/www.biobey.be\/fr\/wp-json\/wp\/v2\/media\/364"}],"wp:attachment":[{"href":"https:\/\/www.biobey.be\/fr\/wp-json\/wp\/v2\/media?parent=2314"}],"wp:term":[{"taxonomy":"product_brand","embeddable":true,"href":"https:\/\/www.biobey.be\/fr\/wp-json\/wp\/v2\/product_brand?post=2314"},{"taxonomy":"product_cat","embeddable":true,"href":"https:\/\/www.biobey.be\/fr\/wp-json\/wp\/v2\/product_cat?post=2314"},{"taxonomy":"product_tag","embeddable":true,"href":"https:\/\/www.biobey.be\/fr\/wp-json\/wp\/v2\/product_tag?post=2314"}],"curies":[{"name":"wp","href":"https:\/\/api.w.org\/{rel}","templated":true}]}}