{"id":2315,"date":"2023-08-20T22:58:56","date_gmt":"2023-08-20T20:58:56","guid":{"rendered":"https:\/\/www.biobey.be\/fr-temp\/produit\/baume-a-levres-bio-levres-seches\/"},"modified":"2026-01-14T15:00:06","modified_gmt":"2026-01-14T14:00:06","slug":"baume-a-levres-bio-levres-seches","status":"publish","type":"product","link":"https:\/\/www.biobey.be\/fr\/produit\/baume-a-levres-bio-levres-seches\/","title":{"rendered":"Baume \u00e0 l\u00e8vres naturel pour les l\u00e8vres s\u00e8ches"},"content":{"rendered":"<p>Baume \u00e0 l\u00e8vres bio pour l\u00e8vres s\u00e8ches r\u00e9pare les l\u00e8vres gr\u00e2ce \u00e0 sa composition efficace. Ce baume \u00e0 l\u00e8vres bio pour les l\u00e8vres s\u00e8ches contient du beurre de karit\u00e9 apaisant et de l&rsquo;huile de jojoba hydratante. Ils permettent de nourrir et d&rsquo;hydrater les l\u00e8vres s\u00e8ches.<\/p>\n<p>Cire de candelilla, de carnauba et de riz forment une couche protectrice contre les influences ext\u00e9rieures n\u00e9gatives. Cela permet d&rsquo;\u00e9viter les l\u00e8vres s\u00e8ches et squameuses. Le beurre de karit\u00e9 a un filtre solaire bas et aide donc \u00e0 pr\u00e9venir les dommages caus\u00e9s par les rayons UV.<\/p>\n<p>Le baume pour l\u00e8vres s\u00e8ches est exempt de parfum, d&rsquo;huiles min\u00e9rales et d&rsquo;autres ingr\u00e9dients synth\u00e9tiques. Il convient donc parfaitement aux personnes ayant une peau et des l\u00e8vres hypersensibles. En utilisant r\u00e9guli\u00e8rement le baume v\u00e9g\u00e9talien Argital, les l\u00e8vres sont douces et hydrat\u00e9es.<\/p>\n<h2>Baume \u00e0 l\u00e8vres bio pour l\u00e8vres s\u00e8ches \u00e0 l&rsquo;\u00e9chinac\u00e9e<\/h2>\n<p>Ce baume \u00e0 l\u00e8vres bio et v\u00e9g\u00e9talien contient des ingr\u00e9dients de haute qualit\u00e9 comme l&rsquo;extrait d&rsquo;\u00e9chinac\u00e9e, la gousse de vanille, le beurre de karit\u00e9, l&rsquo;huile de coco, l&rsquo;huile de jojoba et d&rsquo;avocat et la poudre d&rsquo;argile verte. L&rsquo;extrait d&rsquo;\u00e9chinac\u00e9e a des propri\u00e9t\u00e9s anti-inflammatoires et antiseptiques. Il est utilis\u00e9 pour r\u00e9g\u00e9n\u00e9rer les peaux irrit\u00e9es et endommag\u00e9es.<\/p>\n<p>L&rsquo;huile de noix de coco est hydratante. Elle pr\u00e9vient la d\u00e9shydratation et r\u00e9duit l&rsquo;inflammation caus\u00e9e par les rayons UV. L&rsquo;huile de jojoba contient un niveau \u00e9lev\u00e9 de vitamine E et d&rsquo;acides gras sains. C&rsquo;est un antioxydant puissant qui r\u00e9duit l&rsquo;action des radicaux libres.<\/p>\n<p>Comme l&rsquo;huile de jojoba, l&rsquo;huile d&rsquo;avocat est \u00e9galement efficace pour prot\u00e9ger contre les influences ext\u00e9rieures n\u00e9gatives. L&rsquo;huile d&rsquo;avocat contient des vitamines C et E. Les ingr\u00e9dients actifs du baume \u00e0 l\u00e8vres nourrissent, hydratent et prot\u00e8gent les l\u00e8vres s\u00e8ches. Le baume \u00e0 l\u00e8vres Argital redonne une agr\u00e9able douceur aux l\u00e8vres irrit\u00e9es et tr\u00e8s s\u00e8ches.<\/p>\n<p><strong>Mode d&#8217;emploi :<\/strong> Appliquez le baume \u00e0 l\u00e8vres sur les l\u00e8vres s\u00e8ches et \u00e9caill\u00e9es pour les r\u00e9parer et les hydrater. Utilisez ce baume quotidiennement pour prot\u00e9ger les l\u00e8vres de la s\u00e9cheresse et des facteurs environnementaux nocifs.<\/p>\n<p>Ingr\u00e9dients : Huile de graines de Simmondsia chinensis*, cire d&rsquo;Euphorbia cerifera, beurre de Butyrospermum parkii*, beurre de Theobroma cacao*, huile de fruit de Persea gratissima*, cire de Copernicia cerifera, cire d&rsquo;Oryza Sativa, alcool**, huile de fruit d&rsquo;Illicium verum, vanilline, tocoph\u00e9rol, extrait de feuille d&rsquo;Equisetum arvense*, Extrait de racine d&rsquo;Echinacea purpurea*,<\/p>\n<p>Extrait de fleur de Rosa damascena*, Glycyrrhizate d&rsquo;ammonium, Huile de feuille de Mentha arvensis*, Huile de fleur d&rsquo;Eugenia Charyophyllus, Huile de feuille de Cinnamomum zeylanicum, Solum fullonum, Cuivre, Oxyde de zinc, Limon\u00e8ne, Cinnamal, Eugenol.<\/p>\n<p>*En provenance de l&rsquo;agriculture biologique<\/p>\n","protected":false},"excerpt":{"rendered":"<p>Le baume \u00e0 l\u00e8vres bio pour les l\u00e8vres s\u00e8ches hydrate et nourrit efficacement. Il soigne, prot\u00e8ge et r\u00e9pare les l\u00e8vres ab\u00eem\u00e9es gr\u00e2ce \u00e0 sa composition b\u00e9n\u00e9fique.<\/p>\n","protected":false},"featured_media":366,"comment_status":"open","ping_status":"closed","template":"","meta":{"ocean_post_layout":"","ocean_both_sidebars_style":"","ocean_both_sidebars_content_width":0,"ocean_both_sidebars_sidebars_width":0,"ocean_sidebar":"","ocean_second_sidebar":"","ocean_disable_margins":"enable","ocean_add_body_class":"","ocean_shortcode_before_top_bar":"","ocean_shortcode_after_top_bar":"","ocean_shortcode_before_header":"","ocean_shortcode_after_header":"","ocean_has_shortcode":"","ocean_shortcode_after_title":"","ocean_shortcode_before_footer_widgets":"","ocean_shortcode_after_footer_widgets":"","ocean_shortcode_before_footer_bottom":"","ocean_shortcode_after_footer_bottom":"","ocean_display_top_bar":"default","ocean_display_header":"default","ocean_header_style":"","ocean_center_header_left_menu":"","ocean_custom_header_template":"","ocean_custom_logo":0,"ocean_custom_retina_logo":0,"ocean_custom_logo_max_width":0,"ocean_custom_logo_tablet_max_width":0,"ocean_custom_logo_mobile_max_width":0,"ocean_custom_logo_max_height":0,"ocean_custom_logo_tablet_max_height":0,"ocean_custom_logo_mobile_max_height":0,"ocean_header_custom_menu":"","ocean_menu_typo_font_family":"","ocean_menu_typo_font_subset":"","ocean_menu_typo_font_size":0,"ocean_menu_typo_font_size_tablet":0,"ocean_menu_typo_font_size_mobile":0,"ocean_menu_typo_font_size_unit":"px","ocean_menu_typo_font_weight":"","ocean_menu_typo_font_weight_tablet":"","ocean_menu_typo_font_weight_mobile":"","ocean_menu_typo_transform":"","ocean_menu_typo_transform_tablet":"","ocean_menu_typo_transform_mobile":"","ocean_menu_typo_line_height":0,"ocean_menu_typo_line_height_tablet":0,"ocean_menu_typo_line_height_mobile":0,"ocean_menu_typo_line_height_unit":"","ocean_menu_typo_spacing":0,"ocean_menu_typo_spacing_tablet":0,"ocean_menu_typo_spacing_mobile":0,"ocean_menu_typo_spacing_unit":"","ocean_menu_link_color":"","ocean_menu_link_color_hover":"","ocean_menu_link_color_active":"","ocean_menu_link_background":"","ocean_menu_link_hover_background":"","ocean_menu_link_active_background":"","ocean_menu_social_links_bg":"","ocean_menu_social_hover_links_bg":"","ocean_menu_social_links_color":"","ocean_menu_social_hover_links_color":"","ocean_disable_title":"default","ocean_disable_heading":"default","ocean_post_title":"","ocean_post_subheading":"","ocean_post_title_style":"","ocean_post_title_background_color":"","ocean_post_title_background":0,"ocean_post_title_bg_image_position":"","ocean_post_title_bg_image_attachment":"","ocean_post_title_bg_image_repeat":"","ocean_post_title_bg_image_size":"","ocean_post_title_height":0,"ocean_post_title_bg_overlay":0.5,"ocean_post_title_bg_overlay_color":"","ocean_disable_breadcrumbs":"default","ocean_breadcrumbs_color":"","ocean_breadcrumbs_separator_color":"","ocean_breadcrumbs_links_color":"","ocean_breadcrumbs_links_hover_color":"","ocean_display_footer_widgets":"default","ocean_display_footer_bottom":"default","ocean_custom_footer_template":""},"product_brand":[102],"product_cat":[17,16,22],"product_tag":[126,125],"class_list":{"0":"post-2315","1":"product","2":"type-product","3":"status-publish","4":"has-post-thumbnail","6":"product_brand-argital","7":"product_cat-soins-du-visage","8":"product_cat-soins","9":"product_cat-yeux-et-levres","10":"product_tag-sans-paraben","11":"product_tag-vegan","13":"entry","14":"has-media","16":"first","17":"instock","18":"taxable","19":"shipping-taxable","20":"purchasable","21":"product-type-simple","22":"has-rating","23":"col","24":"span_1_of_3","25":"owp-content-center","26":"owp-thumbs-layout-horizontal","27":"owp-btn-normal","28":"owp-tabs-layout-section","29":"has-no-thumbnails","30":"circle-sale"},"_links":{"self":[{"href":"https:\/\/www.biobey.be\/fr\/wp-json\/wp\/v2\/product\/2315","targetHints":{"allow":["GET"]}}],"collection":[{"href":"https:\/\/www.biobey.be\/fr\/wp-json\/wp\/v2\/product"}],"about":[{"href":"https:\/\/www.biobey.be\/fr\/wp-json\/wp\/v2\/types\/product"}],"replies":[{"embeddable":true,"href":"https:\/\/www.biobey.be\/fr\/wp-json\/wp\/v2\/comments?post=2315"}],"wp:featuredmedia":[{"embeddable":true,"href":"https:\/\/www.biobey.be\/fr\/wp-json\/wp\/v2\/media\/366"}],"wp:attachment":[{"href":"https:\/\/www.biobey.be\/fr\/wp-json\/wp\/v2\/media?parent=2315"}],"wp:term":[{"taxonomy":"product_brand","embeddable":true,"href":"https:\/\/www.biobey.be\/fr\/wp-json\/wp\/v2\/product_brand?post=2315"},{"taxonomy":"product_cat","embeddable":true,"href":"https:\/\/www.biobey.be\/fr\/wp-json\/wp\/v2\/product_cat?post=2315"},{"taxonomy":"product_tag","embeddable":true,"href":"https:\/\/www.biobey.be\/fr\/wp-json\/wp\/v2\/product_tag?post=2315"}],"curies":[{"name":"wp","href":"https:\/\/api.w.org\/{rel}","templated":true}]}}