{"id":2316,"date":"2023-09-13T22:38:13","date_gmt":"2023-09-13T20:38:13","guid":{"rendered":"https:\/\/www.biobey.be\/fr-temp\/produit\/ombre-a-paupieres-cuivre-naturel-2g\/"},"modified":"2025-10-11T00:05:12","modified_gmt":"2025-10-10T22:05:12","slug":"ombre-a-paupieres-cuivre-naturel-2g","status":"publish","type":"product","link":"https:\/\/www.biobey.be\/fr\/produit\/ombre-a-paupieres-cuivre-naturel-2g\/","title":{"rendered":"Ombre \u00e0 paupi\u00e8res cuivre naturel 2g"},"content":{"rendered":"<p>L&rsquo;ombre \u00e0 paupi\u00e8res cuivre naturel de Geoderm est une ombre \u00e0 paupi\u00e8res min\u00e9rale bien pigment\u00e9e avec une agr\u00e9able texture cr\u00e9meuse et un pigment de couleur cuivre. Il est durable et donne une touche m\u00e9tallique cuivr\u00e9e tr\u00e8s brillante. Cette ombre \u00e0 paupi\u00e8res press\u00e9e, soyeuse et bien pigment\u00e9e, est parfaite pour cr\u00e9er un maquillage de jour.<\/p>\n<p>En combinaison avec un eyeliner, il peut \u00e9galement \u00eatre utilis\u00e9 pour cr\u00e9er un maquillage de soir\u00e9e prononc\u00e9. Convient aux yeux et \u00e0 la peau sensibles. Gr\u00e2ce \u00e0 sa texture douce et cr\u00e9meuse, cette ombre \u00e0 paupi\u00e8res min\u00e9rale est tr\u00e8s facile \u00e0 appliquer.<\/p>\n<h2>Ombre \u00e0 paupi\u00e8res cuivre naturel aux huiles organiques<\/h2>\n<p>La texture douce et cr\u00e9meuse et l&rsquo;effet nourrissant de ce fard \u00e0 paupi\u00e8res cuivre naturel longue tenue sont dus \u00e0 sa formule naturelle \u00e0 base d&rsquo;huile d&rsquo;amande biologique et d&rsquo;huile de rose musqu\u00e9e biologique. Ces huiles biologiques sont riches en vitamine E et en acides gras essentiels qui prennent soin de la peau d\u00e9licate des paupi\u00e8res et la prot\u00e8gent des substances nocives de l&rsquo;ext\u00e9rieur.<\/p>\n<h3><strong>Comment appliquer une ombre \u00e0 paupi\u00e8res cuivre naturel ?<\/strong><\/h3>\n<p>Prenez une petite quantit\u00e9 de fard \u00e0 paupi\u00e8res cuivre naturel sur le pinceau et appliquez-le sur la paupi\u00e8re. Vous pouvez l&rsquo;appliquer \u00e0 sec ou humide. Utilisez l&rsquo;ombre \u00e0 paupi\u00e8res avec un applicateur humide pour intensifier la couleur et lorsque vous voulez accentuer vos yeux.<\/p>\n<p>Les ombres \u00e0 paupi\u00e8res de la marque espagnole Geoderm sont v\u00e9g\u00e9taliennes et certifi\u00e9es Greenlife Ecocert. La haute qualit\u00e9 et les pigments intenses de ces ombres \u00e0 paupi\u00e8res sont dus aux formules uniques compos\u00e9es d&rsquo;ingr\u00e9dients 100% naturels et de pigments min\u00e9raux de haute qualit\u00e9.<\/p>\n<p>Les formules des ombres \u00e0 paupi\u00e8res Geoderm ne contiennent aucune substance nocive ou artificielle qui pourrait endommager votre sant\u00e9 sans n\u00e9cessit\u00e9.<\/p>\n<p><strong>Informations compl\u00e9mentaires<\/strong><br \/>\nCouleur : Couleur cuivre avec une touche m\u00e9tallique &#8211; couleur brun\u00e2tre<br \/>\nConvient \u00e0 toutes les occasions<br \/>\nContenu : 2\u2009g<\/p>\n<p>Convient aux yeux sensibles<br \/>\nExempt d&rsquo;exp\u00e9rimentation animale<br \/>\nNe contient pas d&rsquo;ingr\u00e9dients nocifs<br \/>\nBien pigment\u00e9<\/p>\n<p><strong>Certification<\/strong> : Cosmos Organic et Ecocert, Vegan<\/p>\n<p><strong>INCI<\/strong> : Mica, amidon de Zea Mays, triglyc\u00e9ride caprylique\/caprique, caprate de coco, b\u00e9hanate de glyc\u00e9ryle, huile de Prunus Amygdalus Dulcis*, huile de Rosa Canina*, ar\u00f4me, CI77491,<br \/>\nIngr\u00e9dients issus de l&rsquo;agriculture biologique.<\/p>\n","protected":false},"excerpt":{"rendered":"<p>Ombre \u00e0 paupi\u00e8res cuivre bien pigment\u00e9e \u00e0 base de pigments min\u00e9raux enrichis en huile de rose musqu\u00e9e et en huile d&rsquo;amande biologiques. Ce fard \u00e0 paupi\u00e8res cuivr\u00e9 est de longue dur\u00e9e et a une belle teinte m\u00e9tallique brune. Certifi\u00e9 Cosmos Organic<\/p>\n","protected":false},"featured_media":363,"comment_status":"open","ping_status":"closed","template":"","meta":{"ocean_post_layout":"","ocean_both_sidebars_style":"","ocean_both_sidebars_content_width":0,"ocean_both_sidebars_sidebars_width":0,"ocean_sidebar":"0","ocean_second_sidebar":"0","ocean_disable_margins":"enable","ocean_add_body_class":"","ocean_shortcode_before_top_bar":"","ocean_shortcode_after_top_bar":"","ocean_shortcode_before_header":"","ocean_shortcode_after_header":"","ocean_has_shortcode":"","ocean_shortcode_after_title":"","ocean_shortcode_before_footer_widgets":"","ocean_shortcode_after_footer_widgets":"","ocean_shortcode_before_footer_bottom":"","ocean_shortcode_after_footer_bottom":"","ocean_display_top_bar":"default","ocean_display_header":"default","ocean_header_style":"","ocean_center_header_left_menu":"0","ocean_custom_header_template":"0","ocean_custom_logo":0,"ocean_custom_retina_logo":0,"ocean_custom_logo_max_width":0,"ocean_custom_logo_tablet_max_width":0,"ocean_custom_logo_mobile_max_width":0,"ocean_custom_logo_max_height":0,"ocean_custom_logo_tablet_max_height":0,"ocean_custom_logo_mobile_max_height":0,"ocean_header_custom_menu":"0","ocean_menu_typo_font_family":"0","ocean_menu_typo_font_subset":"","ocean_menu_typo_font_size":0,"ocean_menu_typo_font_size_tablet":0,"ocean_menu_typo_font_size_mobile":0,"ocean_menu_typo_font_size_unit":"px","ocean_menu_typo_font_weight":"","ocean_menu_typo_font_weight_tablet":"","ocean_menu_typo_font_weight_mobile":"","ocean_menu_typo_transform":"","ocean_menu_typo_transform_tablet":"","ocean_menu_typo_transform_mobile":"","ocean_menu_typo_line_height":0,"ocean_menu_typo_line_height_tablet":0,"ocean_menu_typo_line_height_mobile":0,"ocean_menu_typo_line_height_unit":"","ocean_menu_typo_spacing":0,"ocean_menu_typo_spacing_tablet":0,"ocean_menu_typo_spacing_mobile":0,"ocean_menu_typo_spacing_unit":"","ocean_menu_link_color":"","ocean_menu_link_color_hover":"","ocean_menu_link_color_active":"","ocean_menu_link_background":"","ocean_menu_link_hover_background":"","ocean_menu_link_active_background":"","ocean_menu_social_links_bg":"","ocean_menu_social_hover_links_bg":"","ocean_menu_social_links_color":"","ocean_menu_social_hover_links_color":"","ocean_disable_title":"default","ocean_disable_heading":"default","ocean_post_title":"","ocean_post_subheading":"","ocean_post_title_style":"","ocean_post_title_background_color":"","ocean_post_title_background":0,"ocean_post_title_bg_image_position":"","ocean_post_title_bg_image_attachment":"","ocean_post_title_bg_image_repeat":"","ocean_post_title_bg_image_size":"","ocean_post_title_height":0,"ocean_post_title_bg_overlay":0.5,"ocean_post_title_bg_overlay_color":"","ocean_disable_breadcrumbs":"default","ocean_breadcrumbs_color":"","ocean_breadcrumbs_separator_color":"","ocean_breadcrumbs_links_color":"","ocean_breadcrumbs_links_hover_color":"","ocean_display_footer_widgets":"default","ocean_display_footer_bottom":"default","ocean_custom_footer_template":"0"},"product_brand":[116],"product_cat":[55],"product_tag":[126,133,127,125],"class_list":{"0":"post-2316","1":"product","2":"type-product","3":"status-publish","4":"has-post-thumbnail","6":"product_brand-geoderm","7":"product_cat-maquillage","8":"product_tag-sans-paraben","9":"product_tag-sansparfumsynthetique","10":"product_tag-sans-silicone","11":"product_tag-vegan","13":"entry","14":"has-media","16":"first","17":"instock","18":"taxable","19":"shipping-taxable","20":"purchasable","21":"product-type-simple","22":"has-rating","23":"col","24":"span_1_of_3","25":"owp-content-center","26":"owp-thumbs-layout-horizontal","27":"owp-btn-normal","28":"owp-tabs-layout-section","29":"has-no-thumbnails","30":"circle-sale"},"_links":{"self":[{"href":"https:\/\/www.biobey.be\/fr\/wp-json\/wp\/v2\/product\/2316","targetHints":{"allow":["GET"]}}],"collection":[{"href":"https:\/\/www.biobey.be\/fr\/wp-json\/wp\/v2\/product"}],"about":[{"href":"https:\/\/www.biobey.be\/fr\/wp-json\/wp\/v2\/types\/product"}],"replies":[{"embeddable":true,"href":"https:\/\/www.biobey.be\/fr\/wp-json\/wp\/v2\/comments?post=2316"}],"wp:featuredmedia":[{"embeddable":true,"href":"https:\/\/www.biobey.be\/fr\/wp-json\/wp\/v2\/media\/363"}],"wp:attachment":[{"href":"https:\/\/www.biobey.be\/fr\/wp-json\/wp\/v2\/media?parent=2316"}],"wp:term":[{"taxonomy":"product_brand","embeddable":true,"href":"https:\/\/www.biobey.be\/fr\/wp-json\/wp\/v2\/product_brand?post=2316"},{"taxonomy":"product_cat","embeddable":true,"href":"https:\/\/www.biobey.be\/fr\/wp-json\/wp\/v2\/product_cat?post=2316"},{"taxonomy":"product_tag","embeddable":true,"href":"https:\/\/www.biobey.be\/fr\/wp-json\/wp\/v2\/product_tag?post=2316"}],"curies":[{"name":"wp","href":"https:\/\/api.w.org\/{rel}","templated":true}]}}