{"id":2317,"date":"2023-10-16T22:02:27","date_gmt":"2023-10-16T20:02:27","guid":{"rendered":"https:\/\/www.biobey.be\/fr-temp\/produit\/serum-anti-rides-visage-bio-geoderm-30-ml\/"},"modified":"2026-01-16T01:00:30","modified_gmt":"2026-01-16T00:00:30","slug":"serum-anti-rides-visage-bio-geoderm-30-ml","status":"publish","type":"product","link":"https:\/\/www.biobey.be\/fr\/produit\/serum-anti-rides-visage-bio-geoderm-30-ml\/","title":{"rendered":"S\u00e9rum anti-rides visage bio Geoderm 30 ml"},"content":{"rendered":"<p>S\u00e9rum anti-rides visage bio Geoderm revitalise les cellules de la peau et nourrit intens\u00e9ment les couches sup\u00e9rieures de la peau. Gr\u00e2ce \u00e0 un complexe hautement concentr\u00e9 d&rsquo;extraits d&rsquo;a\u00e7ai, de rose musqu\u00e9e et d&rsquo;avocat, le renouvellement cellulaire est stimul\u00e9. Il est doux, s&rsquo;\u00e9tale bien et p\u00e9n\u00e8tre rapidement dans la peau.<\/p>\n<p>Le s\u00e9rum anti-rides visage bio <strong>hydrate, adoucit et r\u00e9duit visiblement les ridules<\/strong>. En outre, il a un effet \u00e9galisateur et \u00e9claircissant sur la peau. Il \u00e9claircit les taches brunes et unifie le teint de la peau. La synergie de puissants antioxydants favorise la production de collag\u00e8ne. Cela ralentit la formation des rides et stimule l&rsquo;\u00e9lasticit\u00e9 de la peau.<\/p>\n<p>Gr\u00e2ce \u00e0 l&rsquo;utilisation r\u00e9guli\u00e8re du s\u00e9rum revitalisant, le visage est radieux et la peau est agr\u00e9ablement douce.<\/p>\n<h2>S\u00e9rum anti-rides visage bio revitalisant de Geoderm<\/h2>\n<p>Le s\u00e9rum anti-rides visage bio de Geoderm est naturel et v\u00e9g\u00e9talien. Il doit ses propri\u00e9t\u00e9s r\u00e9g\u00e9n\u00e9ratrices \u00e0 sa puissante composition. L&rsquo;extrait d&rsquo;a\u00e7ai contient des acides gras insatur\u00e9s om\u00e9ga 9 et 6, des vitamines et des acides amin\u00e9s essentiels. Il aide \u00e0 <strong>hydrater les peaux d\u00e9shydrat\u00e9es et \u00e0 favoriser la r\u00e9g\u00e9n\u00e9ration des plaies et des cicatrices<\/strong>.<\/p>\n<p>L&rsquo;extrait de feuilles de Vitis vinifera est riche en flavono\u00efdes et en min\u00e9raux. Les flavono\u00efdes sont de puissants antioxydants. Ils offrent une protection contre les influences n\u00e9gatives des rayons UV et des radicaux libres. Le s\u00e9rum anti-rides visage bio de Geoderm aide \u00e0 garder la peau lisse et jeune plus longtemps.<\/p>\n<p>La combinaison d&rsquo;extraits et d&rsquo;huiles biologiques permet au s\u00e9rum anti-rides de nourrir, de r\u00e9parer et d&rsquo;offrir une <strong>protection quotidienne contre les influences ext\u00e9rieures n\u00e9gatives<\/strong>.<\/p>\n<p><strong>Mode d&#8217;emploi :<\/strong> Appliquez le s\u00e9rum anti-rides visage bio sur la peau nettoy\u00e9e, matin et soir. Apr\u00e8s l&rsquo;application du s\u00e9rum, on peut utiliser une cr\u00e8me de jour ou de nuit. Il convient \u00e0 tous les types de peau, m\u00eame aux peaux sensibles.<\/p>\n<p><strong>Propri\u00e9t\u00e9s<\/strong><br \/>\nLe s\u00e9rum anti-rides visage bio de Geoderm revitalise, nourrit et hydrate la peau. Il stimule la production de collag\u00e8ne et pr\u00e9vient la d\u00e9shydratation. Le s\u00e9rum agit sur les ridules existantes et prot\u00e8ge du vieillissement pr\u00e9matur\u00e9 de la peau. Il cr\u00e9e un teint uniforme et clair. Le s\u00e9rum est naturel et v\u00e9g\u00e9talien.<\/p>\n<p>Le s\u00e9rum anti-rides visage bio de Geoderm convient \u00e0 tous les types de peau, y compris les peaux sensibles.<\/p>\n<p><strong>Mode d&rsquo;action<\/strong> : uniformise et \u00e9claircit la peau. Il traite les ridules et prot\u00e8ge contre les rides pr\u00e9matur\u00e9es.<br \/>\nPrincipes actifs : Extraits organiques d&rsquo;Aloe vera, d&rsquo;a\u00e7ai, d&rsquo;huile d&rsquo;avocat, de feuille de vigne rouge et d&rsquo;\u00e9glantier.<br \/>\n<strong>Des poin\u00e7ons<\/strong> : BDIH, biologique et v\u00e9g\u00e9talien<br \/>\n<strong>Contenu<\/strong> : 30 ml<\/p>\n<p><strong>Ingr\u00e9dients :<\/strong> Jus de feuilles d&rsquo;Aloe barbadensis*, Aqua, Maltodextrine, Glyc\u00e9rine*, Caprylate de Glyc\u00e9ryle, Caprylate\/Caprate de Coco, Huile de Persea Gratissima, Huile de fruits de Rosa canina*, Huile de graines de Rosa moschata*, Extrait de fruits d&rsquo;Euterpe Oleracea*, Extrait de feuilles de Vitis vinifera*, St\u00e9arate de Glyc\u00e9ryle, Candelilla \/ Jojoba \/ Rice Bran Polyglyceryl-3 Esters Alcool c\u00e9tylique, amidon de tapioca, caprylate de glyc\u00e9ryle,<\/p>\n<p>silicate d&rsquo;aluminium et de magn\u00e9sium, alcool c\u00e9t\u00e9arylique, st\u00e9aroyl lactylate de sodium, gomme xanthane, glyc\u00e9ryl und\u00e9cyl\u00e9nate, acide citrique, alcool benzylique, sorbate de potassium, benzoate de sodium, aroma (d\u00e9riv\u00e9 d&rsquo;huiles essentielles biologiques) **.<\/p>\n<p>*Composants issus de l&rsquo;agriculture biologique<br \/>\n**Parfum d&rsquo;origine naturelle<\/p>\n","protected":false},"excerpt":{"rendered":"<p>Le s\u00e9rum anti-rides bio pour le visage r\u00e9duit les rides et unifie le teint de la peau. Il hydrate la peau et la prot\u00e8ge du vieillissement pr\u00e9matur\u00e9 de la peau. V\u00e9g\u00e9talien et biologique. Il convient \u00e0 tous les types de peau, y compris les peaux sensibles.<\/p>\n","protected":false},"featured_media":374,"comment_status":"open","ping_status":"closed","template":"","meta":{"ocean_post_layout":"","ocean_both_sidebars_style":"","ocean_both_sidebars_content_width":0,"ocean_both_sidebars_sidebars_width":0,"ocean_sidebar":"","ocean_second_sidebar":"","ocean_disable_margins":"enable","ocean_add_body_class":"","ocean_shortcode_before_top_bar":"","ocean_shortcode_after_top_bar":"","ocean_shortcode_before_header":"","ocean_shortcode_after_header":"","ocean_has_shortcode":"","ocean_shortcode_after_title":"","ocean_shortcode_before_footer_widgets":"","ocean_shortcode_after_footer_widgets":"","ocean_shortcode_before_footer_bottom":"","ocean_shortcode_after_footer_bottom":"","ocean_display_top_bar":"default","ocean_display_header":"default","ocean_header_style":"","ocean_center_header_left_menu":"","ocean_custom_header_template":"","ocean_custom_logo":0,"ocean_custom_retina_logo":0,"ocean_custom_logo_max_width":0,"ocean_custom_logo_tablet_max_width":0,"ocean_custom_logo_mobile_max_width":0,"ocean_custom_logo_max_height":0,"ocean_custom_logo_tablet_max_height":0,"ocean_custom_logo_mobile_max_height":0,"ocean_header_custom_menu":"","ocean_menu_typo_font_family":"","ocean_menu_typo_font_subset":"","ocean_menu_typo_font_size":0,"ocean_menu_typo_font_size_tablet":0,"ocean_menu_typo_font_size_mobile":0,"ocean_menu_typo_font_size_unit":"px","ocean_menu_typo_font_weight":"","ocean_menu_typo_font_weight_tablet":"","ocean_menu_typo_font_weight_mobile":"","ocean_menu_typo_transform":"","ocean_menu_typo_transform_tablet":"","ocean_menu_typo_transform_mobile":"","ocean_menu_typo_line_height":0,"ocean_menu_typo_line_height_tablet":0,"ocean_menu_typo_line_height_mobile":0,"ocean_menu_typo_line_height_unit":"","ocean_menu_typo_spacing":0,"ocean_menu_typo_spacing_tablet":0,"ocean_menu_typo_spacing_mobile":0,"ocean_menu_typo_spacing_unit":"","ocean_menu_link_color":"","ocean_menu_link_color_hover":"","ocean_menu_link_color_active":"","ocean_menu_link_background":"","ocean_menu_link_hover_background":"","ocean_menu_link_active_background":"","ocean_menu_social_links_bg":"","ocean_menu_social_hover_links_bg":"","ocean_menu_social_links_color":"","ocean_menu_social_hover_links_color":"","ocean_disable_title":"default","ocean_disable_heading":"default","ocean_post_title":"","ocean_post_subheading":"","ocean_post_title_style":"","ocean_post_title_background_color":"","ocean_post_title_background":0,"ocean_post_title_bg_image_position":"","ocean_post_title_bg_image_attachment":"","ocean_post_title_bg_image_repeat":"","ocean_post_title_bg_image_size":"","ocean_post_title_height":0,"ocean_post_title_bg_overlay":0.5,"ocean_post_title_bg_overlay_color":"","ocean_disable_breadcrumbs":"default","ocean_breadcrumbs_color":"","ocean_breadcrumbs_separator_color":"","ocean_breadcrumbs_links_color":"","ocean_breadcrumbs_links_hover_color":"","ocean_display_footer_widgets":"default","ocean_display_footer_bottom":"default","ocean_custom_footer_template":""},"product_brand":[116],"product_cat":[55],"product_tag":[126,133,127,125],"class_list":{"0":"post-2317","1":"product","2":"type-product","3":"status-publish","4":"has-post-thumbnail","6":"product_brand-geoderm","7":"product_cat-maquillage","8":"product_tag-sans-paraben","9":"product_tag-sansparfumsynthetique","10":"product_tag-sans-silicone","11":"product_tag-vegan","13":"entry","14":"has-media","16":"first","17":"instock","18":"taxable","19":"shipping-taxable","20":"purchasable","21":"product-type-simple","22":"has-rating","23":"col","24":"span_1_of_3","25":"owp-content-center","26":"owp-thumbs-layout-horizontal","27":"owp-btn-normal","28":"owp-tabs-layout-section","29":"has-no-thumbnails","30":"circle-sale"},"_links":{"self":[{"href":"https:\/\/www.biobey.be\/fr\/wp-json\/wp\/v2\/product\/2317","targetHints":{"allow":["GET"]}}],"collection":[{"href":"https:\/\/www.biobey.be\/fr\/wp-json\/wp\/v2\/product"}],"about":[{"href":"https:\/\/www.biobey.be\/fr\/wp-json\/wp\/v2\/types\/product"}],"replies":[{"embeddable":true,"href":"https:\/\/www.biobey.be\/fr\/wp-json\/wp\/v2\/comments?post=2317"}],"wp:featuredmedia":[{"embeddable":true,"href":"https:\/\/www.biobey.be\/fr\/wp-json\/wp\/v2\/media\/374"}],"wp:attachment":[{"href":"https:\/\/www.biobey.be\/fr\/wp-json\/wp\/v2\/media?parent=2317"}],"wp:term":[{"taxonomy":"product_brand","embeddable":true,"href":"https:\/\/www.biobey.be\/fr\/wp-json\/wp\/v2\/product_brand?post=2317"},{"taxonomy":"product_cat","embeddable":true,"href":"https:\/\/www.biobey.be\/fr\/wp-json\/wp\/v2\/product_cat?post=2317"},{"taxonomy":"product_tag","embeddable":true,"href":"https:\/\/www.biobey.be\/fr\/wp-json\/wp\/v2\/product_tag?post=2317"}],"curies":[{"name":"wp","href":"https:\/\/api.w.org\/{rel}","templated":true}]}}