{"id":2319,"date":"2023-11-21T00:43:10","date_gmt":"2023-11-20T23:43:10","guid":{"rendered":"https:\/\/www.biobey.be\/fr-temp\/produit\/correcteur-anti-cerne-bio-beige-clair\/"},"modified":"2025-10-11T00:00:13","modified_gmt":"2025-10-10T22:00:13","slug":"correcteur-anti-cerne-bio-beige-clair","status":"publish","type":"product","link":"https:\/\/www.biobey.be\/fr\/produit\/correcteur-anti-cerne-bio-beige-clair\/","title":{"rendered":"Correcteur anti-cerne bio beige clair"},"content":{"rendered":"<p>Le correcteur anti-cerne bio solide pour les cernes sous les yeux est purement naturel avec des pigments min\u00e9raux. Il est sp\u00e9cialement formul\u00e9 pour camoufler les imperfections et les taches brunes. Ce correcteur v\u00e9g\u00e9talien convient aux peaux sensibles gr\u00e2ce \u00e0 sa formule douce \u00e0 base d&rsquo;huile d&rsquo;amande et de cire v\u00e9g\u00e9tale.<\/p>\n<p>La couleur beige clair permet de couvrir efficacement les cernes, les veines dilat\u00e9es, les taches de pigmentation et les cicatrices d&rsquo;acn\u00e9. Le correcteur de cernes naturel a une couverture moyenne. Gr\u00e2ce \u00e0 sa texture douce, il est bien absorb\u00e9 par la peau. Il ne semble pas sec sur la peau et offre une couverture naturelle.<\/p>\n<p>Les pigments min\u00e9raux ont un effet matifiant sur les imperfections. En outre, le correcteur Geoderm forme une fine couche sur la peau. La peau est ainsi prot\u00e9g\u00e9e des influences ext\u00e9rieures n\u00e9gatives.<\/p>\n<h2>Le correcteur anti-cerne bio camouflant et nourrissant<\/h2>\n<p>Gr\u00e2ce \u00e0 sa composition purement naturelle, il a un effet \u00e0 la fois camouflant et nourrissant. L&rsquo;huile d&rsquo;amande biologique est riche en min\u00e9raux, en acides gras om\u00e9ga 3 et en vitamine D. Elle r\u00e9gule l&rsquo;\u00e9quilibre hydrique et aide \u00e0 prot\u00e9ger la peau des rayons Uv nocifs.<\/p>\n<p>Le min\u00e9ral zinc est utilis\u00e9 pour une gu\u00e9rison plus rapide des cicatrices d&rsquo;acn\u00e9. Gr\u00e2ce \u00e0 ses propri\u00e9t\u00e9s anti-inflammatoires, il peut \u00eatre utilis\u00e9 pour r\u00e9duire les poches et les gonflements de la peau. Le correcteur de cernes sous les yeux est un produit naturel et v\u00e9g\u00e9talien.<\/p>\n<p>Il est bas\u00e9 sur des extraits de plantes biologiques et des cires v\u00e9g\u00e9tales. Le correcteur anti-cerne bio assure une couverture longue dur\u00e9e et naturelle des imperfections.<br \/>\nLe correcteur naturel de Geoderm ne contient aucune substance synth\u00e9tique ou irritante.<\/p>\n<p><strong>Certificats<\/strong> : ECOCERT, ORGANIC COSMOS<\/p>\n<p><strong>Mode d&#8217;emploi<\/strong> : Appliquez le correcteur anti-cerne bio de l&rsquo;int\u00e9rieur vers le coin ext\u00e9rieur de l&rsquo;\u0153il pour camoufler les cernes sous les yeux. Pour camoufler les imperfections, le correcteur peut \u00eatre appliqu\u00e9 directement ou du bout des doigts.<br \/>\nContenu : 4 g<\/p>\n<p><strong>Indications<\/strong><br \/>\nLe correcteur anti-cerne bio est purement naturel et convient aux v\u00e9g\u00e9taliens.<br \/>\nIl offre une couverture moyenne et a une teinte beige clair. Gr\u00e2ce \u00e0 sa texture douce, il ne donne pas l&rsquo;impression d&rsquo;\u00eatre sec sur la peau et pr\u00e9sente un aspect naturel et sain. Le correcteur anti-cerne bio convient pour camoufler les imperfections telles que les cernes sous les yeux, les poches, les veines dilat\u00e9es, l&rsquo;acn\u00e9, les cicatrices et les taches sombres.<\/p>\n","protected":false},"excerpt":{"rendered":"<p>Le correcteur anti-cerne bio de Geoderm ne contient aucune substance synth\u00e9tique ou irritante. Le correcteur anti cerne bio couvre efficacement les cernes, les veines dilat\u00e9es, les taches de pigmentation et les cicatrices d&rsquo;acn\u00e9. Il assure une couverture longue tenue et naturelle des imperfections.<\/p>\n","protected":false},"featured_media":369,"comment_status":"open","ping_status":"closed","template":"","meta":{"ocean_post_layout":"","ocean_both_sidebars_style":"","ocean_both_sidebars_content_width":0,"ocean_both_sidebars_sidebars_width":0,"ocean_sidebar":"0","ocean_second_sidebar":"0","ocean_disable_margins":"enable","ocean_add_body_class":"","ocean_shortcode_before_top_bar":"","ocean_shortcode_after_top_bar":"","ocean_shortcode_before_header":"","ocean_shortcode_after_header":"","ocean_has_shortcode":"","ocean_shortcode_after_title":"","ocean_shortcode_before_footer_widgets":"","ocean_shortcode_after_footer_widgets":"","ocean_shortcode_before_footer_bottom":"","ocean_shortcode_after_footer_bottom":"","ocean_display_top_bar":"default","ocean_display_header":"default","ocean_header_style":"","ocean_center_header_left_menu":"0","ocean_custom_header_template":"0","ocean_custom_logo":0,"ocean_custom_retina_logo":0,"ocean_custom_logo_max_width":0,"ocean_custom_logo_tablet_max_width":0,"ocean_custom_logo_mobile_max_width":0,"ocean_custom_logo_max_height":0,"ocean_custom_logo_tablet_max_height":0,"ocean_custom_logo_mobile_max_height":0,"ocean_header_custom_menu":"0","ocean_menu_typo_font_family":"0","ocean_menu_typo_font_subset":"","ocean_menu_typo_font_size":0,"ocean_menu_typo_font_size_tablet":0,"ocean_menu_typo_font_size_mobile":0,"ocean_menu_typo_font_size_unit":"px","ocean_menu_typo_font_weight":"","ocean_menu_typo_font_weight_tablet":"","ocean_menu_typo_font_weight_mobile":"","ocean_menu_typo_transform":"","ocean_menu_typo_transform_tablet":"","ocean_menu_typo_transform_mobile":"","ocean_menu_typo_line_height":0,"ocean_menu_typo_line_height_tablet":0,"ocean_menu_typo_line_height_mobile":0,"ocean_menu_typo_line_height_unit":"","ocean_menu_typo_spacing":0,"ocean_menu_typo_spacing_tablet":0,"ocean_menu_typo_spacing_mobile":0,"ocean_menu_typo_spacing_unit":"","ocean_menu_link_color":"","ocean_menu_link_color_hover":"","ocean_menu_link_color_active":"","ocean_menu_link_background":"","ocean_menu_link_hover_background":"","ocean_menu_link_active_background":"","ocean_menu_social_links_bg":"","ocean_menu_social_hover_links_bg":"","ocean_menu_social_links_color":"","ocean_menu_social_hover_links_color":"","ocean_disable_title":"default","ocean_disable_heading":"default","ocean_post_title":"","ocean_post_subheading":"","ocean_post_title_style":"","ocean_post_title_background_color":"","ocean_post_title_background":0,"ocean_post_title_bg_image_position":"","ocean_post_title_bg_image_attachment":"","ocean_post_title_bg_image_repeat":"","ocean_post_title_bg_image_size":"","ocean_post_title_height":0,"ocean_post_title_bg_overlay":0.5,"ocean_post_title_bg_overlay_color":"","ocean_disable_breadcrumbs":"default","ocean_breadcrumbs_color":"","ocean_breadcrumbs_separator_color":"","ocean_breadcrumbs_links_color":"","ocean_breadcrumbs_links_hover_color":"","ocean_display_footer_widgets":"default","ocean_display_footer_bottom":"default","ocean_custom_footer_template":"0"},"product_brand":[116],"product_cat":[55],"product_tag":[126,133,125],"class_list":{"0":"post-2319","1":"product","2":"type-product","3":"status-publish","4":"has-post-thumbnail","6":"product_brand-geoderm","7":"product_cat-maquillage","8":"product_tag-sans-paraben","9":"product_tag-sansparfumsynthetique","10":"product_tag-vegan","12":"entry","13":"has-media","15":"first","16":"instock","17":"taxable","18":"shipping-taxable","19":"purchasable","20":"product-type-simple","21":"has-rating","22":"col","23":"span_1_of_3","24":"owp-content-center","25":"owp-thumbs-layout-horizontal","26":"owp-btn-normal","27":"owp-tabs-layout-section","28":"has-no-thumbnails","29":"circle-sale"},"_links":{"self":[{"href":"https:\/\/www.biobey.be\/fr\/wp-json\/wp\/v2\/product\/2319","targetHints":{"allow":["GET"]}}],"collection":[{"href":"https:\/\/www.biobey.be\/fr\/wp-json\/wp\/v2\/product"}],"about":[{"href":"https:\/\/www.biobey.be\/fr\/wp-json\/wp\/v2\/types\/product"}],"replies":[{"embeddable":true,"href":"https:\/\/www.biobey.be\/fr\/wp-json\/wp\/v2\/comments?post=2319"}],"wp:featuredmedia":[{"embeddable":true,"href":"https:\/\/www.biobey.be\/fr\/wp-json\/wp\/v2\/media\/369"}],"wp:attachment":[{"href":"https:\/\/www.biobey.be\/fr\/wp-json\/wp\/v2\/media?parent=2319"}],"wp:term":[{"taxonomy":"product_brand","embeddable":true,"href":"https:\/\/www.biobey.be\/fr\/wp-json\/wp\/v2\/product_brand?post=2319"},{"taxonomy":"product_cat","embeddable":true,"href":"https:\/\/www.biobey.be\/fr\/wp-json\/wp\/v2\/product_cat?post=2319"},{"taxonomy":"product_tag","embeddable":true,"href":"https:\/\/www.biobey.be\/fr\/wp-json\/wp\/v2\/product_tag?post=2319"}],"curies":[{"name":"wp","href":"https:\/\/api.w.org\/{rel}","templated":true}]}}