{"id":2321,"date":"2026-03-05T19:38:52","date_gmt":"2026-03-05T18:38:52","guid":{"rendered":"https:\/\/www.biobey.be\/fr-temp\/produit\/fard-a-joues-bio-vegan-rose-geoderm\/"},"modified":"2026-03-05T19:51:16","modified_gmt":"2026-03-05T18:51:16","slug":"fard-a-joues-bio-vegan-rose-geoderm","status":"publish","type":"product","link":"https:\/\/www.biobey.be\/fr\/produit\/fard-a-joues-bio-vegan-rose-geoderm\/","title":{"rendered":"Fard \u00e0 joues bio vegan Intens Ros\u00e9"},"content":{"rendered":"<p>Fard \u00e0 joues bio vegan Intens Ros\u00e9 de Geoderm, \u00e0 base de min\u00e9raux naturels, convient \u00e0 tous les types de peau. Le fard \u00e0 joues hautement pigment\u00e9 et l\u00e9g\u00e8rement brillant cr\u00e9e un aspect naturel et radieux une fois appliqu\u00e9 sur la peau. Une petite quantit\u00e9 suffit pour un look naturel. L\u2019intensit\u00e9 du pigment peut \u00eatre r\u00e9gl\u00e9e de l\u2019effet naturel \u00e0 l\u2019effet ros\u00e9 intense.<\/p>\n<p>L\u2019extrait de mica contenu dans Fard \u00e0 joues bio vegan cr\u00e9e un effet \u00e9claircissant doux. Les min\u00e9raux utilis\u00e9s dans le Fard \u00e0 joues bio vegan de Geoderm sont doux pour la peau.<\/p>\n<p>Gr\u00e2ce \u00e0 sa formulation pure, exempte de talc, de substances synth\u00e9tiques et irritantes, le blush en poudre Geoderm est id\u00e9al pour les personnes \u00e0 la peau sensible. Fard \u00e0 joues bio vegan ne dess\u00e8che pas la peau et n\u2019obstrue pas les pores.<\/p>\n<p><strong>Conseil d&rsquo;expert de Biobey :<\/strong> si vous utilisez ce blush vegan parce que vous avez la peau sensible ou que vous r\u00e9agissez rapidement de mani\u00e8re allergique aux produits cosm\u00e9tiques conventionnels, il est conseill\u00e9 de passer \u00e0 des <span style=\"color: #0000ff;\"><a style=\"color: #0000ff;\" href=\"https:\/\/www.biobey.be\/fr\/produit-cat\/maquillage\/\">cosm\u00e9tiques naturels hypoallerg\u00e9niques<\/a><\/span> (tels que le mascara hypoallerg\u00e9nique, le fard \u00e0 paupi\u00e8res hypoallerg\u00e9nique et les produits de soin pour peaux sensibles).<\/p>\n<h2>Fard \u00e0 joues bio vegan pour la peau sensible<\/h2>\n<p>Le blush en poudre rose intense est facile \u00e0 appliquer avec un pinceau gr\u00e2ce \u00e0 sa consistance libre. La poudre fine permet d&rsquo;obtenir un r\u00e9sultat velout\u00e9. Gr\u00e2ce \u00e0 ses pigments concentr\u00e9s, il reste longtemps sur la peau.<\/p>\n<p>Les pigments de haute qualit\u00e9 \u00e9claircissent naturellement la peau. Il donne un rafra\u00eechissement sain et de l&rsquo;\u00e9clat \u00e0 la peau. Le Fard \u00e0 joues bio vegan a une composition douce qui n&rsquo;irrite pas les peaux sensibles.<\/p>\n<p>Geoderm produit du maquillage naturel pur \u00e0 base de min\u00e9raux v\u00e9g\u00e9taux. Les produits de soin et de maquillage de Geoderm r\u00e9pondent aux normes \u00e9cologiques et naturelles les plus strictes. Les produits disposent de certificats tels que BDIH, Ecocert, Bio, NAT Acene et Vegan.<\/p>\n<h3>Comment utiliser le blush en poudre Vegan intense ros\u00e9 Geoderm ?<\/h3>\n<p>Appliquez une petite quantit\u00e9 de poudre blush vegan \u00e0 l&rsquo;aide d&rsquo;un pinceau ou d&rsquo;un pinceau \u00e0 blush sur les pommettes en direction des tempes, puis estompez.<\/p>\n<p>R\u00e9p\u00e9tez l&rsquo;op\u00e9ration jusqu&rsquo;\u00e0 obtenir l&rsquo;intensit\u00e9 souhait\u00e9e. Une petite quantit\u00e9 suffit pour un r\u00e9sultat naturel. R\u00e9p\u00e9tez l&rsquo;op\u00e9ration pour un effet plus prononc\u00e9. Gr\u00e2ce \u00e0 sa formule douce, le blush peut \u00e9galement \u00eatre utilis\u00e9 sur les paupi\u00e8res et pour le contouring.<\/p>\n<p>R\u00e9p\u00e9tez pour un effet plus intense. Gr\u00e2ce \u00e0 sa composition douce, le blush peut \u00e9galement \u00eatre utilis\u00e9 sur les paupi\u00e8res et pour le contouring.<\/p>\n<h3>Composition INCI du blush en poudre vegan : ingr\u00e9dients par ordre d\u00e9croissant de concentration<\/h3>\n<p>Mica, dioxyde de titane, oxyde de zinc, tri\u00e9thoxycaprylylsilane, CI77019, CI77891, CI77007, CI77491.<\/p>\n","protected":false},"excerpt":{"rendered":"<p>Le blush en poudre v\u00e9g\u00e9talien rose intense est tr\u00e8s pigment\u00e9 et l\u00e9g\u00e8rement brillant.<br \/>\nPigments min\u00e9raux roses concentr\u00e9s. Appliqu\u00e9 sur la peau, il cr\u00e9e un aspect naturel.<br \/>\nPour les tons de peau clairs et moyens<br \/>\nConvient \u00e0 tous les types de peau ainsi qu&rsquo;aux peaux sensibles.<br \/>\nVegan et 100\u2009% naturel<br \/>\nConsistance : granul\u00e9s de poudre fine non tass\u00e9e<\/p>\n","protected":false},"featured_media":380,"comment_status":"open","ping_status":"closed","template":"","meta":{"ocean_post_layout":"","ocean_both_sidebars_style":"","ocean_both_sidebars_content_width":0,"ocean_both_sidebars_sidebars_width":0,"ocean_sidebar":"0","ocean_second_sidebar":"0","ocean_disable_margins":"enable","ocean_add_body_class":"","ocean_shortcode_before_top_bar":"","ocean_shortcode_after_top_bar":"","ocean_shortcode_before_header":"","ocean_shortcode_after_header":"","ocean_has_shortcode":"","ocean_shortcode_after_title":"","ocean_shortcode_before_footer_widgets":"","ocean_shortcode_after_footer_widgets":"","ocean_shortcode_before_footer_bottom":"","ocean_shortcode_after_footer_bottom":"","ocean_display_top_bar":"default","ocean_display_header":"default","ocean_header_style":"","ocean_center_header_left_menu":"0","ocean_custom_header_template":"0","ocean_custom_logo":0,"ocean_custom_retina_logo":0,"ocean_custom_logo_max_width":0,"ocean_custom_logo_tablet_max_width":0,"ocean_custom_logo_mobile_max_width":0,"ocean_custom_logo_max_height":0,"ocean_custom_logo_tablet_max_height":0,"ocean_custom_logo_mobile_max_height":0,"ocean_header_custom_menu":"0","ocean_menu_typo_font_family":"0","ocean_menu_typo_font_subset":"","ocean_menu_typo_font_size":0,"ocean_menu_typo_font_size_tablet":0,"ocean_menu_typo_font_size_mobile":0,"ocean_menu_typo_font_size_unit":"px","ocean_menu_typo_font_weight":"","ocean_menu_typo_font_weight_tablet":"","ocean_menu_typo_font_weight_mobile":"","ocean_menu_typo_transform":"","ocean_menu_typo_transform_tablet":"","ocean_menu_typo_transform_mobile":"","ocean_menu_typo_line_height":0,"ocean_menu_typo_line_height_tablet":0,"ocean_menu_typo_line_height_mobile":0,"ocean_menu_typo_line_height_unit":"","ocean_menu_typo_spacing":0,"ocean_menu_typo_spacing_tablet":0,"ocean_menu_typo_spacing_mobile":0,"ocean_menu_typo_spacing_unit":"","ocean_menu_link_color":"","ocean_menu_link_color_hover":"","ocean_menu_link_color_active":"","ocean_menu_link_background":"","ocean_menu_link_hover_background":"","ocean_menu_link_active_background":"","ocean_menu_social_links_bg":"","ocean_menu_social_hover_links_bg":"","ocean_menu_social_links_color":"","ocean_menu_social_hover_links_color":"","ocean_disable_title":"default","ocean_disable_heading":"default","ocean_post_title":"","ocean_post_subheading":"","ocean_post_title_style":"","ocean_post_title_background_color":"","ocean_post_title_background":0,"ocean_post_title_bg_image_position":"","ocean_post_title_bg_image_attachment":"","ocean_post_title_bg_image_repeat":"","ocean_post_title_bg_image_size":"","ocean_post_title_height":0,"ocean_post_title_bg_overlay":0.5,"ocean_post_title_bg_overlay_color":"","ocean_disable_breadcrumbs":"default","ocean_breadcrumbs_color":"","ocean_breadcrumbs_separator_color":"","ocean_breadcrumbs_links_color":"","ocean_breadcrumbs_links_hover_color":"","ocean_display_footer_widgets":"default","ocean_display_footer_bottom":"default","ocean_custom_footer_template":"0"},"product_brand":[116],"product_cat":[55],"product_tag":[],"class_list":{"0":"post-2321","1":"product","2":"type-product","3":"status-publish","4":"has-post-thumbnail","6":"product_brand-geoderm","7":"product_cat-maquillage","9":"entry","10":"has-media","12":"first","13":"instock","14":"taxable","15":"shipping-taxable","16":"purchasable","17":"product-type-simple","18":"has-rating","19":"col","20":"span_1_of_3","21":"owp-content-center","22":"owp-thumbs-layout-horizontal","23":"owp-btn-normal","24":"owp-tabs-layout-section","25":"has-no-thumbnails","26":"circle-sale"},"_links":{"self":[{"href":"https:\/\/www.biobey.be\/fr\/wp-json\/wp\/v2\/product\/2321","targetHints":{"allow":["GET"]}}],"collection":[{"href":"https:\/\/www.biobey.be\/fr\/wp-json\/wp\/v2\/product"}],"about":[{"href":"https:\/\/www.biobey.be\/fr\/wp-json\/wp\/v2\/types\/product"}],"replies":[{"embeddable":true,"href":"https:\/\/www.biobey.be\/fr\/wp-json\/wp\/v2\/comments?post=2321"}],"wp:featuredmedia":[{"embeddable":true,"href":"https:\/\/www.biobey.be\/fr\/wp-json\/wp\/v2\/media\/380"}],"wp:attachment":[{"href":"https:\/\/www.biobey.be\/fr\/wp-json\/wp\/v2\/media?parent=2321"}],"wp:term":[{"taxonomy":"product_brand","embeddable":true,"href":"https:\/\/www.biobey.be\/fr\/wp-json\/wp\/v2\/product_brand?post=2321"},{"taxonomy":"product_cat","embeddable":true,"href":"https:\/\/www.biobey.be\/fr\/wp-json\/wp\/v2\/product_cat?post=2321"},{"taxonomy":"product_tag","embeddable":true,"href":"https:\/\/www.biobey.be\/fr\/wp-json\/wp\/v2\/product_tag?post=2321"}],"curies":[{"name":"wp","href":"https:\/\/api.w.org\/{rel}","templated":true}]}}