{"id":2322,"date":"2025-05-24T01:14:00","date_gmt":"2025-05-23T23:14:00","guid":{"rendered":"https:\/\/www.biobey.be\/fr-temp\/produit\/rouge-a-levres-mat-bio-grenat-geoderm\/"},"modified":"2025-10-10T23:49:58","modified_gmt":"2025-10-10T21:49:58","slug":"rouge-a-levres-mat-bio-grenat-geoderm","status":"publish","type":"product","link":"https:\/\/www.biobey.be\/fr\/produit\/rouge-a-levres-mat-bio-grenat-geoderm\/","title":{"rendered":"Rouge \u00e0 l\u00e8vres mat bio Rose Grenat &#8211; Geoderm"},"content":{"rendered":"<p>Un rouge \u00e0 l\u00e8vres naturel et sain aux propri\u00e9t\u00e9s soignantes ?\u00a0 Le rouge \u00e0 l\u00e8vres mat bio Iris \/ Rose Grenat bio de Geoderm est et v\u00e9g\u00e9talien. Le rouge \u00e0 l\u00e8vres Geoderm Iris intens\u00e9ment pigment\u00e9 a une teinte cerise fonc\u00e9e avec une finition mate\/satin.<\/p>\n<p><strong>Rouge \u00e0 l\u00e8vres v\u00e9g\u00e9talien Iris dark cherry<\/strong><\/p>\n<ul>\n<li>soigne les l\u00e8vres gr\u00e2ce \u00e0 sa composition riche en vitamines<\/li>\n<li>hydrate et prot\u00e8ge les l\u00e8vres gr\u00e2ce \u00e0 l&rsquo;huile d&rsquo;amande biologique<\/li>\n<li>l&rsquo;huile de ricin emp\u00eache la perte d&rsquo;humidit\u00e9 en formant un film fin sur les l\u00e8vres<\/li>\n<\/ul>\n<p>La belle teinte et la texture velout\u00e9e de ce rouge \u00e0 l\u00e8vres mat bio Iris \/ Rose Grenat rendent les l\u00e8vres irr\u00e9sistibles. De plus, il a un effet soignant.<\/p>\n<p>Le rouge \u00e0 l\u00e8vres mat bio Rose Grenat a un effet hydratant et nourrissant sur les l\u00e8vres. Gr\u00e2ce \u00e0 sa composition riche en vitamines, il prot\u00e8ge les l\u00e8vres des influences ext\u00e9rieures n\u00e9gatives. Le rouge \u00e0 l\u00e8vres mat bio min\u00e9ral n\u2019offre pas seulement une bonne couverture et un <span style=\"color: #0000ff;\"><a style=\"color: #0000ff;\" href=\"https:\/\/www.biobey.be\/fr\/produit\/base-de-teint-illuminatrice-glow-perfect\/\">look intens\u00e9ment radieux.<\/a><\/span><\/p>\n<p>Il forme \u00e9galement une couche protectrice et hydrate efficacement les l\u00e8vres s\u00e8ches. Le rouge \u00e0 l\u00e8vres mat bio Geoderm convient aux personnes ayant des <span style=\"color: #0000ff;\"><a style=\"color: #0000ff;\" href=\"https:\/\/www.biobey.be\/fr\/produit\/baume-a-levres-stick-bio-rose-musquee\/\">l\u00e8vres sensibles<\/a><\/span>.<\/p>\n<h2>Rouge \u00e0 l\u00e8vres mat bio Iris \u00e0 la Rose Grenat nourrissant<\/h2>\n<p>La formule biologique et vegan \u00e0 base d\u2019huile d\u2019amande, d\u2019ester de jojoba et d\u2019huile de ricin donne aux l\u00e8vres un regain de vitamines.<br \/>\nL&rsquo;huile d&rsquo;amande biologique pr\u00e9vient et r\u00e9pare les l\u00e8vres gerc\u00e9es gr\u00e2ce \u00e0 ses propri\u00e9t\u00e9s nourrissantes. C\u2019est une source importante de vitamines et de min\u00e9raux qui contrecarrent les effets n\u00e9gatifs des radicaux libres.<\/p>\n<p>La texture du rouge \u00e0 l\u00e8vres est due \u00e0 la cire de candelilla v\u00e9g\u00e9tale. La combinaison de pigments concentr\u00e9s de haute qualit\u00e9 et de cire v\u00e9g\u00e9tale cr\u00e9e une teinte cerise fonc\u00e9 iris\u00e9e\/intense qui dure. Le rouge \u00e0 l\u00e8vres mat min\u00e9ral est id\u00e9al pour un look intense et exigeant.<\/p>\n<p>Le rouge \u00e0 l\u00e8vres mat bio naturel est v\u00e9gan. Il est exempt d\u2019ingr\u00e9dients irritants, de parfums synth\u00e9tiques, de colorants, de silicones et de conservateurs.<\/p>\n<p>Certifications : Ecocert et N.A.T Acene<\/p>\n<p>Geoderm produit <span style=\"color: #0000ff;\"><a style=\"color: #0000ff;\" href=\"https:\/\/www.biobey.be\/fr\/produit-cat\/maquillage\/\">des cosm\u00e9tiques naturels, v\u00e9g\u00e9taliens de haute qualit\u00e9<\/a><\/span>, \u00e0 base d&rsquo;extraits organiques et de pigments naturels.<\/p>\n<p><strong>Mode d\u2019emploi<\/strong> : Appliquer le rouge \u00e0 l\u00e8vres directement sur les l\u00e8vres ou avec un pinceau.<br \/>\nLe rouge \u00e0 l\u00e8vres min\u00e9ral mat convient aux l\u00e8vres sensibles.<\/p>\n<p>INCI\/ ingr\u00e9dients : Prunus amygdalus Dulcis Oil*, Candelilla Cera, Caprylic\/capric triglyceride, Ricinus communis Seed Oil*, Jojoba Esters, Helianthus annuus Seed Wax, Tocopherol (Vitamin E), Acacia decurrens Flower Wax, Polyglycerin-3 (emulsifier), Fragnance (natural flavour)**,\u00a0 +\/- CI 75470<\/p>\n<p>*En provenance de l&rsquo;agriculture biologique<\/p>\n","protected":false},"excerpt":{"rendered":"<p>&lsquo;- Le rouge \u00e0 l\u00e8vres mat bio min\u00e9ral de Geoderm est naturel et vegan<br \/>\n&#8211; Il a une couleur Iris \/ Rose Grenat avec une finition mat \/satin.<br \/>\n&#8211; Le rouge \u00e0 l\u00e8vres haute couverture est de longue dur\u00e9e<br \/>\n&#8211; Enrichi en min\u00e9raux, en vitamines A et E et en huiles nourrissantes.<br \/>\n&#8211; Contenu : 4g<\/p>\n","protected":false},"featured_media":377,"comment_status":"open","ping_status":"closed","template":"","meta":{"ocean_post_layout":"","ocean_both_sidebars_style":"","ocean_both_sidebars_content_width":0,"ocean_both_sidebars_sidebars_width":0,"ocean_sidebar":"0","ocean_second_sidebar":"0","ocean_disable_margins":"enable","ocean_add_body_class":"","ocean_shortcode_before_top_bar":"","ocean_shortcode_after_top_bar":"","ocean_shortcode_before_header":"","ocean_shortcode_after_header":"","ocean_has_shortcode":"","ocean_shortcode_after_title":"","ocean_shortcode_before_footer_widgets":"","ocean_shortcode_after_footer_widgets":"","ocean_shortcode_before_footer_bottom":"","ocean_shortcode_after_footer_bottom":"","ocean_display_top_bar":"default","ocean_display_header":"default","ocean_header_style":"","ocean_center_header_left_menu":"0","ocean_custom_header_template":"0","ocean_custom_logo":0,"ocean_custom_retina_logo":0,"ocean_custom_logo_max_width":0,"ocean_custom_logo_tablet_max_width":0,"ocean_custom_logo_mobile_max_width":0,"ocean_custom_logo_max_height":0,"ocean_custom_logo_tablet_max_height":0,"ocean_custom_logo_mobile_max_height":0,"ocean_header_custom_menu":"0","ocean_menu_typo_font_family":"0","ocean_menu_typo_font_subset":"","ocean_menu_typo_font_size":0,"ocean_menu_typo_font_size_tablet":0,"ocean_menu_typo_font_size_mobile":0,"ocean_menu_typo_font_size_unit":"px","ocean_menu_typo_font_weight":"","ocean_menu_typo_font_weight_tablet":"","ocean_menu_typo_font_weight_mobile":"","ocean_menu_typo_transform":"","ocean_menu_typo_transform_tablet":"","ocean_menu_typo_transform_mobile":"","ocean_menu_typo_line_height":0,"ocean_menu_typo_line_height_tablet":0,"ocean_menu_typo_line_height_mobile":0,"ocean_menu_typo_line_height_unit":"","ocean_menu_typo_spacing":0,"ocean_menu_typo_spacing_tablet":0,"ocean_menu_typo_spacing_mobile":0,"ocean_menu_typo_spacing_unit":"","ocean_menu_link_color":"","ocean_menu_link_color_hover":"","ocean_menu_link_color_active":"","ocean_menu_link_background":"","ocean_menu_link_hover_background":"","ocean_menu_link_active_background":"","ocean_menu_social_links_bg":"","ocean_menu_social_hover_links_bg":"","ocean_menu_social_links_color":"","ocean_menu_social_hover_links_color":"","ocean_disable_title":"default","ocean_disable_heading":"default","ocean_post_title":"","ocean_post_subheading":"","ocean_post_title_style":"","ocean_post_title_background_color":"","ocean_post_title_background":0,"ocean_post_title_bg_image_position":"","ocean_post_title_bg_image_attachment":"","ocean_post_title_bg_image_repeat":"","ocean_post_title_bg_image_size":"","ocean_post_title_height":0,"ocean_post_title_bg_overlay":0.5,"ocean_post_title_bg_overlay_color":"","ocean_disable_breadcrumbs":"default","ocean_breadcrumbs_color":"","ocean_breadcrumbs_separator_color":"","ocean_breadcrumbs_links_color":"","ocean_breadcrumbs_links_hover_color":"","ocean_display_footer_widgets":"default","ocean_display_footer_bottom":"default","ocean_custom_footer_template":"0"},"product_brand":[116],"product_cat":[55],"product_tag":[133,127,125],"class_list":{"0":"post-2322","1":"product","2":"type-product","3":"status-publish","4":"has-post-thumbnail","6":"product_brand-geoderm","7":"product_cat-maquillage","8":"product_tag-sansparfumsynthetique","9":"product_tag-sans-silicone","10":"product_tag-vegan","12":"entry","13":"has-media","15":"first","16":"instock","17":"taxable","18":"shipping-taxable","19":"purchasable","20":"product-type-simple","21":"has-rating","22":"col","23":"span_1_of_3","24":"owp-content-center","25":"owp-thumbs-layout-horizontal","26":"owp-btn-normal","27":"owp-tabs-layout-section","28":"has-no-thumbnails","29":"circle-sale"},"_links":{"self":[{"href":"https:\/\/www.biobey.be\/fr\/wp-json\/wp\/v2\/product\/2322","targetHints":{"allow":["GET"]}}],"collection":[{"href":"https:\/\/www.biobey.be\/fr\/wp-json\/wp\/v2\/product"}],"about":[{"href":"https:\/\/www.biobey.be\/fr\/wp-json\/wp\/v2\/types\/product"}],"replies":[{"embeddable":true,"href":"https:\/\/www.biobey.be\/fr\/wp-json\/wp\/v2\/comments?post=2322"}],"wp:featuredmedia":[{"embeddable":true,"href":"https:\/\/www.biobey.be\/fr\/wp-json\/wp\/v2\/media\/377"}],"wp:attachment":[{"href":"https:\/\/www.biobey.be\/fr\/wp-json\/wp\/v2\/media?parent=2322"}],"wp:term":[{"taxonomy":"product_brand","embeddable":true,"href":"https:\/\/www.biobey.be\/fr\/wp-json\/wp\/v2\/product_brand?post=2322"},{"taxonomy":"product_cat","embeddable":true,"href":"https:\/\/www.biobey.be\/fr\/wp-json\/wp\/v2\/product_cat?post=2322"},{"taxonomy":"product_tag","embeddable":true,"href":"https:\/\/www.biobey.be\/fr\/wp-json\/wp\/v2\/product_tag?post=2322"}],"curies":[{"name":"wp","href":"https:\/\/api.w.org\/{rel}","templated":true}]}}