{"id":2323,"date":"2023-10-17T15:48:53","date_gmt":"2023-10-17T13:48:53","guid":{"rendered":"https:\/\/www.biobey.be\/fr-temp\/produit\/creme-visage-bio-pour-la-peau-sensible\/"},"modified":"2025-07-11T13:32:36","modified_gmt":"2025-07-11T11:32:36","slug":"creme-visage-bio-pour-la-peau-sensible","status":"publish","type":"product","link":"https:\/\/www.biobey.be\/fr\/produit\/creme-visage-bio-pour-la-peau-sensible\/","title":{"rendered":"Cr\u00e8me visage bio pour la peau sensible 50ml"},"content":{"rendered":"<p>La cr\u00e8me visage bio pour la peau sensibles r\u00e9pare les irritations et forme une couche protectrice autour de la peau. La cr\u00e8me visage pour la peau sensible love Bio r\u00e9duit les rougeurs et les \u00e9ruptions cutan\u00e9es.<\/p>\n<p>La formule \u00e0 base de noix du Br\u00e9sil, de ginseng, d&rsquo;huile d&rsquo;amande douce, d&rsquo;extraits de rose de Damas et de bois de santal forme une couche d\u00e9stabilisante autour de la peau.<\/p>\n<p>Ceci pour restaurer rapidement les peaux hypersensibles, irrit\u00e9es et s\u00e8ches. Cette cr\u00e8me pour le visage destin\u00e9e aux peaux sensibles r\u00e9duit les rougeurs et les irr\u00e9gularit\u00e9s du teint. Les antioxydants augmentent la r\u00e9sistance de la peau hypersensible aux facteurs environnementaux n\u00e9gatifs.<\/p>\n<p>La formule complexe <strong>r\u00e9pare et nourrit imm\u00e9diatement les peaux affect\u00e9es, s\u00e8ches et irrit\u00e9es<\/strong>. L&rsquo;action \u00e0 court terme se concentre sur la r\u00e9cup\u00e9ration rapide, l&rsquo;hydratation et la protection contre les irritations.<\/p>\n<p>En cas d&rsquo;utilisation r\u00e9guli\u00e8re, la cr\u00e8me visage bio pour la peau sensible love Bio<strong> renforce la barri\u00e8re cutan\u00e9e<\/strong>. Elle aura une meilleure d\u00e9fense contre les allerg\u00e8nes, les bact\u00e9ries et les radicaux libres.<\/p>\n<p>En outre, <strong>elle fait que l&rsquo;\u00e9piderme conserve mieux l&rsquo;humidit\u00e9<\/strong> et ne se dess\u00e8che pas. La cr\u00e8me faciale bio pour peau sensible de Love Bio convient parfaitement aux peaux hypersensibles pr\u00e9sentant des rougeurs, des taches s\u00e8ches et des irritations.<\/p>\n<h3>Caract\u00e9ristiques et composition de la cr\u00e8me visage bio pour la peau sensible<\/h3>\n<p>La cr\u00e8me visage bio pour la peau sensible Love bio pour les peaux sensibles contient des extraits de noix du Br\u00e9sil, \u00e9galement appel\u00e9es noix d&rsquo;Amazonie. L&rsquo;huile de noix du Br\u00e9sil est riche en s\u00e9l\u00e9nium, en acides gras om\u00e9ga 3 et en vitamine C. Elle apporte \u00e0 la peau les nutriments n\u00e9cessaires et offre une protection contre les facteurs environnementaux qui provoquent une hypersensibilit\u00e9.<\/p>\n<p>Les changements de temp\u00e9rature, les radicaux libres, l&rsquo;air pollu\u00e9 et les substances synth\u00e9tiques peuvent irriter la peau. La combinaison d&rsquo;extraits de ginseng, de damas et de bois de santal r\u00e9duit les rougeurs, la s\u00e9cheresse et les irritations de la peau. La cr\u00e8me visage bio pour la peau sensible Love bio a un effet nourrissant, reconstituant et fortifiant.<\/p>\n<p><strong>Conseils d&rsquo;utilisation<\/strong> : Appliquez la cr\u00e8me visage Love bio deux fois par jour sur une peau nettoy\u00e9e.<\/p>\n<p>Ingr\u00e9dients : Eau florale de Centaurea Cyanus*, Eau florale de Citrus Aurantium Amara*, Aqua, Alcool c\u00e9t\u00e9arylique, Caprylate de Propylheptyl, Glucoside de Cetearyl, Glyc\u00e9rine, Carbonate de Dicaprylyl,<\/p>\n<p>Huile de Glycine Soja*, Huile de germe d&rsquo;Oryza Sativa, Cocoglyc\u00e9rides, Phosphate de Potassium Cetyl, Huile de graines de Ribes Nigrum*, Huile de fruits d&rsquo;Olea Europaea*, Extrait de fleur de Chamomilla Recutita*, Extrait de Porphyra Umbilicalis, Extrait de fruit de marronnier d&rsquo;Inde Aesculus Hippocastanum*,<\/p>\n<p>acide glycyrrh\u00e9tinique, phospholipides, huile de Prunus Amygdalus Dulcis*, escine, r\u00e9sine de Copaifera Officinalis*, huile de graines de Bertholletia Excelsa*, extrait de feuilles d&rsquo;Aloe Barbadensis*,<\/p>\n<p>Extrait d&rsquo;\u00e9corce de Salix Alba, alcool benzylique, acide d\u00e9hydroac\u00e9tique, sorbate de potassium, benzoate de sodium, lactate de sodium, caprylate de glyc\u00e9ryle, tocoph\u00e9rol, acide citrique, dioxyde de titane, kaolin, fragnance**.<\/p>\n<p>*Ingr\u00e9dients issus de l&rsquo;agriculture biologique<br \/>\n**Ar\u00f4me \u00e0 partir de composants naturels<\/p>\n","protected":false},"excerpt":{"rendered":"<p>La cr\u00e8me visage bio pour la peau sensible Love Bio r\u00e9duit les rougeurs, les irritations et les plaques s\u00e8ches. Elle a \u00e9t\u00e9 sp\u00e9cialement d\u00e9velopp\u00e9e pour le traitement et le r\u00e9tablissement des peaux sensibles et pour renforcer la barri\u00e8re cutan\u00e9e. La cr\u00e8me prot\u00e8ge la peau des facteurs environnementaux qui provoquent des irritations.<br \/>\nLa cr\u00e8me Love Bio convient aux v\u00e9g\u00e9taliens, elle est naturelle<\/p>\n","protected":false},"featured_media":393,"comment_status":"open","ping_status":"closed","template":"","meta":{"ocean_post_layout":"","ocean_both_sidebars_style":"","ocean_both_sidebars_content_width":0,"ocean_both_sidebars_sidebars_width":0,"ocean_sidebar":"","ocean_second_sidebar":"","ocean_disable_margins":"enable","ocean_add_body_class":"","ocean_shortcode_before_top_bar":"","ocean_shortcode_after_top_bar":"","ocean_shortcode_before_header":"","ocean_shortcode_after_header":"","ocean_has_shortcode":"","ocean_shortcode_after_title":"","ocean_shortcode_before_footer_widgets":"","ocean_shortcode_after_footer_widgets":"","ocean_shortcode_before_footer_bottom":"","ocean_shortcode_after_footer_bottom":"","ocean_display_top_bar":"default","ocean_display_header":"default","ocean_header_style":"","ocean_center_header_left_menu":"","ocean_custom_header_template":"","ocean_custom_logo":0,"ocean_custom_retina_logo":0,"ocean_custom_logo_max_width":0,"ocean_custom_logo_tablet_max_width":0,"ocean_custom_logo_mobile_max_width":0,"ocean_custom_logo_max_height":0,"ocean_custom_logo_tablet_max_height":0,"ocean_custom_logo_mobile_max_height":0,"ocean_header_custom_menu":"","ocean_menu_typo_font_family":"","ocean_menu_typo_font_subset":"","ocean_menu_typo_font_size":0,"ocean_menu_typo_font_size_tablet":0,"ocean_menu_typo_font_size_mobile":0,"ocean_menu_typo_font_size_unit":"px","ocean_menu_typo_font_weight":"","ocean_menu_typo_font_weight_tablet":"","ocean_menu_typo_font_weight_mobile":"","ocean_menu_typo_transform":"","ocean_menu_typo_transform_tablet":"","ocean_menu_typo_transform_mobile":"","ocean_menu_typo_line_height":0,"ocean_menu_typo_line_height_tablet":0,"ocean_menu_typo_line_height_mobile":0,"ocean_menu_typo_line_height_unit":"","ocean_menu_typo_spacing":0,"ocean_menu_typo_spacing_tablet":0,"ocean_menu_typo_spacing_mobile":0,"ocean_menu_typo_spacing_unit":"","ocean_menu_link_color":"","ocean_menu_link_color_hover":"","ocean_menu_link_color_active":"","ocean_menu_link_background":"","ocean_menu_link_hover_background":"","ocean_menu_link_active_background":"","ocean_menu_social_links_bg":"","ocean_menu_social_hover_links_bg":"","ocean_menu_social_links_color":"","ocean_menu_social_hover_links_color":"","ocean_disable_title":"default","ocean_disable_heading":"default","ocean_post_title":"","ocean_post_subheading":"","ocean_post_title_style":"","ocean_post_title_background_color":"","ocean_post_title_background":0,"ocean_post_title_bg_image_position":"","ocean_post_title_bg_image_attachment":"","ocean_post_title_bg_image_repeat":"","ocean_post_title_bg_image_size":"","ocean_post_title_height":0,"ocean_post_title_bg_overlay":0.5,"ocean_post_title_bg_overlay_color":"","ocean_disable_breadcrumbs":"default","ocean_breadcrumbs_color":"","ocean_breadcrumbs_separator_color":"","ocean_breadcrumbs_links_color":"","ocean_breadcrumbs_links_hover_color":"","ocean_display_footer_widgets":"default","ocean_display_footer_bottom":"default","ocean_custom_footer_template":""},"product_brand":[114],"product_cat":[19,49,17,16],"product_tag":[126,133,125],"class_list":{"0":"post-2323","1":"product","2":"type-product","3":"status-publish","4":"has-post-thumbnail","6":"product_brand-love-bio","7":"product_cat-cremes-naturelles-de-jour-et-de-nuit","8":"product_cat-peau-seche","9":"product_cat-soins-du-visage","10":"product_cat-soins","11":"product_tag-sans-paraben","12":"product_tag-sansparfumsynthetique","13":"product_tag-vegan","15":"entry","16":"has-media","18":"first","19":"instock","20":"taxable","21":"shipping-taxable","22":"purchasable","23":"product-type-simple","24":"has-rating","25":"col","26":"span_1_of_3","27":"owp-content-center","28":"owp-thumbs-layout-horizontal","29":"owp-btn-normal","30":"owp-tabs-layout-section","31":"has-no-thumbnails","32":"circle-sale"},"_links":{"self":[{"href":"https:\/\/www.biobey.be\/fr\/wp-json\/wp\/v2\/product\/2323","targetHints":{"allow":["GET"]}}],"collection":[{"href":"https:\/\/www.biobey.be\/fr\/wp-json\/wp\/v2\/product"}],"about":[{"href":"https:\/\/www.biobey.be\/fr\/wp-json\/wp\/v2\/types\/product"}],"replies":[{"embeddable":true,"href":"https:\/\/www.biobey.be\/fr\/wp-json\/wp\/v2\/comments?post=2323"}],"wp:featuredmedia":[{"embeddable":true,"href":"https:\/\/www.biobey.be\/fr\/wp-json\/wp\/v2\/media\/393"}],"wp:attachment":[{"href":"https:\/\/www.biobey.be\/fr\/wp-json\/wp\/v2\/media?parent=2323"}],"wp:term":[{"taxonomy":"product_brand","embeddable":true,"href":"https:\/\/www.biobey.be\/fr\/wp-json\/wp\/v2\/product_brand?post=2323"},{"taxonomy":"product_cat","embeddable":true,"href":"https:\/\/www.biobey.be\/fr\/wp-json\/wp\/v2\/product_cat?post=2323"},{"taxonomy":"product_tag","embeddable":true,"href":"https:\/\/www.biobey.be\/fr\/wp-json\/wp\/v2\/product_tag?post=2323"}],"curies":[{"name":"wp","href":"https:\/\/api.w.org\/{rel}","templated":true}]}}