{"id":2328,"date":"2023-10-18T22:28:40","date_gmt":"2023-10-18T20:28:40","guid":{"rendered":"https:\/\/www.biobey.be\/fr-temp\/produit\/huile-visage-pour-peau-sensible-bio-50ml\/"},"modified":"2025-11-15T17:19:42","modified_gmt":"2025-11-15T16:19:42","slug":"huile-visage-pour-peau-sensible-bio-50ml","status":"publish","type":"product","link":"https:\/\/www.biobey.be\/fr\/produit\/huile-visage-pour-peau-sensible-bio-50ml\/","title":{"rendered":"Huile visage pour peau sensible biologique 50ml"},"content":{"rendered":"<p>L&rsquo;huile visage pour peau sensible d&rsquo;Argital est nourrissante et hypoallerg\u00e9nique. Elle est formul\u00e9 pour les personnes hypersensibles aux parfums, \u00e0 l&rsquo;alcool, aux colorants et autres allerg\u00e8nes potentiels. La formule neutre mais b\u00e9n\u00e9fique <strong>nourrit et r\u00e9g\u00e9n\u00e8re la peau<\/strong>. La consistance fine de l&rsquo;huile p\u00e9n\u00e8tre bien dans la couche cutan\u00e9e et ne laisse pas de film gras.<\/p>\n<p>La forte concentration de vitamines et d&rsquo;antioxydants a un effet rajeunissant, adoucissant et lissant. Les principes actifs (jojoba, camomille, calendula et extrait de violette tricolore) sont anti-inflammatoires et soulagent les irritations cutan\u00e9es. Huile <strong>pour peau sensible biologique<\/strong> hydrate et<strong> favorise l&rsquo;\u00e9lasticit\u00e9 de la peau<\/strong>.<\/p>\n<p>Elle renforce la barri\u00e8re cutan\u00e9e affaiblie et offre une protection contre la d\u00e9shydratation et les irritations de la peau. Avec une utilisation r\u00e9guli\u00e8re de l&rsquo;huile pour la peau, le visage retrouve son \u00e9clat naturel et la peau est douce.<\/p>\n<h2>Huile visage pour peau sensible bio &#8211; principes actief<\/h2>\n<p>L&rsquo;huile hypoallerg\u00e9nique pour la peau Argital est riche en acides gras insatur\u00e9s, en min\u00e9raux et en antioxydants. L&rsquo;extrait de violette tricolore contient des salicylates qui ont un effet anti-inflammatoire. C&rsquo;extrait est utilis\u00e9 pour les affections cutan\u00e9es telles que le psoriasis, l&rsquo;ecz\u00e9ma et l&rsquo;acn\u00e9. La camomille et le calandula r\u00e9duisent les rougeurs et apaisent les irritations de la peau.<\/p>\n<p>L&rsquo;huile de jojoba a un effet nourrissant en profondeur. La vitamine E contenue dans l&rsquo;huile de jojoba retard le vieillissement de la peau. La propri\u00e9t\u00e9 antioxydante de l&rsquo;huile de jojoba pr\u00e9vient la formation pr\u00e9matur\u00e9e de rides. L&rsquo;action efficace de l&rsquo;huile pour peau sensible est due \u00e0 sa composition hypoallerg\u00e9nique et puissante.<\/p>\n<p>Les ingr\u00e9dients de l&rsquo;huile bio pour la peau ont \u00e9t\u00e9 soigneusement s\u00e9lectionn\u00e9s pour r\u00e9pondre aux besoins des peaux hautement allergiques et atopiques.<\/p>\n<p>L&rsquo;huile visage pour peau sensible d&rsquo;Argital est test\u00e9e dermatologiquement et d\u00e9clar\u00e9e hypoallerg\u00e9nique.<br \/>\nSans allerg\u00e8ne* (Allerg\u00e8nes list\u00e9s dans DL 15\/02\/2005 n. 50).<br \/>\nL&rsquo;huile biologique pour le visage pour la peau sensible convient aux v\u00e9g\u00e9taliens.<\/p>\n<p>Certificats : BDIH, ICEA, Eco Control, ICEA Vegan, Lav<\/p>\n<p>Mode d&#8217;emploi : Verser quelques gouttes d&rsquo;huile pour le visage dans la paume de la main. Massez entre les paumes des mains jusqu&rsquo;\u00e0 ce que l&rsquo;huile devienne chaude. Appliquez-la sur la peau. Masser doucement en mouvements circulaires. Peut \u00eatre utilis\u00e9 sur le visage, le cou et le d\u00e9collet\u00e9.<\/p>\n<p>Ingr\u00e9dients: Simmondsia Chinensis Oil (Jojoba), Chamomilla Recutita Flower Extract (Camomille), Calendula Officinalis Flower Extract, Viola Tricolor Extract, Solum Fullonum Extract.<\/p>\n<p>*Tous les ingr\u00e9dients sont issus de l&rsquo;agriculture biologique.<\/p>\n","protected":false},"excerpt":{"rendered":"<p>L&rsquo;huile pour peau sensible biologique r\u00e9g\u00e9n\u00e8re, r\u00e9pare, hydrate et prot\u00e8ge.<\/p>\n<p><strong>Type de peau<\/strong> : peau allergique et atopique. Peau \u00e0 probl\u00e8mes avec irritations et \u00e9ruptions cutan\u00e9es. Peau s\u00e8che avec ridules.<br \/>\n<strong>Formule<\/strong> : Huile hypoallerg\u00e9nique pour la peau sans parfum, alcool, colorants, conservateurs et autres allerg\u00e8nes potentiels.<br \/>\n<strong>Certificats <\/strong>: BDIH, ICEA Vegan, ICEA BIO, LAV, Eco Control<br \/>\nTest\u00e9 dermatologiquement et exempt d&rsquo;allerg\u00e8nes (*Non r\u00e9pertori\u00e9 dans DL 15\/02\/2005 n. 50)<\/p>\n","protected":false},"featured_media":490,"comment_status":"open","ping_status":"closed","template":"","meta":{"ocean_post_layout":"","ocean_both_sidebars_style":"","ocean_both_sidebars_content_width":0,"ocean_both_sidebars_sidebars_width":0,"ocean_sidebar":"","ocean_second_sidebar":"","ocean_disable_margins":"enable","ocean_add_body_class":"","ocean_shortcode_before_top_bar":"","ocean_shortcode_after_top_bar":"","ocean_shortcode_before_header":"","ocean_shortcode_after_header":"","ocean_has_shortcode":"","ocean_shortcode_after_title":"","ocean_shortcode_before_footer_widgets":"","ocean_shortcode_after_footer_widgets":"","ocean_shortcode_before_footer_bottom":"","ocean_shortcode_after_footer_bottom":"","ocean_display_top_bar":"default","ocean_display_header":"default","ocean_header_style":"","ocean_center_header_left_menu":"","ocean_custom_header_template":"","ocean_custom_logo":0,"ocean_custom_retina_logo":0,"ocean_custom_logo_max_width":0,"ocean_custom_logo_tablet_max_width":0,"ocean_custom_logo_mobile_max_width":0,"ocean_custom_logo_max_height":0,"ocean_custom_logo_tablet_max_height":0,"ocean_custom_logo_mobile_max_height":0,"ocean_header_custom_menu":"","ocean_menu_typo_font_family":"","ocean_menu_typo_font_subset":"","ocean_menu_typo_font_size":0,"ocean_menu_typo_font_size_tablet":0,"ocean_menu_typo_font_size_mobile":0,"ocean_menu_typo_font_size_unit":"px","ocean_menu_typo_font_weight":"","ocean_menu_typo_font_weight_tablet":"","ocean_menu_typo_font_weight_mobile":"","ocean_menu_typo_transform":"","ocean_menu_typo_transform_tablet":"","ocean_menu_typo_transform_mobile":"","ocean_menu_typo_line_height":0,"ocean_menu_typo_line_height_tablet":0,"ocean_menu_typo_line_height_mobile":0,"ocean_menu_typo_line_height_unit":"","ocean_menu_typo_spacing":0,"ocean_menu_typo_spacing_tablet":0,"ocean_menu_typo_spacing_mobile":0,"ocean_menu_typo_spacing_unit":"","ocean_menu_link_color":"","ocean_menu_link_color_hover":"","ocean_menu_link_color_active":"","ocean_menu_link_background":"","ocean_menu_link_hover_background":"","ocean_menu_link_active_background":"","ocean_menu_social_links_bg":"","ocean_menu_social_hover_links_bg":"","ocean_menu_social_links_color":"","ocean_menu_social_hover_links_color":"","ocean_disable_title":"default","ocean_disable_heading":"default","ocean_post_title":"","ocean_post_subheading":"","ocean_post_title_style":"","ocean_post_title_background_color":"","ocean_post_title_background":0,"ocean_post_title_bg_image_position":"","ocean_post_title_bg_image_attachment":"","ocean_post_title_bg_image_repeat":"","ocean_post_title_bg_image_size":"","ocean_post_title_height":0,"ocean_post_title_bg_overlay":0.5,"ocean_post_title_bg_overlay_color":"","ocean_disable_breadcrumbs":"default","ocean_breadcrumbs_color":"","ocean_breadcrumbs_separator_color":"","ocean_breadcrumbs_links_color":"","ocean_breadcrumbs_links_hover_color":"","ocean_display_footer_widgets":"default","ocean_display_footer_bottom":"default","ocean_custom_footer_template":""},"product_brand":[102],"product_cat":[19,49,17,16,20],"product_tag":[126,133,127,125],"class_list":{"0":"post-2328","1":"product","2":"type-product","3":"status-publish","4":"has-post-thumbnail","6":"product_brand-argital","7":"product_cat-cremes-naturelles-de-jour-et-de-nuit","8":"product_cat-peau-seche","9":"product_cat-soins-du-visage","10":"product_cat-soins","11":"product_cat-anti-age","12":"product_tag-sans-paraben","13":"product_tag-sansparfumsynthetique","14":"product_tag-sans-silicone","15":"product_tag-vegan","17":"entry","18":"has-media","20":"first","21":"instock","22":"taxable","23":"shipping-taxable","24":"purchasable","25":"product-type-simple","26":"has-rating","27":"col","28":"span_1_of_3","29":"owp-content-center","30":"owp-thumbs-layout-horizontal","31":"owp-btn-normal","32":"owp-tabs-layout-section","33":"has-no-thumbnails","34":"circle-sale"},"_links":{"self":[{"href":"https:\/\/www.biobey.be\/fr\/wp-json\/wp\/v2\/product\/2328","targetHints":{"allow":["GET"]}}],"collection":[{"href":"https:\/\/www.biobey.be\/fr\/wp-json\/wp\/v2\/product"}],"about":[{"href":"https:\/\/www.biobey.be\/fr\/wp-json\/wp\/v2\/types\/product"}],"replies":[{"embeddable":true,"href":"https:\/\/www.biobey.be\/fr\/wp-json\/wp\/v2\/comments?post=2328"}],"wp:featuredmedia":[{"embeddable":true,"href":"https:\/\/www.biobey.be\/fr\/wp-json\/wp\/v2\/media\/490"}],"wp:attachment":[{"href":"https:\/\/www.biobey.be\/fr\/wp-json\/wp\/v2\/media?parent=2328"}],"wp:term":[{"taxonomy":"product_brand","embeddable":true,"href":"https:\/\/www.biobey.be\/fr\/wp-json\/wp\/v2\/product_brand?post=2328"},{"taxonomy":"product_cat","embeddable":true,"href":"https:\/\/www.biobey.be\/fr\/wp-json\/wp\/v2\/product_cat?post=2328"},{"taxonomy":"product_tag","embeddable":true,"href":"https:\/\/www.biobey.be\/fr\/wp-json\/wp\/v2\/product_tag?post=2328"}],"curies":[{"name":"wp","href":"https:\/\/api.w.org\/{rel}","templated":true}]}}