{"id":2332,"date":"2023-10-18T22:43:08","date_gmt":"2023-10-18T20:43:08","guid":{"rendered":"https:\/\/www.biobey.be\/fr-temp\/produit\/traitement-anti-cellulite-naturel-14\/"},"modified":"2025-07-11T13:31:09","modified_gmt":"2025-07-11T11:31:09","slug":"traitement-anti-cellulite-naturel-14","status":"publish","type":"product","link":"https:\/\/www.biobey.be\/fr\/produit\/traitement-anti-cellulite-naturel-14\/","title":{"rendered":"Traitement anti-cellulite naturel &#8211; Programme 14 jours"},"content":{"rendered":"<p>Le traitement anti-cellulite naturel de 14 jours de Bema est con\u00e7u pour raffermir et lifter la peau. Il \u00e9limine l&rsquo;humidit\u00e9 et les toxines accumul\u00e9es. La cr\u00e8me de boue amincissante a un effet d\u00e9tox et amincissant. Pendant que la lotion thermo et la cr\u00e8me raffermissante r\u00e9duisent la cellulite et am\u00e9liorent la structure de la peau.<\/p>\n<p>La programme de traitement anti-cellulite comprend une boue d\u00e9toxifiante amincissante 250ml, des ampoules de lotion thermique 5x5ml, une cr\u00e8me raffermissante 150 ml, un pantalon isolant Bema et une brochure avec un programme de 14 jours.<\/p>\n<p>L&rsquo;action efficace est due \u00e0 des concentrations \u00e9lev\u00e9es de principes actifs tels que la phosphatidylcholine, l&rsquo;algue rouge, les isoflavones de soja, le poivre de Cayenne, la reine des pr\u00e9s, l&rsquo;huile de camphre, l&rsquo;huile de germe de riz, l&rsquo;arnica, le beurre de karit\u00e9 et le kaolin.<\/p>\n<p>Cet ensemble de traitements est ax\u00e9 sur le raffermissement et le lissage de la peau des fesses et la r\u00e9duction de la cellulite.<\/p>\n<h3>Cr\u00e8me de boue d\u00e9toxifiante amincissante avec gel d&rsquo;argile blanche 250ml<\/h3>\n<p>La cr\u00e8me naturelle Fango \u00e0 base de gel d&rsquo;argile blanche a un effet d\u00e9tox, amincissant et drainant sur les cuisses. Le gel d&rsquo;argile blanche aux huiles v\u00e9g\u00e9tales revitalise la peau et am\u00e9liore l&rsquo;absorption des nutriments.<\/p>\n<h3>Cr\u00e8me raffermissante aux algues rouges 150ml<\/h3>\n<p>La cr\u00e8me raffermissante naturelle favorise la microcirculation et augmente la circulation sanguine locale. Cela am\u00e9liore le drainage de l&rsquo;humidit\u00e9 accumul\u00e9e et combat les \u0153d\u00e8mes.<\/p>\n<p>En outre, elle favorise le d\u00e9doublement des graisses pour lib\u00e9rer les graisses accumul\u00e9es dans les cellules adipeuses.<br \/>\nGr\u00e2ce \u00e0 la combinaison de substances b\u00e9n\u00e9fiques, elle assure une peau plus ferme et plus lisse.<\/p>\n<h3>Ampoules de lotion thermo active avec Capsicum 5 x 5ml<\/h3>\n<p>La lotion a un effet chauffant gr\u00e2ce \u00e0 ses principes actifs. Elle a \u00e9t\u00e9 d\u00e9velopp\u00e9e pour les massages r\u00e9chauffement locaux pour renforcer le tissu conjonctif. Les ampoules ont un effet stimulant et d\u00e9congestionnant. Elle aide \u00e0 r\u00e9duire les gonflements et les \u0153d\u00e8mes.<\/p>\n<h2>Mode d&rsquo;action et r\u00e9sultats attendus Set de traitement anti-cellulite<\/h2>\n<p>Programme de traitement anti-cellulite pour 2 semaines et 4 semaines :<br \/>\n<strong>Effet amincissant :<\/strong><br \/>\nApr\u00e8s 2 semaines : maximum 2 cm et moyenne 1,11 cm<br \/>\nApr\u00e8s 4 semaines : maximum 4 cm et moyenne 1,61 cm<\/p>\n<p><strong>Effet diur\u00e9tique moyen<\/strong> :<\/p>\n<p>Apr\u00e8s 2 semaines : 6,66% et apr\u00e8s 4 semaines : 9,10<\/p>\n<p><strong>Hydratation de la peau (moyenne)<\/strong> :<br \/>\nApr\u00e8s 2 semaines : +97,98% et apr\u00e8s 4 semaines : +138,49%.<\/p>\n<p><strong>Effet raffermissant moyen :<\/strong><br \/>\nApr\u00e8s 2 semaines : + 19,55%.<br \/>\nApr\u00e8s 4 semaines : +25%.<\/p>\n<p>Le mode d&#8217;emploi du programme de 14 jours, r\u00e9dig\u00e9 du 1er au 14e jour, se trouve dans la brochure.<\/p>\n<p><strong>Conseil<\/strong> : lorsque vous utilisez la programme de traitement anti-cellulite, il est recommand\u00e9 de l&rsquo;associer \u00e0 un mode de vie sain tel qu&rsquo;une alimentation \u00e9quilibr\u00e9e, une consommation d&rsquo;eau suffisante et la pratique d&rsquo;un sport. R\u00e9duisez \u00e9galement le stress, le tabagisme et la consommation d&rsquo;alcool. Cela permettra d&rsquo;obtenir des r\u00e9sultats optimaux et de pr\u00e9venir la cellulite superficielle, le rel\u00e2chement de la peau, les irr\u00e9gularit\u00e9s, etc.<\/p>\n<h4><strong>Cr\u00e8me de boue d\u00e9toxifiante 250ml<\/strong><\/h4>\n<p>Ingr\u00e9dients : Aqua, eau florale de Chamomilla Recutita* (Matricaria), caprylate de propylheptyl, alcool c\u00e9t\u00e9arylique, glucoside c\u00e9t\u00e9arylique, glyc\u00e9rine, carbonate de dicaprylyle, huile de germe d&rsquo;Oryza Sativa (riz), huile de Glycine Soja* (soja), coco glyc\u00e9rides, phosphate de c\u00e9tyle de potassium, poudre de Chondrus Crispus, sorbitol, mannitol,<\/p>\n<p>Chlorure de sodium d&rsquo;actine hydrolys\u00e9e, Glucosamine HCL, Glucoronate de sodium, Gluconate de calcium, Huile de fruit d&rsquo;Olea Europaea* (Olive), Beurre de Butyrospermum Parkii* (Karit\u00e9), Alcool benzylique, Acide d\u00e9hydroac\u00e9tique,<\/p>\n<p>Sorbate de potassium, Benzoate de sodium, Caprylate de glyc\u00e9ryle, Tocoph\u00e9rol, Acide citrique, Kaolin (argile blanche), Fragnance (ar\u00f4me naturel).<\/p>\n<p>*D&rsquo;agriculture biologique<\/p>\n<h4>Cr\u00e8me raffermissante 150ml<\/h4>\n<p>Ingr\u00e9dients : Aqua, Dicaprylyl Carbonate, Cetearyl Glucoside, Cetearyl Alcohol, Glycine Soja* Oil, Glycerin, Oryza Sativa Germ Oil, Titanium Dioxide, Cocoglycerides, Potassium Cetyl Phosphate, Kaolin, Huile de fruits d&rsquo;Olea Europaea*,<\/p>\n<p>huile de graines d&rsquo;Helianthus Annuus*, caprylate de glyc\u00e9ryle, phosphatidylcholine, chlorure de sodium, tocoph\u00e9rol, acide citrique, alcool benzylique, acide d\u00e9hydroac\u00e9tique, fragrance (ar\u00f4me naturel).<\/p>\n<p>*Ingr\u00e9dients issus de l&rsquo;agriculture biologique<\/p>\n<p>Lotion en ampoules Thermo Active<br \/>\nIngr\u00e9dients : Aqua, Alcohol Denat, Glycerin, Capsicum Frutescens Fruit Extract, Olea Europaea* Fruit Oil, Spiraea Ulmaria Extract, Benzyl Alcohol, Potassium Sorbate, Sodium Benzoate, Arnica Montana Extract, Dehydroxanthan Gum, Fragrance (ar\u00f4me naturel).<\/p>\n<p>*De l&rsquo;agriculture biologique<\/p>\n","protected":false},"excerpt":{"rendered":"<p><strong>Indication :<\/strong><br \/>\nLe traitement anti-cellulite pendant 14 jours \u00e0 un effet amincissant, raffermissant et diur\u00e9tique prouv\u00e9. Il r\u00e9duit la cellulite, les cellules graisseuses accumul\u00e9es et les \u0153d\u00e8mes.<br \/>\nL&rsquo;ensemble contient : Cr\u00e8me drainante d\u00e9tox \u00e0 base de boue 250ml, Cr\u00e8me raffermissante 150ml, Ampoules thermo lotions 5 x 5 ml, Pantalon isolant Bema et brochure avec le programme des 14 jours.<\/p>\n<p>Principes actifs : phosphatidylcholine, algues rouges, poivre de Cayenne, isoflavones de soja.<br \/>\nreine des pr\u00e9s, huile camphr\u00e9e, huile de germe de riz, beurre de karit\u00e9 arnica et kaolin.<\/p>\n<p>Certificats : Vegan et ICEA BIO<\/p>\n","protected":false},"featured_media":414,"comment_status":"open","ping_status":"closed","template":"","meta":{"ocean_post_layout":"","ocean_both_sidebars_style":"","ocean_both_sidebars_content_width":0,"ocean_both_sidebars_sidebars_width":0,"ocean_sidebar":"","ocean_second_sidebar":"","ocean_disable_margins":"enable","ocean_add_body_class":"","ocean_shortcode_before_top_bar":"","ocean_shortcode_after_top_bar":"","ocean_shortcode_before_header":"","ocean_shortcode_after_header":"","ocean_has_shortcode":"","ocean_shortcode_after_title":"","ocean_shortcode_before_footer_widgets":"","ocean_shortcode_after_footer_widgets":"","ocean_shortcode_before_footer_bottom":"","ocean_shortcode_after_footer_bottom":"","ocean_display_top_bar":"default","ocean_display_header":"default","ocean_header_style":"","ocean_center_header_left_menu":"","ocean_custom_header_template":"","ocean_custom_logo":0,"ocean_custom_retina_logo":0,"ocean_custom_logo_max_width":0,"ocean_custom_logo_tablet_max_width":0,"ocean_custom_logo_mobile_max_width":0,"ocean_custom_logo_max_height":0,"ocean_custom_logo_tablet_max_height":0,"ocean_custom_logo_mobile_max_height":0,"ocean_header_custom_menu":"","ocean_menu_typo_font_family":"","ocean_menu_typo_font_subset":"","ocean_menu_typo_font_size":0,"ocean_menu_typo_font_size_tablet":0,"ocean_menu_typo_font_size_mobile":0,"ocean_menu_typo_font_size_unit":"px","ocean_menu_typo_font_weight":"","ocean_menu_typo_font_weight_tablet":"","ocean_menu_typo_font_weight_mobile":"","ocean_menu_typo_transform":"","ocean_menu_typo_transform_tablet":"","ocean_menu_typo_transform_mobile":"","ocean_menu_typo_line_height":0,"ocean_menu_typo_line_height_tablet":0,"ocean_menu_typo_line_height_mobile":0,"ocean_menu_typo_line_height_unit":"","ocean_menu_typo_spacing":0,"ocean_menu_typo_spacing_tablet":0,"ocean_menu_typo_spacing_mobile":0,"ocean_menu_typo_spacing_unit":"","ocean_menu_link_color":"","ocean_menu_link_color_hover":"","ocean_menu_link_color_active":"","ocean_menu_link_background":"","ocean_menu_link_hover_background":"","ocean_menu_link_active_background":"","ocean_menu_social_links_bg":"","ocean_menu_social_hover_links_bg":"","ocean_menu_social_links_color":"","ocean_menu_social_hover_links_color":"","ocean_disable_title":"default","ocean_disable_heading":"default","ocean_post_title":"","ocean_post_subheading":"","ocean_post_title_style":"","ocean_post_title_background_color":"","ocean_post_title_background":0,"ocean_post_title_bg_image_position":"","ocean_post_title_bg_image_attachment":"","ocean_post_title_bg_image_repeat":"","ocean_post_title_bg_image_size":"","ocean_post_title_height":0,"ocean_post_title_bg_overlay":0.5,"ocean_post_title_bg_overlay_color":"","ocean_disable_breadcrumbs":"default","ocean_breadcrumbs_color":"","ocean_breadcrumbs_separator_color":"","ocean_breadcrumbs_links_color":"","ocean_breadcrumbs_links_hover_color":"","ocean_display_footer_widgets":"default","ocean_display_footer_bottom":"default","ocean_custom_footer_template":""},"product_brand":[108],"product_cat":[28,16,51],"product_tag":[127,125],"class_list":{"0":"post-2332","1":"product","2":"type-product","3":"status-publish","4":"has-post-thumbnail","6":"product_brand-naturys","7":"product_cat-anti-cellulite","8":"product_cat-soins","9":"product_cat-soins-du-corps","10":"product_tag-sans-silicone","11":"product_tag-vegan","13":"entry","14":"has-media","16":"first","17":"instock","18":"taxable","19":"shipping-taxable","20":"purchasable","21":"product-type-simple","22":"has-rating","23":"col","24":"span_1_of_3","25":"owp-content-center","26":"owp-thumbs-layout-horizontal","27":"owp-btn-normal","28":"owp-tabs-layout-section","29":"has-no-thumbnails","30":"circle-sale"},"_links":{"self":[{"href":"https:\/\/www.biobey.be\/fr\/wp-json\/wp\/v2\/product\/2332","targetHints":{"allow":["GET"]}}],"collection":[{"href":"https:\/\/www.biobey.be\/fr\/wp-json\/wp\/v2\/product"}],"about":[{"href":"https:\/\/www.biobey.be\/fr\/wp-json\/wp\/v2\/types\/product"}],"replies":[{"embeddable":true,"href":"https:\/\/www.biobey.be\/fr\/wp-json\/wp\/v2\/comments?post=2332"}],"wp:featuredmedia":[{"embeddable":true,"href":"https:\/\/www.biobey.be\/fr\/wp-json\/wp\/v2\/media\/414"}],"wp:attachment":[{"href":"https:\/\/www.biobey.be\/fr\/wp-json\/wp\/v2\/media?parent=2332"}],"wp:term":[{"taxonomy":"product_brand","embeddable":true,"href":"https:\/\/www.biobey.be\/fr\/wp-json\/wp\/v2\/product_brand?post=2332"},{"taxonomy":"product_cat","embeddable":true,"href":"https:\/\/www.biobey.be\/fr\/wp-json\/wp\/v2\/product_cat?post=2332"},{"taxonomy":"product_tag","embeddable":true,"href":"https:\/\/www.biobey.be\/fr\/wp-json\/wp\/v2\/product_tag?post=2332"}],"curies":[{"name":"wp","href":"https:\/\/api.w.org\/{rel}","templated":true}]}}