{"id":2333,"date":"2025-04-06T21:14:02","date_gmt":"2025-04-06T19:14:02","guid":{"rendered":"https:\/\/www.biobey.be\/fr-temp\/produit\/tonique-pour-peau-grasse-125ml\/"},"modified":"2026-04-03T00:26:12","modified_gmt":"2026-04-02T22:26:12","slug":"tonique-pour-peau-grasse-125ml","status":"publish","type":"product","link":"https:\/\/www.biobey.be\/fr\/produit\/tonique-pour-peau-grasse-125ml\/","title":{"rendered":"Tonique pour peau grasse \u00e0 imperfections 125ml"},"content":{"rendered":"<p>Le tonique pour peau grasse prend soin des peaux grasses et mixtes ayant tendance \u00e0 l&rsquo;acn\u00e9. En outre, il procure un agr\u00e9able rafra\u00eechissement du visage. La tonique pour peau grasse \u00e0 imperfections est compos\u00e9e d&rsquo;extraits anti-inflammatoires et anti-bact\u00e9riens. Il a un <span style=\"color: #0000ff;\"><a style=\"color: #0000ff;\" href=\"https:\/\/www.biobey.be\/fr\/produit\/creme-bio-peaux-mixtes-a-grasses-50-ml\/\"><strong>effet matifiant sur les peaux brillantes.<\/strong><\/a><\/span><\/p>\n<p>En r\u00e9gulant l&rsquo;activit\u00e9 excessive des glandes s\u00e9bac\u00e9es, il r\u00e9duit l&rsquo;apparence de la peau grasse.<\/p>\n<h2>La brume tonique pour le visage est-elle efficace contre l&rsquo;acn\u00e9 ?<\/h2>\n<p>La brume tonique naturelle pour les peaux \u00e0 imperfections aide \u00e0 r\u00e9duire et \u00e0 pr\u00e9venir les \u00e9ruptions d&rsquo;acn\u00e9. La formule \u00e0 base d&rsquo;huiles essentielles biologiques a des propri\u00e9t\u00e9s antibact\u00e9riennes et anti-inflammatoires.<\/p>\n<p>Argital Face mist toner aide \u00e0 r\u00e9duire la formation des mauvaises bact\u00e9ries et <a href=\"https:\/\/www.biobey.be\/fr\/produit\/traitement-contre-acne-serum-hemp\/\"><span style=\"color: #0000ff;\">prot\u00e8ge la peau contre la formation d&rsquo;acn\u00e9<\/span><\/a>. Les huiles biologiques d&rsquo;arbre \u00e0 th\u00e9, de niaouli et de c\u00e8dre ont des propri\u00e9t\u00e9s anti-inflammatoires. Elles prot\u00e8gent la peau des boutons et resserrent les pores dilat\u00e9s.<\/p>\n<p>Elle acc\u00e9l\u00e8re le processus de r\u00e9cup\u00e9ration de la peau, en calmant les rougeurs, les irritations et les petites blessures. Apr\u00e8s utilisation, la peau est propre, douce et moins grasse.<\/p>\n<h2>Effet matifiant et rafra\u00eechissant de la lotion tonique pour peau grasse \u00e0 imperfections.<\/h2>\n<p>Les huiles biologiques d&rsquo;arbre \u00e0 th\u00e9 et de niaouli sont utilis\u00e9es pour traiter les bact\u00e9ries, les champignons et les inflammations. Gr\u00e2ce \u00e0 leurs propri\u00e9t\u00e9s antiseptiques, elles aident \u00e0 pr\u00e9venir les impuret\u00e9s et l&rsquo;acn\u00e9. En outre, tonique pour peau grasse \u00e0 imperfections contient des huiles de c\u00e8dre et de lavande biologiques.<\/p>\n<p>L&rsquo;huile de c\u00e8dre est largement utilis\u00e9e pour divers probl\u00e8mes de peau et de cuir chevelu car elle poss\u00e8de des propri\u00e9t\u00e9s cicatrisantes et hydratantes. L&rsquo;huile de lavande contient des antioxydants qui prot\u00e8gent la peau. Elle <strong>r\u00e9duit les rougeurs, les irritations cutan\u00e9es, les plaies et les plaques s\u00e8ches.<\/strong><\/p>\n<p>Le tonique pour peau grasse contient une combinaison d&rsquo;huiles anti-inflammatoires et d&rsquo;huiles apaisantes et r\u00e9g\u00e9n\u00e9ratrices. Le tonique pour le visage destin\u00e9e aux peaux \u00e0 imperfections a un effet matifiant et lissant sur la peau. Il peut \u00eatre utilis\u00e9 comme tonique purifiant pour les peaux grasses et acn\u00e9iques ainsi que pour un rafra\u00eechissement agr\u00e9able du visage.<\/p>\n<p>Mode d&#8217;emploi : Le tonique pour peau grasse \u00e0 imperfections peut \u00eatre utilis\u00e9e comme une tonique et un spray. Appliquez une petite quantit\u00e9 du produit sur un coton biologique, tamponnez sur la peau et attendez quelques secondes pour qu&rsquo;elle s\u00e8che. Vous pouvez le vaporiser directement sur la peau. Utilisez-le matin et soir apr\u00e8s avoir nettoy\u00e9 la peau.<\/p>\n<p>Ingr\u00e9dients : Aqua, alcool d\u00e9natur\u00e9**, huile de Cedrus Atlantica*, huile de Lavandula Angustifolia*, huile de Melaleuca Viridiflora Leaf*.<br \/>\n*Composants des huiles essentielles : Limon\u00e8ne, Linalool<\/p>\n<p><strong>Type de peau<\/strong> : peau mixte, grasse et acn\u00e9ique<br \/>\nIl est purement naturel et v\u00e9g\u00e9talien.<br \/>\n<strong>Certifications<\/strong> : LAV,\u00a0 BDIH, ICEA Vegan<\/p>\n","protected":false},"excerpt":{"rendered":"<p>Le tonique pour peau grasse \u00e0 imperfections r\u00e9gule la production de s\u00e9bum et a un effet matifiant. Con\u00e7u pour r\u00e9duire les imperfections, l&rsquo;acn\u00e9 et les irritations de la peau.<\/p>\n","protected":false},"featured_media":426,"comment_status":"open","ping_status":"closed","template":"","meta":{"ocean_post_layout":"","ocean_both_sidebars_style":"","ocean_both_sidebars_content_width":0,"ocean_both_sidebars_sidebars_width":0,"ocean_sidebar":"0","ocean_second_sidebar":"0","ocean_disable_margins":"enable","ocean_add_body_class":"","ocean_shortcode_before_top_bar":"","ocean_shortcode_after_top_bar":"","ocean_shortcode_before_header":"","ocean_shortcode_after_header":"","ocean_has_shortcode":"","ocean_shortcode_after_title":"","ocean_shortcode_before_footer_widgets":"","ocean_shortcode_after_footer_widgets":"","ocean_shortcode_before_footer_bottom":"","ocean_shortcode_after_footer_bottom":"","ocean_display_top_bar":"default","ocean_display_header":"default","ocean_header_style":"","ocean_center_header_left_menu":"0","ocean_custom_header_template":"0","ocean_custom_logo":0,"ocean_custom_retina_logo":0,"ocean_custom_logo_max_width":0,"ocean_custom_logo_tablet_max_width":0,"ocean_custom_logo_mobile_max_width":0,"ocean_custom_logo_max_height":0,"ocean_custom_logo_tablet_max_height":0,"ocean_custom_logo_mobile_max_height":0,"ocean_header_custom_menu":"0","ocean_menu_typo_font_family":"0","ocean_menu_typo_font_subset":"","ocean_menu_typo_font_size":0,"ocean_menu_typo_font_size_tablet":0,"ocean_menu_typo_font_size_mobile":0,"ocean_menu_typo_font_size_unit":"px","ocean_menu_typo_font_weight":"","ocean_menu_typo_font_weight_tablet":"","ocean_menu_typo_font_weight_mobile":"","ocean_menu_typo_transform":"","ocean_menu_typo_transform_tablet":"","ocean_menu_typo_transform_mobile":"","ocean_menu_typo_line_height":0,"ocean_menu_typo_line_height_tablet":0,"ocean_menu_typo_line_height_mobile":0,"ocean_menu_typo_line_height_unit":"","ocean_menu_typo_spacing":0,"ocean_menu_typo_spacing_tablet":0,"ocean_menu_typo_spacing_mobile":0,"ocean_menu_typo_spacing_unit":"","ocean_menu_link_color":"","ocean_menu_link_color_hover":"","ocean_menu_link_color_active":"","ocean_menu_link_background":"","ocean_menu_link_hover_background":"","ocean_menu_link_active_background":"","ocean_menu_social_links_bg":"","ocean_menu_social_hover_links_bg":"","ocean_menu_social_links_color":"","ocean_menu_social_hover_links_color":"","ocean_disable_title":"default","ocean_disable_heading":"default","ocean_post_title":"","ocean_post_subheading":"","ocean_post_title_style":"","ocean_post_title_background_color":"","ocean_post_title_background":0,"ocean_post_title_bg_image_position":"","ocean_post_title_bg_image_attachment":"","ocean_post_title_bg_image_repeat":"","ocean_post_title_bg_image_size":"","ocean_post_title_height":0,"ocean_post_title_bg_overlay":0.5,"ocean_post_title_bg_overlay_color":"","ocean_disable_breadcrumbs":"default","ocean_breadcrumbs_color":"","ocean_breadcrumbs_separator_color":"","ocean_breadcrumbs_links_color":"","ocean_breadcrumbs_links_hover_color":"","ocean_display_footer_widgets":"default","ocean_display_footer_bottom":"default","ocean_custom_footer_template":"0"},"product_brand":[102],"product_cat":[47,18,49,17,16],"product_tag":[133,127],"class_list":{"0":"post-2333","1":"product","2":"type-product","3":"status-publish","4":"has-post-thumbnail","6":"product_brand-argital","7":"product_cat-offres-et-minis","8":"product_cat-nettoyage-de-la-peau-et-masques","9":"product_cat-peau-seche","10":"product_cat-soins-du-visage","11":"product_cat-soins","12":"product_tag-sansparfumsynthetique","13":"product_tag-sans-silicone","15":"entry","16":"has-media","18":"first","19":"instock","20":"taxable","21":"shipping-taxable","22":"purchasable","23":"product-type-simple","24":"has-rating","25":"col","26":"span_1_of_3","27":"owp-content-center","28":"owp-thumbs-layout-horizontal","29":"owp-btn-normal","30":"owp-tabs-layout-section","31":"has-no-thumbnails","32":"circle-sale"},"_links":{"self":[{"href":"https:\/\/www.biobey.be\/fr\/wp-json\/wp\/v2\/product\/2333","targetHints":{"allow":["GET"]}}],"collection":[{"href":"https:\/\/www.biobey.be\/fr\/wp-json\/wp\/v2\/product"}],"about":[{"href":"https:\/\/www.biobey.be\/fr\/wp-json\/wp\/v2\/types\/product"}],"replies":[{"embeddable":true,"href":"https:\/\/www.biobey.be\/fr\/wp-json\/wp\/v2\/comments?post=2333"}],"wp:featuredmedia":[{"embeddable":true,"href":"https:\/\/www.biobey.be\/fr\/wp-json\/wp\/v2\/media\/426"}],"wp:attachment":[{"href":"https:\/\/www.biobey.be\/fr\/wp-json\/wp\/v2\/media?parent=2333"}],"wp:term":[{"taxonomy":"product_brand","embeddable":true,"href":"https:\/\/www.biobey.be\/fr\/wp-json\/wp\/v2\/product_brand?post=2333"},{"taxonomy":"product_cat","embeddable":true,"href":"https:\/\/www.biobey.be\/fr\/wp-json\/wp\/v2\/product_cat?post=2333"},{"taxonomy":"product_tag","embeddable":true,"href":"https:\/\/www.biobey.be\/fr\/wp-json\/wp\/v2\/product_tag?post=2333"}],"curies":[{"name":"wp","href":"https:\/\/api.w.org\/{rel}","templated":true}]}}