{"id":2334,"date":"2026-03-04T19:11:08","date_gmt":"2026-03-04T18:11:08","guid":{"rendered":"https:\/\/www.biobey.be\/fr-temp\/produit\/emulsion-nettoyante-bio-eau-micellaire\/"},"modified":"2026-03-05T19:11:41","modified_gmt":"2026-03-05T18:11:41","slug":"emulsion-nettoyante-bio-eau-micellaire","status":"publish","type":"product","link":"https:\/\/www.biobey.be\/fr\/produit\/emulsion-nettoyante-bio-eau-micellaire\/","title":{"rendered":"\u00c9mulsion nettoyante bio eau micellaire 125ml"},"content":{"rendered":"<p>L&rsquo;eau micellaire, \u00e9mulsion nettoyante bio douce et naturelle, est sp\u00e9cialement formul\u00e9e pour le nettoyage en douceur de la peau &#8211; des yeux et pour le d\u00e9maquillage. Gr\u00e2ce \u00e0 sa composition douce et pure, elle convient m\u00eame aux peaux les plus sensibles.<\/p>\n<p>Les petites particules de micelles v\u00e9g\u00e9tales contenues dans l&rsquo;\u00e9mulsion \u00e9liminent efficacement le maquillage et les impuret\u00e9s sans irriter ni dess\u00e9cher la peau d\u00e9licate.<\/p>\n<p>La pollution atmosph\u00e9rique, les influences ext\u00e9rieures et les radicaux libres affectent la peau. L&rsquo;\u00e9mulsion nettoyante bio eau micellaire riche en antioxydants et en vitamines pr\u00e9vient l&rsquo;action des radicaux libres. Sa formule \u00e0 base d&rsquo;extraits de gard\u00e9nia, de camomille et de rose aide \u00e0 estomper les l\u00e9g\u00e8res taches brunes superficielles.<\/p>\n<p>L&rsquo;extrait de gard\u00e9nia favorise l&rsquo;uniformit\u00e9 du teint. Apr\u00e8s le nettoyage du visage ou le d\u00e9maquillage, la peau ne tiraille pas et n&rsquo;est pas s\u00e8che. L&rsquo;\u00e9mulsion nettoyante bio doit sa couleur bleu clair \u00e0 l&rsquo;extrait de gard\u00e9nia qu&rsquo;elle contient.<\/p>\n<p><strong>Conseil d&rsquo;expert pour les taches brunes<\/strong> : si vous avez la peau sensible et souffrez de taches brunes sur le visage, il est conseill\u00e9 d&rsquo;associer cette \u00e9mulsion \u00e0 <span style=\"color: #0000ff;\"><a style=\"color: #0000ff;\" href=\"https:\/\/www.biobey.be\/fr\/produit\/serum-anti-tache-intensif-visage-30-ml\/\">une cr\u00e8me anti-taches de bema bio<\/a><\/span>. En cas de teint l\u00e9g\u00e8rement irr\u00e9gulier, la <span style=\"color: #0000ff;\"><a style=\"color: #0000ff;\" href=\"https:\/\/www.biobey.be\/fr\/produit\/creme-de-jour-a-lhuile-de-rose-bio-50\/\">cr\u00e8me \u00e0 l&rsquo;huile de rose biologique<\/a><\/span> d&rsquo;argital peut aider \u00e0 uniformiser la peau.<br \/>\nCette \u00e9mulsion nettoyante naturelle convient aussi bien aux hommes qu&rsquo;aux femmes.<\/p>\n<h2>Caract\u00e9ristiques de l&rsquo;\u00e9mulsion nettoyante bio eau micellaire<\/h2>\n<p>La composition douce mais efficace de l&rsquo;\u00e9mulsion nettoyante bio eau micellaire comprend des extraits biologiques de camomille, de rose de Damas et de gard\u00e9nia. L&rsquo;extrait de camomille a un effet apaisant sur les peaux irrit\u00e9es. Il r\u00e9duit les rougeurs et pr\u00e9vient les inflammations. L&rsquo;hydrolat de Rose de Damas a un effet anti-inflammatoire et r\u00e9parateur.<\/p>\n<p>Il est utilis\u00e9 pour traiter la rosac\u00e9e, l&rsquo;ecz\u00e9ma et les yeux irrit\u00e9s ou sensibles. L&rsquo;hydrolat de rose r\u00e9duit la taille des pores et r\u00e9tablit le pH de la peau.<\/p>\n<p>Les extraits de gard\u00e9nia pr\u00e9sents donnent \u00e0 l&rsquo;eau micellaire de l&rsquo;\u00e9mulsion nettoyante une couleur bleu clair. Ces extraits ont un effet \u00e9claircissant et lissant sur le teint de la peau. L&rsquo;\u00e9mulsion nettoyante bio peut \u00eatre utilis\u00e9e pour le nettoyage du visage et le d\u00e9maquillage.<\/p>\n<h3>L&rsquo;\u00e9mulsion nettoyante bio Lyme est v\u00e9g\u00e9talienne<\/h3>\n<p>Mode d&#8217;emploi: Appliquer l&rsquo;\u00e9mulsion nettoyante bio sur la peau et les yeux \u00e0 l&rsquo;aide d&rsquo;un coton et d\u00e9maquiller. Il convient aux peaux hypersensibles.<\/p>\n<p>inci: Eau de fleur de Chamomilla Recutita*, eau de fleur de Rosa Damascena*, eau de Hamamelis Virginiana*, eau de feuille de Camellia Sinensis*, \u00e9ther dicaprylate, glucoside de d\u00e9cyle, ol\u00e9ate de glyc\u00e9ryle, glyc\u00e9rine, ar\u00f4me naturel*, alcool benzylique, benzoate de sodium, sorbate de potassium, extrait de fleur de Gardenia Florida, dextrine, linalool**, citron\u00e8ne**, g\u00e9raniol**.<\/p>\n<p>*Ingr\u00e9dients issus de l&rsquo;agriculture biologique<br \/>\n**Composants des huiles essentielles de plantes<\/p>\n<p><strong>Formule<\/strong> : Extraits de gard\u00e9nia, de camomille et de rose de Damas<br \/>\n<strong>Caract\u00e9ristiques<\/strong> : Naturel et v\u00e9g\u00e9talien<\/p>\n<p>Tr\u00e8s doux pour la peau et les yeux sensibles, la peau est uniforme apr\u00e8s utilisation.<\/p>\n","protected":false},"excerpt":{"rendered":"<p>L&rsquo;eau micellaire, \u00e9mulsion nettoyante bio douce et naturelle, nettoie la peau et la d\u00e9maquille (visage et l\u00e8vres). Gr\u00e2ce \u00e0 sa composition douce, elle convient aux peaux hypersensibles et irrit\u00e9es. Sa couleur bleu clair est due aux extraits de gard\u00e9nia.<\/p>\n","protected":false},"featured_media":501,"comment_status":"open","ping_status":"closed","template":"","meta":{"ocean_post_layout":"","ocean_both_sidebars_style":"","ocean_both_sidebars_content_width":0,"ocean_both_sidebars_sidebars_width":0,"ocean_sidebar":"0","ocean_second_sidebar":"0","ocean_disable_margins":"enable","ocean_add_body_class":"","ocean_shortcode_before_top_bar":"","ocean_shortcode_after_top_bar":"","ocean_shortcode_before_header":"","ocean_shortcode_after_header":"","ocean_has_shortcode":"","ocean_shortcode_after_title":"","ocean_shortcode_before_footer_widgets":"","ocean_shortcode_after_footer_widgets":"","ocean_shortcode_before_footer_bottom":"","ocean_shortcode_after_footer_bottom":"","ocean_display_top_bar":"default","ocean_display_header":"default","ocean_header_style":"","ocean_center_header_left_menu":"0","ocean_custom_header_template":"0","ocean_custom_logo":0,"ocean_custom_retina_logo":0,"ocean_custom_logo_max_width":0,"ocean_custom_logo_tablet_max_width":0,"ocean_custom_logo_mobile_max_width":0,"ocean_custom_logo_max_height":0,"ocean_custom_logo_tablet_max_height":0,"ocean_custom_logo_mobile_max_height":0,"ocean_header_custom_menu":"0","ocean_menu_typo_font_family":"0","ocean_menu_typo_font_subset":"","ocean_menu_typo_font_size":0,"ocean_menu_typo_font_size_tablet":0,"ocean_menu_typo_font_size_mobile":0,"ocean_menu_typo_font_size_unit":"px","ocean_menu_typo_font_weight":"","ocean_menu_typo_font_weight_tablet":"","ocean_menu_typo_font_weight_mobile":"","ocean_menu_typo_transform":"","ocean_menu_typo_transform_tablet":"","ocean_menu_typo_transform_mobile":"","ocean_menu_typo_line_height":0,"ocean_menu_typo_line_height_tablet":0,"ocean_menu_typo_line_height_mobile":0,"ocean_menu_typo_line_height_unit":"","ocean_menu_typo_spacing":0,"ocean_menu_typo_spacing_tablet":0,"ocean_menu_typo_spacing_mobile":0,"ocean_menu_typo_spacing_unit":"","ocean_menu_link_color":"","ocean_menu_link_color_hover":"","ocean_menu_link_color_active":"","ocean_menu_link_background":"","ocean_menu_link_hover_background":"","ocean_menu_link_active_background":"","ocean_menu_social_links_bg":"","ocean_menu_social_hover_links_bg":"","ocean_menu_social_links_color":"","ocean_menu_social_hover_links_color":"","ocean_disable_title":"default","ocean_disable_heading":"default","ocean_post_title":"","ocean_post_subheading":"","ocean_post_title_style":"","ocean_post_title_background_color":"","ocean_post_title_background":0,"ocean_post_title_bg_image_position":"","ocean_post_title_bg_image_attachment":"","ocean_post_title_bg_image_repeat":"","ocean_post_title_bg_image_size":"","ocean_post_title_height":0,"ocean_post_title_bg_overlay":0.5,"ocean_post_title_bg_overlay_color":"","ocean_disable_breadcrumbs":"default","ocean_breadcrumbs_color":"","ocean_breadcrumbs_separator_color":"","ocean_breadcrumbs_links_color":"","ocean_breadcrumbs_links_hover_color":"","ocean_display_footer_widgets":"default","ocean_display_footer_bottom":"default","ocean_custom_footer_template":"0"},"product_brand":[108],"product_cat":[55,18,17,16],"product_tag":[126,127,125],"class_list":{"0":"post-2334","1":"product","2":"type-product","3":"status-publish","4":"has-post-thumbnail","6":"product_brand-naturys","7":"product_cat-maquillage","8":"product_cat-nettoyage-de-la-peau-et-masques","9":"product_cat-soins-du-visage","10":"product_cat-soins","11":"product_tag-sans-paraben","12":"product_tag-sans-silicone","13":"product_tag-vegan","15":"entry","16":"has-media","18":"first","19":"instock","20":"taxable","21":"shipping-taxable","22":"purchasable","23":"product-type-simple","24":"has-rating","25":"col","26":"span_1_of_3","27":"owp-content-center","28":"owp-thumbs-layout-horizontal","29":"owp-btn-normal","30":"owp-tabs-layout-section","31":"has-no-thumbnails","32":"circle-sale"},"_links":{"self":[{"href":"https:\/\/www.biobey.be\/fr\/wp-json\/wp\/v2\/product\/2334","targetHints":{"allow":["GET"]}}],"collection":[{"href":"https:\/\/www.biobey.be\/fr\/wp-json\/wp\/v2\/product"}],"about":[{"href":"https:\/\/www.biobey.be\/fr\/wp-json\/wp\/v2\/types\/product"}],"replies":[{"embeddable":true,"href":"https:\/\/www.biobey.be\/fr\/wp-json\/wp\/v2\/comments?post=2334"}],"wp:featuredmedia":[{"embeddable":true,"href":"https:\/\/www.biobey.be\/fr\/wp-json\/wp\/v2\/media\/501"}],"wp:attachment":[{"href":"https:\/\/www.biobey.be\/fr\/wp-json\/wp\/v2\/media?parent=2334"}],"wp:term":[{"taxonomy":"product_brand","embeddable":true,"href":"https:\/\/www.biobey.be\/fr\/wp-json\/wp\/v2\/product_brand?post=2334"},{"taxonomy":"product_cat","embeddable":true,"href":"https:\/\/www.biobey.be\/fr\/wp-json\/wp\/v2\/product_cat?post=2334"},{"taxonomy":"product_tag","embeddable":true,"href":"https:\/\/www.biobey.be\/fr\/wp-json\/wp\/v2\/product_tag?post=2334"}],"curies":[{"name":"wp","href":"https:\/\/api.w.org\/{rel}","templated":true}]}}