{"id":2335,"date":"2025-03-13T09:55:38","date_gmt":"2025-03-13T08:55:38","guid":{"rendered":"https:\/\/www.biobey.be\/fr-temp\/produit\/fluide-eclaircissant-instant-anti-taches\/"},"modified":"2025-07-11T13:15:25","modified_gmt":"2025-07-11T11:15:25","slug":"fluide-eclaircissant-instant-anti-taches","status":"publish","type":"product","link":"https:\/\/www.biobey.be\/fr\/produit\/fluide-eclaircissant-instant-anti-taches\/","title":{"rendered":"Fluide \u00e9claircissant instant anti-taches 30ml"},"content":{"rendered":"<p>Fluide \u00e9claircissant instant anti-taches pour le visage et le d\u00e9collet\u00e9. Ce fluide naturel de Limy\u00e8 unifie le teint et \u00e9claircit les taches brunes et autres d\u00e9colorations de la peau. Il est sp\u00e9cialement formul\u00e9e pour traiter les peaux ternes, les in\u00e9galit\u00e9s de teint, les taches brunes et autres d\u00e9colorations de la peau sur le visage et le d\u00e9collet\u00e9.<\/p>\n<p>Le fluide \u00e9claircissant instant de Limy\u00e8 est la solution innovante qui donne instantan\u00e9ment \u00e0 votre peau un bel effet d&rsquo;\u00e9clat ou de brillance de mani\u00e8re naturelle. De plus, il assure <strong>un teint uniforme \u00e0 long terme gr\u00e2ce \u00e0 son complexe phyto\u00e9claircissant.<\/strong><\/p>\n<h2>Quel est l&rsquo;effet du fluide \u00e9claircissant instant contre les taches brunes?<\/h2>\n<p>Sa formule aux actifs multifonctionnels \u00e9claircit les taches brunes, nourrit la peau et la prot\u00e8ge des agents exog\u00e8nes et oxydants.<\/p>\n<p>Fluide \u00e9claircissant naturel avec complexe phyto\u00e9claircissant<br \/>\nL&rsquo;efficacit\u00e9 de ce fluide \u00e9claircissant est due \u00e0 sa formule naturelle \u00e0 base de complexe phyto \u00e9claircissant, d\u00e9riv\u00e9 d&rsquo;extrait de grenade et d&rsquo;hibiscus.<\/p>\n<h2>Pourquoi ne pas utiliser l&rsquo;hydroquinone ?<\/h2>\n<p>Qu&rsquo;est-ce que l&rsquo;hydroquinone ? L&rsquo;hydroquinone est un compos\u00e9 organique aromatique qui est un type de ph\u00e9nol d\u00e9riv\u00e9 du benz\u00e8ne. Il est connu comme agent de blanchiment de la peau. Bien que les cr\u00e8mes contenant de l&rsquo;hydroquinone puissent r\u00e9ellement d\u00e9colorer la peau, leur utilisation n&rsquo;est pas sans risque.<\/p>\n<p>Les cr\u00e8mes et s\u00e9rums anti-pigmentation conventionnels contenant de l&rsquo;hydroquinone irritent la peau et provoquent des inflammations. En outre, ces cr\u00e8mes peuvent provoquer des taches blanches sur la peau. L&rsquo;utilisation des cr\u00e8mes \u00e0 l&rsquo;hydroquinone pr\u00e9sente \u00e9galement des risques plus graves et plus inqui\u00e9tants.<\/p>\n<h3>Complexe phyto\u00e9claircissant naturel comme alternative \u00e0 l&rsquo;hydroquinone<\/h3>\n<p>Le complexe phyto\u00e9claircissant de Bema Bio est un complexe \u00e0 base d&rsquo;extraits de grenade, de punicalagines et d&rsquo;hibiscus.<br \/>\nLes substances synth\u00e9tiques efficaces qui peuvent \u00e9claircir la peau et inhiber la production de m\u00e9lanine, comme l&rsquo;hydroquinone, sont nocives pour la sant\u00e9.<\/p>\n<p>Outre les effets secondaires tels que la dermatite, l&rsquo;hydroquinone a de nombreuses r\u00e9percussions graves sur la sant\u00e9. Dans la recherche d&rsquo;alternatives s\u00fbres et naturelles \u00e0 l&rsquo;hydroquinone, <a href=\"https:\/\/pubmed.ncbi.nlm.nih.gov\/24397882\/\" rel=\"nofollow noopener\" target=\"_blank\">les chercheurs<\/a> ont d\u00e9couvert un compos\u00e9 polyph\u00e9nolique, les punicalagines.<\/p>\n<p>La punicalagine est un inhibiteur actif de la m\u00e9lanine capable d&rsquo;\u00e9claircir efficacement les taches brunes et autres d\u00e9colorations de la peau.<\/p>\n<p>Ainsi, l&rsquo;extrait de grenade illumine et nourrit la peau de l&rsquo;int\u00e9rieur. Il <strong>\u00e9limine les taches sombres, les d\u00e9colorations de la peau et \u00e9claircit les cicatrices<\/strong>. L&rsquo;extrait d&rsquo;hibiscus regorge de vitamine C et d&rsquo;autres composants b\u00e9n\u00e9fiques qui am\u00e9liorent et \u00e9claircissent la texture de votre peau.<\/p>\n<p>Le complexe phyto\u00e9claircissant a un effet multifonctionnel qui donne \u00e0 votre peau un \u00e9clat naturel instantan\u00e9 et unifie le teint.<\/p>\n<h3>Caract\u00e9ristiques du Fluide \u00e9claircissant instant au complexe phyto \u00e9claircissant<\/h3>\n<ul>\n<li>\u00c9claircit les peaux ternes<\/li>\n<li>Donne <strong>un effet d&rsquo;\u00e9clat naturel instantan\u00e9<\/strong><\/li>\n<li>Inhibe la production de m\u00e9lanine et unifie le teint.<\/li>\n<li>Nourrit la peau de l&rsquo;int\u00e9rieur<\/li>\n<li>Prot\u00e8ge la peau contre les substances exog\u00e8nes et oxydantes<\/li>\n<li>Formule naturelle sans hydroquinone ni autres ingr\u00e9dients nocifs<\/li>\n<li><strong>Convient aux femmes enceintes<\/strong><\/li>\n<\/ul>\n<p>Mode d&#8217;emploi<br \/>\nAppliquer matin et soir sur le visage, le cou et le d\u00e9collet\u00e9, de pr\u00e9f\u00e9rence avant la Cr\u00e8me Illuminatrice Limy\u00e8.<\/p>\n<p>inci : Camelia Sinensis* (eau de feuilles), Rosa Damascena* (eau de fleurs), Chamomilla Recutita* (Matricaria) (eau de fleurs), Centaurea Cyanus* (eau de fleurs), Cetearyl Glucoside, Cetearyl Alcohol, Glyc\u00e9rine, Coco-Caprylate, Hexyldecanol, Hexyldecyl Laurate, Behenyl Alcohol, Cetyl Palmitate,<\/p>\n<p>Benzyl Alcohol, Tocopherol, Dehydroacetic Acid, Sodium Stearoyl Glutamate, Gomme xanthane, maltodextrine, glutamate de cacaooyle sodique, silaurate de saccharose, dioxyde de titane, mica, extrait de Pisum Sativum, polysaccharide de Porphyridium,<\/p>\n<p>extrait hydrolys\u00e9 d&rsquo;Hibiscus Esculentus, dextrine, extrait de fruit de Punica Granatum (grenade), sorbate de potassium, benzoate de sodium, fragnance***\/odeur, linalool**, limonene**, geraniol**.<\/p>\n<p>*D&rsquo;agriculture biologique.<br \/>\n** Composants des huiles essentielles de plantes\/composants des huiles essentielles de plantes.<br \/>\n***Fragrance 100% naturelle<\/p>\n","protected":false},"excerpt":{"rendered":"<ul>\n<li>Pour le traitement des peaux ternes avec d\u00e9coloration de la peau.<\/li>\n<li>Donne un effet d&rsquo;\u00e9clat naturel instant<\/li>\n<li>Inhibe la production de m\u00e9lanine et unifie le teint.<\/li>\n<li>Formule naturelle sans hydroquinone ni autres ingr\u00e9dients nocifs<\/li>\n<li>Convient aux femmes enceintes<\/li>\n<\/ul>\n","protected":false},"featured_media":474,"comment_status":"open","ping_status":"closed","template":"","meta":{"ocean_post_layout":"","ocean_both_sidebars_style":"","ocean_both_sidebars_content_width":0,"ocean_both_sidebars_sidebars_width":0,"ocean_sidebar":"","ocean_second_sidebar":"","ocean_disable_margins":"enable","ocean_add_body_class":"","ocean_shortcode_before_top_bar":"","ocean_shortcode_after_top_bar":"","ocean_shortcode_before_header":"","ocean_shortcode_after_header":"","ocean_has_shortcode":"","ocean_shortcode_after_title":"","ocean_shortcode_before_footer_widgets":"","ocean_shortcode_after_footer_widgets":"","ocean_shortcode_before_footer_bottom":"","ocean_shortcode_after_footer_bottom":"","ocean_display_top_bar":"default","ocean_display_header":"default","ocean_header_style":"","ocean_center_header_left_menu":"","ocean_custom_header_template":"","ocean_custom_logo":0,"ocean_custom_retina_logo":0,"ocean_custom_logo_max_width":0,"ocean_custom_logo_tablet_max_width":0,"ocean_custom_logo_mobile_max_width":0,"ocean_custom_logo_max_height":0,"ocean_custom_logo_tablet_max_height":0,"ocean_custom_logo_mobile_max_height":0,"ocean_header_custom_menu":"","ocean_menu_typo_font_family":"","ocean_menu_typo_font_subset":"","ocean_menu_typo_font_size":0,"ocean_menu_typo_font_size_tablet":0,"ocean_menu_typo_font_size_mobile":0,"ocean_menu_typo_font_size_unit":"px","ocean_menu_typo_font_weight":"","ocean_menu_typo_font_weight_tablet":"","ocean_menu_typo_font_weight_mobile":"","ocean_menu_typo_transform":"","ocean_menu_typo_transform_tablet":"","ocean_menu_typo_transform_mobile":"","ocean_menu_typo_line_height":0,"ocean_menu_typo_line_height_tablet":0,"ocean_menu_typo_line_height_mobile":0,"ocean_menu_typo_line_height_unit":"","ocean_menu_typo_spacing":0,"ocean_menu_typo_spacing_tablet":0,"ocean_menu_typo_spacing_mobile":0,"ocean_menu_typo_spacing_unit":"","ocean_menu_link_color":"","ocean_menu_link_color_hover":"","ocean_menu_link_color_active":"","ocean_menu_link_background":"","ocean_menu_link_hover_background":"","ocean_menu_link_active_background":"","ocean_menu_social_links_bg":"","ocean_menu_social_hover_links_bg":"","ocean_menu_social_links_color":"","ocean_menu_social_hover_links_color":"","ocean_disable_title":"default","ocean_disable_heading":"default","ocean_post_title":"","ocean_post_subheading":"","ocean_post_title_style":"","ocean_post_title_background_color":"","ocean_post_title_background":0,"ocean_post_title_bg_image_position":"","ocean_post_title_bg_image_attachment":"","ocean_post_title_bg_image_repeat":"","ocean_post_title_bg_image_size":"","ocean_post_title_height":0,"ocean_post_title_bg_overlay":0.5,"ocean_post_title_bg_overlay_color":"","ocean_disable_breadcrumbs":"default","ocean_breadcrumbs_color":"","ocean_breadcrumbs_separator_color":"","ocean_breadcrumbs_links_color":"","ocean_breadcrumbs_links_hover_color":"","ocean_display_footer_widgets":"default","ocean_display_footer_bottom":"default","ocean_custom_footer_template":""},"product_brand":[108],"product_cat":[23,19,17,16,20],"product_tag":[126,127,125],"class_list":{"0":"post-2335","1":"product","2":"type-product","3":"status-publish","4":"has-post-thumbnail","6":"product_brand-naturys","7":"product_cat-cou-decollete","8":"product_cat-cremes-naturelles-de-jour-et-de-nuit","9":"product_cat-soins-du-visage","10":"product_cat-soins","11":"product_cat-anti-age","12":"product_tag-sans-paraben","13":"product_tag-sans-silicone","14":"product_tag-vegan","16":"entry","17":"has-media","19":"first","20":"instock","21":"taxable","22":"shipping-taxable","23":"purchasable","24":"product-type-simple","25":"has-rating","26":"col","27":"span_1_of_3","28":"owp-content-center","29":"owp-thumbs-layout-horizontal","30":"owp-btn-normal","31":"owp-tabs-layout-section","32":"has-no-thumbnails","33":"circle-sale"},"_links":{"self":[{"href":"https:\/\/www.biobey.be\/fr\/wp-json\/wp\/v2\/product\/2335","targetHints":{"allow":["GET"]}}],"collection":[{"href":"https:\/\/www.biobey.be\/fr\/wp-json\/wp\/v2\/product"}],"about":[{"href":"https:\/\/www.biobey.be\/fr\/wp-json\/wp\/v2\/types\/product"}],"replies":[{"embeddable":true,"href":"https:\/\/www.biobey.be\/fr\/wp-json\/wp\/v2\/comments?post=2335"}],"wp:featuredmedia":[{"embeddable":true,"href":"https:\/\/www.biobey.be\/fr\/wp-json\/wp\/v2\/media\/474"}],"wp:attachment":[{"href":"https:\/\/www.biobey.be\/fr\/wp-json\/wp\/v2\/media?parent=2335"}],"wp:term":[{"taxonomy":"product_brand","embeddable":true,"href":"https:\/\/www.biobey.be\/fr\/wp-json\/wp\/v2\/product_brand?post=2335"},{"taxonomy":"product_cat","embeddable":true,"href":"https:\/\/www.biobey.be\/fr\/wp-json\/wp\/v2\/product_cat?post=2335"},{"taxonomy":"product_tag","embeddable":true,"href":"https:\/\/www.biobey.be\/fr\/wp-json\/wp\/v2\/product_tag?post=2335"}],"curies":[{"name":"wp","href":"https:\/\/api.w.org\/{rel}","templated":true}]}}