{"id":2336,"date":"2025-05-30T18:03:24","date_gmt":"2025-05-30T16:03:24","guid":{"rendered":"https:\/\/www.biobey.be\/fr-temp\/produit\/creme-antioxydante-anti-pollution-50ml\/"},"modified":"2025-07-11T10:59:09","modified_gmt":"2025-07-11T08:59:09","slug":"creme-antioxydante-anti-pollution-50ml","status":"publish","type":"product","link":"https:\/\/www.biobey.be\/fr\/produit\/creme-antioxydante-anti-pollution-50ml\/","title":{"rendered":"Cr\u00e8me antioxydante anti-pollution Nature Up 50ml"},"content":{"rendered":"<p>Une cr\u00e8me antioxydants anti-pollution est essentiels pour r\u00e9parer et prot\u00e9ger votre peau du stress oxydatif? La cr\u00e8me antioxydante de Nature Up est sp\u00e9cialement con\u00e7ue pour prot\u00e9ger la peau des effets n\u00e9gatifs des radicaux libres.<\/p>\n<p><strong>Que fait cette cr\u00e8me bio aux antioxydants?<\/strong><\/p>\n<p>La cr\u00e8me antioxydante et anti-pollution Nature up a de nombreux bienfaits pour la peau, dont les principaux sont r\u00e9sum\u00e9s ci-dessous:<\/p>\n<ol>\n<li>prot\u00e8ge contre le stress oxydatif, la pollution de l&rsquo;air, les rayons UV<\/li>\n<li>forte concentration en vitamine C, nourrit la peau<\/li>\n<li>restaure les peaux s\u00e8ches et ab\u00eem\u00e9es, ultra-hydratante<\/li>\n<li>rem\u00e9die \u00e0 la peau terne<\/li>\n<\/ol>\n<p>La formule naturelle \u00e0 base d&rsquo;extrait de mol\u00e8ne m\u00e9diterran\u00e9enne, d&rsquo;acide hyaluronique et de vitamine C est extr\u00eamement adapt\u00e9e aux peaux s\u00e8ches, ternes et d\u00e9grad\u00e9es pr\u00e9sentant des ridules. Utilisez <span style=\"color: #0000ee;\"><a style=\"color: #0000ee;\" href=\"https:\/\/www.biobey.be\/fr\/produit\/le-creme-du-jour-cremcann-q10\/\">cette cr\u00e8me de jour naturel<\/a><\/span> pour la protection quotidienne et le soin de la peau s\u00e8che. La formule riche en acides gras insatur\u00e9s nourrit et prot\u00e8ge la barri\u00e8re cutan\u00e9e.<\/p>\n<p>La pollution atmosph\u00e9rique, les rayons UV et d&rsquo;autres facteurs environnementaux ont un impact n\u00e9gatif sur la peau. Les radicaux libres provoquent un stress oxydatif. Cela amincit la couche protectrice naturelle de la peau et acc\u00e9l\u00e8re le vieillissement cutan\u00e9. La cr\u00e8me anti-pollution est riche en antioxydants et en substances nourrissantes.<\/p>\n<p>Les vitamines C et E agissent sur les radicaux libres et pr\u00e9viennent le stress oxydatif. En outre, cette cr\u00e8me ultra-hydratante convient parfaitement aux peaux s\u00e8ches avec des ridules. L&rsquo;acide hyaluronique a un effet hydratant profond et pr\u00e9vient la perte d&rsquo;humidit\u00e9.<\/p>\n<p>Cette cr\u00e8me antioxydante prot\u00e8ge la peau contre le stress oxydatif et la formation pr\u00e9matur\u00e9e de rides. En outre, ellel assure la r\u00e9g\u00e9n\u00e9ration et l&rsquo;hydratation profonde des peaux s\u00e8ches et ternes. Pour les peaux atopiques hypersensibles, nous recommandons d&rsquo;utiliser <span style=\"color: #0000ee;\"><a style=\"color: #0000ee;\" href=\"https:\/\/www.biobey.be\/fr\/produit\/creme-dermatite-a-la-pensee-sauvage-50ml\/\">la cr\u00e8me Viola Tricolor dermatite<\/a><\/span>. Elle renforce la peau et r\u00e9duit les sympt\u00f4mes de la peau hypersensible<\/p>\n<h2>Cr\u00e8me antioxydante qui revitalise, prot\u00e8ge et hydrate la peau<\/h2>\n<p>La cr\u00e8me antioxydante v\u00e9gan contient de l&rsquo;extrait de mol\u00e8ne m\u00e9diterran\u00e9enne. Cet extrait est connu pour ses propri\u00e9t\u00e9s antibact\u00e9riennes, anti-infectieuses et cicatrisantes. Il favorise la production de globules blancs et renforce la r\u00e9sistance de la peau hypersensible. Il a un effet fortifiant et antioxydant sur la peau.<\/p>\n<p>La combinaison d&rsquo;acide hyaluronique et de vitamine C dans la cr\u00e8me antioxydante permet <strong>d&rsquo;hydrater et de revitaliser la peau en profondeur<\/strong>. Elle r\u00e9duit \u00e9galement les rides existantes caus\u00e9es par la d\u00e9shydratation de la peau. Les huiles organiques d&rsquo;avocat, de jojoba et de cranberry unifient la peau et pr\u00e9viennent les inflammations et les irritations cutan\u00e9es.<\/p>\n<p>Le beurre de karit\u00e9 nourrit et adoucit la peau squameuse. Avec une utilisation r\u00e9guli\u00e8re de cette cr\u00e8me antioxydante, la peau retrouvera sa douceur et son \u00e9clat naturels.<\/p>\n<p>Mode d&#8217;emploi : Appliquez la cr\u00e8me antioxydante Nature up le matin et le soir sur une peau nettoy\u00e9e. \u00c9vitez le contact direct avec les yeux.<\/p>\n<p>Ingr\u00e9dients : Eau florale de Centaurea cyanus*, Eau florale de Hamamelis virginiana*, Aqua, Glyc\u00e9rine, Carbonate de Dicaprylyl, St\u00e9arate de Glyc\u00e9ryle, Alcool c\u00e9t\u00e9arylique, Beurre de karit\u00e9*, Huile de fruit d&rsquo;Olea europaea*, Huile de Persea gratissima*,<\/p>\n<p>Huile de graines de Sesamum indicum (*), huile de graines de Simmondsia chinensis*, hyaluronate de sodium, fleur de verbascum thapsus hydrolys\u00e9e*,<\/p>\n<p>acide polyglutamique, phosphate d&rsquo;ascorbyle de sodium, extrait de fruit de Punica granatum, Huile de graines de Solanum lycopersicum, Huile de graines de Vaccinium macrocarpon, Tocoph\u00e9rol, Lycop\u00e8ne, Maltodextrine, Triglyc\u00e9ride caprylique\/caprique, Huile de graines de Helianthus annuus,<\/p>\n<p>Acide citrique, Acide d\u00e9hydroac\u00e9tique, St\u00e9aroyl glutamate de sodium, Trid\u00e9cane, Gomme xanthane, Coco-caprylate, Und\u00e9cane, Benzoate de sodium, Laurate de glyc\u00e9ryle, Alcool benzylique, Sorbate de potassium, Ar\u00f4me**, Alpha-Isom\u00e9thyl Ionone** Coumarine**, Hexyl Cinnamal**, Linalool**.<\/p>\n<p>*Ingr\u00e9dients issus de l&rsquo;agriculture biologique<br \/>\n**Aromes issus de composants naturels<\/p>\n","protected":false},"excerpt":{"rendered":"<p>La cr\u00e8me antioxydante prot\u00e8ge, r\u00e9g\u00e9n\u00e8re et hydrate intens\u00e9ment.<br \/>\nFormule : Extrait de mol\u00e8ne m\u00e9diterran\u00e9enne, acide hyaluronique et vitamine C<\/p>\n<p><strong>Type de peau<\/strong> : Peau s\u00e8che, peau terne et d\u00e9shydrat\u00e9e. Peau mature avec rides et ridules<br \/>\n<strong>Mode d&rsquo;action<\/strong> : la cr\u00e8me pr\u00e9vient le stress oxydatif et renforce la barri\u00e8re cutan\u00e9e. elle assure une hydratation en profondeur et pr\u00e9vient le vieillissement pr\u00e9matur\u00e9 de la peau.<br \/>\nLa cr\u00e8me Nature Up est convient aux v\u00e9g\u00e9taliens.<\/p>\n","protected":false},"featured_media":389,"comment_status":"open","ping_status":"closed","template":"","meta":{"ocean_post_layout":"","ocean_both_sidebars_style":"","ocean_both_sidebars_content_width":0,"ocean_both_sidebars_sidebars_width":0,"ocean_sidebar":"","ocean_second_sidebar":"","ocean_disable_margins":"enable","ocean_add_body_class":"","ocean_shortcode_before_top_bar":"","ocean_shortcode_after_top_bar":"","ocean_shortcode_before_header":"","ocean_shortcode_after_header":"","ocean_has_shortcode":"","ocean_shortcode_after_title":"","ocean_shortcode_before_footer_widgets":"","ocean_shortcode_after_footer_widgets":"","ocean_shortcode_before_footer_bottom":"","ocean_shortcode_after_footer_bottom":"","ocean_display_top_bar":"default","ocean_display_header":"default","ocean_header_style":"","ocean_center_header_left_menu":"","ocean_custom_header_template":"","ocean_custom_logo":0,"ocean_custom_retina_logo":0,"ocean_custom_logo_max_width":0,"ocean_custom_logo_tablet_max_width":0,"ocean_custom_logo_mobile_max_width":0,"ocean_custom_logo_max_height":0,"ocean_custom_logo_tablet_max_height":0,"ocean_custom_logo_mobile_max_height":0,"ocean_header_custom_menu":"","ocean_menu_typo_font_family":"","ocean_menu_typo_font_subset":"","ocean_menu_typo_font_size":0,"ocean_menu_typo_font_size_tablet":0,"ocean_menu_typo_font_size_mobile":0,"ocean_menu_typo_font_size_unit":"px","ocean_menu_typo_font_weight":"","ocean_menu_typo_font_weight_tablet":"","ocean_menu_typo_font_weight_mobile":"","ocean_menu_typo_transform":"","ocean_menu_typo_transform_tablet":"","ocean_menu_typo_transform_mobile":"","ocean_menu_typo_line_height":0,"ocean_menu_typo_line_height_tablet":0,"ocean_menu_typo_line_height_mobile":0,"ocean_menu_typo_line_height_unit":"","ocean_menu_typo_spacing":0,"ocean_menu_typo_spacing_tablet":0,"ocean_menu_typo_spacing_mobile":0,"ocean_menu_typo_spacing_unit":"","ocean_menu_link_color":"","ocean_menu_link_color_hover":"","ocean_menu_link_color_active":"","ocean_menu_link_background":"","ocean_menu_link_hover_background":"","ocean_menu_link_active_background":"","ocean_menu_social_links_bg":"","ocean_menu_social_hover_links_bg":"","ocean_menu_social_links_color":"","ocean_menu_social_hover_links_color":"","ocean_disable_title":"default","ocean_disable_heading":"default","ocean_post_title":"","ocean_post_subheading":"","ocean_post_title_style":"","ocean_post_title_background_color":"","ocean_post_title_background":0,"ocean_post_title_bg_image_position":"","ocean_post_title_bg_image_attachment":"","ocean_post_title_bg_image_repeat":"","ocean_post_title_bg_image_size":"","ocean_post_title_height":0,"ocean_post_title_bg_overlay":0.5,"ocean_post_title_bg_overlay_color":"","ocean_disable_breadcrumbs":"default","ocean_breadcrumbs_color":"","ocean_breadcrumbs_separator_color":"","ocean_breadcrumbs_links_color":"","ocean_breadcrumbs_links_hover_color":"","ocean_display_footer_widgets":"default","ocean_display_footer_bottom":"default","ocean_custom_footer_template":""},"product_brand":[107],"product_cat":[19,47,49,17,16],"product_tag":[126,127,125],"class_list":{"0":"post-2336","1":"product","2":"type-product","3":"status-publish","4":"has-post-thumbnail","6":"product_brand-nature-up","7":"product_cat-cremes-naturelles-de-jour-et-de-nuit","8":"product_cat-offres-et-minis","9":"product_cat-peau-seche","10":"product_cat-soins-du-visage","11":"product_cat-soins","12":"product_tag-sans-paraben","13":"product_tag-sans-silicone","14":"product_tag-vegan","16":"entry","17":"has-media","19":"first","20":"instock","21":"taxable","22":"shipping-taxable","23":"purchasable","24":"product-type-simple","25":"has-rating","26":"col","27":"span_1_of_3","28":"owp-content-center","29":"owp-thumbs-layout-horizontal","30":"owp-btn-normal","31":"owp-tabs-layout-section","32":"has-no-thumbnails","33":"circle-sale"},"_links":{"self":[{"href":"https:\/\/www.biobey.be\/fr\/wp-json\/wp\/v2\/product\/2336","targetHints":{"allow":["GET"]}}],"collection":[{"href":"https:\/\/www.biobey.be\/fr\/wp-json\/wp\/v2\/product"}],"about":[{"href":"https:\/\/www.biobey.be\/fr\/wp-json\/wp\/v2\/types\/product"}],"replies":[{"embeddable":true,"href":"https:\/\/www.biobey.be\/fr\/wp-json\/wp\/v2\/comments?post=2336"}],"wp:featuredmedia":[{"embeddable":true,"href":"https:\/\/www.biobey.be\/fr\/wp-json\/wp\/v2\/media\/389"}],"wp:attachment":[{"href":"https:\/\/www.biobey.be\/fr\/wp-json\/wp\/v2\/media?parent=2336"}],"wp:term":[{"taxonomy":"product_brand","embeddable":true,"href":"https:\/\/www.biobey.be\/fr\/wp-json\/wp\/v2\/product_brand?post=2336"},{"taxonomy":"product_cat","embeddable":true,"href":"https:\/\/www.biobey.be\/fr\/wp-json\/wp\/v2\/product_cat?post=2336"},{"taxonomy":"product_tag","embeddable":true,"href":"https:\/\/www.biobey.be\/fr\/wp-json\/wp\/v2\/product_tag?post=2336"}],"curies":[{"name":"wp","href":"https:\/\/api.w.org\/{rel}","templated":true}]}}