{"id":2337,"date":"2024-01-04T17:20:06","date_gmt":"2024-01-04T16:20:06","guid":{"rendered":"https:\/\/www.biobey.be\/fr-temp\/produit\/serum-anti-rougeur-bio-contre-rosacee\/"},"modified":"2026-03-30T22:38:17","modified_gmt":"2026-03-30T20:38:17","slug":"serum-anti-rougeur-bio-contre-rosacee","status":"publish","type":"product","link":"https:\/\/www.biobey.be\/fr\/produit\/serum-anti-rougeur-bio-contre-rosacee\/","title":{"rendered":"S\u00e9rum anti-rougeur bio contre rosac\u00e9e 30ml"},"content":{"rendered":"<p>Le s\u00e9rum anti-rougeur bio contre rosac\u00e9e est d\u00e9velopp\u00e9 pour traitement local de la peau affect\u00e9e. Le s\u00e9rum Naturys est con\u00e7u pour les peaux hyper sensibles sujettes aux rougeurs, \u00e0 la couperose et \u00e0 la rosac\u00e9e. Il agit sur les zones vuln\u00e9rables en r\u00e9g\u00e9n\u00e9rant la peau. Le s\u00e9rum Naturys aide \u00e0 r\u00e9duire les sympt\u00f4mes de la rosac\u00e9e et de l&rsquo;acn\u00e9 rosac\u00e9e.<\/p>\n<p>La formule \u00e0 base d&rsquo;huile de p\u00e9pins de cassis, d&rsquo;extraits d&rsquo;aesculus hippocastanum et de centella asiatica r\u00e9g\u00e9n\u00e8re, nourrit et prot\u00e8ge les peaux hypersensibles. Le <strong>s\u00e9rum anti-rougeur bio contre la rosac\u00e9e<\/strong> renforce la barri\u00e8re cutan\u00e9e. En r\u00e9sultat, la r\u00e9sistance de la peau aux changements de temp\u00e9rature, aux radicaux libres et aux substances irritantes pour la peau est affect\u00e9e.<\/p>\n<p>Ses propri\u00e9t\u00e9s nourrissantes, apaisantes et r\u00e9paratrices rendent la peau plus douce et les rougeurs disparaissent. Avec une utilisation r\u00e9guli\u00e8re, l&rsquo;hypersensibilit\u00e9 aux facteurs environnementaux diminue.<\/p>\n<h2>Formule s\u00e9rum anti-rougeur bio contre rosac\u00e9e<\/h2>\n<p>L&rsquo;huile de p\u00e9pins de cassis b\u00e9n\u00e9fique <strong>renforce les fonctions de d\u00e9fense de la peau<\/strong> et <strong>stimule la synth\u00e8se du collag\u00e8ne<\/strong>. En outre, le s\u00e9rum anti-rougeur bio contre la rosac\u00e9e contient de l&rsquo;extrait de Centella Asiatica ou Gotu Kala, riche en acides gras essentiels, en acides amin\u00e9s et en b\u00eata-carot\u00e8ne.<\/p>\n<p>Ces substances favorisent la croissance cellulaire et sont connues pour leurs propri\u00e9t\u00e9s de cicatrisation. La combinaison d&rsquo;huile de p\u00e9pins de groseille et de Gotu Kala est id\u00e9ale pour r\u00e9g\u00e9n\u00e9rer la peau.<\/p>\n<p>Les radicaux libres provoquent un stress oxydatif. Cela provoque une irritation de la peau, une hypersensibilit\u00e9 et un vieillissement pr\u00e9matur\u00e9 de la peau. Les antioxydants contenus dans les extraits aident \u00e0 neutraliser les effets n\u00e9gatifs des radicaux libres.<\/p>\n<p>Les ingr\u00e9dients actifs concentr\u00e9s dans le<strong> s\u00e9rum anti-rougeur bio contre rosac\u00e9e<\/strong> stimulent la r\u00e9paration des cellules de la peau et assurent un teint sain. Ses propri\u00e9t\u00e9s nourrissantes et hydratantes renforcent la couche protectrice naturelle de la peau.<\/p>\n<p>Ce s\u00e9rum anti-rougeur bio contre rosac\u00e9e v\u00e9g\u00e9talien a un ar\u00f4me naturel agr\u00e9able. Le s\u00e9rum ne tiraille pas la peau et n&rsquo;est pas granuleux. Il peut \u00eatre utilis\u00e9 sous une cr\u00e8me pour le visage.<\/p>\n<p>Mode d&#8217;emploi : Appliquez le s\u00e9rum anti-rougeur bio contre rosac\u00e9e sur la peau nettoy\u00e9e, matin et soir. Il convient aux peaux sensibles et hypersensibles.<\/p>\n<p>Ingr\u00e9dients (INCI) : Aqua, Glyc\u00e9rine, huile de fruits d&rsquo;Olea Europaea*, huile de Prunus Amygdalus Dulcis*, huile de graines de Ribes Nigrum*, extrait de fruits d&rsquo;Aesculus Hippocastanum*, extrait de Centella Asiatica, alcool benzylique, phospholipides, benzoate de sodium, Escin, acide citrique, sorbate de potassium, extrait de fleurs de Chamomilla Recutita*, gomme de xanthane, ar\u00f4me**.<\/p>\n<p>*D&rsquo;agriculture biologique<br \/>\n**Aromatisation \u00e0 partir de composants naturels<\/p>\n","protected":false},"excerpt":{"rendered":"<p>Le s\u00e9rum anti-rougeur bio contre la rosac\u00e9e r\u00e9pare, r\u00e9g\u00e9n\u00e8re et nourrit la peau affect\u00e9e. R\u00e9duit les rougeurs et renforce la r\u00e9sistance \u00e0 l&rsquo;hypersensibilit\u00e9<\/p>\n","protected":false},"featured_media":387,"comment_status":"open","ping_status":"closed","template":"","meta":{"ocean_post_layout":"","ocean_both_sidebars_style":"","ocean_both_sidebars_content_width":0,"ocean_both_sidebars_sidebars_width":0,"ocean_sidebar":"","ocean_second_sidebar":"","ocean_disable_margins":"enable","ocean_add_body_class":"","ocean_shortcode_before_top_bar":"","ocean_shortcode_after_top_bar":"","ocean_shortcode_before_header":"","ocean_shortcode_after_header":"","ocean_has_shortcode":"","ocean_shortcode_after_title":"","ocean_shortcode_before_footer_widgets":"","ocean_shortcode_after_footer_widgets":"","ocean_shortcode_before_footer_bottom":"","ocean_shortcode_after_footer_bottom":"","ocean_display_top_bar":"default","ocean_display_header":"default","ocean_header_style":"","ocean_center_header_left_menu":"","ocean_custom_header_template":"","ocean_custom_logo":0,"ocean_custom_retina_logo":0,"ocean_custom_logo_max_width":0,"ocean_custom_logo_tablet_max_width":0,"ocean_custom_logo_mobile_max_width":0,"ocean_custom_logo_max_height":0,"ocean_custom_logo_tablet_max_height":0,"ocean_custom_logo_mobile_max_height":0,"ocean_header_custom_menu":"","ocean_menu_typo_font_family":"","ocean_menu_typo_font_subset":"","ocean_menu_typo_font_size":0,"ocean_menu_typo_font_size_tablet":0,"ocean_menu_typo_font_size_mobile":0,"ocean_menu_typo_font_size_unit":"px","ocean_menu_typo_font_weight":"","ocean_menu_typo_font_weight_tablet":"","ocean_menu_typo_font_weight_mobile":"","ocean_menu_typo_transform":"","ocean_menu_typo_transform_tablet":"","ocean_menu_typo_transform_mobile":"","ocean_menu_typo_line_height":0,"ocean_menu_typo_line_height_tablet":0,"ocean_menu_typo_line_height_mobile":0,"ocean_menu_typo_line_height_unit":"","ocean_menu_typo_spacing":0,"ocean_menu_typo_spacing_tablet":0,"ocean_menu_typo_spacing_mobile":0,"ocean_menu_typo_spacing_unit":"","ocean_menu_link_color":"","ocean_menu_link_color_hover":"","ocean_menu_link_color_active":"","ocean_menu_link_background":"","ocean_menu_link_hover_background":"","ocean_menu_link_active_background":"","ocean_menu_social_links_bg":"","ocean_menu_social_hover_links_bg":"","ocean_menu_social_links_color":"","ocean_menu_social_hover_links_color":"","ocean_disable_title":"default","ocean_disable_heading":"default","ocean_post_title":"","ocean_post_subheading":"","ocean_post_title_style":"","ocean_post_title_background_color":"","ocean_post_title_background":0,"ocean_post_title_bg_image_position":"","ocean_post_title_bg_image_attachment":"","ocean_post_title_bg_image_repeat":"","ocean_post_title_bg_image_size":"","ocean_post_title_height":0,"ocean_post_title_bg_overlay":0.5,"ocean_post_title_bg_overlay_color":"","ocean_disable_breadcrumbs":"default","ocean_breadcrumbs_color":"","ocean_breadcrumbs_separator_color":"","ocean_breadcrumbs_links_color":"","ocean_breadcrumbs_links_hover_color":"","ocean_display_footer_widgets":"default","ocean_display_footer_bottom":"default","ocean_custom_footer_template":""},"product_brand":[108],"product_cat":[19,33,47,49,31,17,16,20],"product_tag":[133,125],"class_list":{"0":"post-2337","1":"product","2":"type-product","3":"status-publish","4":"has-post-thumbnail","6":"product_brand-naturys","7":"product_cat-cremes-naturelles-de-jour-et-de-nuit","8":"product_cat-irritation-cutanee-eczema-et-psoriasis","9":"product_cat-offres-et-minis","10":"product_cat-peau-seche","11":"product_cat-sante","12":"product_cat-soins-du-visage","13":"product_cat-soins","14":"product_cat-anti-age","15":"product_tag-sansparfumsynthetique","16":"product_tag-vegan","18":"entry","19":"has-media","21":"first","22":"instock","23":"taxable","24":"shipping-taxable","25":"purchasable","26":"product-type-simple","27":"has-rating","28":"col","29":"span_1_of_3","30":"owp-content-center","31":"owp-thumbs-layout-horizontal","32":"owp-btn-normal","33":"owp-tabs-layout-section","34":"has-no-thumbnails","35":"circle-sale"},"_links":{"self":[{"href":"https:\/\/www.biobey.be\/fr\/wp-json\/wp\/v2\/product\/2337","targetHints":{"allow":["GET"]}}],"collection":[{"href":"https:\/\/www.biobey.be\/fr\/wp-json\/wp\/v2\/product"}],"about":[{"href":"https:\/\/www.biobey.be\/fr\/wp-json\/wp\/v2\/types\/product"}],"replies":[{"embeddable":true,"href":"https:\/\/www.biobey.be\/fr\/wp-json\/wp\/v2\/comments?post=2337"}],"wp:featuredmedia":[{"embeddable":true,"href":"https:\/\/www.biobey.be\/fr\/wp-json\/wp\/v2\/media\/387"}],"wp:attachment":[{"href":"https:\/\/www.biobey.be\/fr\/wp-json\/wp\/v2\/media?parent=2337"}],"wp:term":[{"taxonomy":"product_brand","embeddable":true,"href":"https:\/\/www.biobey.be\/fr\/wp-json\/wp\/v2\/product_brand?post=2337"},{"taxonomy":"product_cat","embeddable":true,"href":"https:\/\/www.biobey.be\/fr\/wp-json\/wp\/v2\/product_cat?post=2337"},{"taxonomy":"product_tag","embeddable":true,"href":"https:\/\/www.biobey.be\/fr\/wp-json\/wp\/v2\/product_tag?post=2337"}],"curies":[{"name":"wp","href":"https:\/\/api.w.org\/{rel}","templated":true}]}}