{"id":2340,"date":"2025-05-31T23:55:14","date_gmt":"2025-05-31T21:55:14","guid":{"rendered":"https:\/\/www.biobey.be\/fr-temp\/produit\/creme-naturelle-contre-la-cellulite-bio\/"},"modified":"2025-07-10T16:46:35","modified_gmt":"2025-07-10T14:46:35","slug":"creme-naturelle-contre-la-cellulite-bio","status":"publish","type":"product","link":"https:\/\/www.biobey.be\/fr\/produit\/creme-naturelle-contre-la-cellulite-bio\/","title":{"rendered":"Cr\u00e8me naturelle contre la cellulite Bema Bio 150ml"},"content":{"rendered":"<p>A la recherche d&rsquo;une cr\u00e8me anti-cellulite ? La cr\u00e8me naturelle contre la cellulite de Bema Bio est utilis\u00e9e avec succ\u00e8s dans les massages anti-cellulite. La cr\u00e8me naturelle contre la cellulite a \u00e9t\u00e9 mise au point pour traiter la cellulite ou la \u00ab\u00a0peau d&rsquo;orange\u00a0\u00bb en r\u00e9duisant les cellules graisseuses et les adh\u00e9rences.<\/p>\n<p><strong>Principales fonctions et actions de la cr\u00e8me naturelle contre cellulite Bema Bio r\u00e9sum\u00e9es :<\/strong><\/p>\n<ol>\n<li>acc\u00e9l\u00e9ration de la combustion des graisses<\/li>\n<li>stimulation de la microcirculation et du drainage lymphatique<\/li>\n<li>d\u00e9gradation des cellules graisseuses<\/li>\n<li>r\u00e9duction des adh\u00e9rences<\/li>\n<li>am\u00e9lioration de la structure et de l&rsquo;\u00e9lasticit\u00e9 de la peau<\/li>\n<\/ol>\n<p>L&rsquo;effet est d\u00fb \u00e0 la formule puissante du complexe Bema Slim. Il s&rsquo;agit d&rsquo;une nouvelle formule active. Elle est extraite de l&rsquo;orange am\u00e8re et des grains de caf\u00e9 dans des conditions de CO2 supercritique, sans utilisation de solvants. La <span style=\"color: #000080;\"><a style=\"color: #000080;\" href=\"https:\/\/www.biobey.be\/fr\/produit\/argital-creme-naturelle-anti-cellulite-200-ml\/\">cr\u00e8me naturelle anti-cellulite Florange<\/a> <\/span>slimming contribue \u00e9galement \u00e0 stimuler la combustion des graisses.<\/p>\n<p>Le complexe Bema Slim contribue \u00e0 <strong>acc\u00e9l\u00e9rer la combustion des graisses<\/strong> et \u00e0 am\u00e9liorer la structure de la peau. La cellulite et la peau d&rsquo;orange sont le r\u00e9sultat de l&rsquo;augmentation de la taille des cellules graisseuses. Les cellules sous-cutan\u00e9es deviennent visibles en raison de l&rsquo;\u00e9paississement.<\/p>\n<p>La cr\u00e8me naturelle contre la cellulite d\u00e9compose les cellules graisseuses en favorisant la <strong>microcirculation et le drainage lymphatique<\/strong>. Elle cible sp\u00e9cifiquement les zones autour des hanches, des cuisses, de l&rsquo;abdomen et des bras.<\/p>\n<h2>Formule de la cr\u00e8me naturelle contre la cellulite<\/h2>\n<p>Les principes actifs de la cr\u00e8me naturelle contre la cellulite sont le complexe Bema Slim (extraits d&rsquo;orange am\u00e8re et de grains de caf\u00e9) qui stimule la combustion des cellules graisseuses. Pour un traitement raffermissant de la peau du visage, nous recommandons <span style=\"color: #000080;\"><a style=\"color: #000080;\" href=\"https:\/\/www.biobey.be\/fr\/produit\/creme-visage-bio-a-effet-botox-50ml\/\">cette cr\u00e8me anti-rides naturelle<\/a><\/span>.<\/p>\n<p>Elle a un effet diur\u00e9tique. En outre, la cr\u00e8me naturelle contre la cellulite contient des extraits d&rsquo;isolats de soja, de l&rsquo;huile de germe de bl\u00e9 et de la vitamine E. Ceux-ci stimulent la production de collag\u00e8ne et <strong>am\u00e9liorent l&rsquo;\u00e9lasticit\u00e9 de la peau<\/strong>.<\/p>\n<p>Les huiles d&rsquo;oryza sativa, d&rsquo;olive et de glycine soja nourrissent et hydratent la peau. En outre, elles sont riches en antioxydants. L&rsquo;efficacit\u00e9 de la cr\u00e8me naturelle contre la cellulite est due \u00e0 sa puissante composition avec le complexe Bema Slim.<\/p>\n<h3>La cr\u00e8me naturelle contre la cellulite de Bema est v\u00e9g\u00e9talienne<\/h3>\n<p>Elle ne contient pas de vaseline, de d\u00e9riv\u00e9s du p\u00e9trole et d&rsquo;ingr\u00e9dients synth\u00e9tiques. Elle ne contient pas d&rsquo;alcool synth\u00e9tique ni de parfum qui dess\u00e8che et irritent la peau.<\/p>\n<p>Mode d&#8217;emploi : Appliquez la cr\u00e8me naturelle contre la cellulite une fois par jour. Appliquez-le sur la zone \u00e0 traiter. Massez la cr\u00e8me en faisant des mouvements circulaires jusqu&rsquo;\u00e0 ce qu&rsquo;elle soit bien absorb\u00e9e par la peau. Utilisez la cr\u00e8me jusqu&rsquo;\u00e0 ce que le r\u00e9sultat souhait\u00e9 soit atteint.<\/p>\n<p>Ingr\u00e9dients : Aqua, Cetearyl Glucoside, Dicaprylyl Carbonate, Cetearyl Alcohol, Glycine Soja* Oil, Glycerin, Oryza Sativa Germ Oil, Helianthus Annuus* Seed Oil, Olea Europaea* Fruit Oil, Potassium Cetyl Phosphate, Cocoglycerides, Glyceryl Caprylate, Salix Alba Bark Extract, Citrus Aurantium Amara Fruit Extract, Escin,<\/p>\n<p>Coffea Arabica Seed Extract, Extrait de feuilles de Camelia Sinensis, extrait de feuilles de Gaultheria Procumbens, extrait de graines d&rsquo;Aesculus Hippocastanum,<\/p>\n<p>extrait de Centella Asiatica, extrait de Sigesbeckia Orientalis, isoflavones de soja, acide citrique, alcool benzylique, acide d\u00e9hydroac\u00e9tique, s\u00e9rine, hydroxyproline, phospholipides, tocoph\u00e9rol, l\u00e9cithine, caf\u00e9ine, alcool kaolin, ar\u00f4me**.<\/p>\n<p>*Ingr\u00e9dients issus de l&rsquo;agriculture biologique<br \/>\n** Ar\u00f4me d\u00e9riv\u00e9 de composants naturels<\/p>\n","protected":false},"excerpt":{"rendered":"<p>Cr\u00e8me naturelle contre la cellulite avec le complexe Bema Slim. Elle aide \u00e0 r\u00e9duire l&rsquo;accumulation de graisse en stimulant la combustion des cellules graisseuses. Cette cr\u00e8me assure un drainage lymphatique et am\u00e9liore l&rsquo;\u00e9lasticit\u00e9 de la peau.<\/p>\n<p>Complexe Bema Slim : extrait d&rsquo;orange am\u00e8re et de grains de caf\u00e9 dans des conditions de CO2 supercritique sans utilisation de solvants.<\/p>\n","protected":false},"featured_media":391,"comment_status":"open","ping_status":"closed","template":"","meta":{"ocean_post_layout":"","ocean_both_sidebars_style":"","ocean_both_sidebars_content_width":0,"ocean_both_sidebars_sidebars_width":0,"ocean_sidebar":"","ocean_second_sidebar":"","ocean_disable_margins":"enable","ocean_add_body_class":"","ocean_shortcode_before_top_bar":"","ocean_shortcode_after_top_bar":"","ocean_shortcode_before_header":"","ocean_shortcode_after_header":"","ocean_has_shortcode":"","ocean_shortcode_after_title":"","ocean_shortcode_before_footer_widgets":"","ocean_shortcode_after_footer_widgets":"","ocean_shortcode_before_footer_bottom":"","ocean_shortcode_after_footer_bottom":"","ocean_display_top_bar":"default","ocean_display_header":"default","ocean_header_style":"","ocean_center_header_left_menu":"","ocean_custom_header_template":"","ocean_custom_logo":0,"ocean_custom_retina_logo":0,"ocean_custom_logo_max_width":0,"ocean_custom_logo_tablet_max_width":0,"ocean_custom_logo_mobile_max_width":0,"ocean_custom_logo_max_height":0,"ocean_custom_logo_tablet_max_height":0,"ocean_custom_logo_mobile_max_height":0,"ocean_header_custom_menu":"","ocean_menu_typo_font_family":"","ocean_menu_typo_font_subset":"","ocean_menu_typo_font_size":0,"ocean_menu_typo_font_size_tablet":0,"ocean_menu_typo_font_size_mobile":0,"ocean_menu_typo_font_size_unit":"px","ocean_menu_typo_font_weight":"","ocean_menu_typo_font_weight_tablet":"","ocean_menu_typo_font_weight_mobile":"","ocean_menu_typo_transform":"","ocean_menu_typo_transform_tablet":"","ocean_menu_typo_transform_mobile":"","ocean_menu_typo_line_height":0,"ocean_menu_typo_line_height_tablet":0,"ocean_menu_typo_line_height_mobile":0,"ocean_menu_typo_line_height_unit":"","ocean_menu_typo_spacing":0,"ocean_menu_typo_spacing_tablet":0,"ocean_menu_typo_spacing_mobile":0,"ocean_menu_typo_spacing_unit":"","ocean_menu_link_color":"","ocean_menu_link_color_hover":"","ocean_menu_link_color_active":"","ocean_menu_link_background":"","ocean_menu_link_hover_background":"","ocean_menu_link_active_background":"","ocean_menu_social_links_bg":"","ocean_menu_social_hover_links_bg":"","ocean_menu_social_links_color":"","ocean_menu_social_hover_links_color":"","ocean_disable_title":"default","ocean_disable_heading":"default","ocean_post_title":"","ocean_post_subheading":"","ocean_post_title_style":"","ocean_post_title_background_color":"","ocean_post_title_background":0,"ocean_post_title_bg_image_position":"","ocean_post_title_bg_image_attachment":"","ocean_post_title_bg_image_repeat":"","ocean_post_title_bg_image_size":"","ocean_post_title_height":0,"ocean_post_title_bg_overlay":0.5,"ocean_post_title_bg_overlay_color":"","ocean_disable_breadcrumbs":"default","ocean_breadcrumbs_color":"","ocean_breadcrumbs_separator_color":"","ocean_breadcrumbs_links_color":"","ocean_breadcrumbs_links_hover_color":"","ocean_display_footer_widgets":"default","ocean_display_footer_bottom":"default","ocean_custom_footer_template":""},"product_brand":[106],"product_cat":[28,47,16,51],"product_tag":[126,127,125],"class_list":{"0":"post-2340","1":"product","2":"type-product","3":"status-publish","4":"has-post-thumbnail","6":"product_brand-bema-bio","7":"product_cat-anti-cellulite","8":"product_cat-offres-et-minis","9":"product_cat-soins","10":"product_cat-soins-du-corps","11":"product_tag-sans-paraben","12":"product_tag-sans-silicone","13":"product_tag-vegan","15":"entry","16":"has-media","18":"first","19":"instock","20":"taxable","21":"shipping-taxable","22":"purchasable","23":"product-type-simple","24":"has-rating","25":"col","26":"span_1_of_3","27":"owp-content-center","28":"owp-thumbs-layout-horizontal","29":"owp-btn-normal","30":"owp-tabs-layout-section","31":"has-no-thumbnails","32":"circle-sale"},"_links":{"self":[{"href":"https:\/\/www.biobey.be\/fr\/wp-json\/wp\/v2\/product\/2340","targetHints":{"allow":["GET"]}}],"collection":[{"href":"https:\/\/www.biobey.be\/fr\/wp-json\/wp\/v2\/product"}],"about":[{"href":"https:\/\/www.biobey.be\/fr\/wp-json\/wp\/v2\/types\/product"}],"replies":[{"embeddable":true,"href":"https:\/\/www.biobey.be\/fr\/wp-json\/wp\/v2\/comments?post=2340"}],"wp:featuredmedia":[{"embeddable":true,"href":"https:\/\/www.biobey.be\/fr\/wp-json\/wp\/v2\/media\/391"}],"wp:attachment":[{"href":"https:\/\/www.biobey.be\/fr\/wp-json\/wp\/v2\/media?parent=2340"}],"wp:term":[{"taxonomy":"product_brand","embeddable":true,"href":"https:\/\/www.biobey.be\/fr\/wp-json\/wp\/v2\/product_brand?post=2340"},{"taxonomy":"product_cat","embeddable":true,"href":"https:\/\/www.biobey.be\/fr\/wp-json\/wp\/v2\/product_cat?post=2340"},{"taxonomy":"product_tag","embeddable":true,"href":"https:\/\/www.biobey.be\/fr\/wp-json\/wp\/v2\/product_tag?post=2340"}],"curies":[{"name":"wp","href":"https:\/\/api.w.org\/{rel}","templated":true}]}}