{"id":2341,"date":"2023-08-21T01:57:38","date_gmt":"2023-08-20T23:57:38","guid":{"rendered":"https:\/\/www.biobey.be\/fr-temp\/produit\/argile-verte-en-poudre-bio-fine-1kg\/"},"modified":"2025-09-25T16:30:08","modified_gmt":"2025-09-25T14:30:08","slug":"argile-verte-en-poudre-bio-fine-1kg","status":"publish","type":"product","link":"https:\/\/www.biobey.be\/fr\/produit\/argile-verte-en-poudre-bio-fine-1kg\/","title":{"rendered":"Argile verte en poudre bio fine et s\u00e9ch\u00e9e au soleil 1kg"},"content":{"rendered":"<p>Argile verte en poudre bio fine a une consistance fine. C&rsquo;est une argile biologique et pure provenant de la terre non trait\u00e9e d&rsquo;Argital. La poudre d&rsquo;argile verte de Sicile est extr\u00eamement riche en lumi\u00e8re solaire et en min\u00e9raux. Gr\u00e2ce \u00e0 sa localisation, elle contient des oligo-\u00e9l\u00e9ments m\u00e9diterran\u00e9ens.<\/p>\n<p>Elle est s\u00e9ch\u00e9e en \u00e9t\u00e9 lorsque les rayons du soleil sont intenses. Cela rend la poudre d&rsquo;argile verte Argital puissante et b\u00e9n\u00e9fique. La proc\u00e9dure se fait sans aucun additif ni auxiliaire technologique. C&rsquo;est une argile pure et biologique, id\u00e9ale pour les soins de la peau, du corps et des cheveux.<\/p>\n<p>Elle est riche en magn\u00e9sium, en fer et en calcium. Gr\u00e2ce \u00e0 sa forte concentration en min\u00e9raux et oligo-\u00e9l\u00e9ments, l&rsquo;argile verte est utilis\u00e9e comme produit anti-\u00e2ge. Elle purifie la peau et les cheveux en absorbant les toxines.<\/p>\n<h2>Argile verte en poudre bio pour la peau<\/h2>\n<p>Gr\u00e2ce \u00e0 son effet r\u00e9gulateur de s\u00e9bum, l&rsquo;argile est id\u00e9ale pour soigner les peaux grasses \u00e0 tendance acn\u00e9ique. Elle r\u00e9pare la peau affect\u00e9e et pr\u00e9vient l&rsquo;inflammation. Le masque facial \u00e0 l&rsquo;argile verte purifie la peau des mauvaises bact\u00e9ries, de la salet\u00e9 et de l&rsquo;exc\u00e8s de graisse. En outre, elle est traditionnellement utilis\u00e9e pour son effet anti-\u00e2ge. L&rsquo;argile verte am\u00e9liore l&rsquo;\u00e9lasticit\u00e9 des cellules de la peau et stimule la circulation sanguine.<\/p>\n<h3>Effet d&rsquo;un masque capillaire \u00e0 l&rsquo;argile verte en poudre bio<\/h3>\n<p>Le masque capillaire \u00e0 l&rsquo;argile verte en poudre bio restaure les cheveux et le cuir chevelu. Les cheveux gras peuvent \u00eatre la cause d&rsquo;un exc\u00e8s de s\u00e9bum. La poudre d&rsquo;argile verte r\u00e9gule la production de s\u00e9bum afin que les cheveux deviennent gras moins rapidement. Elle purifie le cuir chevelu et les cheveux des radicaux libres, de la salet\u00e9, des r\u00e9sidus de silicone et de sulfate. Elle d\u00e9toxifie \u00e0 la fois les cheveux et le cuir chevelu. Les min\u00e9raux restaurant les pointes s\u00e8ches des cheveux.<\/p>\n<h3>Applications de l&rsquo;argile verte en poudre bio Argital<\/h3>\n<p>L&rsquo;argile verte argileuse pr\u00e9sente de nombreux avantages pour l&rsquo;organisme. Par exemple, l&rsquo;argile verte peut \u00eatre utilis\u00e9e pour faire une compresse chaude contre les douleurs musculaires et articulaires. En outre, elle peut \u00eatre utilis\u00e9e pour traiter la cellulite, les vergetures et l&rsquo;humidit\u00e9 accumul\u00e9e.<br \/>\nC&rsquo;est un produit de soin multifonctionnel<\/p>\n<p>Ingr\u00e9dients : Solum follum*<\/p>\n<h3><strong>Composition de la poudre d&rsquo;argile verte Argital :<\/strong><\/h3>\n<p>Silice (Si02) 35,20<br \/>\nTitane (Ti02) 0,20 %.<br \/>\nAluminium (Al203) 9,80 %.<br \/>\nFer (Fe203) 4,40<br \/>\nMagn\u00e9sium (Mg0) 3,80<br \/>\nCalcium (Ca0) 26,70<br \/>\nSodium (Na20) 0,40 %.<br \/>\nPotassium (K20) 0,40 %.<br \/>\nOligo-\u00e9l\u00e9ments 0,1<br \/>\nAnalyse min\u00e9rale approximative : illites, chlorite, kaolinite, dolomite, calcite, quartz et gypse.<\/p>\n","protected":false},"excerpt":{"rendered":"<p><strong>Applications de l&rsquo;argile verte Argital<\/strong><\/p>\n<p>L&rsquo;argile verte argileuse pr\u00e9sente de nombreux avantages pour l&rsquo;organisme. Par exemple, l&rsquo;argile verte peut \u00eatre utilis\u00e9e pour faire une compresse chaude contre les douleurs musculaires et articulaires. En outre, elle peut \u00eatre utilis\u00e9e pour traiter la cellulite, les vergetures et l&rsquo;humidit\u00e9 accumul\u00e9e.<br \/>\nC&rsquo;est un produit de soin multifonctionnel<\/p>\n","protected":false},"featured_media":429,"comment_status":"open","ping_status":"closed","template":"","meta":{"ocean_post_layout":"","ocean_both_sidebars_style":"","ocean_both_sidebars_content_width":0,"ocean_both_sidebars_sidebars_width":0,"ocean_sidebar":"","ocean_second_sidebar":"","ocean_disable_margins":"enable","ocean_add_body_class":"","ocean_shortcode_before_top_bar":"","ocean_shortcode_after_top_bar":"","ocean_shortcode_before_header":"","ocean_shortcode_after_header":"","ocean_has_shortcode":"","ocean_shortcode_after_title":"","ocean_shortcode_before_footer_widgets":"","ocean_shortcode_after_footer_widgets":"","ocean_shortcode_before_footer_bottom":"","ocean_shortcode_after_footer_bottom":"","ocean_display_top_bar":"default","ocean_display_header":"default","ocean_header_style":"","ocean_center_header_left_menu":"","ocean_custom_header_template":"","ocean_custom_logo":0,"ocean_custom_retina_logo":0,"ocean_custom_logo_max_width":0,"ocean_custom_logo_tablet_max_width":0,"ocean_custom_logo_mobile_max_width":0,"ocean_custom_logo_max_height":0,"ocean_custom_logo_tablet_max_height":0,"ocean_custom_logo_mobile_max_height":0,"ocean_header_custom_menu":"","ocean_menu_typo_font_family":"","ocean_menu_typo_font_subset":"","ocean_menu_typo_font_size":0,"ocean_menu_typo_font_size_tablet":0,"ocean_menu_typo_font_size_mobile":0,"ocean_menu_typo_font_size_unit":"px","ocean_menu_typo_font_weight":"","ocean_menu_typo_font_weight_tablet":"","ocean_menu_typo_font_weight_mobile":"","ocean_menu_typo_transform":"","ocean_menu_typo_transform_tablet":"","ocean_menu_typo_transform_mobile":"","ocean_menu_typo_line_height":0,"ocean_menu_typo_line_height_tablet":0,"ocean_menu_typo_line_height_mobile":0,"ocean_menu_typo_line_height_unit":"","ocean_menu_typo_spacing":0,"ocean_menu_typo_spacing_tablet":0,"ocean_menu_typo_spacing_mobile":0,"ocean_menu_typo_spacing_unit":"","ocean_menu_link_color":"","ocean_menu_link_color_hover":"","ocean_menu_link_color_active":"","ocean_menu_link_background":"","ocean_menu_link_hover_background":"","ocean_menu_link_active_background":"","ocean_menu_social_links_bg":"","ocean_menu_social_hover_links_bg":"","ocean_menu_social_links_color":"","ocean_menu_social_hover_links_color":"","ocean_disable_title":"default","ocean_disable_heading":"default","ocean_post_title":"","ocean_post_subheading":"","ocean_post_title_style":"","ocean_post_title_background_color":"","ocean_post_title_background":0,"ocean_post_title_bg_image_position":"","ocean_post_title_bg_image_attachment":"","ocean_post_title_bg_image_repeat":"","ocean_post_title_bg_image_size":"","ocean_post_title_height":0,"ocean_post_title_bg_overlay":0.5,"ocean_post_title_bg_overlay_color":"","ocean_disable_breadcrumbs":"default","ocean_breadcrumbs_color":"","ocean_breadcrumbs_separator_color":"","ocean_breadcrumbs_links_color":"","ocean_breadcrumbs_links_hover_color":"","ocean_display_footer_widgets":"default","ocean_display_footer_bottom":"default","ocean_custom_footer_template":""},"product_brand":[102],"product_cat":[28,18,52,17,16,24,51,30,50],"product_tag":[],"class_list":{"0":"post-2341","1":"product","2":"type-product","3":"status-publish","4":"has-post-thumbnail","6":"product_brand-argital","7":"product_cat-anti-cellulite","8":"product_cat-nettoyage-de-la-peau-et-masques","9":"product_cat-nettoyage-et-hygiene","10":"product_cat-soins-du-visage","11":"product_cat-soins","12":"product_cat-soins-cheveux","13":"product_cat-soins-du-corps","14":"product_cat-soins-pour-hommes","15":"product_cat-traitement-capillaire-intensif","17":"entry","18":"has-media","20":"first","21":"instock","22":"taxable","23":"shipping-taxable","24":"purchasable","25":"product-type-simple","26":"has-rating","27":"col","28":"span_1_of_3","29":"owp-content-center","30":"owp-thumbs-layout-horizontal","31":"owp-btn-normal","32":"owp-tabs-layout-section","33":"has-no-thumbnails","34":"circle-sale"},"_links":{"self":[{"href":"https:\/\/www.biobey.be\/fr\/wp-json\/wp\/v2\/product\/2341","targetHints":{"allow":["GET"]}}],"collection":[{"href":"https:\/\/www.biobey.be\/fr\/wp-json\/wp\/v2\/product"}],"about":[{"href":"https:\/\/www.biobey.be\/fr\/wp-json\/wp\/v2\/types\/product"}],"replies":[{"embeddable":true,"href":"https:\/\/www.biobey.be\/fr\/wp-json\/wp\/v2\/comments?post=2341"}],"wp:featuredmedia":[{"embeddable":true,"href":"https:\/\/www.biobey.be\/fr\/wp-json\/wp\/v2\/media\/429"}],"wp:attachment":[{"href":"https:\/\/www.biobey.be\/fr\/wp-json\/wp\/v2\/media?parent=2341"}],"wp:term":[{"taxonomy":"product_brand","embeddable":true,"href":"https:\/\/www.biobey.be\/fr\/wp-json\/wp\/v2\/product_brand?post=2341"},{"taxonomy":"product_cat","embeddable":true,"href":"https:\/\/www.biobey.be\/fr\/wp-json\/wp\/v2\/product_cat?post=2341"},{"taxonomy":"product_tag","embeddable":true,"href":"https:\/\/www.biobey.be\/fr\/wp-json\/wp\/v2\/product_tag?post=2341"}],"curies":[{"name":"wp","href":"https:\/\/api.w.org\/{rel}","templated":true}]}}