{"id":2342,"date":"2025-05-27T01:27:39","date_gmt":"2025-05-26T23:27:39","guid":{"rendered":"https:\/\/www.biobey.be\/fr-temp\/produit\/huile-bio-pour-le-corps-peau-seche-125ml\/"},"modified":"2026-03-26T15:40:25","modified_gmt":"2026-03-26T14:40:25","slug":"huile-bio-pour-le-corps-peau-seche-125ml","status":"publish","type":"product","link":"https:\/\/www.biobey.be\/fr\/produit\/huile-bio-pour-le-corps-peau-seche-125ml\/","title":{"rendered":"Huile bio pour le corps peau s\u00e8che 125ml"},"content":{"rendered":"<p>Pourquoi l&rsquo;huile corporelle naturelle est-elle bonne pour les peaux s\u00e8ches ?\u00a0 Huile bio pour le corps peau s\u00e8che d&rsquo;Argital a un effet nourrissant et hydratant. Elle a \u00e9t\u00e9 formul\u00e9e pour les personnes qui souffrent d&rsquo;une peau s\u00e8che, squameuse et d\u00e9shydrat\u00e9e. Pour le soin quotidien et l&rsquo;hydratation de la peau du corps, nous recommandons la <span style=\"color: #0000ff;\"><a style=\"color: #0000ff;\" href=\"https:\/\/www.biobey.be\/fr\/produit\/creme-pour-le-corps-bio-hydratante-200ml\/\">cr\u00e8me pour le corps Smoothie au beurre de mangue<\/a><\/span>.<\/p>\n<ol>\n<li>L&rsquo;huile corporelle naturelle Argital p\u00e9n\u00e8tre dans la couche cutan\u00e9e sup\u00e9rieure et nourrit la peau avec de la vitamine E, B, du magn\u00e9sium, de l&rsquo;acide folique et des acides gras insatur\u00e9s.<\/li>\n<li>La composition \u00e0 base d&rsquo;huile de graines de s\u00e9same press\u00e9e \u00e0 froid est un hydratant efficace pour les peaux s\u00e8ches et sensibles.<\/li>\n<li>Elle aide \u00e0 traiter les peaux s\u00e8ches et squameuses en hydratant la peau et en renfor\u00e7ant la barri\u00e8re cutan\u00e9e. Elle aide \u00e0 pr\u00e9venir la perte d&rsquo;humidit\u00e9<\/li>\n<li>Cette huile de massage convient parfaitement aux personnes ayant une peau atopique, sensible et tr\u00e8s s\u00e8che.<\/li>\n<\/ol>\n<p>Gr\u00e2ce \u00e0 sa composition b\u00e9n\u00e9fique, l&rsquo;huile peut \u00eatre utilis\u00e9e \u00e0 des fins multiples. La composition riche en vitamines am\u00e9liore l&rsquo;\u00e9lasticit\u00e9 de la peau. Cela permet de renforcer la peau rel\u00e2ch\u00e9e. En outre, <strong>l&rsquo;huile bio pour le corps peau s\u00e8che<\/strong> peut \u00eatre utilis\u00e9e comme une huile de massage relaxante contre les douleurs musculaires.<\/p>\n<p>La formule \u00e0 base d&rsquo;huile de s\u00e9same biologique, d&rsquo;extrait de gel de pr\u00eale et d&rsquo;argile verte <strong>soigne les peaux s\u00e8ches<\/strong> et a un effet agr\u00e9ablement apaisant. <span style=\"color: #0000ff;\"><a style=\"color: #0000ff;\" href=\"https:\/\/www.biobey.be\/fr\/produit\/lhuile-anti-age-pour-le-corps-bio-spray\/\">L&rsquo;huile corporelle anti-\u00e2ge naturelle d&rsquo;Argital<\/a><\/span> permet de soigner les peaux s\u00e8ches et en perte d&rsquo;\u00e9lasticit\u00e9.<\/p>\n<h2>Huile bio pour le corps peau s\u00e8che hydratante et raffermissant pour la peau<\/h2>\n<p>L&rsquo;ingr\u00e9dient principal, l&rsquo;huile de graines de s\u00e9same biologique, a un effet profond\u00e9ment nourrissant. Elle est particuli\u00e8rement adapt\u00e9e \u00e0 l&rsquo;hydratation des peaux s\u00e8ches. L&rsquo;alcool doux d\u00e9natur\u00e9 biologique permet aux substances actives de l&rsquo;huile corporelle de p\u00e9n\u00e9trer plus profond\u00e9ment dans la couche cutan\u00e9e.<\/p>\n<p>Cela <strong>am\u00e9liore le processus d&rsquo;hydratation<\/strong> et garantit des r\u00e9sultats plus rapides. L&rsquo;huile bio pour le corps peau s\u00e8che est riche en vitamine E. Elle favorise le renouvellement cellulaire et am\u00e9liore l&rsquo;\u00e9lasticit\u00e9 de la peau. Cela prot\u00e8ge la peau du vieillissement pr\u00e9matur\u00e9 et de la perte d&rsquo;\u00e9lasticit\u00e9.<\/p>\n<h3>Huile bio pour le corps peau s\u00e8che pour un massage relaxant des muscles<\/h3>\n<p>La combinaison des extraits biologiques de pr\u00eale, du gel d&rsquo;argile verte et de l&rsquo;huile de s\u00e9same favorise le processus de r\u00e9cup\u00e9ration des muscles douloureux et des crampes. Le gel d&rsquo;argile verte a des effets <strong>anti-inflammatoires et r\u00e9g\u00e9n\u00e9rants<\/strong>. Il est traditionnellement utilis\u00e9 pour traiter les rhumatismes, les spasmes musculaires et l&rsquo;ost\u00e9oarthrite.<\/p>\n<p>Sous forme de compresses d&rsquo;argile verte ou d&rsquo;enveloppements corporels. <strong>L&rsquo;huile bio pour le corps peau s\u00e8che<\/strong> n&rsquo;est pas seulement efficace pour l&rsquo;hydratation. Elle peut \u00e9galement \u00eatre utilis\u00e9e comme huile de massage pour les muscles douloureux.<\/p>\n<p>Mode d&#8217;emploi: Vaporiser l&rsquo;huile hydratante dans la paume des mains. Frottez les mains ensemble jusqu&rsquo;\u00e0 ce que l&rsquo;huile soit r\u00e9chauff\u00e9e. Appliquez-le ensuite sur le corps et massez en mouvements circulaires. Pour de meilleurs r\u00e9sultats, appliquez l&rsquo;huile apr\u00e8s la douche ou le bain, car les pores sont plus ouverts \u00e0 cause de la chaleur.<\/p>\n<p>Certifications : LAv, BDIH, ICEA Vegan<\/p>\n<p>Ingr\u00e9dients : Huile de graines de Sesamum Indicum, alcool d\u00e9natur\u00e9*, extrait de feuilles d&rsquo;Equisetum Arvense*, Solum Fullonum, Tocopherol (Vitamine E)<br \/>\n*En provenance de l&rsquo;agriculture biologique<\/p>\n","protected":false},"excerpt":{"rendered":"<p><strong>Huile bio pour le corps peau s\u00e8che<\/strong>, squameuses et d\u00e9shydrat\u00e9es<br \/>\nMode d&rsquo;action : Elle <strong>hydrate<\/strong> et adoucit la peau s\u00e8che et squameuse. <strong>Am\u00e9liore l&rsquo;\u00e9lasticit\u00e9 de la peau<\/strong> et pr\u00e9vient le rel\u00e2chement cutan\u00e9. En outre, l&rsquo;huile peut \u00e9galement \u00eatre utilis\u00e9e comme une huile de massage relaxante contre les douleurs musculaires.<br \/>\nCertificats : BDIH, ICEA Vegan,\u00a0 Lav<\/p>\n","protected":false},"featured_media":390,"comment_status":"open","ping_status":"closed","template":"","meta":{"ocean_post_layout":"","ocean_both_sidebars_style":"","ocean_both_sidebars_content_width":0,"ocean_both_sidebars_sidebars_width":0,"ocean_sidebar":"","ocean_second_sidebar":"","ocean_disable_margins":"enable","ocean_add_body_class":"","ocean_shortcode_before_top_bar":"","ocean_shortcode_after_top_bar":"","ocean_shortcode_before_header":"","ocean_shortcode_after_header":"","ocean_has_shortcode":"","ocean_shortcode_after_title":"","ocean_shortcode_before_footer_widgets":"","ocean_shortcode_after_footer_widgets":"","ocean_shortcode_before_footer_bottom":"","ocean_shortcode_after_footer_bottom":"","ocean_display_top_bar":"default","ocean_display_header":"default","ocean_header_style":"","ocean_center_header_left_menu":"","ocean_custom_header_template":"","ocean_custom_logo":0,"ocean_custom_retina_logo":0,"ocean_custom_logo_max_width":0,"ocean_custom_logo_tablet_max_width":0,"ocean_custom_logo_mobile_max_width":0,"ocean_custom_logo_max_height":0,"ocean_custom_logo_tablet_max_height":0,"ocean_custom_logo_mobile_max_height":0,"ocean_header_custom_menu":"","ocean_menu_typo_font_family":"","ocean_menu_typo_font_subset":"","ocean_menu_typo_font_size":0,"ocean_menu_typo_font_size_tablet":0,"ocean_menu_typo_font_size_mobile":0,"ocean_menu_typo_font_size_unit":"px","ocean_menu_typo_font_weight":"","ocean_menu_typo_font_weight_tablet":"","ocean_menu_typo_font_weight_mobile":"","ocean_menu_typo_transform":"","ocean_menu_typo_transform_tablet":"","ocean_menu_typo_transform_mobile":"","ocean_menu_typo_line_height":0,"ocean_menu_typo_line_height_tablet":0,"ocean_menu_typo_line_height_mobile":0,"ocean_menu_typo_line_height_unit":"","ocean_menu_typo_spacing":0,"ocean_menu_typo_spacing_tablet":0,"ocean_menu_typo_spacing_mobile":0,"ocean_menu_typo_spacing_unit":"","ocean_menu_link_color":"","ocean_menu_link_color_hover":"","ocean_menu_link_color_active":"","ocean_menu_link_background":"","ocean_menu_link_hover_background":"","ocean_menu_link_active_background":"","ocean_menu_social_links_bg":"","ocean_menu_social_hover_links_bg":"","ocean_menu_social_links_color":"","ocean_menu_social_hover_links_color":"","ocean_disable_title":"default","ocean_disable_heading":"default","ocean_post_title":"","ocean_post_subheading":"","ocean_post_title_style":"","ocean_post_title_background_color":"","ocean_post_title_background":0,"ocean_post_title_bg_image_position":"","ocean_post_title_bg_image_attachment":"","ocean_post_title_bg_image_repeat":"","ocean_post_title_bg_image_size":"","ocean_post_title_height":0,"ocean_post_title_bg_overlay":0.5,"ocean_post_title_bg_overlay_color":"","ocean_disable_breadcrumbs":"default","ocean_breadcrumbs_color":"","ocean_breadcrumbs_separator_color":"","ocean_breadcrumbs_links_color":"","ocean_breadcrumbs_links_hover_color":"","ocean_display_footer_widgets":"default","ocean_display_footer_bottom":"default","ocean_custom_footer_template":""},"product_brand":[102],"product_cat":[53,16,51],"product_tag":[],"class_list":{"0":"post-2342","1":"product","2":"type-product","3":"status-publish","4":"has-post-thumbnail","6":"product_brand-argital","7":"product_cat-corps-peau","8":"product_cat-soins","9":"product_cat-soins-du-corps","11":"entry","12":"has-media","14":"first","15":"instock","16":"taxable","17":"shipping-taxable","18":"purchasable","19":"product-type-simple","20":"has-rating","21":"col","22":"span_1_of_3","23":"owp-content-center","24":"owp-thumbs-layout-horizontal","25":"owp-btn-normal","26":"owp-tabs-layout-section","27":"has-no-thumbnails","28":"circle-sale"},"_links":{"self":[{"href":"https:\/\/www.biobey.be\/fr\/wp-json\/wp\/v2\/product\/2342","targetHints":{"allow":["GET"]}}],"collection":[{"href":"https:\/\/www.biobey.be\/fr\/wp-json\/wp\/v2\/product"}],"about":[{"href":"https:\/\/www.biobey.be\/fr\/wp-json\/wp\/v2\/types\/product"}],"replies":[{"embeddable":true,"href":"https:\/\/www.biobey.be\/fr\/wp-json\/wp\/v2\/comments?post=2342"}],"wp:featuredmedia":[{"embeddable":true,"href":"https:\/\/www.biobey.be\/fr\/wp-json\/wp\/v2\/media\/390"}],"wp:attachment":[{"href":"https:\/\/www.biobey.be\/fr\/wp-json\/wp\/v2\/media?parent=2342"}],"wp:term":[{"taxonomy":"product_brand","embeddable":true,"href":"https:\/\/www.biobey.be\/fr\/wp-json\/wp\/v2\/product_brand?post=2342"},{"taxonomy":"product_cat","embeddable":true,"href":"https:\/\/www.biobey.be\/fr\/wp-json\/wp\/v2\/product_cat?post=2342"},{"taxonomy":"product_tag","embeddable":true,"href":"https:\/\/www.biobey.be\/fr\/wp-json\/wp\/v2\/product_tag?post=2342"}],"curies":[{"name":"wp","href":"https:\/\/api.w.org\/{rel}","templated":true}]}}