{"id":2343,"date":"2024-04-03T23:58:34","date_gmt":"2024-04-03T21:58:34","guid":{"rendered":"https:\/\/www.biobey.be\/fr-temp\/produit\/serum-anti-rides-immediat-bio-30ml\/"},"modified":"2025-07-11T13:25:27","modified_gmt":"2025-07-11T11:25:27","slug":"serum-anti-rides-immediat-bio-30ml","status":"publish","type":"product","link":"https:\/\/www.biobey.be\/fr\/produit\/serum-anti-rides-immediat-bio-30ml\/","title":{"rendered":"S\u00e9rum anti-rides imm\u00e9diat bio concentr\u00e9 raffermissant et liftant 30ml"},"content":{"rendered":"<p>S\u00e9rum anti-rides imm\u00e9diat bio concentr\u00e9 avec une formulation avanc\u00e9e qui raffermit l&rsquo;\u00e9lasticit\u00e9 de la peau. La formule \u00e0 base d&rsquo;avoine et d&rsquo;extrait d&rsquo;algue rouge Jania Rubens procure un effet lifting instantan\u00e9 et durable et comble les ridules.<\/p>\n<p>1. L&rsquo;effet instantan\u00e9 donne \u00e0 la peau un aspect plus tendu, plus plein et plus lisse d\u00e8s les premi\u00e8res applications. Le visage para\u00eet plus d\u00e9tendu et plus jeune.<\/p>\n<p>2. L&rsquo;action \u00e0 long terme stimule le renouvellement des cellules de la peau et la production de collag\u00e8ne \u00c0 long terme, le s\u00e9rum anti-rides imm\u00e9diat bio <strong>am\u00e9liore l&rsquo;\u00e9lasticit\u00e9 de la peau et raffermit les contours du visage<\/strong>. Il comble les rides et ridules superficielles.<\/p>\n<p>La formule hautement concentr\u00e9e \u00e0 base de vitamines et d&rsquo;antioxydants am\u00e9liore la structure de la peau et renforce la barri\u00e8re cutan\u00e9e. Il agit sur le stress oxydatif et ralentit le vieillissement de la peau.<\/p>\n<h2>Action reconstituante et raffermissante du s\u00e9rum anti-rides imm\u00e9diat bio<\/h2>\n<p>La combinaison de l&rsquo;extrait d&rsquo;Avena sativa biologique et de l&rsquo;huile d&rsquo;argan forme une fine couche protectrice sur la peau. Cela a un effet lifting et remplissage instantan\u00e9.<\/p>\n<p><strong>La peau semble plus tendue et plus pleine<\/strong>. En outre, le s\u00e9rum anti-rides imm\u00e9diat bio contient des myrtilles biologiques, de l&rsquo;huile de p\u00e9pins de raisin, du Meristotheca dakarensis et du Jania rubens.<\/p>\n<p>Les myrtilles et l&rsquo;huile de p\u00e9pins de raisin contiennent une forte concentration de flavono\u00efdes. Des recherches sur l&rsquo;effet de ces substances ont montr\u00e9 que les flavono\u00efdes divisent et rajeunissent les vieilles cellules de la peau en quelques heures uniquement. Jania Rubens a un fort effet nettoyant et nourrissant.<\/p>\n<p>Les algues rouges emp\u00eachent la d\u00e9gradation des prot\u00e9ines structurelles de la peau. Alors que les vitamines favorisent la production de fibroblastes. La texture l\u00e9g\u00e8re de ce s\u00e9rum anti-\u00e2ge concentr\u00e9 <strong>p\u00e9n\u00e8tre rapidement dans les couches de la peau<\/strong>. L&rsquo;effet positif du s\u00e9rum est visible \u00e0 la fois \u00e0 court et \u00e0 long terme.<\/p>\n<p>Le s\u00e9rum anti-rides imm\u00e9diat bio concentr\u00e9 raffermissant et liftant \u00e0 une composition douce. Il ne contient pas de pegs, de parab\u00e8nes, de silicones, de colorants synth\u00e9tiques, de conservateurs et d&rsquo;alcools dess\u00e9chants.<br \/>\nLes produits Naturys sont v\u00e9g\u00e9taliens et naturels.<\/p>\n<h2>Comment appliquer le s\u00e9rum anti-\u00e2ge ?<\/h2>\n<ol>\n<li>Nettoyez et s\u00e9chez soigneusement votre visage avant d&rsquo;appliquer le s\u00e9rum anti-\u00e2ge.<\/li>\n<li>Pr\u00e9levez une petite quantit\u00e9 de s\u00e9rum anti-\u00e2ge Advanced solution sur le bout de vos doigts.<\/li>\n<li>Appliquez d\u00e9licatement le s\u00e9rum sur le visage et le cou, en \u00e9vitant le contact avec les yeux.<\/li>\n<li>Massez doucement le s\u00e9rum anti-rides avec des mouvements ascendants jusqu&rsquo;\u00e0 ce qu&rsquo;il soit enti\u00e8rement absorb\u00e9.<\/li>\n<li>Laissez le s\u00e9rum s\u00e9cher compl\u00e8tement avant d&rsquo;appliquer une cr\u00e8me pour le visage.<\/li>\n<li>Utiliser le s\u00e9rum anti-rides quotidiennement, de pr\u00e9f\u00e9rence matin et soir, pour un r\u00e9sultat optimal.<\/li>\n<\/ol>\n<p>Ce s\u00e9rum antirides est un produit de soin v\u00e9g\u00e9talien test\u00e9 et approuv\u00e9 dermatologiquement.<\/p>\n<p>Conseil : utilisez la cr\u00e8me de jour et de nuit Naturys 24h hydratant anti-aging apr\u00e8s avoir appliqu\u00e9 le s\u00e9rum.<\/p>\n<p>Ingr\u00e9dients : Aqua, Hordeum vulgare stem water*, Vitis vinifera fruit extract*, Caprylyl caprylate\/caprate, Erythritol, Coco-caprylate, Sucrose polystearate, Zea mays starch,<\/p>\n<p>Hydrogenated vegetable glycerides, Jania rubens extract, Meristotheca dakarensis extract, Avena sativa kernel extract*, Argania spinosa kernel oil*, Vitis vinifera seed oil*, Olea europaea fruit oil*, Extrait de Malva sylvestris*,<\/p>\n<p>Huile v\u00e9g\u00e9tale hydrog\u00e9n\u00e9e, Candelilla cera, Euphorbia cerifera (Candelilla) wax, Cetyl palmitate, Sodium stearoyl glutamate, Huile v\u00e9g\u00e9tale, Gomme xanthane, Glyc\u00e9rine, Tocopherol, Acide citrique, Acide d\u00e9hydroac\u00e9tique,<\/p>\n<p>Sodium benzoate, Potassium sorbate, Sucrose, Alcool benzylique, Fragnance (Ar\u00f4me naturel)** Citronellol**, Geraniol**.<br \/>\n*Agriculture biologique<\/p>\n","protected":false},"excerpt":{"rendered":"<p>Ce s\u00e9rum anti-\u00e2ge naturel concentr\u00e9 a une action raffermissante, liftante et repulpante. Sa formule innovante procure des b\u00e9n\u00e9fices \u00e0 la fois instantan\u00e9s et durables.<\/p>\n<p><strong>Action instantan\u00e9e<\/strong> : d\u00e8s la premi\u00e8re application, il retend, lisse et repulpe la peau. Ceci est d\u00fb \u00e0 la fine couche protectrice form\u00e9e par l&rsquo;extrait d&rsquo;avoine sur le visage.<\/p>\n<p><strong>Effet \u00e0 long terme :<\/strong> La forte concentration d&rsquo;antioxydants, de vitamines et de min\u00e9raux marins stimule le renouvellement cellulaire et la production de collag\u00e8ne. Il renforce l&rsquo;\u00e9lasticit\u00e9 de la peau et la prot\u00e8ge du stress oxydatif.<\/p>\n<p><em>Le s\u00e9rum anti-\u00e2ge d&rsquo;Advanced solution est une ligne de Bema Bio Cosmetici. Ce s\u00e9rum a \u00e9t\u00e9 remplac\u00e9 par Bema bio lifting serum. <\/em><\/p>\n<p><strong>Principes actifs<\/strong> : Algue Jania rubens, extrait d&rsquo;avoine et extrait de meristotheca dakarensis.<br \/>\n<strong>Texture :<\/strong> Texture l\u00e9g\u00e8re. Liquide\/cr\u00e9meux<\/p>\n","protected":false},"featured_media":415,"comment_status":"open","ping_status":"closed","template":"","meta":{"ocean_post_layout":"","ocean_both_sidebars_style":"","ocean_both_sidebars_content_width":0,"ocean_both_sidebars_sidebars_width":0,"ocean_sidebar":"","ocean_second_sidebar":"","ocean_disable_margins":"enable","ocean_add_body_class":"","ocean_shortcode_before_top_bar":"","ocean_shortcode_after_top_bar":"","ocean_shortcode_before_header":"","ocean_shortcode_after_header":"","ocean_has_shortcode":"","ocean_shortcode_after_title":"","ocean_shortcode_before_footer_widgets":"","ocean_shortcode_after_footer_widgets":"","ocean_shortcode_before_footer_bottom":"","ocean_shortcode_after_footer_bottom":"","ocean_display_top_bar":"default","ocean_display_header":"default","ocean_header_style":"","ocean_center_header_left_menu":"","ocean_custom_header_template":"","ocean_custom_logo":0,"ocean_custom_retina_logo":0,"ocean_custom_logo_max_width":0,"ocean_custom_logo_tablet_max_width":0,"ocean_custom_logo_mobile_max_width":0,"ocean_custom_logo_max_height":0,"ocean_custom_logo_tablet_max_height":0,"ocean_custom_logo_mobile_max_height":0,"ocean_header_custom_menu":"","ocean_menu_typo_font_family":"","ocean_menu_typo_font_subset":"","ocean_menu_typo_font_size":0,"ocean_menu_typo_font_size_tablet":0,"ocean_menu_typo_font_size_mobile":0,"ocean_menu_typo_font_size_unit":"px","ocean_menu_typo_font_weight":"","ocean_menu_typo_font_weight_tablet":"","ocean_menu_typo_font_weight_mobile":"","ocean_menu_typo_transform":"","ocean_menu_typo_transform_tablet":"","ocean_menu_typo_transform_mobile":"","ocean_menu_typo_line_height":0,"ocean_menu_typo_line_height_tablet":0,"ocean_menu_typo_line_height_mobile":0,"ocean_menu_typo_line_height_unit":"","ocean_menu_typo_spacing":0,"ocean_menu_typo_spacing_tablet":0,"ocean_menu_typo_spacing_mobile":0,"ocean_menu_typo_spacing_unit":"","ocean_menu_link_color":"","ocean_menu_link_color_hover":"","ocean_menu_link_color_active":"","ocean_menu_link_background":"","ocean_menu_link_hover_background":"","ocean_menu_link_active_background":"","ocean_menu_social_links_bg":"","ocean_menu_social_hover_links_bg":"","ocean_menu_social_links_color":"","ocean_menu_social_hover_links_color":"","ocean_disable_title":"default","ocean_disable_heading":"default","ocean_post_title":"","ocean_post_subheading":"","ocean_post_title_style":"","ocean_post_title_background_color":"","ocean_post_title_background":0,"ocean_post_title_bg_image_position":"","ocean_post_title_bg_image_attachment":"","ocean_post_title_bg_image_repeat":"","ocean_post_title_bg_image_size":"","ocean_post_title_height":0,"ocean_post_title_bg_overlay":0.5,"ocean_post_title_bg_overlay_color":"","ocean_disable_breadcrumbs":"default","ocean_breadcrumbs_color":"","ocean_breadcrumbs_separator_color":"","ocean_breadcrumbs_links_color":"","ocean_breadcrumbs_links_hover_color":"","ocean_display_footer_widgets":"default","ocean_display_footer_bottom":"default","ocean_custom_footer_template":"","ofc_meta_disable_footer_callout":"","ofc_meta_callout_button_url":"","ofc_meta_callout_button_txt":"","ofc_meta_callout_text":""},"product_brand":[112],"product_cat":[23,19,17,16,20],"product_tag":[133,125],"class_list":{"0":"post-2343","1":"product","2":"type-product","3":"status-publish","4":"has-post-thumbnail","6":"product_brand-advanced-solution","7":"product_cat-cou-decollete","8":"product_cat-cremes-naturelles-de-jour-et-de-nuit","9":"product_cat-soins-du-visage","10":"product_cat-soins","11":"product_cat-anti-age","12":"product_tag-sansparfumsynthetique","13":"product_tag-vegan","15":"entry","16":"has-media","18":"first","19":"instock","20":"taxable","21":"shipping-taxable","22":"purchasable","23":"product-type-simple","24":"has-rating","25":"col","26":"span_1_of_3","27":"owp-content-center","28":"owp-thumbs-layout-horizontal","29":"owp-btn-normal","30":"owp-tabs-layout-section","31":"has-no-thumbnails","32":"circle-sale"},"_links":{"self":[{"href":"https:\/\/www.biobey.be\/fr\/wp-json\/wp\/v2\/product\/2343","targetHints":{"allow":["GET"]}}],"collection":[{"href":"https:\/\/www.biobey.be\/fr\/wp-json\/wp\/v2\/product"}],"about":[{"href":"https:\/\/www.biobey.be\/fr\/wp-json\/wp\/v2\/types\/product"}],"replies":[{"embeddable":true,"href":"https:\/\/www.biobey.be\/fr\/wp-json\/wp\/v2\/comments?post=2343"}],"wp:featuredmedia":[{"embeddable":true,"href":"https:\/\/www.biobey.be\/fr\/wp-json\/wp\/v2\/media\/415"}],"wp:attachment":[{"href":"https:\/\/www.biobey.be\/fr\/wp-json\/wp\/v2\/media?parent=2343"}],"wp:term":[{"taxonomy":"product_brand","embeddable":true,"href":"https:\/\/www.biobey.be\/fr\/wp-json\/wp\/v2\/product_brand?post=2343"},{"taxonomy":"product_cat","embeddable":true,"href":"https:\/\/www.biobey.be\/fr\/wp-json\/wp\/v2\/product_cat?post=2343"},{"taxonomy":"product_tag","embeddable":true,"href":"https:\/\/www.biobey.be\/fr\/wp-json\/wp\/v2\/product_tag?post=2343"}],"curies":[{"name":"wp","href":"https:\/\/api.w.org\/{rel}","templated":true}]}}