{"id":2348,"date":"2023-10-17T23:05:56","date_gmt":"2023-10-17T21:05:56","guid":{"rendered":"https:\/\/www.biobey.be\/fr-temp\/produit\/huile-essentielle-de-lavande-bio-interne\/"},"modified":"2025-07-11T13:31:57","modified_gmt":"2025-07-11T11:31:57","slug":"huile-essentielle-de-lavande-bio-interne","status":"publish","type":"product","link":"https:\/\/www.biobey.be\/fr\/produit\/huile-essentielle-de-lavande-bio-interne\/","title":{"rendered":"Huile essentielle de lavande bio pour usage interne 10 ml"},"content":{"rendered":"<p>L&rsquo;huile essentielle de lavande bio \u00e0 usage interne est obtenue par distillation \u00e0 la vapeur des boutons floraux de la lavande (Lavandula hybrida Balb. Ex Ging.). Gr\u00e2ce \u00e0 sa formulation pure, elle convient comme compl\u00e9ment alimentaire. L&rsquo;agr\u00e9able fragrance de lavande a un effet calmant et apaisant.<\/p>\n<p>L&rsquo;huile essentielle de lavande bio est vaporis\u00e9e pour un meilleur sommeil pendant les p\u00e9riodes de stress. Traditionnellement, elle est utilis\u00e9e contre les attaques de panique et les troubles de l&rsquo;anxi\u00e9t\u00e9. Des recherches ont montr\u00e9 que deux gouttes d&rsquo;huile essentielle de lavande biologique contribuent \u00e0 r\u00e9duire l&rsquo;anxi\u00e9t\u00e9 et le stress.<\/p>\n<p>En raison de ses propri\u00e9t\u00e9s polyvalentes, l&rsquo;huile de lavande est l&rsquo;huile essentielle la plus connue. C&rsquo;est un ingr\u00e9dient indispensable dans les produits naturels de soins de la peau. Son action antibact\u00e9rienne douce prot\u00e8ge la peau. L&rsquo;huile de lavande acc\u00e9l\u00e8re le processus de r\u00e9cup\u00e9ration de la peau et apaise les irritations.<\/p>\n<p>Les aromath\u00e9rapeutes l&rsquo;utilisent pour traiter les br\u00fblures, les piq\u00fbres d&rsquo;insectes, les rhumatismes et les crampes menstruelles.<\/p>\n<h2>Huile essentielle de lavande bio Usage interne :<\/h2>\n<p>Une \u00e9tude de 2017 a conclu que l&rsquo;huile de lavande biologique 2 \u00e0 3 gouttes par jour sont d\u00e9j\u00e0 suffisantes pour avoir un effet positif sur les troubles du sommeil, l&rsquo;anxi\u00e9t\u00e9 et le stress. Traditionnellement, l&rsquo;huile de lavande est prise dilu\u00e9e depuis des milliers d&rsquo;ann\u00e9es pour traiter les rhumes, l&rsquo;hypertension, la diarrh\u00e9e et les migraines.<\/p>\n<h3>Vaporisation :<\/h3>\n<p>Huile essentielle de lavande bio a un effet purificateur d&rsquo;air et rafra\u00eechissant. La vaporisation de l&rsquo;huile de lavande aide \u00e0 r\u00e9duire le stress et a un effet calmant. L&rsquo;agr\u00e9able odeur de lavande aide \u00e0 se d\u00e9tendre pendant une p\u00e9riode de stress. Quelques gouttes d&rsquo;huile essentielle de lavande bio dans le bain aident \u00e0 r\u00e9duire les tensions et \u00e0 calmer l&rsquo;esprit.<\/p>\n<p>Prendre un bain avec quelques gouttes d&rsquo;huile essentielle de lavande avant de se coucher favorise une bonne nuit de sommeil.<\/p>\n<h3>Usage externe de l&rsquo;huile essentielle de lavande bio :<\/h3>\n<p>L&rsquo;huile de lavande acc\u00e9l\u00e8re le processus de gu\u00e9rison de la peau affect\u00e9e. Elle est utilis\u00e9e dilu\u00e9e dans les soins de la peau pour apaiser les irritations cutan\u00e9es et r\u00e9duire les rougeurs. Elle contribue \u00e0 r\u00e9duire l&rsquo;acn\u00e9 et les boutons enflamm\u00e9s sans dess\u00e9cher la peau. L&rsquo;huile essentielle de lavande biologique dilu\u00e9e dans une huile de base est id\u00e9ale pour le massage des douleurs musculaires et articulaires.<\/p>\n<p><strong>Note :<\/strong> Utilisez les huiles essentielles avec prudence. Nous vous recommandons de consulter un expert.<\/p>\n<p><strong>Dose recommand\u00e9e<\/strong> : 3 gouttes dilu\u00e9es dans une cuill\u00e8re d&rsquo;huile v\u00e9g\u00e9tale ou de sucre 2 \u00e0 3 fois par jour. La dose maximale quotidienne moyenne est de 9 gouttes ( 0,265 ml) pour un adulte.<\/p>\n<p><strong>Ingr\u00e9dients<\/strong> : (Lavandula hybrida Balb. Ex Ging.) Huile essentielle 100% biologique.<\/p>\n","protected":false},"excerpt":{"rendered":"<p>L&rsquo;huile essentielle de lavande biologique \u00e0 usage interne est obtenue par distillation \u00e0 la vapeur des sommit\u00e9s fleuries. Elle convient \u00e0 la vaporisation, \u00e0 l&rsquo;usage interne et externe.<br \/>\nL&rsquo;huile essentielle de lavande a des propri\u00e9t\u00e9s relaxantes, somnif\u00e8res et soignantes pour la peau.<\/p>\n","protected":false},"featured_media":617,"comment_status":"open","ping_status":"closed","template":"","meta":{"ocean_post_layout":"","ocean_both_sidebars_style":"","ocean_both_sidebars_content_width":0,"ocean_both_sidebars_sidebars_width":0,"ocean_sidebar":"","ocean_second_sidebar":"","ocean_disable_margins":"enable","ocean_add_body_class":"","ocean_shortcode_before_top_bar":"","ocean_shortcode_after_top_bar":"","ocean_shortcode_before_header":"","ocean_shortcode_after_header":"","ocean_has_shortcode":"","ocean_shortcode_after_title":"","ocean_shortcode_before_footer_widgets":"","ocean_shortcode_after_footer_widgets":"","ocean_shortcode_before_footer_bottom":"","ocean_shortcode_after_footer_bottom":"","ocean_display_top_bar":"default","ocean_display_header":"default","ocean_header_style":"","ocean_center_header_left_menu":"","ocean_custom_header_template":"","ocean_custom_logo":0,"ocean_custom_retina_logo":0,"ocean_custom_logo_max_width":0,"ocean_custom_logo_tablet_max_width":0,"ocean_custom_logo_mobile_max_width":0,"ocean_custom_logo_max_height":0,"ocean_custom_logo_tablet_max_height":0,"ocean_custom_logo_mobile_max_height":0,"ocean_header_custom_menu":"","ocean_menu_typo_font_family":"","ocean_menu_typo_font_subset":"","ocean_menu_typo_font_size":0,"ocean_menu_typo_font_size_tablet":0,"ocean_menu_typo_font_size_mobile":0,"ocean_menu_typo_font_size_unit":"px","ocean_menu_typo_font_weight":"","ocean_menu_typo_font_weight_tablet":"","ocean_menu_typo_font_weight_mobile":"","ocean_menu_typo_transform":"","ocean_menu_typo_transform_tablet":"","ocean_menu_typo_transform_mobile":"","ocean_menu_typo_line_height":0,"ocean_menu_typo_line_height_tablet":0,"ocean_menu_typo_line_height_mobile":0,"ocean_menu_typo_line_height_unit":"","ocean_menu_typo_spacing":0,"ocean_menu_typo_spacing_tablet":0,"ocean_menu_typo_spacing_mobile":0,"ocean_menu_typo_spacing_unit":"","ocean_menu_link_color":"","ocean_menu_link_color_hover":"","ocean_menu_link_color_active":"","ocean_menu_link_background":"","ocean_menu_link_hover_background":"","ocean_menu_link_active_background":"","ocean_menu_social_links_bg":"","ocean_menu_social_hover_links_bg":"","ocean_menu_social_links_color":"","ocean_menu_social_hover_links_color":"","ocean_disable_title":"default","ocean_disable_heading":"default","ocean_post_title":"","ocean_post_subheading":"","ocean_post_title_style":"","ocean_post_title_background_color":"","ocean_post_title_background":0,"ocean_post_title_bg_image_position":"","ocean_post_title_bg_image_attachment":"","ocean_post_title_bg_image_repeat":"","ocean_post_title_bg_image_size":"","ocean_post_title_height":0,"ocean_post_title_bg_overlay":0.5,"ocean_post_title_bg_overlay_color":"","ocean_disable_breadcrumbs":"default","ocean_breadcrumbs_color":"","ocean_breadcrumbs_separator_color":"","ocean_breadcrumbs_links_color":"","ocean_breadcrumbs_links_hover_color":"","ocean_display_footer_widgets":"default","ocean_display_footer_bottom":"default","ocean_custom_footer_template":""},"product_brand":[118],"product_cat":[57,56,31,37],"product_tag":[127,125],"class_list":{"0":"post-2348","1":"product","2":"type-product","3":"status-publish","4":"has-post-thumbnail","6":"product_brand-bioearth","7":"product_cat-complements-alimentaires-bio","8":"product_cat-huiles-essentielles","9":"product_cat-sante","10":"product_cat-zones-intimes-et-crampes-menstruelles","11":"product_tag-sans-silicone","12":"product_tag-vegan","14":"entry","15":"has-media","17":"first","18":"instock","19":"taxable","20":"shipping-taxable","21":"purchasable","22":"product-type-simple","23":"has-rating","24":"col","25":"span_1_of_3","26":"owp-content-center","27":"owp-thumbs-layout-horizontal","28":"owp-btn-normal","29":"owp-tabs-layout-section","30":"has-no-thumbnails","31":"circle-sale"},"_links":{"self":[{"href":"https:\/\/www.biobey.be\/fr\/wp-json\/wp\/v2\/product\/2348","targetHints":{"allow":["GET"]}}],"collection":[{"href":"https:\/\/www.biobey.be\/fr\/wp-json\/wp\/v2\/product"}],"about":[{"href":"https:\/\/www.biobey.be\/fr\/wp-json\/wp\/v2\/types\/product"}],"replies":[{"embeddable":true,"href":"https:\/\/www.biobey.be\/fr\/wp-json\/wp\/v2\/comments?post=2348"}],"wp:featuredmedia":[{"embeddable":true,"href":"https:\/\/www.biobey.be\/fr\/wp-json\/wp\/v2\/media\/617"}],"wp:attachment":[{"href":"https:\/\/www.biobey.be\/fr\/wp-json\/wp\/v2\/media?parent=2348"}],"wp:term":[{"taxonomy":"product_brand","embeddable":true,"href":"https:\/\/www.biobey.be\/fr\/wp-json\/wp\/v2\/product_brand?post=2348"},{"taxonomy":"product_cat","embeddable":true,"href":"https:\/\/www.biobey.be\/fr\/wp-json\/wp\/v2\/product_cat?post=2348"},{"taxonomy":"product_tag","embeddable":true,"href":"https:\/\/www.biobey.be\/fr\/wp-json\/wp\/v2\/product_tag?post=2348"}],"curies":[{"name":"wp","href":"https:\/\/api.w.org\/{rel}","templated":true}]}}