{"id":2349,"date":"2025-05-24T00:17:24","date_gmt":"2025-05-23T22:17:24","guid":{"rendered":"https:\/\/www.biobey.be\/fr-temp\/produit\/huile-essentielle-de-romarin-bio-10-ml\/"},"modified":"2025-07-11T12:40:15","modified_gmt":"2025-07-11T10:40:15","slug":"huile-essentielle-de-romarin-bio-10-ml","status":"publish","type":"product","link":"https:\/\/www.biobey.be\/fr\/produit\/huile-essentielle-de-romarin-bio-10-ml\/","title":{"rendered":"Huile essentielle de romarin bio 10 ml &#8211; Bioearth"},"content":{"rendered":"<p>L&rsquo;huile de romarin biologique peut-elle \u00eatre utilis\u00e9e en usage interne? Huile essentielle de romarin bio est un compl\u00e9ment alimentaire certifi\u00e9 biologique contenant de l&rsquo;huile essentielle de romarin, b\u00e9n\u00e9fique pour une motilit\u00e9 gastro-intestinale r\u00e9guli\u00e8re et contre les flatulences.<\/p>\n<p>Cette huile essentielle de romarin est utilis\u00e9e de diff\u00e9rentes mani\u00e8res, tant en usage interne qu&rsquo;en usage externe.Ce <span style=\"color: #0000ff;\"><a style=\"color: #0000ff;\" href=\"https:\/\/www.biobey.be\/fr\/produit\/ballonnement-et-gaz\/\">compl\u00e9ment biologique<\/a><\/span> est \u00e9galement tr\u00e8s b\u00e9n\u00e9fique pour soulager la constipation, les gaz et les ballonnements.<\/p>\n<p><strong>Les principales applications externes sont bri\u00e8vement r\u00e9sum\u00e9es:<\/strong><\/p>\n<ol>\n<li>rem\u00e9die \u00e0 la chute des cheveux et stimule leur croissance<\/li>\n<li>en soutien au traitement de l&rsquo;alop\u00e9cie androg\u00e9n\u00e9tique<\/li>\n<li>analg\u00e9sique dilu\u00e9 appliqu\u00e9 comme huile de massage<\/li>\n<\/ol>\n<h2>Applications de l&rsquo;huile essentielle de romarin bio<\/h2>\n<p>L&rsquo;huile essentielle de <strong>romarin bio certifi\u00e9e<\/strong> (Rosmarinus officinalis cineol) poss\u00e8de de nombreuses propri\u00e9t\u00e9s b\u00e9n\u00e9fiques pour l&rsquo;organisme et beaucoup d&rsquo;entre elles ont \u00e9t\u00e9 confirm\u00e9es par la recherche scientifique.<\/p>\n<p>C&rsquo;est un agent antibact\u00e9rien et antifongique naturel. Par cons\u00e9quent, l&rsquo;ajout de quelques gouttes d&rsquo;huile de romarin \u00e0 un <a href=\"https:\/\/www.biobey.be\/fr\/produit\/shampooing-bio-antipelliculaire-argital-100-ml\/\"><span style=\"color: #0000ff;\">shampooing antipelliculaire bio<\/span><\/a> peut aider \u00e0 lutter contre les pellicules.<\/p>\n<p>Elle peut <strong>r\u00e9duire le stress et la fatigue<\/strong>. En outre, l&rsquo;huile essentielle de romarin est b\u00e9n\u00e9fique pour la digestion et les voies respiratoires.<\/p>\n<h3>Utilisation externe de l&rsquo;huile essentielle de romarin<\/h3>\n<p>L&rsquo;huile essentielle de romarin est traditionnellement utilis\u00e9e pour am\u00e9liorer la m\u00e9moire. Plusieurs \u00e9tudes scientifiques ont montr\u00e9 que l&rsquo;odeur de l&rsquo;huile essentielle de romarin peut stimuler la m\u00e9moire et les capacit\u00e9s cognitives.<\/p>\n<p>L&rsquo;huile essentielle de romarin <strong>stimule la croissance des cheveux<\/strong> et am\u00e9liore la qualit\u00e9 des nouveaux cheveux, contribuant ainsi \u00e0 pr\u00e9venir la chute des cheveux. Elle peut m\u00eame \u00eatre utilis\u00e9e pour soutenir le traitement de l&rsquo;alop\u00e9cie androg\u00e9n\u00e9tique.<\/p>\n<p>L&rsquo;huile de romarin <strong>stimule la circulation sanguine<\/strong>, am\u00e9liore la peau et a un effet analg\u00e9sique. Ajoutez quelques gouttes \u00e0 une huile de massage ou \u00e0 une autre huile de support et utilisez-la pour soulager les douleurs musculaires.<\/p>\n<h3>Caract\u00e9ristiques de l&rsquo;huile essentielle de romarin bio<\/h3>\n<p><strong>Certifi\u00e9 biologique<\/strong><br \/>\nSuppl\u00e9ment nutritionnel<br \/>\nVari\u00e9t\u00e9s chimiotyp\u00e9es s\u00e9lectionn\u00e9es<br \/>\nExtraction par distillation \u00e0 la vapeur<br \/>\nSubstances fonctionnelles<br \/>\nRomarin (<strong>Rosmarinus officinalis L<\/strong>.).<\/p>\n<h3>Mode d&#8217;emploi &#8211; Prise d&rsquo;huile essentielle de romarin bio<\/h3>\n<p>Il est recommand\u00e9 de prendre 3 gouttes dilu\u00e9es dans une cuill\u00e8re \u00e0 caf\u00e9 d&rsquo;huile v\u00e9g\u00e9tale ou de sirop d&rsquo;agave ou de sucre, 2 \u00e0 3 fois par jour, apr\u00e8s les repas. La teneur moyenne par dose journali\u00e8re maximale recommand\u00e9e de 9 gouttes \u00e9quivaut \u00e0 environ 0,265 ml : 238 mg d&rsquo;huile essentielle.<\/p>\n<p>L&rsquo;huile essentielle de romarin bio ne doit pas \u00eatre utilis\u00e9e par les femmes enceintes et les b\u00e9b\u00e9s. Utilis\u00e9es correctement, les huiles essentielles 100% naturelles et non trait\u00e9es chimiquement sont des substances tr\u00e8s puissantes et b\u00e9n\u00e9fiques pour notre bien-\u00eatre. Mais nous recommandons vivement de respecter le mode d&#8217;emploi et la quantit\u00e9 recommand\u00e9e.<\/p>\n<p>Les compl\u00e9ments alimentaires ne sont pas des m\u00e9dicaments et ne sont pas destin\u00e9s \u00e0 pr\u00e9venir ou \u00e0 traiter des maladies.<\/p>\n<p>Ingr\u00e9dients<br \/>\nRomarin (Rosmarinus officinalis L.) huile essentielle 100% biologique.<\/p>\n","protected":false},"excerpt":{"rendered":"<p>L&rsquo;huile essentielle de romarin est b\u00e9n\u00e9fique pour :<\/p>\n<ul>\n<li>Digestion<\/li>\n<li>Voies respiratoires<\/li>\n<li>Circulation sanguine<\/li>\n<li>Peau<\/li>\n<li>M\u00e9moire<\/li>\n<\/ul>\n<p>L&rsquo;huile essentielle de romarin est antibact\u00e9rienne, antifongique. Elle peut \u00eatre analg\u00e9sique.<\/p>\n","protected":false},"featured_media":641,"comment_status":"open","ping_status":"closed","template":"","meta":{"ocean_post_layout":"","ocean_both_sidebars_style":"","ocean_both_sidebars_content_width":0,"ocean_both_sidebars_sidebars_width":0,"ocean_sidebar":"","ocean_second_sidebar":"","ocean_disable_margins":"enable","ocean_add_body_class":"","ocean_shortcode_before_top_bar":"","ocean_shortcode_after_top_bar":"","ocean_shortcode_before_header":"","ocean_shortcode_after_header":"","ocean_has_shortcode":"","ocean_shortcode_after_title":"","ocean_shortcode_before_footer_widgets":"","ocean_shortcode_after_footer_widgets":"","ocean_shortcode_before_footer_bottom":"","ocean_shortcode_after_footer_bottom":"","ocean_display_top_bar":"default","ocean_display_header":"default","ocean_header_style":"","ocean_center_header_left_menu":"","ocean_custom_header_template":"","ocean_custom_logo":0,"ocean_custom_retina_logo":0,"ocean_custom_logo_max_width":0,"ocean_custom_logo_tablet_max_width":0,"ocean_custom_logo_mobile_max_width":0,"ocean_custom_logo_max_height":0,"ocean_custom_logo_tablet_max_height":0,"ocean_custom_logo_mobile_max_height":0,"ocean_header_custom_menu":"","ocean_menu_typo_font_family":"","ocean_menu_typo_font_subset":"","ocean_menu_typo_font_size":0,"ocean_menu_typo_font_size_tablet":0,"ocean_menu_typo_font_size_mobile":0,"ocean_menu_typo_font_size_unit":"px","ocean_menu_typo_font_weight":"","ocean_menu_typo_font_weight_tablet":"","ocean_menu_typo_font_weight_mobile":"","ocean_menu_typo_transform":"","ocean_menu_typo_transform_tablet":"","ocean_menu_typo_transform_mobile":"","ocean_menu_typo_line_height":0,"ocean_menu_typo_line_height_tablet":0,"ocean_menu_typo_line_height_mobile":0,"ocean_menu_typo_line_height_unit":"","ocean_menu_typo_spacing":0,"ocean_menu_typo_spacing_tablet":0,"ocean_menu_typo_spacing_mobile":0,"ocean_menu_typo_spacing_unit":"","ocean_menu_link_color":"","ocean_menu_link_color_hover":"","ocean_menu_link_color_active":"","ocean_menu_link_background":"","ocean_menu_link_hover_background":"","ocean_menu_link_active_background":"","ocean_menu_social_links_bg":"","ocean_menu_social_hover_links_bg":"","ocean_menu_social_links_color":"","ocean_menu_social_hover_links_color":"","ocean_disable_title":"default","ocean_disable_heading":"default","ocean_post_title":"","ocean_post_subheading":"","ocean_post_title_style":"","ocean_post_title_background_color":"","ocean_post_title_background":0,"ocean_post_title_bg_image_position":"","ocean_post_title_bg_image_attachment":"","ocean_post_title_bg_image_repeat":"","ocean_post_title_bg_image_size":"","ocean_post_title_height":0,"ocean_post_title_bg_overlay":0.5,"ocean_post_title_bg_overlay_color":"","ocean_disable_breadcrumbs":"default","ocean_breadcrumbs_color":"","ocean_breadcrumbs_separator_color":"","ocean_breadcrumbs_links_color":"","ocean_breadcrumbs_links_hover_color":"","ocean_display_footer_widgets":"default","ocean_display_footer_bottom":"default","ocean_custom_footer_template":""},"product_brand":[118],"product_cat":[57,56,31,16,24,50],"product_tag":[125],"class_list":{"0":"post-2349","1":"product","2":"type-product","3":"status-publish","4":"has-post-thumbnail","6":"product_brand-bioearth","7":"product_cat-complements-alimentaires-bio","8":"product_cat-huiles-essentielles","9":"product_cat-sante","10":"product_cat-soins","11":"product_cat-soins-cheveux","12":"product_cat-traitement-capillaire-intensif","13":"product_tag-vegan","15":"entry","16":"has-media","18":"first","19":"instock","20":"taxable","21":"shipping-taxable","22":"purchasable","23":"product-type-simple","24":"has-rating","25":"col","26":"span_1_of_3","27":"owp-content-center","28":"owp-thumbs-layout-horizontal","29":"owp-btn-normal","30":"owp-tabs-layout-section","31":"has-no-thumbnails","32":"circle-sale"},"_links":{"self":[{"href":"https:\/\/www.biobey.be\/fr\/wp-json\/wp\/v2\/product\/2349","targetHints":{"allow":["GET"]}}],"collection":[{"href":"https:\/\/www.biobey.be\/fr\/wp-json\/wp\/v2\/product"}],"about":[{"href":"https:\/\/www.biobey.be\/fr\/wp-json\/wp\/v2\/types\/product"}],"replies":[{"embeddable":true,"href":"https:\/\/www.biobey.be\/fr\/wp-json\/wp\/v2\/comments?post=2349"}],"wp:featuredmedia":[{"embeddable":true,"href":"https:\/\/www.biobey.be\/fr\/wp-json\/wp\/v2\/media\/641"}],"wp:attachment":[{"href":"https:\/\/www.biobey.be\/fr\/wp-json\/wp\/v2\/media?parent=2349"}],"wp:term":[{"taxonomy":"product_brand","embeddable":true,"href":"https:\/\/www.biobey.be\/fr\/wp-json\/wp\/v2\/product_brand?post=2349"},{"taxonomy":"product_cat","embeddable":true,"href":"https:\/\/www.biobey.be\/fr\/wp-json\/wp\/v2\/product_cat?post=2349"},{"taxonomy":"product_tag","embeddable":true,"href":"https:\/\/www.biobey.be\/fr\/wp-json\/wp\/v2\/product_tag?post=2349"}],"curies":[{"name":"wp","href":"https:\/\/api.w.org\/{rel}","templated":true}]}}