{"id":2350,"date":"2023-10-16T22:34:58","date_gmt":"2023-10-16T20:34:58","guid":{"rendered":"https:\/\/www.biobey.be\/fr-temp\/produit\/huile-essentielle-de-citron-bio-10ml-2\/"},"modified":"2026-04-07T07:42:02","modified_gmt":"2026-04-07T05:42:02","slug":"huile-essentielle-de-citron-bio-10ml-2","status":"publish","type":"product","link":"https:\/\/www.biobey.be\/fr\/produit\/huile-essentielle-de-citron-bio-10ml-2\/","title":{"rendered":"Huile essentielle de citron bio 10ml"},"content":{"rendered":"<p>L&rsquo;huile essentielle de citron bio press\u00e9e \u00e0 froid Bioearth convient \u00e0 un usage externe et interne gr\u00e2ce \u00e0 sa formulation pure. Cette huile essentielle est extraite du citron biologique (Citrus limon (L.) Osbeck).<\/p>\n<p>Il existe quelques diff\u00e9rences distinctes entre l&rsquo;huile de citron press\u00e9e \u00e0 froid et l&rsquo;huile de citron distill\u00e9e. Seule l&rsquo;huile press\u00e9e \u00e0 froid contient des coumarines. La version distill\u00e9e et couramment utilis\u00e9e est moins pure et manque de fra\u00eecheur et de fragrance. En outre, des substances sont ajout\u00e9es pour pr\u00e9venir l&rsquo;oxydation.<\/p>\n<p>Cela affecte le fonctionnement et la qualit\u00e9 de l&rsquo;huile de citron. Il est donc important d&rsquo;utiliser de l&rsquo;huile essentielle de citron biologique press\u00e9e \u00e0 froid. Extrait de citrons biologiques non pulv\u00e9ris\u00e9s. C&rsquo;est pourquoi l&rsquo;huile de citron Bioearth convient \u00e0 un usage interne.<\/p>\n<h2>Utilisation interne de l&rsquo;huile essentielle de citron bio<\/h2>\n<p>L&rsquo;huile riche en vitamine C contient un taux \u00e9lev\u00e9 de limon\u00e8ne. Elle am\u00e9liore l&rsquo;\u00e9limination des d\u00e9chets et a un effet antioxydant. Elle est utilis\u00e9e en interne pour d\u00e9toxifier et stimuler la bile et la fonction h\u00e9patique. Des recherches ont \u00e9galement montr\u00e9 que le limon\u00e8ne contenu dans l&rsquo;huile essentielle de citron biologique favorise la production de globules blancs dans l&rsquo;organisme.<\/p>\n<p><strong>Aromath\u00e9rapie<\/strong><br \/>\nCaract\u00e9ristiques de l&rsquo;huile essentielle de citron biologique<\/p>\n<p>L&rsquo;huile a des effets positifs sur le corps et l&rsquo;esprit. Elle a un effet purificateur d&rsquo;air. La vaporisation de l&rsquo;huile essentielle de citron a \u00e9galement un effet stimulant et revigorant. L&rsquo;ar\u00f4me frais aide \u00e0 am\u00e9liorer la sant\u00e9 et la productivit\u00e9.<\/p>\n<h3>Huile essentielle de citron bio \u00e0 usage externe<\/h3>\n<p>Gr\u00e2ce \u00e0 ses propri\u00e9t\u00e9s anti-inflammatoires, l&rsquo;huile de citron est utilis\u00e9e pour traiter l&rsquo;acn\u00e9, l&rsquo;exc\u00e8s de s\u00e9bum et les impuret\u00e9s. Le tonique pour la peau \u00e0 l&rsquo;huile essentielle de citron aide \u00e0 d\u00e9gager les pores obstru\u00e9s et \u00e0 tuer les mauvaises bact\u00e9ries. Pour r\u00e9duire les d\u00e9mangeaisons, quelques gouttes d&rsquo;huile de citron bio peuvent \u00eatre ajout\u00e9es \u00e0 une cr\u00e8me et appliqu\u00e9es sur la peau.<\/p>\n<p>Pour les d\u00e9mangeaisons et les piq\u00fbres d&rsquo;insectes, l&rsquo;huile de citron a un effet calmant et rafra\u00eechissant.<\/p>\n<p><strong>Utilisation<\/strong> : Il est recommand\u00e9 de prendre 3 gouttes d&rsquo;huile essentielle de citron dilu\u00e9es 2 \u00e0 3 fois par jour apr\u00e8s les repas. L&rsquo;huile de citron doit \u00eatre prise dilu\u00e9e dans une cuill\u00e8re \u00e0 caf\u00e9 d&rsquo;huile v\u00e9g\u00e9tale ou de sucre. La dose maximale recommand\u00e9e par jour est de 9 gouttes (0,265 ml) pour un adulte.<\/p>\n<p><strong>Remarque<\/strong> : les huiles essentielles sont tr\u00e8s concentr\u00e9es. Nous vous recommandons d&rsquo;\u00eatre prudent lorsque vous utilisez des huiles essentielles par voie interne.<\/p>\n<p>Conservez l&rsquo;huile dans un endroit sombre. Apr\u00e8s avoir appliqu\u00e9 l&rsquo;huile essentielle de citron press\u00e9e \u00e0 froid sur la peau, il est recommand\u00e9 de prot\u00e9ger la peau du soleil pendant une journ\u00e9e et de ne pas utiliser de banc solaire.<\/p>\n","protected":false},"excerpt":{"rendered":"<p>L&rsquo;huile essentielle de citron bio est press\u00e9e \u00e0 froid. Elle est extraite de citrons biologiques qui n&rsquo;ont pas \u00e9t\u00e9 pulv\u00e9ris\u00e9s. Gr\u00e2ce \u00e0 sa composition pure, elle convient aussi bien \u00e0 un usage externe qu&rsquo;interne.<\/p>\n<p>Certifi\u00e9 biologique<\/p>\n","protected":false},"featured_media":621,"comment_status":"open","ping_status":"closed","template":"","meta":{"ocean_post_layout":"","ocean_both_sidebars_style":"","ocean_both_sidebars_content_width":0,"ocean_both_sidebars_sidebars_width":0,"ocean_sidebar":"","ocean_second_sidebar":"","ocean_disable_margins":"enable","ocean_add_body_class":"","ocean_shortcode_before_top_bar":"","ocean_shortcode_after_top_bar":"","ocean_shortcode_before_header":"","ocean_shortcode_after_header":"","ocean_has_shortcode":"","ocean_shortcode_after_title":"","ocean_shortcode_before_footer_widgets":"","ocean_shortcode_after_footer_widgets":"","ocean_shortcode_before_footer_bottom":"","ocean_shortcode_after_footer_bottom":"","ocean_display_top_bar":"default","ocean_display_header":"default","ocean_header_style":"","ocean_center_header_left_menu":"","ocean_custom_header_template":"","ocean_custom_logo":0,"ocean_custom_retina_logo":0,"ocean_custom_logo_max_width":0,"ocean_custom_logo_tablet_max_width":0,"ocean_custom_logo_mobile_max_width":0,"ocean_custom_logo_max_height":0,"ocean_custom_logo_tablet_max_height":0,"ocean_custom_logo_mobile_max_height":0,"ocean_header_custom_menu":"","ocean_menu_typo_font_family":"","ocean_menu_typo_font_subset":"","ocean_menu_typo_font_size":0,"ocean_menu_typo_font_size_tablet":0,"ocean_menu_typo_font_size_mobile":0,"ocean_menu_typo_font_size_unit":"px","ocean_menu_typo_font_weight":"","ocean_menu_typo_font_weight_tablet":"","ocean_menu_typo_font_weight_mobile":"","ocean_menu_typo_transform":"","ocean_menu_typo_transform_tablet":"","ocean_menu_typo_transform_mobile":"","ocean_menu_typo_line_height":0,"ocean_menu_typo_line_height_tablet":0,"ocean_menu_typo_line_height_mobile":0,"ocean_menu_typo_line_height_unit":"","ocean_menu_typo_spacing":0,"ocean_menu_typo_spacing_tablet":0,"ocean_menu_typo_spacing_mobile":0,"ocean_menu_typo_spacing_unit":"","ocean_menu_link_color":"","ocean_menu_link_color_hover":"","ocean_menu_link_color_active":"","ocean_menu_link_background":"","ocean_menu_link_hover_background":"","ocean_menu_link_active_background":"","ocean_menu_social_links_bg":"","ocean_menu_social_hover_links_bg":"","ocean_menu_social_links_color":"","ocean_menu_social_hover_links_color":"","ocean_disable_title":"default","ocean_disable_heading":"default","ocean_post_title":"","ocean_post_subheading":"","ocean_post_title_style":"","ocean_post_title_background_color":"","ocean_post_title_background":0,"ocean_post_title_bg_image_position":"","ocean_post_title_bg_image_attachment":"","ocean_post_title_bg_image_repeat":"","ocean_post_title_bg_image_size":"","ocean_post_title_height":0,"ocean_post_title_bg_overlay":0.5,"ocean_post_title_bg_overlay_color":"","ocean_disable_breadcrumbs":"default","ocean_breadcrumbs_color":"","ocean_breadcrumbs_separator_color":"","ocean_breadcrumbs_links_color":"","ocean_breadcrumbs_links_hover_color":"","ocean_display_footer_widgets":"default","ocean_display_footer_bottom":"default","ocean_custom_footer_template":""},"product_brand":[118],"product_cat":[57,56,31],"product_tag":[125],"class_list":{"0":"post-2350","1":"product","2":"type-product","3":"status-publish","4":"has-post-thumbnail","6":"product_brand-bioearth","7":"product_cat-complements-alimentaires-bio","8":"product_cat-huiles-essentielles","9":"product_cat-sante","10":"product_tag-vegan","12":"entry","13":"has-media","15":"first","16":"instock","17":"taxable","18":"shipping-taxable","19":"purchasable","20":"product-type-simple","21":"has-rating","22":"col","23":"span_1_of_3","24":"owp-content-center","25":"owp-thumbs-layout-horizontal","26":"owp-btn-normal","27":"owp-tabs-layout-section","28":"has-no-thumbnails","29":"circle-sale"},"_links":{"self":[{"href":"https:\/\/www.biobey.be\/fr\/wp-json\/wp\/v2\/product\/2350","targetHints":{"allow":["GET"]}}],"collection":[{"href":"https:\/\/www.biobey.be\/fr\/wp-json\/wp\/v2\/product"}],"about":[{"href":"https:\/\/www.biobey.be\/fr\/wp-json\/wp\/v2\/types\/product"}],"replies":[{"embeddable":true,"href":"https:\/\/www.biobey.be\/fr\/wp-json\/wp\/v2\/comments?post=2350"}],"wp:featuredmedia":[{"embeddable":true,"href":"https:\/\/www.biobey.be\/fr\/wp-json\/wp\/v2\/media\/621"}],"wp:attachment":[{"href":"https:\/\/www.biobey.be\/fr\/wp-json\/wp\/v2\/media?parent=2350"}],"wp:term":[{"taxonomy":"product_brand","embeddable":true,"href":"https:\/\/www.biobey.be\/fr\/wp-json\/wp\/v2\/product_brand?post=2350"},{"taxonomy":"product_cat","embeddable":true,"href":"https:\/\/www.biobey.be\/fr\/wp-json\/wp\/v2\/product_cat?post=2350"},{"taxonomy":"product_tag","embeddable":true,"href":"https:\/\/www.biobey.be\/fr\/wp-json\/wp\/v2\/product_tag?post=2350"}],"curies":[{"name":"wp","href":"https:\/\/api.w.org\/{rel}","templated":true}]}}