{"id":2351,"date":"2025-05-26T01:11:13","date_gmt":"2025-05-25T23:11:13","guid":{"rendered":"https:\/\/www.biobey.be\/fr-temp\/produit\/naobay-brume-energisante-et-fixateur-200\/"},"modified":"2025-07-11T11:18:28","modified_gmt":"2025-07-11T09:18:28","slug":"naobay-brume-energisante-et-fixateur-200","status":"publish","type":"product","link":"https:\/\/www.biobey.be\/fr\/produit\/naobay-brume-energisante-et-fixateur-200\/","title":{"rendered":"Naobay brume \u00e9nergisante et fixateur de maquillage 200ml"},"content":{"rendered":"<p>Naobay brume energisante multifonctionnelle est un excellent produit pour une purification suppl\u00e9mentaire apr\u00e8s le nettoyage de la peau. Elle peut \u00eatre utilis\u00e9e comme spray fixateur de maquillage naturel.<\/p>\n<p><strong>Les principaux ingr\u00e9dients actifs du brume visage et fixateur de maquillage sont :<\/strong><\/p>\n<ol>\n<li>L&rsquo;extrait d&rsquo;aloe vera biologique apaise les peaux irrit\u00e9es et rougies.<\/li>\n<li>L&rsquo;extrait de feuille de Vaccinium Myrtillus contient des antioxydants tels que les anthocyanes qui prot\u00e8gent la peau contre les radicaux libres et les influences ext\u00e9rieures n\u00e9fastes.<\/li>\n<li>L&rsquo;acide hyaluronique hydrate les couches profondes de la peau et r\u00e9duit les ridules.<\/li>\n<li>L&rsquo;extrait de camomille biologique att\u00e9nue les taches brunes et aide \u00e0 uniformiser le teint. Il cr\u00e9e un effet \u00e9claircissant naturel de la peau.<\/li>\n<\/ol>\n<p>Gr\u00e2ce \u00e0 son action douce et hydratante, elle convient \u00e9galement pour rafra\u00eechir la peau pendant la journ\u00e9e. Naobay brume \u00e9nergisante est riche en vitamines et en acides AHA.<\/p>\n<p>Vaporiser <span style=\"color: #0000ff;\"><a style=\"color: #0000ff;\" href=\"https:\/\/www.biobey.be\/fr\/produit\/brume-hydratante-visage-bio-oxygen-bema-200ml\/\">la brume tonique<\/a><\/span> apr\u00e8s le nettoyage pour une purification suppl\u00e9mentaire des pores. En outre, la brume tonique permet au s\u00e9rum ou \u00e0 la cr\u00e8me pour le visage de mieux p\u00e9n\u00e9trer dans la peau. Naobay brume \u00e9nergisante <strong>apporte \u00e0 la peau un rafra\u00eechissement et une hydratation suppl\u00e9mentaires ainsi qu&rsquo;un effet d&rsquo;\u00e9clat<\/strong>.<\/p>\n<p>C&rsquo;est \u00e9galement un excellent spray fixateur de maquillage naturel pour le visage. L&rsquo;acide hyaluronique hydrate la peau s\u00e8che et pr\u00e9vient la perte d&rsquo;humidit\u00e9. Les antioxydants contenus dans le toner prot\u00e8gent la peau des influences ext\u00e9rieures n\u00e9fastes.<\/p>\n<h2>Action multifonctionnelle de Naobay brume \u00e9nergisante et du spray fixateur de maquillage<\/h2>\n<p>Naobay brume \u00e9nergisante, spray tonifiant et fixateur de maquillage, est compos\u00e9e d&rsquo;extraits b\u00e9n\u00e9fiques. L&rsquo;acide hyaluronique et le jus de feuilles d&rsquo;aloe vera hydratent la peau en profondeur et l&#8217;emp\u00eachent de se dess\u00e9cher. L&rsquo;extrait de feuilles de th\u00e9 vert a un effet anti-inflammatoire. Il aide \u00e0 pr\u00e9venir les inflammations et prot\u00e8ge des rayons UV nocifs.<\/p>\n<p>Les acides AHA de la pomme \u00e9liminent les cellules mortes et ont un <span style=\"color: #0000ff;\"><a style=\"color: #0000ff;\" href=\"https:\/\/www.biobey.be\/fr\/produit\/gommage-enzymatique-bio-visage-love-bio-50-ml\/\">effet exfoliant sur la couche sup\u00e9rieure de la peau<\/a><\/span>. Les acides AHA sont connus pour leurs propri\u00e9t\u00e9s s\u00e9bo-r\u00e9gulatrices et purifiantes. En outre, la brume tonique pour le visage contient de l&rsquo;extrait de myrtille.<\/p>\n<p>Il s&rsquo;agit d&rsquo;un puissant antioxydant qui aide \u00e0 pr\u00e9venir le vieillissement pr\u00e9matur\u00e9 de la peau.<br \/>\nLa brume tonique vitamin\u00e9e purifie, hydrate et rafra\u00eechit le visage. Gr\u00e2ce \u00e0 sa formulation douce, elle peut \u00eatre utilis\u00e9e tout au long de la journ\u00e9e.<\/p>\n<p>Naobay brume \u00e9nergisante et le spray fixateur de maquillage est certifi\u00e9s Ecocert et emball\u00e9s dans des emballages \u00e9cologiques fabriqu\u00e9s \u00e0 partir de mat\u00e9riaux recycl\u00e9s. La brume tonique pour le visage et convient aux v\u00e9g\u00e9taliens.<\/p>\n<p><strong>Mode d&#8217;emploi de la brume tonique multi-usages Naobay pour le visage:<\/strong><\/p>\n<p>Appliquez la brume tonique apr\u00e8s avoir nettoy\u00e9 la peau pour une purification suppl\u00e9mentaire.<br \/>\nUtilisez le spray comme fixateur de maquillage apr\u00e8s l&rsquo;application de produits cosm\u00e9tiques.<br \/>\nLa brume tonique pour le visage peut \u00eatre utilis\u00e9e tout au long de la journ\u00e9e pour une hydratation et un rafra\u00eechissement suppl\u00e9mentaires du visage.<\/p>\n<p>INCI: Aqua, Aloe Barbadensis Leaf Juice*, Glycerin, Propanediol, Vaccinium Myrtillus Leaf Extract, Pyrus Malus (Apple) Fruit Extract*, Camellia Sinensis Leaf Extract*, Sodium Hyaluronate, Glycyrrhiza Glabra (Licorice) Root Extract*, Salvia Sclarea Extract*, Sodium Levulinate, Sodium Phytate, Potassium Sorbate, Sodium Benzoate, Citric Acid, Fragrance (Naturel) **.<\/p>\n<p>*Ingr\u00e9dients issus de l&rsquo;agriculture biologique<br \/>\n**Fragrance de composants naturels<\/p>\n","protected":false},"excerpt":{"rendered":"<p>Naobay brume \u00e9nergisante spray fixateur de maquillage de Naobay sont riches en vitamines et en antioxydants.<\/p>\n<p><strong>Effet multifonctionnel:<\/strong><br \/>\nPurification suppl\u00e9mentaire apr\u00e8s le nettoyage de la peau<br \/>\nUtilisez le spray comme fixateur de maquillage apr\u00e8s l&rsquo;application du maquillage.<br \/>\nPour rafra\u00eechir le visage pendant la journ\u00e9e<br \/>\nIngr\u00e9dients actifs: Acide hyaluronique, feuilles de th\u00e9 vert, extrait de myrtille et de pomme<\/p>\n<p><strong>Certificats<\/strong> : Ecocert, respectueux de l&rsquo;environnement et convenant aux v\u00e9g\u00e9taliens.<\/p>\n","protected":false},"featured_media":470,"comment_status":"open","ping_status":"closed","template":"","meta":{"ocean_post_layout":"","ocean_both_sidebars_style":"","ocean_both_sidebars_content_width":0,"ocean_both_sidebars_sidebars_width":0,"ocean_sidebar":"","ocean_second_sidebar":"","ocean_disable_margins":"enable","ocean_add_body_class":"","ocean_shortcode_before_top_bar":"","ocean_shortcode_after_top_bar":"","ocean_shortcode_before_header":"","ocean_shortcode_after_header":"","ocean_has_shortcode":"","ocean_shortcode_after_title":"","ocean_shortcode_before_footer_widgets":"","ocean_shortcode_after_footer_widgets":"","ocean_shortcode_before_footer_bottom":"","ocean_shortcode_after_footer_bottom":"","ocean_display_top_bar":"default","ocean_display_header":"default","ocean_header_style":"","ocean_center_header_left_menu":"","ocean_custom_header_template":"","ocean_custom_logo":0,"ocean_custom_retina_logo":0,"ocean_custom_logo_max_width":0,"ocean_custom_logo_tablet_max_width":0,"ocean_custom_logo_mobile_max_width":0,"ocean_custom_logo_max_height":0,"ocean_custom_logo_tablet_max_height":0,"ocean_custom_logo_mobile_max_height":0,"ocean_header_custom_menu":"","ocean_menu_typo_font_family":"","ocean_menu_typo_font_subset":"","ocean_menu_typo_font_size":0,"ocean_menu_typo_font_size_tablet":0,"ocean_menu_typo_font_size_mobile":0,"ocean_menu_typo_font_size_unit":"px","ocean_menu_typo_font_weight":"","ocean_menu_typo_font_weight_tablet":"","ocean_menu_typo_font_weight_mobile":"","ocean_menu_typo_transform":"","ocean_menu_typo_transform_tablet":"","ocean_menu_typo_transform_mobile":"","ocean_menu_typo_line_height":0,"ocean_menu_typo_line_height_tablet":0,"ocean_menu_typo_line_height_mobile":0,"ocean_menu_typo_line_height_unit":"","ocean_menu_typo_spacing":0,"ocean_menu_typo_spacing_tablet":0,"ocean_menu_typo_spacing_mobile":0,"ocean_menu_typo_spacing_unit":"","ocean_menu_link_color":"","ocean_menu_link_color_hover":"","ocean_menu_link_color_active":"","ocean_menu_link_background":"","ocean_menu_link_hover_background":"","ocean_menu_link_active_background":"","ocean_menu_social_links_bg":"","ocean_menu_social_hover_links_bg":"","ocean_menu_social_links_color":"","ocean_menu_social_hover_links_color":"","ocean_disable_title":"default","ocean_disable_heading":"default","ocean_post_title":"","ocean_post_subheading":"","ocean_post_title_style":"","ocean_post_title_background_color":"","ocean_post_title_background":0,"ocean_post_title_bg_image_position":"","ocean_post_title_bg_image_attachment":"","ocean_post_title_bg_image_repeat":"","ocean_post_title_bg_image_size":"","ocean_post_title_height":0,"ocean_post_title_bg_overlay":0.5,"ocean_post_title_bg_overlay_color":"","ocean_disable_breadcrumbs":"default","ocean_breadcrumbs_color":"","ocean_breadcrumbs_separator_color":"","ocean_breadcrumbs_links_color":"","ocean_breadcrumbs_links_hover_color":"","ocean_display_footer_widgets":"default","ocean_display_footer_bottom":"default","ocean_custom_footer_template":""},"product_brand":[119],"product_cat":[21,18,49,17,16],"product_tag":[],"class_list":{"0":"post-2351","1":"product","2":"type-product","3":"status-publish","4":"has-post-thumbnail","6":"product_brand-naobay","7":"product_cat-acne-et-peau-abimee","8":"product_cat-nettoyage-de-la-peau-et-masques","9":"product_cat-peau-seche","10":"product_cat-soins-du-visage","11":"product_cat-soins","13":"entry","14":"has-media","16":"first","17":"instock","18":"taxable","19":"shipping-taxable","20":"purchasable","21":"product-type-simple","22":"has-rating","23":"col","24":"span_1_of_3","25":"owp-content-center","26":"owp-thumbs-layout-horizontal","27":"owp-btn-normal","28":"owp-tabs-layout-section","29":"has-no-thumbnails","30":"circle-sale"},"_links":{"self":[{"href":"https:\/\/www.biobey.be\/fr\/wp-json\/wp\/v2\/product\/2351","targetHints":{"allow":["GET"]}}],"collection":[{"href":"https:\/\/www.biobey.be\/fr\/wp-json\/wp\/v2\/product"}],"about":[{"href":"https:\/\/www.biobey.be\/fr\/wp-json\/wp\/v2\/types\/product"}],"replies":[{"embeddable":true,"href":"https:\/\/www.biobey.be\/fr\/wp-json\/wp\/v2\/comments?post=2351"}],"wp:featuredmedia":[{"embeddable":true,"href":"https:\/\/www.biobey.be\/fr\/wp-json\/wp\/v2\/media\/470"}],"wp:attachment":[{"href":"https:\/\/www.biobey.be\/fr\/wp-json\/wp\/v2\/media?parent=2351"}],"wp:term":[{"taxonomy":"product_brand","embeddable":true,"href":"https:\/\/www.biobey.be\/fr\/wp-json\/wp\/v2\/product_brand?post=2351"},{"taxonomy":"product_cat","embeddable":true,"href":"https:\/\/www.biobey.be\/fr\/wp-json\/wp\/v2\/product_cat?post=2351"},{"taxonomy":"product_tag","embeddable":true,"href":"https:\/\/www.biobey.be\/fr\/wp-json\/wp\/v2\/product_tag?post=2351"}],"curies":[{"name":"wp","href":"https:\/\/api.w.org\/{rel}","templated":true}]}}