{"id":2353,"date":"2025-05-25T23:35:23","date_gmt":"2025-05-25T21:35:23","guid":{"rendered":"https:\/\/www.biobey.be\/fr-temp\/produit\/masque-charbon-noir-visage-de-naobay-75ml\/"},"modified":"2025-09-14T20:14:02","modified_gmt":"2025-09-14T18:14:02","slug":"masque-charbon-noir-visage-de-naobay-75ml","status":"publish","type":"product","link":"https:\/\/www.biobey.be\/fr\/produit\/masque-charbon-noir-visage-de-naobay-75ml\/","title":{"rendered":"Masque charbon noir visage de Naobay 75ml"},"content":{"rendered":"<p>Le masque charbon noir visage de Naobay est con\u00e7u pour d\u00e9toxifier la peau. Il convient particuli\u00e8rement aux peaux grasses et mixtes ayant tendance \u00e0 l&rsquo;acn\u00e9 et aux points noirs.<\/p>\n<p>Le masque facial Naobay nettoie efficacement la peau des mauvaises bact\u00e9ries, de la salet\u00e9 et de l&rsquo;exc\u00e8s de graisse. Il purifie les pores obstru\u00e9s et r\u00e9gule la production de s\u00e9bum de la peau. Les personnes \u00e0 la peau sensible et \u00e0 l&rsquo;acn\u00e9 peuvent utiliser le<span style=\"color: #0000ff;\"><a style=\"color: #0000ff;\" href=\"https:\/\/www.biobey.be\/fr\/produit\/masque-purifiant-anti-imperfections\/\"> masque naturys pore-purifying<\/a><\/span>. Il nettoie les pores et hydrate la peau.<\/p>\n<p>L&rsquo;argile bentonite et le charbon actif ont un effet antibact\u00e9rien et purifiant. Ils r\u00e9duisent les boutons et pr\u00e9viennent les pouss\u00e9es d&rsquo;acn\u00e9.<\/p>\n<p>En outre, l&rsquo;extrait v\u00e9g\u00e9tal de th\u00e9 vert renforce les propri\u00e9t\u00e9s purifiantes du masque gr\u00e2ce \u00e0 ses propri\u00e9t\u00e9s d\u00e9toxifiantes et antioxydantes. Le masque facial au charbon de bois r\u00e9duit les points noirs et unifie le teint de la peau. Apr\u00e8s l&rsquo;utilisation du masque, la peau est fra\u00eeche et a un teint uniforme.<\/p>\n<h2>Masque charbon noir visage contre l&rsquo;acn\u00e9 et les points noirs<\/h2>\n<p>Le masque charbon noir visage de Naobay contient des vitamines, des min\u00e9raux, des acides AHA et des antioxydants. Les acides AHA de l&rsquo;extrait de pomme \u00e9liminent les cellules mortes de la peau et rendent la peau plus lisse gr\u00e2ce \u00e0 leurs propri\u00e9t\u00e9s exfoliantes. Ces acides sont souvent ajout\u00e9s \u00e0 la composition des peelings contre les taches brunes.<\/p>\n<p>Un <span style=\"color: #0000ff;\"><a style=\"color: #0000ff;\" href=\"https:\/\/www.biobey.be\/fr\/produit\/gommage-enzymatique-bio-visage-love-bio-50-ml\/\">peeling enzymatique pour le visage de Love bio<\/a><\/span> avec aha permet \u00e9galement d&rsquo;\u00e9liminer les cellules mortes et d&rsquo;am\u00e9liorer la circulation sanguine.<\/p>\n<p>La combinaison d&rsquo;argile bentonite, de charbon actif et de th\u00e9 vert v\u00e9g\u00e9tal vise \u00e0 purifier le visage, \u00e0 d\u00e9sengorger les pores et \u00e0 r\u00e9duire l&rsquo;exc\u00e8s de s\u00e9bum. Le charbon actif n&rsquo;est pas absorb\u00e9 par la peau. Il absorbe les toxines, les mauvaises bact\u00e9ries et l&rsquo;exc\u00e8s de graisse \u00e0 la surface de la peau sans la dess\u00e9cher. L&rsquo;argile bentonite agit sur la production excessive de s\u00e9bum.<\/p>\n<p>Elle prot\u00e8ge contre les inflammations et les pouss\u00e9es d&rsquo;acn\u00e9. Les extraits de camomille, d&rsquo;aloe vera et de th\u00e9 vert soignent, \u00e9claircissent et prot\u00e8gent la peau du stress oxydatif. La composition du masque charbon noir visage de Naobay est id\u00e9ale pour le soin des peaux mixtes \u00e0 grasses ayant tendance \u00e0 l&rsquo;acn\u00e9 et aux pores obstru\u00e9s.<\/p>\n<p>Les produits de soins Naobay sont certifi\u00e9s Ecocert et conviennent aux v\u00e9g\u00e9taliens.<\/p>\n<p><strong>Mode d&#8217;emploi<\/strong> : Utilisez le masque pour le visage une ou deux fois par semaine. Appliquez sur une peau propre et s\u00e8che. Rincez apr\u00e8s 10-20 minutes.<\/p>\n<p>inci: Aqua, Bentonite, jus de feuilles d&rsquo;Aloe Barbadensis*, Glyc\u00e9rine, Pentyl\u00e8ne Glycol, st\u00e9arate de polyglyc\u00e9ryle-2, poudre de charbon de bois, st\u00e9arate de glyc\u00e9ryle, alcool st\u00e9arylique, terre diatom\u00e9e, extrait de feuilles de Camellia Sinensis*, Extrait de racine de Glycyrrhiza Glabra*,<\/p>\n<p>extrait de fruit de Pyrus Malus*, sorbate de potassium, benzoate de sodium, alcool benzylique, acide d\u00e9hydroac\u00e9tique, gomme xanthane, gomme de cellulose, parfum**.<\/p>\n<p>*Ingr\u00e9dients issus de l&rsquo;agriculture biologique<br \/>\n** ar\u00f4me \u00e0 partir de composants naturels<\/p>\n<p><strong>Mode d&rsquo;action<\/strong><br \/>\nLe masque charbon noir visage de Naobay convient aux peaux mixtes \u00e0 grasses avec acn\u00e9 et points noirs.<br \/>\nPrincipes actifs : Charbon actif, argile bentonite, th\u00e9 vert, aloe vera.<\/p>\n","protected":false},"excerpt":{"rendered":"<p><strong>Fonction :<\/strong><br \/>\nNettoyage en profondeur de la peau contre les mauvaises bact\u00e9ries, la salet\u00e9 et les radicaux libres.<br \/>\nPurifie les pores obstru\u00e9s et r\u00e9duit l&rsquo;acn\u00e9.<br \/>\nR\u00e9gule la production de s\u00e9bum et absorbe l&rsquo;exc\u00e8s de graisse<br \/>\nCertifi\u00e9 Ecocert greenlife et convenant aux v\u00e9g\u00e9taliens.<\/p>\n","protected":false},"featured_media":396,"comment_status":"open","ping_status":"closed","template":"","meta":{"ocean_post_layout":"","ocean_both_sidebars_style":"","ocean_both_sidebars_content_width":0,"ocean_both_sidebars_sidebars_width":0,"ocean_sidebar":"","ocean_second_sidebar":"","ocean_disable_margins":"enable","ocean_add_body_class":"","ocean_shortcode_before_top_bar":"","ocean_shortcode_after_top_bar":"","ocean_shortcode_before_header":"","ocean_shortcode_after_header":"","ocean_has_shortcode":"","ocean_shortcode_after_title":"","ocean_shortcode_before_footer_widgets":"","ocean_shortcode_after_footer_widgets":"","ocean_shortcode_before_footer_bottom":"","ocean_shortcode_after_footer_bottom":"","ocean_display_top_bar":"default","ocean_display_header":"default","ocean_header_style":"","ocean_center_header_left_menu":"","ocean_custom_header_template":"","ocean_custom_logo":0,"ocean_custom_retina_logo":0,"ocean_custom_logo_max_width":0,"ocean_custom_logo_tablet_max_width":0,"ocean_custom_logo_mobile_max_width":0,"ocean_custom_logo_max_height":0,"ocean_custom_logo_tablet_max_height":0,"ocean_custom_logo_mobile_max_height":0,"ocean_header_custom_menu":"","ocean_menu_typo_font_family":"","ocean_menu_typo_font_subset":"","ocean_menu_typo_font_size":0,"ocean_menu_typo_font_size_tablet":0,"ocean_menu_typo_font_size_mobile":0,"ocean_menu_typo_font_size_unit":"px","ocean_menu_typo_font_weight":"","ocean_menu_typo_font_weight_tablet":"","ocean_menu_typo_font_weight_mobile":"","ocean_menu_typo_transform":"","ocean_menu_typo_transform_tablet":"","ocean_menu_typo_transform_mobile":"","ocean_menu_typo_line_height":0,"ocean_menu_typo_line_height_tablet":0,"ocean_menu_typo_line_height_mobile":0,"ocean_menu_typo_line_height_unit":"","ocean_menu_typo_spacing":0,"ocean_menu_typo_spacing_tablet":0,"ocean_menu_typo_spacing_mobile":0,"ocean_menu_typo_spacing_unit":"","ocean_menu_link_color":"","ocean_menu_link_color_hover":"","ocean_menu_link_color_active":"","ocean_menu_link_background":"","ocean_menu_link_hover_background":"","ocean_menu_link_active_background":"","ocean_menu_social_links_bg":"","ocean_menu_social_hover_links_bg":"","ocean_menu_social_links_color":"","ocean_menu_social_hover_links_color":"","ocean_disable_title":"default","ocean_disable_heading":"default","ocean_post_title":"","ocean_post_subheading":"","ocean_post_title_style":"","ocean_post_title_background_color":"","ocean_post_title_background":0,"ocean_post_title_bg_image_position":"","ocean_post_title_bg_image_attachment":"","ocean_post_title_bg_image_repeat":"","ocean_post_title_bg_image_size":"","ocean_post_title_height":0,"ocean_post_title_bg_overlay":0.5,"ocean_post_title_bg_overlay_color":"","ocean_disable_breadcrumbs":"default","ocean_breadcrumbs_color":"","ocean_breadcrumbs_separator_color":"","ocean_breadcrumbs_links_color":"","ocean_breadcrumbs_links_hover_color":"","ocean_display_footer_widgets":"default","ocean_display_footer_bottom":"default","ocean_custom_footer_template":""},"product_brand":[119],"product_cat":[18,17,16],"product_tag":[125],"class_list":{"0":"post-2353","1":"product","2":"type-product","3":"status-publish","4":"has-post-thumbnail","6":"product_brand-naobay","7":"product_cat-nettoyage-de-la-peau-et-masques","8":"product_cat-soins-du-visage","9":"product_cat-soins","10":"product_tag-vegan","12":"entry","13":"has-media","15":"first","16":"instock","17":"taxable","18":"shipping-taxable","19":"purchasable","20":"product-type-simple","21":"has-rating","22":"col","23":"span_1_of_3","24":"owp-content-center","25":"owp-thumbs-layout-horizontal","26":"owp-btn-normal","27":"owp-tabs-layout-section","28":"has-no-thumbnails","29":"circle-sale"},"_links":{"self":[{"href":"https:\/\/www.biobey.be\/fr\/wp-json\/wp\/v2\/product\/2353","targetHints":{"allow":["GET"]}}],"collection":[{"href":"https:\/\/www.biobey.be\/fr\/wp-json\/wp\/v2\/product"}],"about":[{"href":"https:\/\/www.biobey.be\/fr\/wp-json\/wp\/v2\/types\/product"}],"replies":[{"embeddable":true,"href":"https:\/\/www.biobey.be\/fr\/wp-json\/wp\/v2\/comments?post=2353"}],"wp:featuredmedia":[{"embeddable":true,"href":"https:\/\/www.biobey.be\/fr\/wp-json\/wp\/v2\/media\/396"}],"wp:attachment":[{"href":"https:\/\/www.biobey.be\/fr\/wp-json\/wp\/v2\/media?parent=2353"}],"wp:term":[{"taxonomy":"product_brand","embeddable":true,"href":"https:\/\/www.biobey.be\/fr\/wp-json\/wp\/v2\/product_brand?post=2353"},{"taxonomy":"product_cat","embeddable":true,"href":"https:\/\/www.biobey.be\/fr\/wp-json\/wp\/v2\/product_cat?post=2353"},{"taxonomy":"product_tag","embeddable":true,"href":"https:\/\/www.biobey.be\/fr\/wp-json\/wp\/v2\/product_tag?post=2353"}],"curies":[{"name":"wp","href":"https:\/\/api.w.org\/{rel}","templated":true}]}}