{"id":2356,"date":"2023-08-21T16:49:01","date_gmt":"2023-08-21T14:49:01","guid":{"rendered":"https:\/\/www.biobey.be\/fr-temp\/produit\/creme-de-jour-et-de-nuit-nourrissante\/"},"modified":"2025-07-10T16:23:33","modified_gmt":"2025-07-10T14:23:33","slug":"creme-de-jour-et-de-nuit-nourrissante","status":"publish","type":"product","link":"https:\/\/www.biobey.be\/fr\/produit\/creme-de-jour-et-de-nuit-nourrissante\/","title":{"rendered":"Cr\u00e8me de jour et de nuit nourrissante Detox 50 ml"},"content":{"rendered":"<p>La cr\u00e8me de jour en nuit nourrissante Detox de Naobay est une cr\u00e8me naturelle pour le visage qui nourrit intens\u00e9ment la peau, l&rsquo;hydrate et r\u00e9duit l&rsquo;apparence des rides. Elle unifie le teint de la peau et estompe la pigmentation et les autres d\u00e9colorations de la peau.<\/p>\n<p>D\u00e8s la premi\u00e8re application, cr\u00e8me de jour en nuit nourrissante Detox laisse la peau merveilleusement douce, souple et \u00e9clatante. Cette cr\u00e8me de jour et de nuit nourrissante pour le visage contient de vitamines et de min\u00e9raux qui r\u00e9parent la peau endommag\u00e9e, stimulent le renouvellement cellulaire et favorisent ainsi la r\u00e9g\u00e9n\u00e9ration de la peau.<\/p>\n<h2>Composition naturelle de la cr\u00e8me de jour et de nuit nourrissante Naobay<\/h2>\n<p>La formule de la cr\u00e8me de jour et nuit nourrissante Detox pour le visage contient de l&rsquo;huile d&rsquo;avocat, du gel de feuilles d&rsquo;aloe vera, des extraits de gingembre, de racine de r\u00e9glisse et de canneberges. L&rsquo;huile d&rsquo;avocat est id\u00e9ale pour le traitement et le soin des peaux s\u00e8ches et matures car elle adoucit, r\u00e9pare et favorise le renouvellement cellulaire.<\/p>\n<p>Le gel de feuilles d&rsquo;aloe vera est connu pour son effet r\u00e9parateur et rafra\u00eechissant sur la peau. Il r\u00e9g\u00e9n\u00e8re \u00e9galement les peaux ab\u00eem\u00e9es. L&rsquo;extrait de gingembre est anti-inflammatoire et poss\u00e8de des propri\u00e9t\u00e9s antioxydantes et un effet tonifiant sur la peau. Il aide donc votre peau \u00e0 rester \u00e9lastique et lui donne un teint uniforme.<\/p>\n<p>L&rsquo;extrait de r\u00e9glisse est un anti-inflammatoire et a une action prouv\u00e9e contre la d\u00e9coloration de la peau. Il aide donc \u00e0 combattre l&rsquo;hyperpigmentation.<\/p>\n<p>L&rsquo;extrait de canneberge est b\u00e9n\u00e9fique pour les troubles cutan\u00e9s tels que l&rsquo;ecz\u00e9ma et le psoriasis ou les peaux irrit\u00e9es. Gr\u00e2ce \u00e0 son puissant effet antioxydant, l&rsquo;extrait de canneberge d\u00e9barrasse votre organisme des toxines. Cela permet de plus \u00e0 la peau de rester jeune plus longtemps.<\/p>\n<p>Les extraits de gingembre, de r\u00e9glisse et de canneberge ont un puissant effet anti-\u00e2ge et att\u00e9nuent les taches de pigmentation. La combinaison de ces extraits dans \u00e0 la cr\u00e8me de jour et de nuit nourrissante de Naobay cr\u00e9e un teint uniforme et une peau radieuse.<\/p>\n<h3>Comment utiliser la cr\u00e8me de jour et nuit nourrissante riche de Naobay?<\/h3>\n<p>La cr\u00e8me de jour et de nuit nourrissante naturelle est utilis\u00e9e apr\u00e8s avoir nettoy\u00e9 le visage et appliqu\u00e9 un s\u00e9rum facial (facultatif). Vous pouvez l&rsquo;utiliser \u00e0 la fois comme cr\u00e8me de jour et comme cr\u00e8me de nuit.<\/p>\n<p>INCI : Aqua, jus de feuilles d&rsquo;Aloe Barbadensis *, coco-capricate\/caprate, glyc\u00e9rine, dicitrate\/st\u00e9arate de polyglyc\u00e9ryle, triglyc\u00e9ride caprylique\/caprique, pentyl\u00e8ne glycol, st\u00e9arate de glyc\u00e9ryle, Huile de fruit d&rsquo;Olea Europaea*, beurre de Butyrospermum Parkii (Karit\u00e9)*, huile de Persea Gratissima*, alcool st\u00e9arylique, st\u00e9aroyl lactylate de sodium, propanediol,<\/p>\n<p>Extrait de racine de Zingiber Officinale*, extrait de feuille de Vaccinium Myrtillus, extrait de r\u00e9sine de Croton Lechleri, extrait de racine de Glycyrrhiza Glabra (extrait de fruit de Citrus Limon) *, Phytate de sodium, Tocoph\u00e9rol (Vitamine E), B\u00eata-Sitost\u00e9rol, Squal\u00e8ne,<\/p>\n<p>Sorbate de potassium, Benzoate de sodium, Alcool benzylique, Acide d\u00e9hydroac\u00e9tique, Gomme de xanthane, Acide citrique, Fragrance**.<\/p>\n","protected":false},"excerpt":{"rendered":"<p><strong>Caract\u00e9ristiques de la cr\u00e8me de jour et de nuit nourrissante Detox<\/strong><br \/>\nIntens\u00e9ment nourrissant<br \/>\nHydrate la peau<br \/>\nLutte contre le vieillissement de la peau gr\u00e2ce \u00e0 de puissants antioxydants<br \/>\nAssure un teint uniforme<br \/>\nAm\u00e9liore l&rsquo;\u00e9lasticit\u00e9 de la peau<br \/>\nPr\u00e9vient la formation de taches pigmentaires<br \/>\nType de peau : peau s\u00e8che, peau mature, peau terne ou peau au teint irr\u00e9gulier<\/p>\n","protected":false},"featured_media":532,"comment_status":"open","ping_status":"closed","template":"","meta":{"ocean_post_layout":"","ocean_both_sidebars_style":"","ocean_both_sidebars_content_width":0,"ocean_both_sidebars_sidebars_width":0,"ocean_sidebar":"0","ocean_second_sidebar":"0","ocean_disable_margins":"enable","ocean_add_body_class":"","ocean_shortcode_before_top_bar":"","ocean_shortcode_after_top_bar":"","ocean_shortcode_before_header":"","ocean_shortcode_after_header":"","ocean_has_shortcode":"","ocean_shortcode_after_title":"","ocean_shortcode_before_footer_widgets":"","ocean_shortcode_after_footer_widgets":"","ocean_shortcode_before_footer_bottom":"","ocean_shortcode_after_footer_bottom":"","ocean_display_top_bar":"default","ocean_display_header":"default","ocean_header_style":"","ocean_center_header_left_menu":"0","ocean_custom_header_template":"0","ocean_custom_logo":0,"ocean_custom_retina_logo":0,"ocean_custom_logo_max_width":0,"ocean_custom_logo_tablet_max_width":0,"ocean_custom_logo_mobile_max_width":0,"ocean_custom_logo_max_height":0,"ocean_custom_logo_tablet_max_height":0,"ocean_custom_logo_mobile_max_height":0,"ocean_header_custom_menu":"0","ocean_menu_typo_font_family":"0","ocean_menu_typo_font_subset":"","ocean_menu_typo_font_size":0,"ocean_menu_typo_font_size_tablet":0,"ocean_menu_typo_font_size_mobile":0,"ocean_menu_typo_font_size_unit":"px","ocean_menu_typo_font_weight":"","ocean_menu_typo_font_weight_tablet":"","ocean_menu_typo_font_weight_mobile":"","ocean_menu_typo_transform":"","ocean_menu_typo_transform_tablet":"","ocean_menu_typo_transform_mobile":"","ocean_menu_typo_line_height":0,"ocean_menu_typo_line_height_tablet":0,"ocean_menu_typo_line_height_mobile":0,"ocean_menu_typo_line_height_unit":"","ocean_menu_typo_spacing":0,"ocean_menu_typo_spacing_tablet":0,"ocean_menu_typo_spacing_mobile":0,"ocean_menu_typo_spacing_unit":"","ocean_menu_link_color":"","ocean_menu_link_color_hover":"","ocean_menu_link_color_active":"","ocean_menu_link_background":"","ocean_menu_link_hover_background":"","ocean_menu_link_active_background":"","ocean_menu_social_links_bg":"","ocean_menu_social_hover_links_bg":"","ocean_menu_social_links_color":"","ocean_menu_social_hover_links_color":"","ocean_disable_title":"default","ocean_disable_heading":"default","ocean_post_title":"","ocean_post_subheading":"","ocean_post_title_style":"","ocean_post_title_background_color":"","ocean_post_title_background":0,"ocean_post_title_bg_image_position":"","ocean_post_title_bg_image_attachment":"","ocean_post_title_bg_image_repeat":"","ocean_post_title_bg_image_size":"","ocean_post_title_height":0,"ocean_post_title_bg_overlay":0.5,"ocean_post_title_bg_overlay_color":"","ocean_disable_breadcrumbs":"default","ocean_breadcrumbs_color":"","ocean_breadcrumbs_separator_color":"","ocean_breadcrumbs_links_color":"","ocean_breadcrumbs_links_hover_color":"","ocean_display_footer_widgets":"default","ocean_display_footer_bottom":"default","ocean_custom_footer_template":"0"},"product_brand":[119],"product_cat":[19,49,17,16,20],"product_tag":[133,127,125],"class_list":{"0":"post-2356","1":"product","2":"type-product","3":"status-publish","4":"has-post-thumbnail","6":"product_brand-naobay","7":"product_cat-cremes-naturelles-de-jour-et-de-nuit","8":"product_cat-peau-seche","9":"product_cat-soins-du-visage","10":"product_cat-soins","11":"product_cat-anti-age","12":"product_tag-sansparfumsynthetique","13":"product_tag-sans-silicone","14":"product_tag-vegan","16":"entry","17":"has-media","19":"first","20":"instock","21":"taxable","22":"shipping-taxable","23":"purchasable","24":"product-type-simple","25":"has-rating","26":"col","27":"span_1_of_3","28":"owp-content-center","29":"owp-thumbs-layout-horizontal","30":"owp-btn-normal","31":"owp-tabs-layout-section","32":"has-no-thumbnails","33":"circle-sale"},"_links":{"self":[{"href":"https:\/\/www.biobey.be\/fr\/wp-json\/wp\/v2\/product\/2356","targetHints":{"allow":["GET"]}}],"collection":[{"href":"https:\/\/www.biobey.be\/fr\/wp-json\/wp\/v2\/product"}],"about":[{"href":"https:\/\/www.biobey.be\/fr\/wp-json\/wp\/v2\/types\/product"}],"replies":[{"embeddable":true,"href":"https:\/\/www.biobey.be\/fr\/wp-json\/wp\/v2\/comments?post=2356"}],"wp:featuredmedia":[{"embeddable":true,"href":"https:\/\/www.biobey.be\/fr\/wp-json\/wp\/v2\/media\/532"}],"wp:attachment":[{"href":"https:\/\/www.biobey.be\/fr\/wp-json\/wp\/v2\/media?parent=2356"}],"wp:term":[{"taxonomy":"product_brand","embeddable":true,"href":"https:\/\/www.biobey.be\/fr\/wp-json\/wp\/v2\/product_brand?post=2356"},{"taxonomy":"product_cat","embeddable":true,"href":"https:\/\/www.biobey.be\/fr\/wp-json\/wp\/v2\/product_cat?post=2356"},{"taxonomy":"product_tag","embeddable":true,"href":"https:\/\/www.biobey.be\/fr\/wp-json\/wp\/v2\/product_tag?post=2356"}],"curies":[{"name":"wp","href":"https:\/\/api.w.org\/{rel}","templated":true}]}}