{"id":2359,"date":"2023-09-13T22:56:49","date_gmt":"2023-09-13T20:56:49","guid":{"rendered":"https:\/\/www.biobey.be\/fr-temp\/produit\/comprimes-de-spiruline-sans-additifs-90c\/"},"modified":"2025-07-11T13:37:57","modified_gmt":"2025-07-11T11:37:57","slug":"comprimes-de-spiruline-sans-additifs-90c","status":"publish","type":"product","link":"https:\/\/www.biobey.be\/fr\/produit\/comprimes-de-spiruline-sans-additifs-90c\/","title":{"rendered":"Comprim\u00e9s de Spiruline sans additifs &#8211; Bioearth 90compr."},"content":{"rendered":"<p>Les comprim\u00e9s de spiruline de Bioearth 100% spiruline sans excipients sont riches en vitamines, acides amin\u00e9s et min\u00e9raux sous une forme biodisponible. Les comprim\u00e9s fournissent \u00e0 l&rsquo;organisme des nutriments importants. Comme il s&rsquo;agit d&rsquo;un produit naturel, tous les nutriments sont absorb\u00e9s par l&rsquo;organisme.<\/p>\n<p>C&rsquo;est un compl\u00e9ment complet qui peut \u00eatre utilis\u00e9 comme une multivitamine gr\u00e2ce \u00e0 sa composition. Bien que la spiruline soit utilis\u00e9e depuis l&rsquo;Antiquit\u00e9 pour ses bienfaits sur la sant\u00e9, elle n&rsquo;a \u00e9t\u00e9 red\u00e9couverte que dans les ann\u00e9es 1960.<\/p>\n<h3><strong>C&rsquo;est la source de prot\u00e9ines la plus concentr\u00e9e (70% de prot\u00e9ines).<\/strong><\/h3>\n<p>Elle contient \u00e9galement des phytonutriments, des min\u00e9raux et des vitamines.<\/p>\n<p>Les comprim\u00e9s de Spiruline peuvent \u00eatre utilis\u00e9s pour renforcer l&rsquo;immunit\u00e9 et favoriser l&rsquo;\u00e9nergie. La spiruline aide \u00e0 normaliser les niveaux de sucre dans le sang. Elle est utilis\u00e9e en cas de stress et de fatigue et pour am\u00e9liorer les performances sportives.<\/p>\n<p>Parce qu&rsquo;elle stabilise le taux de sucre dans le sang et qu&rsquo;elle est riche en prot\u00e9ines, elle est utilis\u00e9e pour soutenir un r\u00e9gime amaigrissant. Gr\u00e2ce \u00e0 son action polyvalente et \u00e0 sa riche composition, elle constitue un excellent compl\u00e9ment alimentaire pour soutenir un mode de vie sain et pour d&rsquo;autres applications.<\/p>\n<h2>Composition des comprim\u00e9s de spiruline.<\/h2>\n<p>La spiruline est riche en acides amin\u00e9s, en vitamines A, C, E, K, B1, B2 et B6. Ceux-ci sont facilement absorb\u00e9s par l&rsquo;organisme. Elle contient des min\u00e9raux tels que le fer, le calcium et le magn\u00e9sium. En outre, la spiruline pr\u00e9sente la plus forte concentration de prot\u00e9ines. Les phytonutriments z\u00e9axanthine et chlorophylle ont un effet d\u00e9toxifiant sur le foie.<\/p>\n<p>Ces puissants antioxydants ont un effet protecteur et renforcent la r\u00e9sistance. Les prot\u00e9ines, les vitamines et le fer fournissent \u00e0 l&rsquo;organisme plus d&rsquo;\u00e9nergie. Ces comprim\u00e9s aident ainsi \u00e0 lutter contre la fatigue et \u00e0 am\u00e9liorer les performances sportives. Les comprim\u00e9s de spiruline stimulent le nettoyage de l&rsquo;organisme et aide \u00e0 \u00e9liminer les toxines plus rapidement. Les comprim\u00e9s de spiruline sans excipients conviennent \u00e0 une utilisation quotidienne.<\/p>\n<p><strong>500mg de spiruline par 1 comprim\u00e9.<\/strong><\/p>\n<p>Mode d&#8217;emploi : Prendre entre 5 et 9 comprim\u00e9s par jour avec un grand verre d&rsquo;eau \u00e0 jeun. La dose quotidienne correspond \u00e0 (3-5 grammes d&rsquo;algues spirulines).<\/p>\n<p>Ingr\u00e9dients : 100% Spirulina Platensis (Gomont) Geitler)<\/p>\n","protected":false},"excerpt":{"rendered":"<p>Les comprim\u00e9s 100% Spiruline sans excipients ni autres additifs sont riches en acides amin\u00e9s, vitamines, prot\u00e9ines et min\u00e9raux.<br \/>\nCes compl\u00e9ments peuvent \u00eatre utilis\u00e9s comme une multivitamine pour soutenir un mode de vie sain.<\/p>\n<p>Domaines d&rsquo;application : Contre la fatigue, pendant le stress et pour am\u00e9liorer les performances sportives,<br \/>\nFormule 100% spiruline<br \/>\nContenu 90 comprim\u00e9s. 1 comprim\u00e9 = 500 mg<\/p>\n","protected":false},"featured_media":542,"comment_status":"open","ping_status":"closed","template":"","meta":{"ocean_post_layout":"","ocean_both_sidebars_style":"","ocean_both_sidebars_content_width":0,"ocean_both_sidebars_sidebars_width":0,"ocean_sidebar":"","ocean_second_sidebar":"","ocean_disable_margins":"enable","ocean_add_body_class":"","ocean_shortcode_before_top_bar":"","ocean_shortcode_after_top_bar":"","ocean_shortcode_before_header":"","ocean_shortcode_after_header":"","ocean_has_shortcode":"","ocean_shortcode_after_title":"","ocean_shortcode_before_footer_widgets":"","ocean_shortcode_after_footer_widgets":"","ocean_shortcode_before_footer_bottom":"","ocean_shortcode_after_footer_bottom":"","ocean_display_top_bar":"default","ocean_display_header":"default","ocean_header_style":"","ocean_center_header_left_menu":"","ocean_custom_header_template":"","ocean_custom_logo":0,"ocean_custom_retina_logo":0,"ocean_custom_logo_max_width":0,"ocean_custom_logo_tablet_max_width":0,"ocean_custom_logo_mobile_max_width":0,"ocean_custom_logo_max_height":0,"ocean_custom_logo_tablet_max_height":0,"ocean_custom_logo_mobile_max_height":0,"ocean_header_custom_menu":"","ocean_menu_typo_font_family":"","ocean_menu_typo_font_subset":"","ocean_menu_typo_font_size":0,"ocean_menu_typo_font_size_tablet":0,"ocean_menu_typo_font_size_mobile":0,"ocean_menu_typo_font_size_unit":"px","ocean_menu_typo_font_weight":"","ocean_menu_typo_font_weight_tablet":"","ocean_menu_typo_font_weight_mobile":"","ocean_menu_typo_transform":"","ocean_menu_typo_transform_tablet":"","ocean_menu_typo_transform_mobile":"","ocean_menu_typo_line_height":0,"ocean_menu_typo_line_height_tablet":0,"ocean_menu_typo_line_height_mobile":0,"ocean_menu_typo_line_height_unit":"","ocean_menu_typo_spacing":0,"ocean_menu_typo_spacing_tablet":0,"ocean_menu_typo_spacing_mobile":0,"ocean_menu_typo_spacing_unit":"","ocean_menu_link_color":"","ocean_menu_link_color_hover":"","ocean_menu_link_color_active":"","ocean_menu_link_background":"","ocean_menu_link_hover_background":"","ocean_menu_link_active_background":"","ocean_menu_social_links_bg":"","ocean_menu_social_hover_links_bg":"","ocean_menu_social_links_color":"","ocean_menu_social_hover_links_color":"","ocean_disable_title":"default","ocean_disable_heading":"default","ocean_post_title":"","ocean_post_subheading":"","ocean_post_title_style":"","ocean_post_title_background_color":"","ocean_post_title_background":0,"ocean_post_title_bg_image_position":"","ocean_post_title_bg_image_attachment":"","ocean_post_title_bg_image_repeat":"","ocean_post_title_bg_image_size":"","ocean_post_title_height":0,"ocean_post_title_bg_overlay":0.5,"ocean_post_title_bg_overlay_color":"","ocean_disable_breadcrumbs":"default","ocean_breadcrumbs_color":"","ocean_breadcrumbs_separator_color":"","ocean_breadcrumbs_links_color":"","ocean_breadcrumbs_links_hover_color":"","ocean_display_footer_widgets":"default","ocean_display_footer_bottom":"default","ocean_custom_footer_template":""},"product_brand":[118],"product_cat":[57,31],"product_tag":[125],"class_list":{"0":"post-2359","1":"product","2":"type-product","3":"status-publish","4":"has-post-thumbnail","6":"product_brand-bioearth","7":"product_cat-complements-alimentaires-bio","8":"product_cat-sante","9":"product_tag-vegan","11":"entry","12":"has-media","14":"first","15":"instock","16":"taxable","17":"shipping-taxable","18":"purchasable","19":"product-type-simple","20":"has-rating","21":"col","22":"span_1_of_3","23":"owp-content-center","24":"owp-thumbs-layout-horizontal","25":"owp-btn-normal","26":"owp-tabs-layout-section","27":"has-no-thumbnails","28":"circle-sale"},"_links":{"self":[{"href":"https:\/\/www.biobey.be\/fr\/wp-json\/wp\/v2\/product\/2359","targetHints":{"allow":["GET"]}}],"collection":[{"href":"https:\/\/www.biobey.be\/fr\/wp-json\/wp\/v2\/product"}],"about":[{"href":"https:\/\/www.biobey.be\/fr\/wp-json\/wp\/v2\/types\/product"}],"replies":[{"embeddable":true,"href":"https:\/\/www.biobey.be\/fr\/wp-json\/wp\/v2\/comments?post=2359"}],"wp:featuredmedia":[{"embeddable":true,"href":"https:\/\/www.biobey.be\/fr\/wp-json\/wp\/v2\/media\/542"}],"wp:attachment":[{"href":"https:\/\/www.biobey.be\/fr\/wp-json\/wp\/v2\/media?parent=2359"}],"wp:term":[{"taxonomy":"product_brand","embeddable":true,"href":"https:\/\/www.biobey.be\/fr\/wp-json\/wp\/v2\/product_brand?post=2359"},{"taxonomy":"product_cat","embeddable":true,"href":"https:\/\/www.biobey.be\/fr\/wp-json\/wp\/v2\/product_cat?post=2359"},{"taxonomy":"product_tag","embeddable":true,"href":"https:\/\/www.biobey.be\/fr\/wp-json\/wp\/v2\/product_tag?post=2359"}],"curies":[{"name":"wp","href":"https:\/\/api.w.org\/{rel}","templated":true}]}}